{"id":8216,"date":"2025-03-01T23:25:18","date_gmt":"2025-03-01T23:25:18","guid":{"rendered":"https:\/\/sauh.ee\/?post_type=product&#038;p=8216"},"modified":"2026-04-23T14:42:59","modified_gmt":"2026-04-23T14:42:59","slug":"akuoksakaarid-teleskoopvarrega","status":"publish","type":"product","link":"https:\/\/sauh.ee\/ru\/product\/akuoksakaarid-teleskoopvarrega\/","title":{"rendered":"\u0410\u043a\u043a\u0443\u043c\u0443\u043b\u044f\u0442\u043e\u0440\u043d\u044b\u0435 \u0441\u0435\u043a\u0430\u0442\u043e\u0440\u044b 50 \u043c\u043c \u0441 \u0442\u0435\u043b\u0435\u0441\u043a\u043e\u043f\u0438\u0447\u0435\u0441\u043a\u043e\u0439 \u0440\u0443\u0447\u043a\u043e\u0439"},"content":{"rendered":"<p><strong>\u0410\u043a\u043a\u0443\u043c\u0443\u043b\u044f\u0442\u043e\u0440\u043d\u044b\u0435 \u0441\u0435\u043a\u0430\u0442\u043e\u0440\u044b \u0441 \u0431\u0435\u0441\u0449\u0435\u0442\u043e\u0447\u043d\u044b\u043c \u0434\u0432\u0438\u0433\u0430\u0442\u0435\u043b\u0435\u043c, \u0442\u0435\u043b\u0435\u0441\u043a\u043e\u043f\u0438\u0447\u0435\u0441\u043a\u043e\u0439 \u0448\u0442\u0430\u043d\u0433\u043e\u0439 \u0438 \u0443\u0434\u043b\u0438\u043d\u0438\u0442\u0435\u043b\u0435\u043c 2,5 \u043c. \u0421\u043e\u0432\u043c\u0435\u0441\u0442\u0438\u043c \u0441 \u0430\u043a\u043a\u0443\u043c\u0443\u043b\u044f\u0442\u043e\u0440\u0430\u043c\u0438 \u041c\u0430\u043a\u0438\u0442\u0430 18 \u0412<\/strong><\/p>\n<div style=\"width: 980px;\" class=\"wp-video\"><video class=\"wp-video-shortcode\" id=\"video-8216-1\" width=\"980\" height=\"551\" preload=\"metadata\" controls=\"controls\"><source type=\"video\/mp4\" src=\"https:\/\/sauh.ee\/wp-content\/uploads\/2024\/09\/sauh.ee-oksakaarid-ja-saaf-20-cm-video-1.mp4?_=1\" \/><a href=\"https:\/\/sauh.ee\/wp-content\/uploads\/2024\/09\/sauh.ee-oksakaarid-ja-saaf-20-cm-video-1.mp4\">https:\/\/sauh.ee\/wp-content\/uploads\/2024\/09\/sauh.ee-oksakaarid-ja-saaf-20-cm-video-1.mp4<\/a><\/video><\/div>\n<p>&nbsp;<\/p>\n<p><strong>\u041e\u0431\u0437\u043e\u0440 \u0442\u043e\u0432\u0430\u0440\u0430:<\/strong><br \/>\n\u0410\u043a\u043a\u0443\u043c\u0443\u043b\u044f\u0442\u043e\u0440\u043d\u044b\u0435 \u0441\u0435\u043a\u0430\u0442\u043e\u0440\u044b \u043f\u0440\u0435\u0434\u043d\u0430\u0437\u043d\u0430\u0447\u0435\u043d\u044b \u0434\u043b\u044f \u0443\u043d\u0438\u0432\u0435\u0440\u0441\u0430\u043b\u044c\u043d\u043e\u0433\u043e \u0438 \u0431\u0435\u0437\u043e\u043f\u0430\u0441\u043d\u043e\u0433\u043e \u0438\u0441\u043f\u043e\u043b\u044c\u0437\u043e\u0432\u0430\u043d\u0438\u044f \u043f\u0440\u0438 \u043e\u0431\u0440\u0435\u0437\u043a\u0435 \u0432\u0435\u0442\u0432\u0435\u0439 \u043d\u0430 \u0432\u044b\u0441\u043e\u0442\u0435. \u0422\u0435\u043b\u0435\u0441\u043a\u043e\u043f\u0438\u0447\u0435\u0441\u043a\u0430\u044f \u0440\u0443\u043a\u043e\u044f\u0442\u043a\u0430 \u0434\u043e\u0441\u0442\u0438\u0433\u0430\u0435\u0442 2,48 \u043c, \u0447\u0442\u043e \u0432 \u0441\u043e\u0447\u0435\u0442\u0430\u043d\u0438\u0438 \u0441 \u0440\u043e\u0441\u0442\u043e\u043c \u0447\u0435\u043b\u043e\u0432\u0435\u043a\u0430 \u043f\u043e\u0437\u0432\u043e\u043b\u044f\u0435\u0442 \u043f\u0440\u043e\u0438\u0437\u0432\u043e\u0434\u0438\u0442\u044c \u043e\u0431\u0440\u0435\u0437\u043a\u0443 \u0441 \u0432\u044b\u0441\u043e\u0442\u044b \u0434\u043e 4,5 \u043c \u0431\u0435\u0437 \u0438\u0441\u043f\u043e\u043b\u044c\u0437\u043e\u0432\u0430\u043d\u0438\u044f \u043b\u0435\u0441\u0442\u043d\u0438\u0446\u044b.<\/p>\n<p><strong>\u041e\u0441\u043d\u043e\u0432\u043d\u044b\u0435 \u0445\u0430\u0440\u0430\u043a\u0442\u0435\u0440\u0438\u0441\u0442\u0438\u043a\u0438:<\/strong><\/p>\n<ul>\n<li><strong>\u0412\u0440\u0430\u0449\u0430\u044e\u0449\u0430\u044f\u0441\u044f \u043d\u0430 180\u00b0 \u0440\u0435\u0436\u0443\u0449\u0430\u044f \u0433\u043e\u043b\u043e\u0432\u043a\u0430<\/strong>: \u041f\u043e\u0437\u0432\u043e\u043b\u044f\u0435\u0442 \u0440\u0430\u0431\u043e\u0442\u0430\u0442\u044c \u043f\u043e\u0434 \u0440\u0430\u0437\u043d\u044b\u043c\u0438 \u0443\u0433\u043b\u0430\u043c\u0438 \u0434\u043b\u044f \u0434\u043e\u0441\u0442\u0438\u0436\u0435\u043d\u0438\u044f \u0440\u0430\u0437\u043b\u0438\u0447\u043d\u044b\u0445 \u0442\u043e\u0447\u0435\u043a \u0440\u0435\u0437\u0430\u043d\u0438\u044f \u0431\u0435\u0437 \u0438\u0437\u043c\u0435\u043d\u0435\u043d\u0438\u044f \u043f\u043e\u043b\u043e\u0436\u0435\u043d\u0438\u044f.<\/li>\n<li><strong>\u0422\u0435\u043b\u0435\u0441\u043a\u043e\u043f\u0438\u0447\u0435\u0441\u043a\u0430\u044f \u0440\u0443\u043a\u043e\u044f\u0442\u043a\u0430<\/strong>: \u0420\u0435\u0433\u0443\u043b\u0438\u0440\u0443\u0435\u0442\u0441\u044f \u043e\u0442 1,3 \u0434\u043e 2,48 \u043c, \u043e\u0431\u0435\u0441\u043f\u0435\u0447\u0438\u0432\u0430\u044f \u0434\u043e\u0441\u0442\u0443\u043f \u043a \u0442\u0440\u0443\u0434\u043d\u043e\u0434\u043e\u0441\u0442\u0443\u043f\u043d\u044b\u043c \u043c\u0435\u0441\u0442\u0430\u043c \u0431\u0435\u0437 \u043b\u0435\u0441\u0442\u043d\u0438\u0446\u044b.<\/li>\n<li><strong>\u0411\u0435\u0437\u043e\u043f\u0430\u0441\u043d\u0430\u044f \u0440\u0430\u0431\u043e\u0442\u0430 \u043d\u0430 \u0432\u044b\u0441\u043e\u0442\u0435<\/strong>: \u0420\u0435\u0437\u043a\u0430 \u0441 \u0432\u044b\u0434\u0432\u0438\u0436\u043d\u043e\u0439 \u0440\u0443\u0447\u043a\u043e\u0439 \u0443\u043c\u0435\u043d\u044c\u0448\u0430\u0435\u0442 \u043d\u0435\u043e\u0431\u0445\u043e\u0434\u0438\u043c\u043e\u0441\u0442\u044c \u043f\u043e\u0434\u043d\u0438\u043c\u0430\u0442\u044c\u0441\u044f, \u043e\u0431\u0435\u0441\u043f\u0435\u0447\u0438\u0432\u0430\u044f \u0431\u043e\u043b\u044c\u0448\u0443\u044e \u0431\u0435\u0437\u043e\u043f\u0430\u0441\u043d\u043e\u0441\u0442\u044c.<\/li>\n<li><a href=\"https:\/\/sauh.ee\/ru\/product\/aku-oksakaarid-terad-50mm\/\">\u0422\u0438\u043f \u043b\u0435\u0437\u0432\u0438\u044f<strong> (\u0442\u0430\u043a\u0436\u0435 \u0438\u043c\u0435\u0435\u0442\u0441\u044f \u0437\u0430\u043f\u0430\u0441\u043d\u043e\u0435 \u043b\u0435\u0437\u0432\u0438\u0435): \u043b\u0435\u0437\u0432\u0438\u0435 SK5<\/strong><\/a><\/li>\n<\/ul>\n<p>\u0410\u043a\u043a\u0443\u043c\u0443\u043b\u044f\u0442\u043e\u0440\u044b \u0438 \u0437\u0430\u0440\u044f\u0434\u043d\u044b\u0435 \u0443\u0441\u0442\u0440\u043e\u0439\u0441\u0442\u0432\u0430 \u0432 \u043a\u043e\u043c\u043f\u043b\u0435\u043a\u0442 \u043d\u0435 \u0432\u0445\u043e\u0434\u044f\u0442.<\/p>\n<p>\u0420\u0435\u0433\u0443\u043b\u0438\u0440\u0443\u0435\u043c\u044b\u0439 \u0443\u0433\u043e\u043b \u043d\u0430\u043a\u043b\u043e\u043d\u0430 \u0440\u0435\u0436\u0443\u0449\u0435\u0439 \u0433\u043e\u043b\u043e\u0432\u043a\u0438: 180\u00b0<br \/>\n\u0422\u0435\u043b\u0435\u0441\u043a\u043e\u043f\u0438\u0447\u0435\u0441\u043a\u0430\u044f \u0448\u0442\u0430\u043d\u0433\u0430: \u0440\u0435\u0433\u0443\u043b\u0438\u0440\u0443\u0435\u0442\u0441\u044f \u043e\u0442 1,3 \u043c \u0434\u043e 2,48 \u043c<br \/>\n\u0414\u0432\u0438\u0433\u0430\u0442\u0435\u043b\u044c: \u0431\u0435\u0441\u0449\u0435\u0442\u043e\u0447\u043d\u044b\u0439 \u0434\u0432\u0438\u0433\u0430\u0442\u0435\u043b\u044c<br \/>\n\u0420\u0435\u0436\u0443\u0449\u0438\u0435 \u043b\u0435\u0437\u0432\u0438\u044f: SK5, \u0443\u0441\u0442\u043e\u0439\u0447\u0438\u0432\u044b\u0435 \u043a \u043a\u043e\u0440\u0440\u043e\u0437\u0438\u0438 \u0438 \u0438\u0437\u043d\u043e\u0441\u0443<br \/>\n\u0422\u0438\u043f \u0430\u043a\u043a\u0443\u043c\u0443\u043b\u044f\u0442\u043e\u0440\u0430: \u0441\u043e\u0432\u043c\u0435\u0441\u0442\u0438\u043c \u0441 \u0430\u043a\u043a\u0443\u043c\u0443\u043b\u044f\u0442\u043e\u0440\u0430\u043c\u0438 Makita 18 \u0412<\/p>\n<div class=\"wp-video\"><\/div>","protected":false},"excerpt":{"rendered":"<p>Harjavaba mootoriga aku oksak\u00e4\u00e4rid koos 2,5-meetrise pikendus- ja teleskoopvardaga. Sobivad Makita 18V akudega &nbsp; Toote \u00fclevaade: Akutoitel oksak\u00e4\u00e4rid on loodud mitmek\u00fclgseks ja turvaliseks kasutamiseks k\u00f5rgemal asuvate okste l\u00f5ikamisel. Teleskoopvarras ulatub kuni 2,48 meetrini, mis koos inimese enda pikkusega v\u00f5imaldab k\u00e4rpimist kuni 4,5 meetri k\u00f5rguselt, ilma redelit kasutamata. Olulised omadused: 180\u00b0 p\u00f6\u00f6rlev l\u00f5ikepea: V\u00f5imaldab mitme nurga [&hellip;]<\/p>\n","protected":false},"featured_media":8219,"template":"","meta":[],"product_brand":[],"product_cat":[257,15],"product_tag":[],"class_list":{"0":"post-8216","1":"product","2":"type-product","3":"status-publish","4":"has-post-thumbnail","6":"product_cat-aia-tooriistad","7":"product_cat-analoog-tooted","9":"first","10":"instock","11":"shipping-taxable","12":"purchasable","13":"product-type-variable"},"_links":{"self":[{"href":"https:\/\/sauh.ee\/ru\/wp-json\/wp\/v2\/product\/8216","targetHints":{"allow":["GET"]}}],"collection":[{"href":"https:\/\/sauh.ee\/ru\/wp-json\/wp\/v2\/product"}],"about":[{"href":"https:\/\/sauh.ee\/ru\/wp-json\/wp\/v2\/types\/product"}],"wp:featuredmedia":[{"embeddable":true,"href":"https:\/\/sauh.ee\/ru\/wp-json\/wp\/v2\/media\/8219"}],"wp:attachment":[{"href":"https:\/\/sauh.ee\/ru\/wp-json\/wp\/v2\/media?parent=8216"}],"wp:term":[{"taxonomy":"product_brand","embeddable":true,"href":"https:\/\/sauh.ee\/ru\/wp-json\/wp\/v2\/product_brand?post=8216"},{"taxonomy":"product_cat","embeddable":true,"href":"https:\/\/sauh.ee\/ru\/wp-json\/wp\/v2\/product_cat?post=8216"},{"taxonomy":"product_tag","embeddable":true,"href":"https:\/\/sauh.ee\/ru\/wp-json\/wp\/v2\/product_tag?post=8216"}],"curies":[{"name":"wp","href":"https:\/\/api.w.org\/{rel}","templated":true}]}}