{"id":8310,"date":"2025-03-14T08:36:05","date_gmt":"2025-03-14T08:36:05","guid":{"rendered":"https:\/\/sauh.ee\/?post_type=product&#038;p=8310"},"modified":"2025-10-28T23:06:11","modified_gmt":"2025-10-28T23:06:11","slug":"aku-ristjoonlaser-16-joont-roheline-komplekt-statiiviga","status":"publish","type":"product","link":"https:\/\/sauh.ee\/ru\/product\/aku-ristjoonlaser-16-joont-roheline-komplekt-statiiviga\/","title":{"rendered":"\u0410\u043a\u043a\u0443\u043c\u0443\u043b\u044f\u0442\u043e\u0440\u043d\u044b\u0439 \u043a\u0440\u0435\u0441\u0442\u043e\u0432\u043e\u0439 \u043b\u0430\u0437\u0435\u0440 16 \u043b\u0438\u043d\u0438\u0439 \u0437\u0435\u043b\u0451\u043d\u044b\u0439 \u043a\u043e\u043c\u043f\u043b\u0435\u043a\u0442 \u0441\u043e \u0448\u0442\u0430\u0442\u0438\u0432\u043e\u043c"},"content":{"rendered":"<p><span style=\"font-weight: 400;\">3D \u043a\u0440\u0435\u0441\u0442\u043e\u0432\u043e\u0439 \u041b\u0430\u0437\u0435\u0440 \u0441 360\u00b0 \u043f\u043e\u043a\u0440\u044b\u0442\u0438\u0435\u043c.  \u041f\u043e\u0434\u0445\u043e\u0434\u0438\u0442 \u0434\u043b\u044f \u0432\u043d\u0443\u0442\u0440\u0435\u043d\u043d\u0435\u0433\u043e \u0438 \u043d\u0430\u0440\u0443\u0436\u043d\u043e\u0433\u043e \u0438\u0441\u043f\u043e\u043b\u044c\u0437\u043e\u0432\u0430\u043d\u0438\u044f, \u0441 \u0441\u0438\u043b\u044c\u043d\u044b\u043c \u0437\u0435\u043b\u0435\u043d\u044b\u043c \u043b\u0443\u0447\u043e\u043c.<\/span><\/p>\n<p><img fetchpriority=\"high\" decoding=\"async\" class=\"alignnone size-large wp-image-8331\" src=\"https:\/\/sauh.ee\/wp-content\/uploads\/2025\/03\/sauh.ee_laser_komplekt_statiiviga_16_joont_11-1024x1024.webp\" alt=\"\" width=\"980\" height=\"980\" srcset=\"https:\/\/sauh.ee\/wp-content\/uploads\/2025\/03\/sauh.ee_laser_komplekt_statiiviga_16_joont_11-1024x1024.webp 1024w, https:\/\/sauh.ee\/wp-content\/uploads\/2025\/03\/sauh.ee_laser_komplekt_statiiviga_16_joont_11-300x300.webp 300w, https:\/\/sauh.ee\/wp-content\/uploads\/2025\/03\/sauh.ee_laser_komplekt_statiiviga_16_joont_11-150x150.webp 150w, https:\/\/sauh.ee\/wp-content\/uploads\/2025\/03\/sauh.ee_laser_komplekt_statiiviga_16_joont_11-768x768.webp 768w, https:\/\/sauh.ee\/wp-content\/uploads\/2025\/03\/sauh.ee_laser_komplekt_statiiviga_16_joont_11-1536x1536.webp 1536w, https:\/\/sauh.ee\/wp-content\/uploads\/2025\/03\/sauh.ee_laser_komplekt_statiiviga_16_joont_11-12x12.webp 12w, https:\/\/sauh.ee\/wp-content\/uploads\/2025\/03\/sauh.ee_laser_komplekt_statiiviga_16_joont_11-324x324.webp 324w, https:\/\/sauh.ee\/wp-content\/uploads\/2025\/03\/sauh.ee_laser_komplekt_statiiviga_16_joont_11-416x416.webp 416w, https:\/\/sauh.ee\/wp-content\/uploads\/2025\/03\/sauh.ee_laser_komplekt_statiiviga_16_joont_11-100x100.webp 100w, https:\/\/sauh.ee\/wp-content\/uploads\/2025\/03\/sauh.ee_laser_komplekt_statiiviga_16_joont_11-64x64.webp 64w, https:\/\/sauh.ee\/wp-content\/uploads\/2025\/03\/sauh.ee_laser_komplekt_statiiviga_16_joont_11.webp 1601w\" sizes=\"(max-width: 980px) 100vw, 980px\" \/><\/p>\n<p>\u041b\u0430\u0437\u0435\u0440 \u043f\u043e\u043a\u0440\u044b\u0442 \u0432\u043e\u0434\u043e\u043d\u0435\u043f\u0440\u043e\u043d\u0438\u0446\u0430\u0435\u043c\u044b\u043c \u0438 \u0443\u0441\u0442\u043e\u0439\u0447\u0438\u0432\u044b\u043c \u043a \u0438\u0441\u0442\u0438\u0440\u0430\u043d\u0438\u044e \u043c\u0430\u0442\u0435\u0440\u0438\u0430\u043b\u043e\u043c, \u0447\u0442\u043e \u043f\u0440\u043e\u0434\u043b\u0435\u0432\u0430\u0435\u0442 \u0441\u0440\u043e\u043a \u0435\u0433\u043e \u0441\u043b\u0443\u0436\u0431\u044b. \u0426\u0432\u0435\u0442 \u043b\u0430\u0437\u0435\u0440\u0430 - \u0441\u0432\u0435\u0442\u043b\u043e-\u0437\u0435\u043b\u0435\u043d\u044b\u0439.<\/p>\n<p><img decoding=\"async\" class=\"alignnone size-large wp-image-8328\" src=\"https:\/\/sauh.ee\/wp-content\/uploads\/2025\/03\/sauh.ee_laser_komplekt_statiiviga_16_joont_8-1024x1024.webp\" alt=\"\" width=\"980\" height=\"980\" srcset=\"https:\/\/sauh.ee\/wp-content\/uploads\/2025\/03\/sauh.ee_laser_komplekt_statiiviga_16_joont_8-1024x1024.webp 1024w, https:\/\/sauh.ee\/wp-content\/uploads\/2025\/03\/sauh.ee_laser_komplekt_statiiviga_16_joont_8-300x300.webp 300w, https:\/\/sauh.ee\/wp-content\/uploads\/2025\/03\/sauh.ee_laser_komplekt_statiiviga_16_joont_8-150x150.webp 150w, https:\/\/sauh.ee\/wp-content\/uploads\/2025\/03\/sauh.ee_laser_komplekt_statiiviga_16_joont_8-768x768.webp 768w, https:\/\/sauh.ee\/wp-content\/uploads\/2025\/03\/sauh.ee_laser_komplekt_statiiviga_16_joont_8-1536x1536.webp 1536w, https:\/\/sauh.ee\/wp-content\/uploads\/2025\/03\/sauh.ee_laser_komplekt_statiiviga_16_joont_8-12x12.webp 12w, https:\/\/sauh.ee\/wp-content\/uploads\/2025\/03\/sauh.ee_laser_komplekt_statiiviga_16_joont_8-324x324.webp 324w, https:\/\/sauh.ee\/wp-content\/uploads\/2025\/03\/sauh.ee_laser_komplekt_statiiviga_16_joont_8-416x416.webp 416w, https:\/\/sauh.ee\/wp-content\/uploads\/2025\/03\/sauh.ee_laser_komplekt_statiiviga_16_joont_8-100x100.webp 100w, https:\/\/sauh.ee\/wp-content\/uploads\/2025\/03\/sauh.ee_laser_komplekt_statiiviga_16_joont_8-64x64.webp 64w, https:\/\/sauh.ee\/wp-content\/uploads\/2025\/03\/sauh.ee_laser_komplekt_statiiviga_16_joont_8.webp 1601w\" sizes=\"(max-width: 980px) 100vw, 980px\" \/><\/p>\n<p><img decoding=\"async\" class=\"alignnone size-large wp-image-8330\" src=\"https:\/\/sauh.ee\/wp-content\/uploads\/2025\/03\/sauh.ee_laser_komplekt_statiiviga_16_joont_6-1024x1024.webp\" alt=\"\" width=\"980\" height=\"980\" srcset=\"https:\/\/sauh.ee\/wp-content\/uploads\/2025\/03\/sauh.ee_laser_komplekt_statiiviga_16_joont_6-1024x1024.webp 1024w, https:\/\/sauh.ee\/wp-content\/uploads\/2025\/03\/sauh.ee_laser_komplekt_statiiviga_16_joont_6-300x300.webp 300w, https:\/\/sauh.ee\/wp-content\/uploads\/2025\/03\/sauh.ee_laser_komplekt_statiiviga_16_joont_6-150x150.webp 150w, https:\/\/sauh.ee\/wp-content\/uploads\/2025\/03\/sauh.ee_laser_komplekt_statiiviga_16_joont_6-768x768.webp 768w, https:\/\/sauh.ee\/wp-content\/uploads\/2025\/03\/sauh.ee_laser_komplekt_statiiviga_16_joont_6-1536x1536.webp 1536w, https:\/\/sauh.ee\/wp-content\/uploads\/2025\/03\/sauh.ee_laser_komplekt_statiiviga_16_joont_6-12x12.webp 12w, https:\/\/sauh.ee\/wp-content\/uploads\/2025\/03\/sauh.ee_laser_komplekt_statiiviga_16_joont_6-324x324.webp 324w, https:\/\/sauh.ee\/wp-content\/uploads\/2025\/03\/sauh.ee_laser_komplekt_statiiviga_16_joont_6-416x416.webp 416w, https:\/\/sauh.ee\/wp-content\/uploads\/2025\/03\/sauh.ee_laser_komplekt_statiiviga_16_joont_6-100x100.webp 100w, https:\/\/sauh.ee\/wp-content\/uploads\/2025\/03\/sauh.ee_laser_komplekt_statiiviga_16_joont_6-64x64.webp 64w, https:\/\/sauh.ee\/wp-content\/uploads\/2025\/03\/sauh.ee_laser_komplekt_statiiviga_16_joont_6.webp 1601w\" sizes=\"(max-width: 980px) 100vw, 980px\" \/><\/p>","protected":false},"excerpt":{"rendered":"<p>3D ristjoonlaser 360\u00b0 kattega.\u00a0 Sobib kasutamiseks nii sise kui v\u00e4lit\u00f6\u00f6del, tugeva rohelise kiirega. Laser on \u00fcmbritsetud veekindla ja kulumiskindla materjaliga, mis tagab pikemat eluiga. Laseri v\u00e4rvus heleroheline.<\/p>","protected":false},"featured_media":8324,"template":"","meta":[],"product_brand":[],"product_cat":[44],"product_tag":[],"class_list":{"0":"post-8310","1":"product","2":"type-product","3":"status-publish","4":"has-post-thumbnail","6":"product_cat-laserid","8":"first","9":"onbackorder","10":"shipping-taxable","11":"purchasable","12":"product-type-simple"},"_links":{"self":[{"href":"https:\/\/sauh.ee\/ru\/wp-json\/wp\/v2\/product\/8310","targetHints":{"allow":["GET"]}}],"collection":[{"href":"https:\/\/sauh.ee\/ru\/wp-json\/wp\/v2\/product"}],"about":[{"href":"https:\/\/sauh.ee\/ru\/wp-json\/wp\/v2\/types\/product"}],"wp:featuredmedia":[{"embeddable":true,"href":"https:\/\/sauh.ee\/ru\/wp-json\/wp\/v2\/media\/8324"}],"wp:attachment":[{"href":"https:\/\/sauh.ee\/ru\/wp-json\/wp\/v2\/media?parent=8310"}],"wp:term":[{"taxonomy":"product_brand","embeddable":true,"href":"https:\/\/sauh.ee\/ru\/wp-json\/wp\/v2\/product_brand?post=8310"},{"taxonomy":"product_cat","embeddable":true,"href":"https:\/\/sauh.ee\/ru\/wp-json\/wp\/v2\/product_cat?post=8310"},{"taxonomy":"product_tag","embeddable":true,"href":"https:\/\/sauh.ee\/ru\/wp-json\/wp\/v2\/product_tag?post=8310"}],"curies":[{"name":"wp","href":"https:\/\/api.w.org\/{rel}","templated":true}]}}