{"id":8372,"date":"2025-03-28T08:51:33","date_gmt":"2025-03-28T08:51:33","guid":{"rendered":"https:\/\/sauh.ee\/?post_type=product&#038;p=8372"},"modified":"2026-02-11T15:03:19","modified_gmt":"2026-02-11T15:03:19","slug":"akukettsaag-25-cm","status":"publish","type":"product","link":"https:\/\/sauh.ee\/ru\/product\/akukettsaag-25-cm\/","title":{"rendered":"\u0410\u043a\u043a\u0443\u043c\u0443\u043b\u044f\u0442\u043e\u0440\u043d\u0430\u044f \u0446\u0435\u043f\u043d\u0430\u044f \u043f\u0438\u043b\u0430 25 \u0441\u043c"},"content":{"rendered":"<p><span style=\"font-weight: 400;\">\u0423\u0434\u043e\u0431\u043d\u0430\u044f \u0446\u0435\u043f\u043d\u0430\u044f \u043f\u0438\u043b\u0430 \u0434\u043b\u044f \u0434\u043e\u043c\u0430, \u0434\u0430\u0447\u0438 \u0438\u043b\u0438 \u0440\u0430\u0431\u043e\u0442\u044b! <\/span>\u0420\u0443\u0447\u043d\u0430\u044f \u043f\u0438\u043b\u0430 \u0438\u0434\u0435\u0430\u043b\u044c\u043d\u043e \u043f\u043e\u0434\u0445\u043e\u0434\u0438\u0442 \u0434\u043b\u044f \u0432\u0430\u043b\u043a\u0438 \u0438 \u043e\u0431\u0440\u0435\u0437\u043a\u0438 \u0434\u0435\u0440\u0435\u0432\u044c\u0435\u0432 \u0438 \u043e\u0441\u043d\u0430\u0449\u0435\u043d\u0430 \u0431\u043e\u043a\u043e\u0432\u043e\u0439 \u0440\u0443\u043a\u043e\u044f\u0442\u043a\u043e\u0439 \u0434\u043b\u044f \u0443\u0434\u043e\u0431\u0441\u0442\u0432\u0430 \u0438 \u0443\u0441\u0442\u043e\u0439\u0447\u0438\u0432\u043e\u0441\u0442\u0438.<\/p>\n<p><img fetchpriority=\"high\" decoding=\"async\" class=\"alignnone size-large wp-image-8376\" src=\"https:\/\/sauh.ee\/wp-content\/uploads\/2025\/03\/sauh.ee-aku-kettsaag-25cm-2-1024x810.webp\" alt=\"\" width=\"980\" height=\"775\" srcset=\"https:\/\/sauh.ee\/wp-content\/uploads\/2025\/03\/sauh.ee-aku-kettsaag-25cm-2-1024x810.webp 1024w, https:\/\/sauh.ee\/wp-content\/uploads\/2025\/03\/sauh.ee-aku-kettsaag-25cm-2-300x237.webp 300w, https:\/\/sauh.ee\/wp-content\/uploads\/2025\/03\/sauh.ee-aku-kettsaag-25cm-2-768x608.webp 768w, https:\/\/sauh.ee\/wp-content\/uploads\/2025\/03\/sauh.ee-aku-kettsaag-25cm-2-15x12.webp 15w, https:\/\/sauh.ee\/wp-content\/uploads\/2025\/03\/sauh.ee-aku-kettsaag-25cm-2-416x329.webp 416w, https:\/\/sauh.ee\/wp-content\/uploads\/2025\/03\/sauh.ee-aku-kettsaag-25cm-2-64x51.webp 64w, https:\/\/sauh.ee\/wp-content\/uploads\/2025\/03\/sauh.ee-aku-kettsaag-25cm-2.webp 1485w\" sizes=\"(max-width: 980px) 100vw, 980px\" \/><\/p>\n<p><a href=\"https:\/\/sauh.ee\/ru\/product\/akukettsaag-25-cm-vahetuskett\/\">\u0412\u043e\u0437\u043c\u043e\u0436\u043d\u043e\u0441\u0442\u044c \u043f\u0440\u0438\u043e\u0431\u0440\u0435\u0441\u0442\u0438 \u0437\u0430\u043f\u0430\u0441\u043d\u0443\u044e \u0446\u0435\u043f\u044c!<\/a><\/p>\n<table>\n<thead>\n<tr>\n<th><strong>\u0425\u0430\u0440\u0430\u043a\u0442\u0435\u0440\u0438\u0441\u0442\u0438\u043a\u0430<\/strong><\/th>\n<th><strong>\u041e\u043f\u0438\u0441\u0430\u043d\u0438\u0435<\/strong><\/th>\n<\/tr>\n<\/thead>\n<tbody>\n<tr>\n<td><strong>\u0414\u043b\u0438\u043d\u0430 \u043f\u0438\u043b\u044c\u043d\u043e\u0433\u043e \u0434\u0438\u0441\u043a\u0430<\/strong><\/td>\n<td>10\u2033 (25 \u0441\u043c)<\/td>\n<\/tr>\n<tr>\n<td><strong>\u041c\u043e\u0442\u043e\u0440<\/strong><\/td>\n<td>\u0411\u0435\u0441\u0449\u0435\u0442\u043e\u0447\u043d\u044b\u0439<\/td>\n<\/tr>\n<tr>\n<td><strong>\u041c\u043e\u0449\u043d\u043e\u0441\u0442\u044c<\/strong><\/td>\n<td>5000W<\/td>\n<\/tr>\n<tr>\n<td><strong>\u041f\u0438\u0442\u0430\u043d\u0438\u0435<\/strong><\/td>\n<td>\u0410\u043a\u043a\u0443\u043c\u0443\u043b\u044f\u0442\u043e\u0440 18 \u0412 (\u0442\u0430\u043a\u0436\u0435 \u043c\u043e\u0436\u0435\u0442 \u0438\u0441\u043f\u043e\u043b\u044c\u0437\u043e\u0432\u0430\u0442\u044c\u0441\u044f \u0441 \u0430\u043a\u043a\u0443\u043c\u0443\u043b\u044f\u0442\u043e\u0440\u0430\u043c\u0438 \u041c\u0430\u043a\u0438\u0442\u0430 18 \u0412)<\/td>\n<\/tr>\n<tr>\n<td><strong>\u0421\u043a\u043e\u0440\u043e\u0441\u0442\u044c \u0446\u0435\u043f\u0438<\/strong><\/td>\n<td>8 \u043c\/\u0441<\/td>\n<\/tr>\n<tr>\n<td><strong>\u0421\u043a\u043e\u0440\u043e\u0441\u0442\u044c \u0445\u043e\u043b\u043e\u0441\u0442\u043e\u0433\u043e \u0445\u043e\u0434\u0430<\/strong><\/td>\n<td>4100 \u043e\u0431\/\u043c\u0438\u043d<\/td>\n<\/tr>\n<tr>\n<td><strong>\u0410\u0432\u0442\u043e\u043c\u0430\u0442\u0438\u0447\u0435\u0441\u043a\u043e\u0435 \u0441\u043c\u0430\u0437\u044b\u0432\u0430\u043d\u0438\u0435<\/strong><\/td>\n<td>\u0414\u0430<\/td>\n<\/tr>\n<tr>\n<td><strong>\u0412\u0435\u0441<\/strong><\/td>\n<td>2,8 \u043a\u0433<\/td>\n<\/tr>\n<\/tbody>\n<\/table>\n<p>\u0412\u044b\u0431\u0438\u0440\u0430\u044f \u0442\u043e\u043b\u044c\u043a\u043e \u0438\u043d\u0441\u0442\u0440\u0443\u043c\u0435\u043d\u0442: \u0430\u043a\u043a\u0443\u043c\u0443\u043b\u044f\u0442\u043e\u0440\u044b \u0438 \u0434\u0440\u0443\u0433\u0438\u0435 \u0430\u043a\u0441\u0435\u0441\u0441\u0443\u0430\u0440\u044b \u0432 \u043a\u043e\u043c\u043f\u043b\u0435\u043a\u0442 \u043d\u0435 \u0432\u0445\u043e\u0434\u044f\u0442!<\/p>\n<p>\u0412\u044b\u0431\u043e\u0440 + 2 \u0430\u043a\u043a\u0443\u043c\u0443\u043b\u044f\u0442\u043e\u0440\u0430 \u0438 \u0437\u0430\u0440\u044f\u0434\u043d\u043e\u0435 \u0443\u0441\u0442\u0440\u043e\u0439\u0441\u0442\u0432\u043e:\u00a0<a href=\"https:\/\/sauh.ee\/ru\/product\/aku-komplekt-analoog-tooriistadele-388vf\/\">\u0412 \u043a\u043e\u043c\u043f\u043b\u0435\u043a\u0442 \u0432\u0445\u043e\u0434\u044f\u0442 2 \u0430\u043a\u043a\u0443\u043c\u0443\u043b\u044f\u0442\u043e\u0440\u0430 \u0438 \u0437\u0430\u0440\u044f\u0434\u043d\u043e\u0435 \u0443\u0441\u0442\u0440\u043e\u0439\u0441\u0442\u0432\u043e.<\/a><\/p>\n<div style=\"width: 980px;\" class=\"wp-video\"><video class=\"wp-video-shortcode\" id=\"video-8372-1\" width=\"980\" height=\"551\" preload=\"metadata\" controls=\"controls\"><source type=\"video\/mp4\" src=\"https:\/\/sauh.ee\/wp-content\/uploads\/2025\/03\/sauh.ee-aku-kettsaag-25cm-1-online-video-cutter.com-1.mp4?_=1\" \/><a href=\"https:\/\/sauh.ee\/wp-content\/uploads\/2025\/03\/sauh.ee-aku-kettsaag-25cm-1-online-video-cutter.com-1.mp4\">https:\/\/sauh.ee\/wp-content\/uploads\/2025\/03\/sauh.ee-aku-kettsaag-25cm-1-online-video-cutter.com-1.mp4<\/a><\/video><\/div>","protected":false},"excerpt":{"rendered":"<p>Mugav kettsaag koju, aeda v\u00f5i t\u00f6\u00f6le! K\u00e4sisaag sobib suurep\u00e4raselt puude langetamiseks ja l\u00f5ikamiseks ning on varustatud k\u00fclgk\u00e4epidemega, mis tagab mugavuse ja stabiilsuse. V\u00f5imalik soetada vahetuskett! Omadus Kirjeldus Sae lehe pikkus 10&#8243; (25 cm) Mootor Harjadeta V\u00f5imsus 5000W Toide 18V aku (sobib kasutada ka Makita 18V akudega) Keti kiirus 8 m\/s T\u00fchik\u00e4igu kiirus 4100 p\/min Automaatne [&hellip;]<\/p>\n","protected":false},"featured_media":8379,"template":"","meta":[],"product_brand":[],"product_cat":[45,15],"product_tag":[272],"class_list":{"0":"post-8372","1":"product","2":"type-product","3":"status-publish","4":"has-post-thumbnail","6":"product_cat-saed","7":"product_cat-analoog-tooted","8":"product_tag-sugis","10":"first","11":"outofstock","12":"shipping-taxable","13":"purchasable","14":"product-type-variable"},"_links":{"self":[{"href":"https:\/\/sauh.ee\/ru\/wp-json\/wp\/v2\/product\/8372","targetHints":{"allow":["GET"]}}],"collection":[{"href":"https:\/\/sauh.ee\/ru\/wp-json\/wp\/v2\/product"}],"about":[{"href":"https:\/\/sauh.ee\/ru\/wp-json\/wp\/v2\/types\/product"}],"wp:featuredmedia":[{"embeddable":true,"href":"https:\/\/sauh.ee\/ru\/wp-json\/wp\/v2\/media\/8379"}],"wp:attachment":[{"href":"https:\/\/sauh.ee\/ru\/wp-json\/wp\/v2\/media?parent=8372"}],"wp:term":[{"taxonomy":"product_brand","embeddable":true,"href":"https:\/\/sauh.ee\/ru\/wp-json\/wp\/v2\/product_brand?post=8372"},{"taxonomy":"product_cat","embeddable":true,"href":"https:\/\/sauh.ee\/ru\/wp-json\/wp\/v2\/product_cat?post=8372"},{"taxonomy":"product_tag","embeddable":true,"href":"https:\/\/sauh.ee\/ru\/wp-json\/wp\/v2\/product_tag?post=8372"}],"curies":[{"name":"wp","href":"https:\/\/api.w.org\/{rel}","templated":true}]}}