{"id":8406,"date":"2025-04-04T15:16:54","date_gmt":"2025-04-04T15:16:54","guid":{"rendered":"https:\/\/sauh.ee\/?post_type=product&#038;p=8406"},"modified":"2026-04-24T11:40:21","modified_gmt":"2026-04-24T11:40:21","slug":"akuoksakaarid-30mm-teleskoopvarrega","status":"publish","type":"product","link":"https:\/\/sauh.ee\/ru\/product\/akuoksakaarid-30mm-teleskoopvarrega\/","title":{"rendered":"\u0410\u043a\u043a\u0443\u043c\u0443\u043b\u044f\u0442\u043e\u0440\u043d\u044b\u0439 \u0441\u0435\u043a\u0430\u0442\u043e\u0440 30 \u043c\u043c \u0441 \u0442\u0435\u043b\u0435\u0441\u043a\u043e\u043f\u0438\u0447\u0435\u0441\u043a\u043e\u0439 \u0440\u0443\u0447\u043a\u043e\u0439"},"content":{"rendered":"<p><strong>\u0410\u043a\u043a\u0443\u043c\u0443\u043b\u044f\u0442\u043e\u0440\u043d\u044b\u0439 \u0441\u0435\u043a\u0430\u0442\u043e\u0440 \u0441 \u0431\u0435\u0441\u0449\u0435\u0442\u043e\u0447\u043d\u044b\u043c \u043c\u043e\u0442\u043e\u0440\u043e\u043c \u0438 2 \u043c \u0443\u0434\u043b\u0438\u043d\u0438\u0442\u0435\u043b\u0435\u043c. \u0421\u043e\u0432\u043c\u0435\u0441\u0442\u0438\u043c \u0441 \u0430\u043a\u043a\u0443\u043c\u0443\u043b\u044f\u0442\u043e\u0440\u0430\u043c\u0438 Makita 18V.<\/strong><\/p>\n<div style=\"width: 980px;\" class=\"wp-video\"><video class=\"wp-video-shortcode\" id=\"video-8406-1\" width=\"980\" height=\"551\" preload=\"metadata\" controls=\"controls\"><source type=\"video\/mp4\" src=\"https:\/\/sauh.ee\/wp-content\/uploads\/2025\/04\/sauh-oksakaarid-teleskoopvarrega-1-1.mp4?_=1\" \/><a href=\"https:\/\/sauh.ee\/wp-content\/uploads\/2025\/04\/sauh-oksakaarid-teleskoopvarrega-1-1.mp4\">https:\/\/sauh.ee\/wp-content\/uploads\/2025\/04\/sauh-oksakaarid-teleskoopvarrega-1-1.mp4<\/a><\/video><\/div>\n<h5><\/h5>\n<p>\u041f\u043e\u0434\u0445\u043e\u0434\u0438\u0442 \u0434\u043b\u044f \u043e\u0431\u0440\u0435\u0437\u043a\u0438 \u0432\u044b\u0441\u043e\u043a\u0438\u0445 \u0432\u0435\u0442\u043e\u043a \u0438 \u0443\u0445\u043e\u0434\u0430 \u0437\u0430 \u0434\u0435\u0440\u0435\u0432\u044c\u044f\u043c\u0438. \u041f\u043e\u043b\u0435\u0437\u043d\u044b\u0439 \u0438\u043d\u0441\u0442\u0440\u0443\u043c\u0435\u043d\u0442 \u0434\u043b\u044f \u0441\u0430\u0434\u0430, \u0444\u0440\u0443\u043a\u0442\u043e\u0432\u043e\u0433\u043e \u0441\u0430\u0434\u0430 \u0438 \u0441\u0435\u043b\u044c\u0441\u043a\u043e\u0445\u043e\u0437\u044f\u0439\u0441\u0442\u0432\u0435\u043d\u043d\u044b\u0445 \u0440\u0430\u0431\u043e\u0442.<\/p>\n<p><img fetchpriority=\"high\" decoding=\"async\" class=\"alignnone size-full wp-image-8574\" src=\"https:\/\/sauh.ee\/wp-content\/uploads\/2025\/04\/sauh_oksakaarid_teleskoopvarrega_6-1.webp\" alt=\"\" width=\"1000\" height=\"1000\" srcset=\"https:\/\/sauh.ee\/wp-content\/uploads\/2025\/04\/sauh_oksakaarid_teleskoopvarrega_6-1.webp 1000w, https:\/\/sauh.ee\/wp-content\/uploads\/2025\/04\/sauh_oksakaarid_teleskoopvarrega_6-1-300x300.webp 300w, https:\/\/sauh.ee\/wp-content\/uploads\/2025\/04\/sauh_oksakaarid_teleskoopvarrega_6-1-150x150.webp 150w, https:\/\/sauh.ee\/wp-content\/uploads\/2025\/04\/sauh_oksakaarid_teleskoopvarrega_6-1-768x768.webp 768w, https:\/\/sauh.ee\/wp-content\/uploads\/2025\/04\/sauh_oksakaarid_teleskoopvarrega_6-1-12x12.webp 12w, https:\/\/sauh.ee\/wp-content\/uploads\/2025\/04\/sauh_oksakaarid_teleskoopvarrega_6-1-324x324.webp 324w, https:\/\/sauh.ee\/wp-content\/uploads\/2025\/04\/sauh_oksakaarid_teleskoopvarrega_6-1-416x416.webp 416w, https:\/\/sauh.ee\/wp-content\/uploads\/2025\/04\/sauh_oksakaarid_teleskoopvarrega_6-1-100x100.webp 100w, https:\/\/sauh.ee\/wp-content\/uploads\/2025\/04\/sauh_oksakaarid_teleskoopvarrega_6-1-64x64.webp 64w\" sizes=\"(max-width: 1000px) 100vw, 1000px\" \/><\/p>\n<table>\n<thead>\n<tr>\n<th><strong>\u0425\u0430\u0440\u0430\u043a\u0442\u0435\u0440\u0438\u0441\u0442\u0438\u043a\u0430<\/strong><\/th>\n<th><strong>\u0414\u0430\u043d\u043d\u044b\u0435<\/strong><\/th>\n<\/tr>\n<\/thead>\n<tbody>\n<tr>\n<td><strong>\u041c\u043e\u0442\u043e\u0440<\/strong><\/td>\n<td>\u0411\u0435\u0441\u0449\u0435\u0442\u043e\u0447\u043d\u044b\u0439 \u0434\u0432\u0438\u0433\u0430\u0442\u0435\u043b\u044c<\/td>\n<\/tr>\n<tr>\n<td><a href=\"https:\/\/sauh.ee\/ru\/product\/aku-oksakaarid-terad\/\"><strong>\u0422\u0438\u043f \u043b\u0435\u0437\u0432\u0438\u044f<\/strong> (\u0432\u043e\u0437\u043c\u043e\u0436\u043d\u043e\u0441\u0442\u044c \u043a\u0443\u043f\u0438\u0442\u044c \u0437\u0430\u043f\u0430\u0441\u043d\u043e\u0435 \u043b\u0435\u0437\u0432\u0438\u0435)<\/a><\/td>\n<td><a href=\"https:\/\/sauh.ee\/ru\/product\/aku-oksakaarid-terad\/\">\u041b\u0435\u0437\u0432\u0438\u0435 SK5<\/a><\/td>\n<\/tr>\n<tr>\n<td><strong>\u041c\u0430\u043a\u0441\u0438\u043c\u0430\u043b\u044c\u043d\u0430\u044f \u043c\u043e\u0449\u043d\u043e\u0441\u0442\u044c<\/strong><\/td>\n<td>1000 \u0412\u0442<\/td>\n<\/tr>\n<tr>\n<td><strong>\u041c\u0430\u043a\u0441\u0438\u043c\u0430\u043b\u044c\u043d\u044b\u0439 \u0434\u0438\u0430\u043c\u0435\u0442\u0440 \u0440\u0435\u0437\u0430<\/strong><\/td>\n<td>30 \u043c\u043c<\/td>\n<\/tr>\n<tr>\n<td><strong>\u0412\u0435\u0441 \u043d\u043e\u0436\u043d\u0438\u0446<\/strong><\/td>\n<td>0,7 \u043a\u0433<\/td>\n<\/tr>\n<tr>\n<td><strong>\u0420\u0435\u0433\u0443\u043b\u0438\u0440\u043e\u0432\u043a\u0430 \u0434\u043b\u0438\u043d\u044b \u0442\u0435\u043b\u0435\u0441\u043a\u043e\u043f\u0438\u0447\u0435\u0441\u043a\u043e\u0439 \u0440\u0443\u043a\u043e\u044f\u0442\u043a\u0438<\/strong><\/td>\n<td>1,08 \u043c, 1,57 \u043c, 2,01 \u043c<\/td>\n<\/tr>\n<\/tbody>\n<\/table>\n<h5><\/h5>\n<p>\u0412\u044b\u0431\u0438\u0440\u0430\u044f \u0442\u043e\u043b\u044c\u043a\u043e \u0438\u043d\u0441\u0442\u0440\u0443\u043c\u0435\u043d\u0442: \u0430\u043a\u043a\u0443\u043c\u0443\u043b\u044f\u0442\u043e\u0440\u044b \u0438 \u0434\u0440\u0443\u0433\u0438\u0435 \u0430\u043a\u0441\u0435\u0441\u0441\u0443\u0430\u0440\u044b \u0432 \u043a\u043e\u043c\u043f\u043b\u0435\u043a\u0442 \u043d\u0435 \u0432\u0445\u043e\u0434\u044f\u0442!<\/p>\n<p>\u0412\u044b\u0431\u043e\u0440 + 2 \u0430\u043a\u043a\u0443\u043c\u0443\u043b\u044f\u0442\u043e\u0440\u0430 \u0438 \u0437\u0430\u0440\u044f\u0434\u043d\u043e\u0435 \u0443\u0441\u0442\u0440\u043e\u0439\u0441\u0442\u0432\u043e:\u00a0<a href=\"https:\/\/sauh.ee\/ru\/product\/aku-komplekt-analoog-tooriistadele-388vf\/\">\u0412 \u043a\u043e\u043c\u043f\u043b\u0435\u043a\u0442 \u0432\u0445\u043e\u0434\u044f\u0442 2 \u0430\u043a\u043a\u0443\u043c\u0443\u043b\u044f\u0442\u043e\u0440\u0430 \u0438 \u0437\u0430\u0440\u044f\u0434\u043d\u043e\u0435 \u0443\u0441\u0442\u0440\u043e\u0439\u0441\u0442\u0432\u043e.<\/a><\/p>\n<p>\u0422\u0435\u0445\u043d\u0438\u0447\u0435\u0441\u043a\u0438\u0435 \u0434\u0430\u043d\u043d\u044b\u0435 \u0432 \u043a\u043e\u043b\u043e\u043d\u043a\u0435 \u0434\u043e\u043f\u043e\u043b\u043d\u0438\u0442\u0435\u043b\u044c\u043d\u043e\u0439 \u0438\u043d\u0444\u043e\u0440\u043c\u0430\u0446\u0438\u0438<\/p>\n<div class=\"wp-video\"><\/div>","protected":false},"excerpt":{"rendered":"<p>Harjavaba mootoriga aku oksak\u00e4\u00e4rid koos 2 m teleskoopvardaga. Sobivad kasutada ka Makita 18V akudega. Sobib h\u00e4sti k\u00f5rgete okste l\u00f5ikamiseks ja puude hoolduseks. Kasulik t\u00f6\u00f6riist aeda, viljapuuaeda ja talut\u00f6\u00f6deks. Omadus Andmed Mootor Harjavaba mootor Tera t\u00fc\u00fcp (v\u00f5imalus osta ka varutera) SK5 tera Maksimaalne v\u00f5imsus 1000W Maksimaalne l\u00f5ike l\u00e4bim\u00f5\u00f5t 30mm K\u00e4\u00e4ride kaal 0.7kg Teleskoopvarre pikkuse reguleerimine 1.08m, [&hellip;]<\/p>\n","protected":false},"featured_media":8424,"template":"","meta":[],"product_brand":[],"product_cat":[257,15],"product_tag":[256],"class_list":{"0":"post-8406","1":"product","2":"type-product","3":"status-publish","4":"has-post-thumbnail","6":"product_cat-aia-tooriistad","7":"product_cat-analoog-tooted","8":"product_tag-kevad","10":"first","11":"onbackorder","12":"shipping-taxable","13":"purchasable","14":"product-type-variable"},"_links":{"self":[{"href":"https:\/\/sauh.ee\/ru\/wp-json\/wp\/v2\/product\/8406","targetHints":{"allow":["GET"]}}],"collection":[{"href":"https:\/\/sauh.ee\/ru\/wp-json\/wp\/v2\/product"}],"about":[{"href":"https:\/\/sauh.ee\/ru\/wp-json\/wp\/v2\/types\/product"}],"wp:featuredmedia":[{"embeddable":true,"href":"https:\/\/sauh.ee\/ru\/wp-json\/wp\/v2\/media\/8424"}],"wp:attachment":[{"href":"https:\/\/sauh.ee\/ru\/wp-json\/wp\/v2\/media?parent=8406"}],"wp:term":[{"taxonomy":"product_brand","embeddable":true,"href":"https:\/\/sauh.ee\/ru\/wp-json\/wp\/v2\/product_brand?post=8406"},{"taxonomy":"product_cat","embeddable":true,"href":"https:\/\/sauh.ee\/ru\/wp-json\/wp\/v2\/product_cat?post=8406"},{"taxonomy":"product_tag","embeddable":true,"href":"https:\/\/sauh.ee\/ru\/wp-json\/wp\/v2\/product_tag?post=8406"}],"curies":[{"name":"wp","href":"https:\/\/api.w.org\/{rel}","templated":true}]}}