{"id":8445,"date":"2025-04-04T16:40:06","date_gmt":"2025-04-04T16:40:06","guid":{"rendered":"https:\/\/sauh.ee\/?post_type=product&#038;p=8445"},"modified":"2026-04-06T12:48:33","modified_gmt":"2026-04-06T12:48:33","slug":"aku-oksakaarid-terad-50mm","status":"publish","type":"product","link":"https:\/\/sauh.ee\/ru\/product\/aku-oksakaarid-terad-50mm\/","title":{"rendered":"\u041b\u0435\u0437\u0432\u0438\u044f \u0430\u043a\u043a\u0443\u043c\u0443\u043b\u044f\u0442\u043e\u0440\u043d\u044b\u0445 \u0441\u0435\u043a\u0430\u0442\u043e\u0440\u043e\u0432 50\u043c\u043c"},"content":{"rendered":"<p>\u0417\u0430\u043f\u0430\u0441\u043d\u044b\u0435 \u043b\u0435\u0437\u0432\u0438\u0439 \u0434\u043b\u044f <a href=\"https:\/\/sauh.ee\/ru\/product\/akuoksakaarid-teleskoopvarrega\/\">\u043d\u043e\u0436\u043d\u0438\u0446 50 \u043c\u043c<\/a><\/p>\n<p>\u0412 \u0443\u043f\u0430\u043a\u043e\u0432\u043a\u0435 1 \u043f\u0430\u0440\u0430 \u043d\u043e\u0436\u043d\u0438\u0446.<\/p>","protected":false},"excerpt":{"rendered":"<p>Vahetus terad Aku oksak\u00e4\u00e4ridele 50mm Pakendis on 1 k\u00e4\u00e4ride paar.<\/p>","protected":false},"featured_media":8447,"template":"","meta":[],"product_brand":[],"product_cat":[31],"product_tag":[],"class_list":{"0":"post-8445","1":"product","2":"type-product","3":"status-publish","4":"has-post-thumbnail","6":"product_cat-varuosad","8":"first","9":"instock","10":"shipping-taxable","11":"purchasable","12":"product-type-simple"},"_links":{"self":[{"href":"https:\/\/sauh.ee\/ru\/wp-json\/wp\/v2\/product\/8445","targetHints":{"allow":["GET"]}}],"collection":[{"href":"https:\/\/sauh.ee\/ru\/wp-json\/wp\/v2\/product"}],"about":[{"href":"https:\/\/sauh.ee\/ru\/wp-json\/wp\/v2\/types\/product"}],"wp:featuredmedia":[{"embeddable":true,"href":"https:\/\/sauh.ee\/ru\/wp-json\/wp\/v2\/media\/8447"}],"wp:attachment":[{"href":"https:\/\/sauh.ee\/ru\/wp-json\/wp\/v2\/media?parent=8445"}],"wp:term":[{"taxonomy":"product_brand","embeddable":true,"href":"https:\/\/sauh.ee\/ru\/wp-json\/wp\/v2\/product_brand?post=8445"},{"taxonomy":"product_cat","embeddable":true,"href":"https:\/\/sauh.ee\/ru\/wp-json\/wp\/v2\/product_cat?post=8445"},{"taxonomy":"product_tag","embeddable":true,"href":"https:\/\/sauh.ee\/ru\/wp-json\/wp\/v2\/product_tag?post=8445"}],"curies":[{"name":"wp","href":"https:\/\/api.w.org\/{rel}","templated":true}]}}