{"id":8470,"date":"2025-04-16T16:51:01","date_gmt":"2025-04-16T16:51:01","guid":{"rendered":"https:\/\/sauh.ee\/?post_type=product&#038;p=8470"},"modified":"2026-04-21T05:48:26","modified_gmt":"2026-04-21T05:48:26","slug":"teleskoopvarrega-komplekt-akuoksakaarid-30mm-ja-akukettsaag-20cm-olipaagiga","status":"publish","type":"product","link":"https:\/\/sauh.ee\/ru\/product\/teleskoopvarrega-komplekt-akuoksakaarid-30mm-ja-akukettsaag-20cm-olipaagiga\/","title":{"rendered":"\u041a\u043e\u043c\u043f\u043b\u0435\u043a\u0442 \u0441 \u0442\u0435\u043b\u0435\u0441\u043a\u043e\u043f\u0438\u0447\u0435\u0441\u043a\u043e\u0439 \u0440\u0443\u0447\u043a\u043e\u0439 \u2013 \u0430\u043a\u043a\u0443\u043c\u0443\u043b\u044f\u0442\u043e\u0440\u043d\u044b\u0435 \u043d\u043e\u0436\u043d\u0438\u0446\u044b 30 \u043c\u043c \u0438 \u0430\u043a\u043a\u0443\u043c\u0443\u043b\u044f\u0442\u043e\u0440\u043d\u0430\u044f \u0446\u0435\u043f\u043d\u0430\u044f \u043f\u0438\u043b\u0430 20 \u0441\u043c \u0441 \u043c\u0430\u0441\u043b\u044f\u043d\u044b\u043c \u0431\u0430\u043a\u043e\u043c"},"content":{"rendered":"<p><strong>\u0411\u0435\u0437\u0449\u0435\u0442\u043e\u0447\u043d\u044b\u0435 \u043c\u043e\u0442\u043e\u0440\u043d\u044b\u0435 \u0430\u043a\u043a\u0443\u043c\u0443\u043b\u044f\u0442\u043e\u0440\u043d\u044b\u0435 \u0441\u0435\u043a\u0430\u0442\u043e\u0440\u044b \u0438 \u0430\u043a\u043a\u0443\u043c\u0443\u043b\u044f\u0442\u043e\u0440\u043d\u0430\u044f \u0446\u0435\u043f\u043d\u0430\u044f \u043f\u0438\u043b\u0430 20 \u0441\u043c \u0441 \u043c\u0430\u0441\u043b\u044f\u043d\u044b\u043c \u0431\u0430\u043a\u043e\u043c \u0438 2,4 \u043c \u0442\u0435\u043b\u0435\u0441\u043a\u043e\u043f\u0438\u0447\u0435\u0441\u043a\u043e\u0439 \u0440\u0443\u043a\u043e\u044f\u0442\u043a\u043e\u0439. \u0422\u0430\u043a\u0436\u0435 \u043f\u043e\u0434\u0445\u043e\u0434\u044f\u0442 \u0434\u043b\u044f \u0438\u0441\u043f\u043e\u043b\u044c\u0437\u043e\u0432\u0430\u043d\u0438\u044f \u0441 \u0430\u043a\u043a\u0443\u043c\u0443\u043b\u044f\u0442\u043e\u0440\u0430\u043c\u0438 \u041c\u0430\u043a\u0438\u0442\u0430 18\u0412.<\/strong><\/p>\n<p><img fetchpriority=\"high\" decoding=\"async\" class=\"wp-image-9508 aligncenter\" src=\"https:\/\/sauh.ee\/wp-content\/uploads\/2025\/04\/sauh.e-oksakaarid-30mm-ja-akukettsaag-20cm-olipaagiga-koos-teleskoop-varrega-komplekt-15-1024x362.webp\" alt=\"\" width=\"906\" height=\"320\" srcset=\"https:\/\/sauh.ee\/wp-content\/uploads\/2025\/04\/sauh.e-oksakaarid-30mm-ja-akukettsaag-20cm-olipaagiga-koos-teleskoop-varrega-komplekt-15-1024x362.webp 1024w, https:\/\/sauh.ee\/wp-content\/uploads\/2025\/04\/sauh.e-oksakaarid-30mm-ja-akukettsaag-20cm-olipaagiga-koos-teleskoop-varrega-komplekt-15-300x106.webp 300w, https:\/\/sauh.ee\/wp-content\/uploads\/2025\/04\/sauh.e-oksakaarid-30mm-ja-akukettsaag-20cm-olipaagiga-koos-teleskoop-varrega-komplekt-15-768x271.webp 768w, https:\/\/sauh.ee\/wp-content\/uploads\/2025\/04\/sauh.e-oksakaarid-30mm-ja-akukettsaag-20cm-olipaagiga-koos-teleskoop-varrega-komplekt-15-1536x543.webp 1536w, https:\/\/sauh.ee\/wp-content\/uploads\/2025\/04\/sauh.e-oksakaarid-30mm-ja-akukettsaag-20cm-olipaagiga-koos-teleskoop-varrega-komplekt-15-2048x723.webp 2048w, https:\/\/sauh.ee\/wp-content\/uploads\/2025\/04\/sauh.e-oksakaarid-30mm-ja-akukettsaag-20cm-olipaagiga-koos-teleskoop-varrega-komplekt-15-18x6.webp 18w, https:\/\/sauh.ee\/wp-content\/uploads\/2025\/04\/sauh.e-oksakaarid-30mm-ja-akukettsaag-20cm-olipaagiga-koos-teleskoop-varrega-komplekt-15-416x147.webp 416w, https:\/\/sauh.ee\/wp-content\/uploads\/2025\/04\/sauh.e-oksakaarid-30mm-ja-akukettsaag-20cm-olipaagiga-koos-teleskoop-varrega-komplekt-15-64x23.webp 64w\" sizes=\"(max-width: 906px) 100vw, 906px\" \/><\/p>\n<p>\u041f\u043e\u0434\u0445\u043e\u0434\u0438\u0442 \u0434\u043b\u044f \u043e\u0431\u0440\u0435\u0437\u043a\u0438 \u0432\u044b\u0441\u043e\u043a\u0438\u0445 \u0432\u0435\u0442\u043e\u043a \u0438 \u0443\u0445\u043e\u0434\u0430 \u0437\u0430 \u0434\u0435\u0440\u0435\u0432\u044c\u044f\u043c\u0438. \u041f\u043e\u043b\u0435\u0437\u043d\u044b\u0439 \u0438\u043d\u0441\u0442\u0440\u0443\u043c\u0435\u043d\u0442 \u0434\u043b\u044f \u0441\u0430\u0434\u0430, \u0444\u0440\u0443\u043a\u0442\u043e\u0432\u043e\u0433\u043e \u0441\u0430\u0434\u0430 \u0438 \u0441\u0435\u043b\u044c\u0441\u043a\u043e\u0445\u043e\u0437\u044f\u0439\u0441\u0442\u0432\u0435\u043d\u043d\u044b\u0445 \u0440\u0430\u0431\u043e\u0442.<\/p>\n<p><img decoding=\"async\" class=\"wp-image-9496 aligncenter\" src=\"https:\/\/sauh.ee\/wp-content\/uploads\/2025\/04\/sauh.e-oksakaarid-30mm-ja-akukettsaag-20cm-olipaagiga-koos-teleskoop-varrega-komplekt-1.webp\" alt=\"\" width=\"777\" height=\"670\" srcset=\"https:\/\/sauh.ee\/wp-content\/uploads\/2025\/04\/sauh.e-oksakaarid-30mm-ja-akukettsaag-20cm-olipaagiga-koos-teleskoop-varrega-komplekt-1.webp 960w, https:\/\/sauh.ee\/wp-content\/uploads\/2025\/04\/sauh.e-oksakaarid-30mm-ja-akukettsaag-20cm-olipaagiga-koos-teleskoop-varrega-komplekt-1-300x259.webp 300w, https:\/\/sauh.ee\/wp-content\/uploads\/2025\/04\/sauh.e-oksakaarid-30mm-ja-akukettsaag-20cm-olipaagiga-koos-teleskoop-varrega-komplekt-1-768x662.webp 768w, https:\/\/sauh.ee\/wp-content\/uploads\/2025\/04\/sauh.e-oksakaarid-30mm-ja-akukettsaag-20cm-olipaagiga-koos-teleskoop-varrega-komplekt-1-14x12.webp 14w, https:\/\/sauh.ee\/wp-content\/uploads\/2025\/04\/sauh.e-oksakaarid-30mm-ja-akukettsaag-20cm-olipaagiga-koos-teleskoop-varrega-komplekt-1-416x359.webp 416w, https:\/\/sauh.ee\/wp-content\/uploads\/2025\/04\/sauh.e-oksakaarid-30mm-ja-akukettsaag-20cm-olipaagiga-koos-teleskoop-varrega-komplekt-1-64x55.webp 64w\" sizes=\"(max-width: 777px) 100vw, 777px\" \/><\/p>\n<table>\n<thead>\n<tr>\n<th>\u0425\u0430\u0440\u0430\u043a\u0442\u0435\u0440\u0438\u0441\u0442\u0438\u043a\u0430<\/th>\n<th>\u041e\u043f\u0438\u0441\u0430\u043d\u0438\u0435<\/th>\n<\/tr>\n<\/thead>\n<tbody>\n<tr>\n<td>\u041d\u043e\u043c\u0438\u043d\u0430\u043b\u044c\u043d\u043e\u0435 \u043d\u0430\u043f\u0440\u044f\u0436\u0435\u043d\u0438\u0435 \/ \u0421\u043e\u0432\u043c\u0435\u0441\u0442\u0438\u043c\u043e\u0441\u0442\u044c<\/td>\n<td>18 \u0412 \u2013 \u043f\u043e\u0434\u0445\u043e\u0434\u0438\u0442 \u0442\u0430\u043a\u0436\u0435 \u0434\u043b\u044f \u043b\u0438\u0442\u0438\u0435\u0432\u044b\u0445 \u0430\u043a\u043a\u0443\u043c\u0443\u043b\u044f\u0442\u043e\u0440\u043e\u0432 Makita 18 \u0412 \u0441\u0435\u0440\u0438\u0438 B<\/td>\n<\/tr>\n<tr>\n<td>\u041c\u043e\u0449\u043d\u043e\u0441\u0442\u044c \u043f\u0438\u043b\u044b<\/td>\n<td>1000 \u0412\u0442<\/td>\n<\/tr>\n<tr>\n<td>\u0427\u0438\u0441\u043b\u043e \u043e\u0431\u043e\u0440\u043e\u0442\u043e\u0432<\/td>\n<td>0\u201345 000 \u043e\u0431\/\u043c\u0438\u043d<\/td>\n<\/tr>\n<tr>\n<td>\u0414\u043b\u0438\u043d\u0430 \u043f\u0438\u043b\u044c\u043d\u043e\u0433\u043e \u0434\u0438\u0441\u043a\u0430<\/td>\n<td>20 \u0441\u043c (8\" \u0434\u044e\u0439\u043c\u043e\u0432)<\/td>\n<\/tr>\n<tr>\n<td>\u0421\u043a\u043e\u0440\u043e\u0441\u0442\u044c \u0446\u0435\u043f\u0438<\/td>\n<td>10 \u043c\/\u0441<\/td>\n<\/tr>\n<tr>\n<td>\u0413\u043b\u0443\u0431\u0438\u043d\u0430 \u0440\u0435\u0437\u0430 \u043d\u043e\u0436\u043d\u0438\u0446<\/td>\n<td>\u0434\u043e 40 \u043c\u043c<\/td>\n<\/tr>\n<tr>\n<td>\u0414\u043b\u0438\u043d\u0430 \u0442\u0435\u043b\u0435\u0441\u043a\u043e\u043f\u0438\u0447\u0435\u0441\u043a\u043e\u0439 \u0448\u0442\u0430\u043d\u0433\u0438<\/td>\n<td>1,4 \u043c \/ 1,9 \u043c \/ 2,4 \u043c<\/td>\n<\/tr>\n<tr>\n<td>\u0420\u0435\u0433\u0443\u043b\u0438\u0440\u0443\u0435\u043c\u044b\u0439 \u0443\u0433\u043e\u043b \u043d\u0430\u043a\u043b\u043e\u043d\u0430<\/td>\n<td>180\u00b0<\/td>\n<\/tr>\n<\/tbody>\n<\/table>\n<p>\u0412 \u043a\u043e\u043c\u043f\u043b\u0435\u043a\u0442 \u0432\u043a\u043b\u044e\u0447\u0435\u043d\u043e: 1 \u0430\u043a\u043a\u0443\u043c\u0443\u043b\u044f\u0442\u043e\u0440\u043d\u044b\u0435 \u043d\u043e\u0436\u043d\u0438\u0446\u044b, 1 \u0430\u043a\u043a\u0443\u043c\u0443\u043b\u044f\u0442\u043e\u0440\u043d\u0430\u044f \u043f\u0438\u043b\u0430 20 \u0441\u043c, 1 \u0442\u0435\u043b\u0435\u0441\u043a\u043e\u043f\u0438\u0447\u0435\u0441\u043a\u0430\u044f \u0440\u0443\u043a\u043e\u044f\u0442\u043a\u0430 2,4 \u043c.<\/p>\n<p>\u0412\u044b\u0431\u0438\u0440\u0430\u044f \u0442\u043e\u043b\u044c\u043a\u043e \u0438\u043d\u0441\u0442\u0440\u0443\u043c\u0435\u043d\u0442: \u0430\u043a\u043a\u0443\u043c\u0443\u043b\u044f\u0442\u043e\u0440\u044b \u0438 \u0434\u0440\u0443\u0433\u0438\u0435 \u0430\u043a\u0441\u0435\u0441\u0441\u0443\u0430\u0440\u044b \u0432 \u043a\u043e\u043c\u043f\u043b\u0435\u043a\u0442 \u043d\u0435 \u0432\u0445\u043e\u0434\u044f\u0442!<\/p>\n<p>\u0412\u044b\u0431\u043e\u0440 + 2 \u0430\u043a\u043a\u0443\u043c\u0443\u043b\u044f\u0442\u043e\u0440\u0430 \u0438 \u0437\u0430\u0440\u044f\u0434\u043d\u043e\u0435 \u0443\u0441\u0442\u0440\u043e\u0439\u0441\u0442\u0432\u043e:\u00a0<a href=\"https:\/\/sauh.ee\/ru\/product\/aku-komplekt-analoog-tooriistadele-388vf\/\">\u0412 \u043a\u043e\u043c\u043f\u043b\u0435\u043a\u0442 \u0432\u0445\u043e\u0434\u044f\u0442 2 \u0430\u043a\u043a\u0443\u043c\u0443\u043b\u044f\u0442\u043e\u0440\u0430 \u0438 \u0437\u0430\u0440\u044f\u0434\u043d\u043e\u0435 \u0443\u0441\u0442\u0440\u043e\u0439\u0441\u0442\u0432\u043e.<\/a><\/p>\n<div class=\"wp-video\"><img decoding=\"async\" class=\"size-large wp-image-9455 aligncenter\" src=\"https:\/\/sauh.ee\/wp-content\/uploads\/2024\/02\/sauh.ee-saag-20cm-teleskoopvarrega-saag-15cm-6.webp\" alt=\"\" width=\"771\" height=\"1024\" srcset=\"https:\/\/sauh.ee\/wp-content\/uploads\/2024\/02\/sauh.ee-saag-20cm-teleskoopvarrega-saag-15cm-6.webp 1200w, https:\/\/sauh.ee\/wp-content\/uploads\/2024\/02\/sauh.ee-saag-20cm-teleskoopvarrega-saag-15cm-6-226x300.webp 226w, https:\/\/sauh.ee\/wp-content\/uploads\/2024\/02\/sauh.ee-saag-20cm-teleskoopvarrega-saag-15cm-6-771x1024.webp 771w, https:\/\/sauh.ee\/wp-content\/uploads\/2024\/02\/sauh.ee-saag-20cm-teleskoopvarrega-saag-15cm-6-768x1020.webp 768w, https:\/\/sauh.ee\/wp-content\/uploads\/2024\/02\/sauh.ee-saag-20cm-teleskoopvarrega-saag-15cm-6-1157x1536.webp 1157w, https:\/\/sauh.ee\/wp-content\/uploads\/2024\/02\/sauh.ee-saag-20cm-teleskoopvarrega-saag-15cm-6-9x12.webp 9w, https:\/\/sauh.ee\/wp-content\/uploads\/2024\/02\/sauh.ee-saag-20cm-teleskoopvarrega-saag-15cm-6-416x552.webp 416w, https:\/\/sauh.ee\/wp-content\/uploads\/2024\/02\/sauh.ee-saag-20cm-teleskoopvarrega-saag-15cm-6-64x85.webp 64w\" sizes=\"(max-width: 771px) 100vw, 771px\" \/><\/div>","protected":false},"excerpt":{"rendered":"<p>Harjavaba mootoriga aku oksak\u00e4\u00e4rid ja akukettsaag 20 cm \u00f5lipaagiga ning 2,4 m teleskoopvarras. Sobivad kasutada ka Makita 18V akudega. Sobib h\u00e4sti k\u00f5rgete okste l\u00f5ikamiseks ja puude hoolduseks. Kasulik t\u00f6\u00f6riist aeda, viljapuuaeda ja talut\u00f6\u00f6deks. Omadus Kirjeldus Nimipinge \/ \u00dchilduvus 18V \u2013 sobib ka Makita 18V B-seeria liitiumakudele Sae v\u00f5imsus 1000 W P\u00f6\u00f6rete arv 0\u201345 000 p\/min [&hellip;]<\/p>\n","protected":false},"featured_media":9499,"template":"","meta":[],"product_brand":[],"product_cat":[257,222,15],"product_tag":[256],"class_list":{"0":"post-8470","1":"product","2":"type-product","3":"status-publish","4":"has-post-thumbnail","6":"product_cat-aia-tooriistad","7":"product_cat-komplektid","8":"product_cat-analoog-tooted","9":"product_tag-kevad","11":"first","12":"instock","13":"sale","14":"shipping-taxable","15":"purchasable","16":"product-type-variable"},"_links":{"self":[{"href":"https:\/\/sauh.ee\/ru\/wp-json\/wp\/v2\/product\/8470","targetHints":{"allow":["GET"]}}],"collection":[{"href":"https:\/\/sauh.ee\/ru\/wp-json\/wp\/v2\/product"}],"about":[{"href":"https:\/\/sauh.ee\/ru\/wp-json\/wp\/v2\/types\/product"}],"wp:featuredmedia":[{"embeddable":true,"href":"https:\/\/sauh.ee\/ru\/wp-json\/wp\/v2\/media\/9499"}],"wp:attachment":[{"href":"https:\/\/sauh.ee\/ru\/wp-json\/wp\/v2\/media?parent=8470"}],"wp:term":[{"taxonomy":"product_brand","embeddable":true,"href":"https:\/\/sauh.ee\/ru\/wp-json\/wp\/v2\/product_brand?post=8470"},{"taxonomy":"product_cat","embeddable":true,"href":"https:\/\/sauh.ee\/ru\/wp-json\/wp\/v2\/product_cat?post=8470"},{"taxonomy":"product_tag","embeddable":true,"href":"https:\/\/sauh.ee\/ru\/wp-json\/wp\/v2\/product_tag?post=8470"}],"curies":[{"name":"wp","href":"https:\/\/api.w.org\/{rel}","templated":true}]}}