{"id":8592,"date":"2025-05-19T15:25:51","date_gmt":"2025-05-19T15:25:51","guid":{"rendered":"https:\/\/sauh.ee\/?post_type=product&#038;p=8592"},"modified":"2025-08-21T10:55:23","modified_gmt":"2025-08-21T10:55:23","slug":"3x3m-peotelk","status":"publish","type":"product","link":"https:\/\/sauh.ee\/ru\/product\/3x3m-peotelk\/","title":{"rendered":"\u0428\u0430\u0442\u0451\u0440 3x3 \u043c"},"content":{"rendered":"<p>\u041d\u0430\u0441\u043b\u0430\u0436\u0434\u0430\u0439\u0442\u0435\u0441\u044c \u0437\u0430\u0449\u0438\u0442\u043e\u0439 \u043e\u0442 \u0441\u043e\u043b\u043d\u0446\u0430, \u0434\u043e\u0436\u0434\u044f \u0438 \u0432\u0435\u0442\u0440\u0430 \u0441 \u0448\u0430\u0442\u0440\u043e\u043c, Pop Up \u043f\u0430\u043b\u0430\u0442\u043a\u0430 \u0440\u0430\u0437\u043c\u0435\u0440\u043e\u043c 3\u00d73 \u043c\u0435\u0442\u0440\u0430, \u043a\u043e\u0442\u043e\u0440\u044b\u0439 \u0438\u0434\u0435\u0430\u043b\u044c\u043d\u043e \u043f\u043e\u0434\u043e\u0439\u0434\u0451\u0442 \u0434\u043b\u044f \u0440\u0430\u0437\u043b\u0438\u0447\u043d\u044b\u0445 \u043c\u0435\u0440\u043e\u043f\u0440\u0438\u044f\u0442\u0438\u0439, \u043e\u0442\u0434\u044b\u0445\u0430 \u0432 \u0441\u0430\u0434\u0443, \u0441\u0432\u0430\u0434\u0435\u0431 \u0438\u043b\u0438 \u043f\u0438\u043a\u043d\u0438\u043a\u043e\u0432.<\/p>\n<h4 style=\"text-align: center;\"><strong>\u0415\u0441\u043b\u0438 \u0432\u044b \u0445\u043e\u0442\u0438\u0442\u0435 \u0430\u0440\u0435\u043d\u0434\u043e\u0432\u0430\u0442\u044c \u0442\u0430\u043a\u043e\u0439 \u0448\u0430\u0442\u0451\u0440 (30\u202f\u20ac \u0437\u0430 \u043f\u0435\u0440\u0432\u044b\u0439 \u0434\u0435\u043d\u044c), \u0441\u0432\u044f\u0436\u0438\u0442\u0435\u0441\u044c \u0441 \u043d\u0430\u043c\u0438 \u2014 58126428.<\/strong><\/h4>\n<p><img fetchpriority=\"high\" decoding=\"async\" class=\"size-full wp-image-8593 aligncenter\" src=\"https:\/\/sauh.ee\/wp-content\/uploads\/2025\/05\/3x3m-Peotelk-suah.webp\" alt=\"\" width=\"897\" height=\"693\" srcset=\"https:\/\/sauh.ee\/wp-content\/uploads\/2025\/05\/3x3m-Peotelk-suah.webp 897w, https:\/\/sauh.ee\/wp-content\/uploads\/2025\/05\/3x3m-Peotelk-suah-300x232.webp 300w, https:\/\/sauh.ee\/wp-content\/uploads\/2025\/05\/3x3m-Peotelk-suah-768x593.webp 768w, https:\/\/sauh.ee\/wp-content\/uploads\/2025\/05\/3x3m-Peotelk-suah-16x12.webp 16w, https:\/\/sauh.ee\/wp-content\/uploads\/2025\/05\/3x3m-Peotelk-suah-416x321.webp 416w, https:\/\/sauh.ee\/wp-content\/uploads\/2025\/05\/3x3m-Peotelk-suah-64x49.webp 64w\" sizes=\"(max-width: 897px) 100vw, 897px\" \/><\/p>\n<p>\u0428\u0430\u0442\u0451\u0440 \u0431\u044b\u0441\u0442\u0440\u043e \u0443\u0441\u0442\u0430\u043d\u0430\u0432\u043b\u0438\u0432\u0430\u0435\u0442\u0441\u044f, \u0438\u043c\u0435\u0435\u0442 \u0440\u0435\u0433\u0443\u043b\u0438\u0440\u0443\u0435\u043c\u0443\u044e \u0432\u044b\u0441\u043e\u0442\u0443, \u0430 \u0432 \u043a\u043e\u043c\u043f\u043b\u0435\u043a\u0442 \u0432\u0445\u043e\u0434\u0438\u0442 \u0432\u0441\u0451 \u043d\u0435\u043e\u0431\u0445\u043e\u0434\u0438\u043c\u043e\u0435: \u0431\u043e\u043a\u043e\u0432\u044b\u0435 \u0441\u0442\u0435\u043d\u043a\u0438, \u043e\u043a\u043d\u0430, \u0441\u0443\u043c\u043a\u0430 \u0434\u043b\u044f \u043f\u0435\u0440\u0435\u043d\u043e\u0441\u043a\u0438, \u043a\u043e\u043b\u044c\u044f \u0438 \u0432\u0435\u0440\u0451\u0432\u043a\u0438.<\/p>\n<p><iframe title=\"\u0428\u0430\u0442\u0451\u0440 3x3 \u043c - sauh.eu\" width=\"980\" height=\"551\" src=\"https:\/\/www.youtube.com\/embed\/E8xaW9i8TU4?feature=oembed\" frameborder=\"0\" allow=\"accelerometer; autoplay; clipboard-write; encrypted-media; gyroscope; picture-in-picture; web-share\" referrerpolicy=\"strict-origin-when-cross-origin\" allowfullscreen><\/iframe><\/p>\n<table class=\"w-fit min-w-(--thread-content-width)\" data-start=\"534\" data-end=\"1227\">\n<thead data-start=\"534\" data-end=\"597\">\n<tr data-start=\"534\" data-end=\"597\">\n<th data-start=\"534\" data-end=\"556\" data-col-size=\"sm\"><strong data-start=\"536\" data-end=\"546\">\u0425\u0430\u0440\u0430\u043a\u0442\u0435\u0440\u0438\u0441\u0442\u0438\u043a\u0430<\/strong><\/th>\n<th data-start=\"556\" data-end=\"597\" data-col-size=\"sm\"><strong data-start=\"558\" data-end=\"571\">\u041e\u043f\u0438\u0441\u0430\u043d\u0438\u0435<\/strong><\/th>\n<\/tr>\n<\/thead>\n<tbody data-start=\"661\" data-end=\"1227\">\n<tr data-start=\"661\" data-end=\"723\">\n<td data-start=\"661\" data-end=\"682\" data-col-size=\"sm\">\u0420\u0430\u0437\u043c\u0435\u0440\u044b<\/td>\n<td data-start=\"682\" data-end=\"723\" data-col-size=\"sm\">3 x 3 \u043c<\/td>\n<\/tr>\n<tr data-start=\"724\" data-end=\"786\">\n<td data-start=\"724\" data-end=\"745\" data-col-size=\"sm\">\u0424\u043e\u0440\u043c\u0430<\/td>\n<td data-start=\"745\" data-end=\"786\" data-col-size=\"sm\">\u041a\u0432\u0430\u0434\u0440\u0430\u0442<\/td>\n<\/tr>\n<tr data-start=\"787\" data-end=\"849\">\n<td data-start=\"787\" data-end=\"808\" data-col-size=\"sm\">\u0412\u0435\u0441<\/td>\n<td data-start=\"808\" data-end=\"849\" data-col-size=\"sm\">14,9 \u043a\u0433<\/td>\n<\/tr>\n<tr data-start=\"850\" data-end=\"912\">\n<td data-start=\"850\" data-end=\"871\" data-col-size=\"sm\">\u0412\u044b\u0441\u043e\u0442\u0430<\/td>\n<td data-start=\"871\" data-end=\"912\" data-col-size=\"sm\">\u0420\u0435\u0433\u0443\u043b\u0438\u0440\u0443\u0435\u043c\u044b\u0439 (176-200 \u0441\u043c)<\/td>\n<\/tr>\n<tr data-start=\"913\" data-end=\"975\">\n<td data-start=\"913\" data-end=\"934\" data-col-size=\"sm\">\u041c\u0430\u0442\u0435\u0440\u0438\u0430\u043b \u0440\u0430\u043c\u044b<\/td>\n<td data-start=\"934\" data-end=\"975\" data-col-size=\"sm\">\u041f\u0440\u043e\u0447\u043d\u0430\u044f \u0441\u0442\u0430\u043b\u044c<\/td>\n<\/tr>\n<tr data-start=\"976\" data-end=\"1038\">\n<td data-start=\"976\" data-end=\"997\" data-col-size=\"sm\">\u041c\u0430\u0442\u0435\u0440\u0438\u0430\u043b \u043a\u0440\u044b\u0448\u0438<\/td>\n<td data-start=\"997\" data-end=\"1038\" data-col-size=\"sm\">\u041e\u043a\u0441\u0444\u043e\u0440\u0434\u0441\u043a\u0430\u044f \u0442\u043a\u0430\u043d\u044c, \u0441 \u043f\u043e\u043a\u0440\u044b\u0442\u0438\u0435\u043c \u0438\u0437 \u041f\u0412\u0425<\/td>\n<\/tr>\n<tr data-start=\"1039\" data-end=\"1101\">\n<td data-start=\"1039\" data-end=\"1060\" data-col-size=\"sm\">\u0423\u0424-\u0437\u0430\u0449\u0438\u0442\u0430<\/td>\n<td data-start=\"1060\" data-end=\"1101\" data-col-size=\"sm\">\u0414\u0430, 50+<\/td>\n<\/tr>\n<tr data-start=\"1102\" data-end=\"1164\">\n<td data-start=\"1102\" data-end=\"1123\" data-col-size=\"sm\">\u0411\u043e\u043a\u043e\u0432\u044b\u0435 \u0441\u0442\u0435\u043d\u043a\u0438<\/td>\n<td data-start=\"1123\" data-end=\"1164\" data-col-size=\"sm\">\u041f\u043e\u0441\u0442\u0430\u0432\u043b\u044f\u0435\u0442\u0441\u044f \u0441 4 \u0431\u043e\u043a\u043e\u0432\u044b\u043c\u0438 \u043e\u043a\u043d\u0430\u043c\u0438.<\/td>\n<\/tr>\n<tr data-start=\"1165\" data-end=\"1227\">\n<td data-start=\"1165\" data-end=\"1186\" data-col-size=\"sm\">\u0412 \u043a\u043e\u043c\u043f\u043b\u0435\u043a\u0442\u0435<\/td>\n<td data-start=\"1186\" data-end=\"1227\" data-col-size=\"sm\">\u0421\u0443\u043c\u043a\u0430 \u0434\u043b\u044f \u043f\u0435\u0440\u0435\u043d\u043e\u0441\u043a\u0438, \u043a\u043e\u043b\u044b\u0448\u043a\u0438 \u0438 \u0437\u0430\u0432\u044f\u0437\u043a\u0438<\/td>\n<\/tr>\n<\/tbody>\n<\/table>","protected":false},"excerpt":{"rendered":"<p>Naudi kaitset p\u00e4ikese, vihma ja tuule eest 3&#215;3 meetrise Pop Up telgiga, mis sobib suurep\u00e4raselt erinevateks \u00fcritusteks, aias puhkamiseks, pulmadeks v\u00f5i piknikuks. Kui soovid sellist telki rentida (30\u20ac alustatav p\u00e4ev), siis v\u00f5ta \u00fchendust &#8211; 58126428 Telk on kiiresti avatav, reguleeritava k\u00f5rgusega ning kaasas on k\u00f5ik vajalik: k\u00fclgseinad, aknad, kandekott, vaiad ja k\u00f6ied. Omadus Kirjeldus M\u00f5\u00f5dud [&hellip;]<\/p>\n","protected":false},"featured_media":8596,"template":"","meta":[],"product_brand":[],"product_cat":[266,265],"product_tag":[],"class_list":{"0":"post-8592","1":"product","2":"type-product","3":"status-publish","4":"has-post-thumbnail","6":"product_cat-aia-ja-grillitarvikud","7":"product_cat-matkale","9":"first","10":"onbackorder","11":"shipping-taxable","12":"purchasable","13":"product-type-simple"},"_links":{"self":[{"href":"https:\/\/sauh.ee\/ru\/wp-json\/wp\/v2\/product\/8592","targetHints":{"allow":["GET"]}}],"collection":[{"href":"https:\/\/sauh.ee\/ru\/wp-json\/wp\/v2\/product"}],"about":[{"href":"https:\/\/sauh.ee\/ru\/wp-json\/wp\/v2\/types\/product"}],"wp:featuredmedia":[{"embeddable":true,"href":"https:\/\/sauh.ee\/ru\/wp-json\/wp\/v2\/media\/8596"}],"wp:attachment":[{"href":"https:\/\/sauh.ee\/ru\/wp-json\/wp\/v2\/media?parent=8592"}],"wp:term":[{"taxonomy":"product_brand","embeddable":true,"href":"https:\/\/sauh.ee\/ru\/wp-json\/wp\/v2\/product_brand?post=8592"},{"taxonomy":"product_cat","embeddable":true,"href":"https:\/\/sauh.ee\/ru\/wp-json\/wp\/v2\/product_cat?post=8592"},{"taxonomy":"product_tag","embeddable":true,"href":"https:\/\/sauh.ee\/ru\/wp-json\/wp\/v2\/product_tag?post=8592"}],"curies":[{"name":"wp","href":"https:\/\/api.w.org\/{rel}","templated":true}]}}