{"id":8608,"date":"2025-05-26T08:35:25","date_gmt":"2025-05-26T08:35:25","guid":{"rendered":"https:\/\/sauh.ee\/?post_type=product&#038;p=8608"},"modified":"2026-04-06T12:48:12","modified_gmt":"2026-04-06T12:48:12","slug":"akuventilaator-kinnitusega","status":"publish","type":"product","link":"https:\/\/sauh.ee\/ru\/product\/akuventilaator-kinnitusega\/","title":{"rendered":"\u0410\u043a\u043a\u0443\u043c\u0443\u043b\u044f\u0442\u043e\u0440\u043d\u044b\u0439 \u0432\u0435\u043d\u0442\u0438\u043b\u044f\u0442\u043e\u0440 \u0441 \u043a\u0440\u0435\u043f\u043b\u0435\u043d\u0438\u0435\u043c"},"content":{"rendered":"<p data-start=\"0\" data-end=\"137\">\u041f\u043e\u0434\u0445\u043e\u0434\u0438\u0442 \u0434\u043b\u044f \u0440\u0430\u0431\u043e\u0442\u044b, \u043f\u043e\u0445\u043e\u0434\u043e\u0432, \u043e\u0442\u0434\u044b\u0445\u0430 \u0438 \u043c\u043d\u043e\u0433\u043e\u0433\u043e \u0434\u0440\u0443\u0433\u043e\u0433\u043e - \u0441\u0438\u043b\u044c\u043d\u044b\u0439 \u0432\u0435\u0442\u0435\u0440, \u043d\u0438\u0437\u043a\u0438\u0439 \u0443\u0440\u043e\u0432\u0435\u043d\u044c \u0448\u0443\u043c\u0430, 3 \u0441\u043a\u043e\u0440\u043e\u0441\u0442\u0438.<\/p>\n<p data-start=\"0\" data-end=\"137\"><img fetchpriority=\"high\" decoding=\"async\" class=\"alignnone size-large wp-image-8613\" src=\"https:\/\/sauh.ee\/wp-content\/uploads\/2025\/05\/sauh.ee-akuventilaator-kinnitusega-1-1024x1024.webp\" alt=\"\" width=\"980\" height=\"980\" srcset=\"https:\/\/sauh.ee\/wp-content\/uploads\/2025\/05\/sauh.ee-akuventilaator-kinnitusega-1-1024x1024.webp 1024w, https:\/\/sauh.ee\/wp-content\/uploads\/2025\/05\/sauh.ee-akuventilaator-kinnitusega-1-300x300.webp 300w, https:\/\/sauh.ee\/wp-content\/uploads\/2025\/05\/sauh.ee-akuventilaator-kinnitusega-1-150x150.webp 150w, https:\/\/sauh.ee\/wp-content\/uploads\/2025\/05\/sauh.ee-akuventilaator-kinnitusega-1-768x768.webp 768w, https:\/\/sauh.ee\/wp-content\/uploads\/2025\/05\/sauh.ee-akuventilaator-kinnitusega-1-12x12.webp 12w, https:\/\/sauh.ee\/wp-content\/uploads\/2025\/05\/sauh.ee-akuventilaator-kinnitusega-1-324x324.webp 324w, https:\/\/sauh.ee\/wp-content\/uploads\/2025\/05\/sauh.ee-akuventilaator-kinnitusega-1-416x416.webp 416w, https:\/\/sauh.ee\/wp-content\/uploads\/2025\/05\/sauh.ee-akuventilaator-kinnitusega-1-100x100.webp 100w, https:\/\/sauh.ee\/wp-content\/uploads\/2025\/05\/sauh.ee-akuventilaator-kinnitusega-1-64x64.webp 64w, https:\/\/sauh.ee\/wp-content\/uploads\/2025\/05\/sauh.ee-akuventilaator-kinnitusega-1.webp 1500w\" sizes=\"(max-width: 980px) 100vw, 980px\" \/><\/p>\n<p data-start=\"139\" data-end=\"824\">\ud83d\udd39 <strong data-start=\"142\" data-end=\"162\">\u0422\u0438\u0445\u0438\u0439 \u0438 \u043c\u043e\u0449\u043d\u044b\u0439<\/strong> - \u0411\u0435\u0441\u0449\u0435\u0442\u043e\u0447\u043d\u044b\u0439 \u0434\u0432\u0438\u0433\u0430\u0442\u0435\u043b\u044c \u043e\u0431\u0435\u0441\u043f\u0435\u0447\u0438\u0432\u0430\u0435\u0442 \u043c\u043e\u0449\u043d\u044b\u0439 \u043f\u043e\u0442\u043e\u043a \u0432\u043e\u0437\u0434\u0443\u0445\u0430 \u043d\u0430 \u0442\u0440\u0435\u0445 \u0441\u043a\u043e\u0440\u043e\u0441\u0442\u044f\u0445, \u043d\u043e \u043f\u0440\u0438 \u044d\u0442\u043e\u043c \u0440\u0430\u0431\u043e\u0442\u0430\u0435\u0442 \u0441 \u043c\u0430\u043a\u0441\u0438\u043c\u0430\u043b\u044c\u043d\u044b\u043c \u0443\u0440\u043e\u0432\u043d\u0435\u043c \u0448\u0443\u043c\u0430 \u0432\u0441\u0435\u0433\u043e 40 \u0434\u0411. \u041d\u0435 \u043c\u0435\u0448\u0430\u0435\u0442 \u043d\u0438 \u0440\u0430\u0431\u043e\u0442\u0435, \u043d\u0438 \u0441\u043d\u0443.<br data-start=\"287\" data-end=\"290\" \/>\ud83d\udd39 <strong data-start=\"293\" data-end=\"332\">\u0420\u0435\u0433\u0443\u043b\u0438\u0440\u0443\u0435\u043c\u044b\u0439 \u0443\u0433\u043e\u043b \u043d\u0430\u043a\u043b\u043e\u043d\u0430 \u0438 \u043f\u0440\u043e\u0447\u043d\u043e\u0435 \u043a\u0440\u0435\u043f\u043b\u0435\u043d\u0438\u0435<\/strong> - \u0413\u043e\u043b\u043e\u0432\u043a\u0430 \u0432\u0435\u043d\u0442\u0438\u043b\u044f\u0442\u043e\u0440\u0430 \u0432\u0440\u0430\u0449\u0430\u0435\u0442\u0441\u044f \u043d\u0430 330\u00b0 \u043f\u043e \u0433\u043e\u0440\u0438\u0437\u043e\u043d\u0442\u0430\u043b\u0438 \u0438 \u043d\u0430 110\u00b0 \u043f\u043e \u0432\u0435\u0440\u0442\u0438\u043a\u0430\u043b\u0438. \u0411\u043e\u043b\u044c\u0448\u043e\u0439 \u0437\u0430\u0436\u0438\u043c \u043d\u0430\u0434\u0435\u0436\u043d\u043e \u0444\u0438\u043a\u0441\u0438\u0440\u0443\u0435\u0442\u0441\u044f \u043d\u0430 \u0440\u0430\u0437\u043b\u0438\u0447\u043d\u044b\u0445 \u043f\u043e\u0432\u0435\u0440\u0445\u043d\u043e\u0441\u0442\u044f\u0445, \u0434\u0430\u0436\u0435 \u0432 \u043f\u0435\u0440\u0435\u0432\u0435\u0440\u043d\u0443\u0442\u043e\u043c \u043f\u043e\u043b\u043e\u0436\u0435\u043d\u0438\u0438.<br data-start=\"474\" data-end=\"477\" \/>\ud83d\udd39 <strong data-start=\"480\" data-end=\"506\">\u0421\u043e\u0432\u043c\u0435\u0441\u0442\u0438\u043c \u0441 \u0430\u043a\u043a\u0443\u043c\u0443\u043b\u044f\u0442\u043e\u0440\u0430\u043c\u0438 Makita<\/strong> - \u0420\u0430\u0431\u043e\u0442\u0430\u0435\u0442 \u0441 \u043b\u0438\u0442\u0438\u0435\u0432\u044b\u043c\u0438 \u0430\u043a\u043a\u0443\u043c\u0443\u043b\u044f\u0442\u043e\u0440\u0430\u043c\u0438 Makita 14,4-20 \u0412. \u041d\u0430\u043f\u0440\u0438\u043c\u0435\u0440, \u0430\u043a\u043a\u0443\u043c\u0443\u043b\u044f\u0442\u043e\u0440 BL1850 \u0435\u043c\u043a\u043e\u0441\u0442\u044c\u044e 5,0 \u0410\u0447 \u043f\u0440\u043e\u0440\u0430\u0431\u043e\u0442\u0430\u0435\u0442 \u043d\u0435 \u043c\u0435\u043d\u0435\u0435 15 \u0447\u0430\u0441\u043e\u0432.<br data-start=\"601\" data-end=\"604\" \/>\ud83d\udd39 <strong data-start=\"607\" data-end=\"622\">USB-\u0432\u044b\u0445\u043e\u0434<\/strong> - \u0417\u0430\u0440\u044f\u0436\u0430\u0439\u0442\u0435 \u0442\u0435\u043b\u0435\u0444\u043e\u043d, \u0441\u0432\u0435\u0442\u043e\u0434\u0438\u043e\u0434\u043d\u044b\u0435 \u043b\u0430\u043c\u043f\u044b \u0438 \u043c\u043d\u043e\u0433\u043e\u0435 \u0434\u0440\u0443\u0433\u043e\u0435 \u0441 \u043f\u043e\u043c\u043e\u0449\u044c\u044e USB-\u0440\u0430\u0437\u044a\u0435\u043c\u0430 5 \u0412\/2,1 \u0410.<br data-start=\"681\" data-end=\"684\" \/>\ud83d\udd39 <strong data-start=\"687\" data-end=\"708\">\u0411\u0435\u0437\u043e\u043f\u0430\u0441\u043d\u043e \u0434\u043b\u044f \u0434\u0435\u0442\u0435\u0439<\/strong> - \u0423\u0437\u043a\u0438\u0435 \u043f\u0440\u043e\u0440\u0435\u0437\u0438 \u0438 \u0437\u0430\u0449\u0438\u0442\u0430 \u043e\u0442 \u043f\u044b\u043b\u0438 \u0434\u0435\u043b\u0430\u044e\u0442 \u044d\u0442\u043e\u0442 \u0432\u0435\u043d\u0442\u0438\u043b\u044f\u0442\u043e\u0440 \u043f\u043e\u0434\u0445\u043e\u0434\u044f\u0449\u0438\u043c \u0434\u043b\u044f \u043c\u0430\u043b\u0435\u043d\u044c\u043a\u0438\u0445 \u0434\u0435\u0442\u0435\u0439 - \u043f\u0430\u043b\u044c\u0446\u044b \u043d\u0435 \u043c\u043e\u0433\u0443\u0442 \u0434\u043e\u0441\u0442\u0430\u0442\u044c \u0434\u043e \u043b\u043e\u043f\u0430\u0441\u0442\u0435\u0439.<\/p>","protected":false},"excerpt":{"rendered":"<p>Sobib t\u00f6\u00f6le, matkale, magamiseks ja mujale \u2013 tugev tuul, madal m\u00fcratase, 3 kiirust. \ud83d\udd39 Vaikne ja v\u00f5imas \u2013 Harjavaba mootor tagab tugeva \u00f5huvoolu kolmel kiirusel, kuid t\u00f6\u00f6tab maksimaalselt vaid 40 dB juures. Ei sega t\u00f6\u00f6d ega und.\ud83d\udd39 Reguleeritav nurk ja tugev kinnitus \u2013 Ventilaatori pea p\u00f6\u00f6rleb 330\u00b0 horisontaalselt ja 110\u00b0 vertikaalselt. Suur klamber kinnitub stabiilselt [&hellip;]<\/p>\n","protected":false},"featured_media":8614,"template":"","meta":[],"product_brand":[],"product_cat":[260,15],"product_tag":[269],"class_list":{"0":"post-8608","1":"product","2":"type-product","3":"status-publish","4":"has-post-thumbnail","6":"product_cat-puhurid-ja-imurid","7":"product_cat-analoog-tooted","8":"product_tag-suvi","10":"first","11":"onbackorder","12":"shipping-taxable","13":"purchasable","14":"product-type-variable"},"_links":{"self":[{"href":"https:\/\/sauh.ee\/ru\/wp-json\/wp\/v2\/product\/8608","targetHints":{"allow":["GET"]}}],"collection":[{"href":"https:\/\/sauh.ee\/ru\/wp-json\/wp\/v2\/product"}],"about":[{"href":"https:\/\/sauh.ee\/ru\/wp-json\/wp\/v2\/types\/product"}],"wp:featuredmedia":[{"embeddable":true,"href":"https:\/\/sauh.ee\/ru\/wp-json\/wp\/v2\/media\/8614"}],"wp:attachment":[{"href":"https:\/\/sauh.ee\/ru\/wp-json\/wp\/v2\/media?parent=8608"}],"wp:term":[{"taxonomy":"product_brand","embeddable":true,"href":"https:\/\/sauh.ee\/ru\/wp-json\/wp\/v2\/product_brand?post=8608"},{"taxonomy":"product_cat","embeddable":true,"href":"https:\/\/sauh.ee\/ru\/wp-json\/wp\/v2\/product_cat?post=8608"},{"taxonomy":"product_tag","embeddable":true,"href":"https:\/\/sauh.ee\/ru\/wp-json\/wp\/v2\/product_tag?post=8608"}],"curies":[{"name":"wp","href":"https:\/\/api.w.org\/{rel}","templated":true}]}}