{"id":8632,"date":"2025-05-26T13:18:29","date_gmt":"2025-05-26T13:18:29","guid":{"rendered":"https:\/\/sauh.ee\/?post_type=product&#038;p=8632"},"modified":"2026-03-24T13:55:33","modified_gmt":"2026-03-24T13:55:33","slug":"tooriistakohver-216-osaline-padrunvotmete-komplekt-1-4-3-8-1-2","status":"publish","type":"product","link":"https:\/\/sauh.ee\/ru\/product\/tooriistakohver-216-osaline-padrunvotmete-komplekt-1-4-3-8-1-2\/","title":{"rendered":"\u041d\u0430\u0431\u043e\u0440 \u0438\u043d\u0441\u0442\u0440\u0443\u043c\u0435\u043d\u0442\u043e\u0432 \u0438\u0437 216 \u043f\u0440\u0435\u0434\u043c\u0435\u0442\u043e\u0432 \u0441 \u043f\u0430\u0442\u0440\u043e\u043d\u043d\u044b\u043c\u0438 \u043a\u043b\u044e\u0447\u0430\u043c\u0438 (1\/4\u2033, 3\/8\u2033, 1\/2\u2033)"},"content":{"rendered":"<p><img fetchpriority=\"high\" decoding=\"async\" class=\"alignnone size-full wp-image-8636\" src=\"https:\/\/sauh.ee\/wp-content\/uploads\/2025\/05\/sauh.ee-Tooriistakohver-216-osaline-padrunvotmete-komplekt-14-38-12-5.webp\" alt=\"\" width=\"878\" height=\"659\" srcset=\"https:\/\/sauh.ee\/wp-content\/uploads\/2025\/05\/sauh.ee-Tooriistakohver-216-osaline-padrunvotmete-komplekt-14-38-12-5.webp 878w, https:\/\/sauh.ee\/wp-content\/uploads\/2025\/05\/sauh.ee-Tooriistakohver-216-osaline-padrunvotmete-komplekt-14-38-12-5-300x225.webp 300w, https:\/\/sauh.ee\/wp-content\/uploads\/2025\/05\/sauh.ee-Tooriistakohver-216-osaline-padrunvotmete-komplekt-14-38-12-5-768x576.webp 768w, https:\/\/sauh.ee\/wp-content\/uploads\/2025\/05\/sauh.ee-Tooriistakohver-216-osaline-padrunvotmete-komplekt-14-38-12-5-16x12.webp 16w, https:\/\/sauh.ee\/wp-content\/uploads\/2025\/05\/sauh.ee-Tooriistakohver-216-osaline-padrunvotmete-komplekt-14-38-12-5-416x312.webp 416w, https:\/\/sauh.ee\/wp-content\/uploads\/2025\/05\/sauh.ee-Tooriistakohver-216-osaline-padrunvotmete-komplekt-14-38-12-5-64x48.webp 64w\" sizes=\"(max-width: 878px) 100vw, 878px\" \/><\/p>\n<table>\n<thead>\n<tr>\n<th>\u0425\u0430\u0440\u0430\u043a\u0442\u0435\u0440\u0438\u0441\u0442\u0438\u043a\u0430<\/th>\n<th>\u041e\u043f\u0438\u0441\u0430\u043d\u0438\u0435<\/th>\n<\/tr>\n<\/thead>\n<tbody>\n<tr>\n<td><strong>\u0420\u0430\u0437\u043c\u0435\u0440 \u043a\u043e\u043c\u043f\u043b\u0435\u043a\u0442\u0430<\/strong><\/td>\n<td>216 \u0447\u0430\u0441\u0442\u0435\u0439<\/td>\n<\/tr>\n<tr>\n<td><strong>\u041c\u0430\u0442\u0435\u0440\u0438\u0430\u043b<\/strong><\/td>\n<td>\u0425\u0440\u043e\u043c-\u0432\u0430\u043d\u0430\u0434\u0438\u0435\u0432\u0430\u044f \u0441\u0442\u0430\u043b\u044c (CR-V)<\/td>\n<\/tr>\n<tr>\n<td><strong>\u041e\u0431\u0440\u0430\u0431\u043e\u0442\u043a\u0430 \u043f\u043e\u0432\u0435\u0440\u0445\u043d\u043e\u0441\u0442\u0438<\/strong><\/td>\n<td>\u0425\u0440\u043e\u043c\u0438\u0440\u043e\u0432\u0430\u043d\u043d\u043e\u0435 \u043f\u043e\u043a\u0440\u044b\u0442\u0438\u0435, \u0443\u0441\u0442\u043e\u0439\u0447\u0438\u0432\u043e\u0435 \u043a \u043a\u043e\u0440\u0440\u043e\u0437\u0438\u0438<\/td>\n<\/tr>\n<tr>\n<td><strong>\u0420\u0430\u0437\u043c\u0435\u0440\u044b \u043a\u043b\u044e\u0447\u0435\u0439<\/strong><\/td>\n<td>1\/4&#8243;, 3\/8&#8243;, 1\/2&#8243;<\/td>\n<\/tr>\n<tr>\n<td><strong>\u041a\u043e\u043b\u0438\u0447\u0435\u0441\u0442\u0432\u043e \u0437\u0443\u0431\u044c\u0435\u0432 \u043d\u0430 \u0431\u0440\u0435\u043b\u043a\u0435<\/strong><\/td>\n<td>24 \u0437\u0443\u0431\u0446\u0430<\/td>\n<\/tr>\n<tr>\n<td><strong>\u0411\u044b\u0441\u0442\u0440\u043e\u0441\u044a\u0435\u043c\u043d\u044b\u0439 \u043c\u0435\u0445\u0430\u043d\u0438\u0437\u043c<\/strong><\/td>\n<td>\u0414\u0430<\/td>\n<\/tr>\n<tr>\n<td><strong>\u0410\u043a\u0441\u0435\u0441\u0441\u0443\u0430\u0440\u044b<\/strong><\/td>\n<td>\u0423\u0434\u043b\u0438\u043d\u0438\u0442\u0435\u043b\u044c\u043d\u044b\u0435 \u0440\u044b\u0447\u0430\u0433\u0438, \u0443\u043d\u0438\u0432\u0435\u0440\u0441\u0430\u043b\u044c\u043d\u044b\u0439 \u0448\u0430\u0440\u043d\u0438\u0440, \u0440\u0430\u0437\u043b\u0438\u0447\u043d\u044b\u0435 \u043a\u043e\u043d\u0446\u0435\u0432\u044b\u0435 \u0447\u0430\u0441\u0442\u0438<\/td>\n<\/tr>\n<tr>\n<td><strong>\u041e\u0431\u043b\u0430\u0441\u0442\u044c \u043f\u0440\u0438\u043c\u0435\u043d\u0435\u043d\u0438\u044f<\/strong><\/td>\n<td>\u0420\u0435\u043c\u043e\u043d\u0442 \u0430\u0432\u0442\u043e\u043c\u043e\u0431\u0438\u043b\u0435\u0439, \u043c\u043e\u0442\u043e\u0446\u0438\u043a\u043b\u043e\u0432, \u0440\u0430\u0431\u043e\u0442\u0430 \u043f\u043e \u0434\u043e\u043c\u0443<\/td>\n<\/tr>\n<tr>\n<td><strong>\u041f\u043e\u0441\u0442\u0430\u0432\u043b\u044f\u0435\u0442\u0441\u044f \u0441 \u0447\u0435\u043c\u043e\u0434\u0430\u043d\u043e\u043c<\/strong><\/td>\n<td>\u0414\u0430, \u043f\u0440\u043e\u0447\u043d\u044b\u0439 \u043b\u0438\u0442\u043e\u0439 \u043f\u043b\u0430\u0441\u0442\u0438\u043a\u043e\u0432\u044b\u0439 \u0438\u0437\u0433\u0438\u0431<\/td>\n<\/tr>\n<tr>\n<td><strong>\u041f\u043e\u0434\u0445\u043e\u0434\u0438\u0442 \u0434\u043b\u044f<\/strong><\/td>\n<td>\u0414\u043b\u044f \u043c\u0435\u0445\u0430\u043d\u0438\u043a\u043e\u0432, \u0442\u0435\u0445\u043d\u0438\u043a\u043e\u0432, \u0440\u0435\u043c\u043e\u043d\u0442\u043d\u044b\u0445 \u0440\u0430\u0431\u043e\u0442<\/td>\n<\/tr>\n<\/tbody>\n<\/table>","protected":false},"excerpt":{"rendered":"<p>Omadus Kirjeldus Komplekti suurus 216 osa Materjal Kroom-vanaadium teras (CR-V) Pinnaviimistlus Kroomitud, korrosioonikindel Padrunv\u00f5tmete suurused 1\/4&#8243;, 3\/8&#8243;, 1\/2&#8243; Hammaste arv v\u00f5titrossil 24 hammast Kiirvabastusmehhanism Jah Lisatarvikud Pikendusvarred, universaalliigend, erinevad otsikud Kasutusvaldkond Autoremont, mootorrattad, kodused t\u00f6\u00f6d Kaasas kandekohver Jah, tugev vormitud plastikkohver Sobib Mehaanikutele, tehnikahuvilistele, remondit\u00f6\u00f6deks<\/p>","protected":false},"featured_media":8642,"template":"","meta":[],"product_brand":[],"product_cat":[277,258,222,33,262,15],"product_tag":[281],"class_list":{"0":"post-8632","1":"product","2":"type-product","3":"status-publish","4":"has-post-thumbnail","6":"product_cat-autosse","7":"product_cat-ehitus","8":"product_cat-komplektid","9":"product_cat-muu","10":"product_cat-muud-tooriistad","11":"product_cat-analoog-tooted","12":"product_tag-talv","14":"first","15":"onbackorder","16":"shipping-taxable","17":"purchasable","18":"product-type-simple"},"_links":{"self":[{"href":"https:\/\/sauh.ee\/ru\/wp-json\/wp\/v2\/product\/8632","targetHints":{"allow":["GET"]}}],"collection":[{"href":"https:\/\/sauh.ee\/ru\/wp-json\/wp\/v2\/product"}],"about":[{"href":"https:\/\/sauh.ee\/ru\/wp-json\/wp\/v2\/types\/product"}],"wp:featuredmedia":[{"embeddable":true,"href":"https:\/\/sauh.ee\/ru\/wp-json\/wp\/v2\/media\/8642"}],"wp:attachment":[{"href":"https:\/\/sauh.ee\/ru\/wp-json\/wp\/v2\/media?parent=8632"}],"wp:term":[{"taxonomy":"product_brand","embeddable":true,"href":"https:\/\/sauh.ee\/ru\/wp-json\/wp\/v2\/product_brand?post=8632"},{"taxonomy":"product_cat","embeddable":true,"href":"https:\/\/sauh.ee\/ru\/wp-json\/wp\/v2\/product_cat?post=8632"},{"taxonomy":"product_tag","embeddable":true,"href":"https:\/\/sauh.ee\/ru\/wp-json\/wp\/v2\/product_tag?post=8632"}],"curies":[{"name":"wp","href":"https:\/\/api.w.org\/{rel}","templated":true}]}}