{"id":8643,"date":"2025-05-27T13:16:10","date_gmt":"2025-05-27T13:16:10","guid":{"rendered":"https:\/\/sauh.ee\/?post_type=product&#038;p=8643"},"modified":"2026-04-06T12:47:51","modified_gmt":"2026-04-06T12:47:51","slug":"metallidetektor-7-reziimi","status":"publish","type":"product","link":"https:\/\/sauh.ee\/ru\/product\/metallidetektor-7-reziimi\/","title":{"rendered":"\u041c\u0435\u0442\u0430\u043b\u043b\u043e\u0438\u0441\u043a\u0430\u0442\u0435\u043b\u044c, 7 \u0440\u0435\u0436\u0438\u043c\u043e\u0432"},"content":{"rendered":"<p>\ud83d\udd0d <strong data-start=\"172\" data-end=\"190\">\u0422\u043e\u0447\u043d\u043e\u0435 \u043e\u0431\u043d\u0430\u0440\u0443\u0436\u0435\u043d\u0438\u0435<\/strong> \u2013 \u0440\u0435\u0430\u0433\u0438\u0440\u0443\u0435\u0442 \u0434\u0430\u0436\u0435 \u043d\u0430 \u043c\u0435\u043b\u043a\u0438\u0435 \u043c\u0435\u0442\u0430\u043b\u043b\u0438\u0447\u0435\u0441\u043a\u0438\u0435 \u043e\u0431\u044a\u0435\u043a\u0442\u044b. \u0427\u0451\u0442\u043a\u0438\u0439 \u0437\u0432\u0443\u043a\u043e\u0432\u043e\u0439 \u0441\u0438\u0433\u043d\u0430\u043b \u0438 \u044d\u043a\u0440\u0430\u043d \u0441 \u043f\u043e\u0434\u0441\u0432\u0435\u0442\u043a\u043e\u0439 \u0434\u0435\u043b\u0430\u044e\u0442 \u043f\u043e\u0438\u0441\u043a \u0443\u0434\u043e\u0431\u043d\u044b\u043c.<br data-start=\"308\" data-end=\"311\" \/>\ud83e\udded <strong data-start=\"314\" data-end=\"330\">7 \u0440\u0430\u0431\u043e\u0447\u0438\u0445 \u0440\u0435\u0436\u0438\u043c\u043e\u0432<\/strong> \u2013 \u0434\u043b\u044f \u043f\u043e\u0438\u0441\u043a\u0430 \u043c\u0435\u0442\u0430\u043b\u043b\u043e\u0432, \u0443\u043a\u0440\u0430\u0448\u0435\u043d\u0438\u0439, \u043c\u043e\u043d\u0435\u0442, \u043c\u0443\u0441\u043e\u0440\u0430, \u0434\u0435\u043a\u043e\u0440\u0430\u0442\u0438\u0432\u043d\u044b\u0445 \u043f\u0440\u0435\u0434\u043c\u0435\u0442\u043e\u0432 \u0438 \u0434\u0440\u0443\u0433\u0438\u0445 \u043e\u0431\u044a\u0435\u043a\u0442\u043e\u0432. \u0412\u043a\u043b\u044e\u0447\u0430\u0435\u0442 \u0440\u0435\u0436\u0438\u043c \u0442\u043e\u0447\u0435\u0447\u043d\u043e\u0433\u043e \u043e\u0431\u043d\u0430\u0440\u0443\u0436\u0435\u043d\u0438\u044f \u0438 \u043d\u0430\u0441\u0442\u0440\u0430\u0438\u0432\u0430\u0435\u043c\u044b\u0439 \u0440\u0435\u0436\u0438\u043c.<br data-start=\"460\" data-end=\"463\" \/>\ud83d\udccf <strong data-start=\"466\" data-end=\"487\">\u0420\u0435\u0433\u0443\u043b\u0438\u0440\u0443\u0435\u043c\u0430\u044f \u0440\u0443\u0447\u043a\u0430<\/strong> \u2013 \u043f\u043e\u0434\u0445\u043e\u0434\u0438\u0442 \u043f\u043e\u043b\u044c\u0437\u043e\u0432\u0430\u0442\u0435\u043b\u044e \u0440\u043e\u0441\u0442\u043e\u043c \u043e\u0442 105 \u0434\u043e 132 \u0441\u043c.<br data-start=\"528\" data-end=\"531\" \/>\ud83d\udcaa <strong data-start=\"534\" data-end=\"561\">\u041d\u0430\u0434\u0451\u0436\u043d\u044b\u0439 \u0438 \u043f\u0440\u043e\u0447\u043d\u044b\u0439<\/strong> \u2013 \u043a\u0430\u0447\u0435\u0441\u0442\u0432\u0435\u043d\u043d\u044b\u0435 \u043c\u0430\u0442\u0435\u0440\u0438\u0430\u043b\u044b \u043e\u0431\u0435\u0441\u043f\u0435\u0447\u0438\u0432\u0430\u044e\u0442 \u043d\u0430\u0434\u0451\u0436\u043d\u0443\u044e \u0440\u0430\u0431\u043e\u0442\u0443 \u0434\u0430\u0436\u0435 \u043d\u0430 \u0443\u043b\u0438\u0446\u0435.<br data-start=\"627\" data-end=\"630\" \/>\ud83c\udfa7 <strong data-start=\"633\" data-end=\"660\">\u0412 \u043a\u043e\u043c\u043f\u043b\u0435\u043a\u0442\u0435 \u0432\u0441\u0451 \u043d\u0435\u043e\u0431\u0445\u043e\u0434\u0438\u043c\u043e\u0435<\/strong> \u2013 \u043d\u0430\u0443\u0448\u043d\u0438\u043a\u0438, \u043b\u043e\u043f\u0430\u0442\u0430 \u0434\u043b\u044f \u043a\u043e\u043f\u043a\u0438, \u0431\u0430\u0442\u0430\u0440\u0435\u0439\u043a\u0438, \u0441\u0443\u043c\u043a\u0430 \u0438 \u0437\u0430\u0449\u0438\u0442\u043d\u044b\u0439 \u0447\u0435\u0445\u043e\u043b \u0434\u043b\u044f \u043f\u043e\u0438\u0441\u043a\u043e\u0432\u043e\u0439 \u043a\u0430\u0442\u0443\u0448\u043a\u0438.<\/p>\n<p><img fetchpriority=\"high\" decoding=\"async\" class=\"size-full wp-image-8647 aligncenter\" src=\"https:\/\/sauh.ee\/wp-content\/uploads\/2025\/05\/sauh.ee-sauh.eu-metallidetektor-metalo-detektor-8.webp\" alt=\"\" width=\"863\" height=\"431\" srcset=\"https:\/\/sauh.ee\/wp-content\/uploads\/2025\/05\/sauh.ee-sauh.eu-metallidetektor-metalo-detektor-8.webp 863w, https:\/\/sauh.ee\/wp-content\/uploads\/2025\/05\/sauh.ee-sauh.eu-metallidetektor-metalo-detektor-8-300x150.webp 300w, https:\/\/sauh.ee\/wp-content\/uploads\/2025\/05\/sauh.ee-sauh.eu-metallidetektor-metalo-detektor-8-768x384.webp 768w, https:\/\/sauh.ee\/wp-content\/uploads\/2025\/05\/sauh.ee-sauh.eu-metallidetektor-metalo-detektor-8-18x9.webp 18w, https:\/\/sauh.ee\/wp-content\/uploads\/2025\/05\/sauh.ee-sauh.eu-metallidetektor-metalo-detektor-8-416x208.webp 416w, https:\/\/sauh.ee\/wp-content\/uploads\/2025\/05\/sauh.ee-sauh.eu-metallidetektor-metalo-detektor-8-64x32.webp 64w\" sizes=\"(max-width: 863px) 100vw, 863px\" \/><\/p>\n<table>\n<thead>\n<tr>\n<th><strong>\u0425\u0430\u0440\u0430\u043a\u0442\u0435\u0440\u0438\u0441\u0442\u0438\u043a\u0430<\/strong><\/th>\n<th>\u041e\u043f\u0438\u0441\u0430\u043d\u0438\u0435<\/th>\n<\/tr>\n<\/thead>\n<tbody>\n<tr>\n<td><strong>\u0413\u043b\u0443\u0431\u0438\u043d\u0430 \u043e\u0431\u043d\u0430\u0440\u0443\u0436\u0435\u043d\u0438\u044f<\/strong><\/td>\n<td>\u0434\u043e 25 \u0441\u043c<\/td>\n<\/tr>\n<tr>\n<td><strong>\u041f\u043e\u0438\u0441\u043a\u043e\u0432\u0430\u044f \u043a\u0430\u0442\u0443\u0448\u043a\u0430<\/strong><\/td>\n<td>25 \u0441\u043c (\u0432\u043e\u0434\u043e\u043d\u0435\u043f\u0440\u043e\u043d\u0438\u0446\u0430\u0435\u043c\u0430\u044f, IP68)<\/td>\n<\/tr>\n<tr>\n<td><strong>\u0420\u0430\u0431\u043e\u0447\u0430\u044f \u0447\u0430\u0441\u0442\u043e\u0442\u0430<\/strong><\/td>\n<td>7,2 \u043a\u0413\u0446<\/td>\n<\/tr>\n<tr>\n<td><strong>\u041f\u0438\u0442\u0430\u043d\u0438\u0435<\/strong><\/td>\n<td>6 \u0431\u0430\u0442\u0430\u0440\u0435\u0435\u043a AA (\u043d\u0435 \u0432\u0445\u043e\u0434\u044f\u0442 \u0432 \u043a\u043e\u043c\u043f\u043b\u0435\u043a\u0442)<\/td>\n<\/tr>\n<tr>\n<td><strong>\u0420\u0435\u0433\u0443\u043b\u0438\u0440\u0443\u0435\u043c\u0430\u044f \u0440\u0443\u0447\u043a\u0430<\/strong><\/td>\n<td>105\u2013132 \u0441\u043c<\/td>\n<\/tr>\n<tr>\n<td><strong>\u0420\u0430\u0431\u043e\u0447\u0430\u044f \u0441\u0440\u0435\u0434\u0430<\/strong><\/td>\n<td>\u043e\u0442 \u201310\u00b0C \u0434\u043e +50\u00b0C<\/td>\n<\/tr>\n<tr>\n<td><strong>\u0412\u0435\u0441<\/strong><\/td>\n<td>2,35 \u043a\u0433<\/td>\n<\/tr>\n<tr>\n<td><strong>\u0420\u0430\u0437\u043c\u0435\u0440\u044b \u0438\u0437\u0434\u0435\u043b\u0438\u044f<\/strong><\/td>\n<td>25 \u00d7 25 \u00d7 132 \u0441\u043c<\/td>\n<\/tr>\n<tr>\n<td><strong>\u0412 \u043a\u043e\u043c\u043f\u043b\u0435\u043a\u0442\u0435<\/strong><\/td>\n<td>\u041d\u0430\u0443\u0448\u043d\u0438\u043a\u0438, \u043b\u043e\u043f\u0430\u0442\u0430, \u0441\u0443\u043c\u043a\u0430, \u0431\u0430\u0442\u0430\u0440\u0435\u0439\u043a\u0438, \u0437\u0430\u0449\u0438\u0442\u043d\u044b\u0439 \u0447\u0435\u0445\u043e\u043b \u0434\u043b\u044f \u043a\u0430\u0442\u0443\u0448\u043a\u0438<\/td>\n<\/tr>\n<\/tbody>\n<\/table>\n<p>&nbsp;<\/p>","protected":false},"excerpt":{"rendered":"<p>\ud83d\udd0d T\u00e4pne tuvastus \u2013 reageerib ka v\u00e4ikestele metallosakestele. Selge helisignaal ja taustvalgustusega ekraan muudavad otsimise lihtsaks.\ud83e\udded 7 t\u00f6\u00f6re\u017eiimi \u2013 metallide, ehete, m\u00fcntide, prahi, ornamentide ja muude esemete leidmiseks. Sisaldab ka t\u00e4ppistuvastust ja kohandatavat re\u017eiimi.\ud83d\udccf Reguleeritav vars \u2013 sobib kasutajale pikkusega 105\u2013132 cm.\ud83d\udcaa T\u00f6\u00f6kindel ja vastupidav \u2013 kvaliteetsed materjalid tagavad t\u00f6\u00f6kindluse ka v\u00e4litingimustes.\ud83c\udfa7 Komplektis k\u00f5ik vajalik [&hellip;]<\/p>\n","protected":false},"featured_media":8644,"template":"","meta":[],"product_brand":[],"product_cat":[265,32],"product_tag":[],"class_list":{"0":"post-8643","1":"product","2":"type-product","3":"status-publish","4":"has-post-thumbnail","6":"product_cat-matkale","7":"product_cat-metallidetektor","9":"first","10":"onbackorder","11":"shipping-taxable","12":"purchasable","13":"product-type-simple"},"_links":{"self":[{"href":"https:\/\/sauh.ee\/ru\/wp-json\/wp\/v2\/product\/8643","targetHints":{"allow":["GET"]}}],"collection":[{"href":"https:\/\/sauh.ee\/ru\/wp-json\/wp\/v2\/product"}],"about":[{"href":"https:\/\/sauh.ee\/ru\/wp-json\/wp\/v2\/types\/product"}],"wp:featuredmedia":[{"embeddable":true,"href":"https:\/\/sauh.ee\/ru\/wp-json\/wp\/v2\/media\/8644"}],"wp:attachment":[{"href":"https:\/\/sauh.ee\/ru\/wp-json\/wp\/v2\/media?parent=8643"}],"wp:term":[{"taxonomy":"product_brand","embeddable":true,"href":"https:\/\/sauh.ee\/ru\/wp-json\/wp\/v2\/product_brand?post=8643"},{"taxonomy":"product_cat","embeddable":true,"href":"https:\/\/sauh.ee\/ru\/wp-json\/wp\/v2\/product_cat?post=8643"},{"taxonomy":"product_tag","embeddable":true,"href":"https:\/\/sauh.ee\/ru\/wp-json\/wp\/v2\/product_tag?post=8643"}],"curies":[{"name":"wp","href":"https:\/\/api.w.org\/{rel}","templated":true}]}}