{"id":8657,"date":"2025-05-27T13:58:13","date_gmt":"2025-05-27T13:58:13","guid":{"rendered":"https:\/\/sauh.ee\/?post_type=product&#038;p=8657"},"modified":"2026-04-08T08:36:13","modified_gmt":"2026-04-08T08:36:13","slug":"aku-survepesur-18v","status":"publish","type":"product","link":"https:\/\/sauh.ee\/ru\/product\/aku-survepesur-18v\/","title":{"rendered":"\u0410\u043a\u043a\u0443\u043c\u0443\u043b\u044f\u0442\u043e\u0440\u043d\u0430\u044f \u043c\u043e\u0439\u043a\u0430 18 \u0412"},"content":{"rendered":"<article class=\"text-token-text-primary w-full focus:outline-none [--shadow-height:45px] has-data-writing-block:pointer-events-none has-data-writing-block:-mt-(--shadow-height) has-data-writing-block:pt-(--shadow-height) [&amp;:has([data-writing-block])&gt;*]:pointer-events-auto scroll-mt-[calc(var(--header-height)+min(200px,max(70px,20svh)))]\" dir=\"auto\" tabindex=\"-1\" data-turn-id=\"bb9f32b8-de1a-45cf-bfa1-23ff3baaed4a\" data-testid=\"conversation-turn-20\" data-scroll-anchor=\"false\" data-turn=\"assistant\">\n<div class=\"text-base my-auto mx-auto [--thread-content-margin:--spacing(4)] @w-sm\/main:[--thread-content-margin:--spacing(6)] @w-lg\/main:[--thread-content-margin:--spacing(16)] px-(--thread-content-margin)\">\n<div class=\"[--thread-content-max-width:40rem] @w-lg\/main:[--thread-content-max-width:48rem] mx-auto max-w-(--thread-content-max-width) flex-1 group\/turn-messages focus-visible:outline-hidden relative flex w-full min-w-0 flex-col agent-turn\" tabindex=\"-1\">\n<div class=\"flex max-w-full flex-col grow\">\n<div class=\"min-h-8 text-message relative flex w-full flex-col items-end gap-2 text-start break-words whitespace-normal [.text-message+&amp;]:mt-1\" dir=\"auto\" data-message-author-role=\"assistant\" data-message-id=\"4e298210-8a35-4500-857a-a7cb3543c237\" data-message-model-slug=\"gpt-5-2\">\n<div class=\"flex w-full flex-col gap-1 empty:hidden first:pt-[1px]\">\n<div class=\"markdown prose dark:prose-invert w-full break-words dark markdown-new-styling\">\n<p style=\"text-align: left;\" data-start=\"0\" data-end=\"146\"><strong>Akusurvepesur sobib auto ja muude v\u00e4iksemate pindade pesemiseks kodustes tingimustes.<\/strong><\/p>\n<p style=\"text-align: left;\" data-start=\"0\" data-end=\"146\">Seadet saab kasutada vee v\u00f5tmiseks kraanist v\u00f5i iseimevana. Kompaktne ning vooliku pikkus v\u00f5imaldab mugavat liikumist t\u00f6\u00f6 k\u00e4igus.<\/p>\n<table>\n<thead>\n<tr>\n<th>Omadus<\/th>\n<th>V\u00e4\u00e4rtus<\/th>\n<\/tr>\n<\/thead>\n<tbody>\n<tr>\n<td>Toote t\u00fc\u00fcp<\/td>\n<td>Aku-survepesur<\/td>\n<\/tr>\n<tr>\n<td>Kasutusotstarve<\/td>\n<td>Auto pesemine<\/td>\n<\/tr>\n<tr>\n<td>Aku pinge<\/td>\n<td>18 V<\/td>\n<\/tr>\n<tr>\n<td>Aku \u00fchilduvus<\/td>\n<td>Sobib kasutada ka Makita 18V akudega<\/td>\n<\/tr>\n<tr>\n<td>V\u00f5imsus<\/td>\n<td>600 W<\/td>\n<\/tr>\n<tr>\n<td>T\u00f6\u00f6r\u00f5hk<\/td>\n<td>22\u201330 bar<\/td>\n<\/tr>\n<tr>\n<td>R\u00f5hk (PSI)<\/td>\n<td>319 \/ 435 PSI<\/td>\n<\/tr>\n<tr>\n<td>Maksimaalne veevool<\/td>\n<td>4 l\/min<\/td>\n<\/tr>\n<tr>\n<td>Veepritsme ulatus<\/td>\n<td>2\u20133 m<\/td>\n<\/tr>\n<tr>\n<td>Vooliku pikkus<\/td>\n<td>5 m<\/td>\n<\/tr>\n<tr>\n<td>Laadija sisendpinge<\/td>\n<td>100\u2013240 V<\/td>\n<\/tr>\n<\/tbody>\n<\/table>\n<p><iframe title=\"Aku survepesur 18V\" width=\"563\" height=\"1000\" src=\"https:\/\/www.youtube.com\/embed\/xQuwkt1god0?feature=oembed\" frameborder=\"0\" allow=\"accelerometer; autoplay; clipboard-write; encrypted-media; gyroscope; picture-in-picture; web-share\" referrerpolicy=\"strict-origin-when-cross-origin\" allowfullscreen><\/iframe><\/p>\n<\/div>\n<\/div>\n<\/div>\n<\/div>\n<\/div>\n<\/div>\n<\/article>\n","protected":false},"excerpt":{"rendered":"<p>Akusurvepesur sobib auto ja muude v\u00e4iksemate pindade pesemiseks kodustes tingimustes. Seadet saab kasutada vee v\u00f5tmiseks kraanist v\u00f5i iseimevana. Kompaktne ning vooliku pikkus v\u00f5imaldab mugavat liikumist t\u00f6\u00f6 k\u00e4igus. Omadus V\u00e4\u00e4rtus Toote t\u00fc\u00fcp Aku-survepesur Kasutusotstarve Auto pesemine Aku pinge 18 V Aku \u00fchilduvus Sobib kasutada ka Makita 18V akudega V\u00f5imsus 600 W T\u00f6\u00f6r\u00f5hk 22\u201330 bar R\u00f5hk (PSI) [&hellip;]<\/p>\n","protected":false},"featured_media":9319,"template":"","meta":[],"product_brand":[],"product_cat":[257,277,262,260,15],"product_tag":[269],"class_list":{"0":"post-8657","1":"product","2":"type-product","3":"status-publish","4":"has-post-thumbnail","6":"product_cat-aia-tooriistad","7":"product_cat-autosse","8":"product_cat-muud-tooriistad","9":"product_cat-puhurid-ja-imurid","10":"product_cat-analoog-tooted","11":"product_tag-suvi","13":"first","14":"instock","15":"shipping-taxable","16":"purchasable","17":"product-type-variable"},"_links":{"self":[{"href":"https:\/\/sauh.ee\/ru\/wp-json\/wp\/v2\/product\/8657","targetHints":{"allow":["GET"]}}],"collection":[{"href":"https:\/\/sauh.ee\/ru\/wp-json\/wp\/v2\/product"}],"about":[{"href":"https:\/\/sauh.ee\/ru\/wp-json\/wp\/v2\/types\/product"}],"wp:featuredmedia":[{"embeddable":true,"href":"https:\/\/sauh.ee\/ru\/wp-json\/wp\/v2\/media\/9319"}],"wp:attachment":[{"href":"https:\/\/sauh.ee\/ru\/wp-json\/wp\/v2\/media?parent=8657"}],"wp:term":[{"taxonomy":"product_brand","embeddable":true,"href":"https:\/\/sauh.ee\/ru\/wp-json\/wp\/v2\/product_brand?post=8657"},{"taxonomy":"product_cat","embeddable":true,"href":"https:\/\/sauh.ee\/ru\/wp-json\/wp\/v2\/product_cat?post=8657"},{"taxonomy":"product_tag","embeddable":true,"href":"https:\/\/sauh.ee\/ru\/wp-json\/wp\/v2\/product_tag?post=8657"}],"curies":[{"name":"wp","href":"https:\/\/api.w.org\/{rel}","templated":true}]}}