{"id":8666,"date":"2025-05-27T14:53:32","date_gmt":"2025-05-27T14:53:32","guid":{"rendered":"https:\/\/sauh.ee\/?post_type=product&#038;p=8666"},"modified":"2026-03-01T00:00:12","modified_gmt":"2026-03-01T00:00:12","slug":"hudrauliline-toru-pressimistooriist-16-32-mm2","status":"publish","type":"product","link":"https:\/\/sauh.ee\/ru\/product\/hudrauliline-toru-pressimistooriist-16-32-mm2\/","title":{"rendered":"\u0413\u0438\u0434\u0440\u0430\u0432\u043b\u0438\u0447\u0435\u0441\u043a\u0438\u0439 \u0438\u043d\u0441\u0442\u0440\u0443\u043c\u0435\u043d\u0442 \u0434\u043b\u044f \u043e\u0431\u0436\u0438\u043c\u0430 \u0442\u0440\u0443\u0431 16-32 \u043c\u043c\u00b2"},"content":{"rendered":"<p>\u0413\u0438\u0434\u0440\u0430\u0432\u043b\u0438\u0447\u0435\u0441\u043a\u0438\u0439 \u0438\u043d\u0441\u0442\u0440\u0443\u043c\u0435\u043d\u0442 \u0434\u043b\u044f \u044d\u043a\u0441\u0442\u0440\u0443\u0437\u0438\u0438 \u0442\u0440\u0443\u0431 CW-1632 + \u0444\u043e\u0440\u043c\u0430 B ( \u0440\u0443\u0447\u043d\u044b\u0435 \u0448\u0442\u0430\u043d\u0433\u0438 \u0434\u043b\u044f \u043f\u0440\u0435\u0441\u0441\u043e\u0432\u0430\u043d\u0438\u044f).<\/p>\n<p><img fetchpriority=\"high\" decoding=\"async\" class=\"alignnone size-full wp-image-8928\" src=\"https:\/\/sauh.ee\/wp-content\/uploads\/2025\/05\/sauh.ee-hudrauline-toru-press-hudro.webp\" alt=\"\" width=\"878\" height=\"659\" srcset=\"https:\/\/sauh.ee\/wp-content\/uploads\/2025\/05\/sauh.ee-hudrauline-toru-press-hudro.webp 878w, https:\/\/sauh.ee\/wp-content\/uploads\/2025\/05\/sauh.ee-hudrauline-toru-press-hudro-300x225.webp 300w, https:\/\/sauh.ee\/wp-content\/uploads\/2025\/05\/sauh.ee-hudrauline-toru-press-hudro-768x576.webp 768w, https:\/\/sauh.ee\/wp-content\/uploads\/2025\/05\/sauh.ee-hudrauline-toru-press-hudro-16x12.webp 16w, https:\/\/sauh.ee\/wp-content\/uploads\/2025\/05\/sauh.ee-hudrauline-toru-press-hudro-416x312.webp 416w, https:\/\/sauh.ee\/wp-content\/uploads\/2025\/05\/sauh.ee-hudrauline-toru-press-hudro-64x48.webp 64w\" sizes=\"(max-width: 878px) 100vw, 878px\" \/><\/p>\n<p>&nbsp;<\/p>\n<table>\n<thead>\n<tr>\n<th><strong>\u0425\u0430\u0440\u0430\u043a\u0442\u0435\u0440\u0438\u0441\u0442\u0438\u043a\u0430<\/strong><\/th>\n<th><strong>\u041e\u043f\u0438\u0441\u0430\u043d\u0438\u0435<\/strong><\/th>\n<\/tr>\n<\/thead>\n<tbody>\n<tr>\n<td><strong>\u041f\u043e\u0434\u0445\u043e\u0434\u044f\u0449\u0438\u0435 \u0442\u0440\u0443\u0431\u044b<\/strong><\/td>\n<td>\u0410\u043b\u044e\u043c\u0438\u043d\u0438\u0435\u0432\u043e-\u043f\u043b\u0430\u0441\u0442\u0438\u043a\u043e\u0432\u044b\u0435, PEX, PB<\/td>\n<\/tr>\n<tr>\n<td><strong>\u0420\u0430\u0437\u043c\u0435\u0440\u044b \u043e\u0431\u0436\u0438\u043c\u0430<\/strong><\/td>\n<td>16 \u043c\u043c, 20 \u043c\u043c, 25 \u043c\u043c, 26 \u043c\u043c, 32 \u043c\u043c<\/td>\n<\/tr>\n<tr>\n<td><strong>\u0421\u043e\u0432\u043c\u0435\u0441\u0442\u0438\u043c\u044b\u0435 \u0444\u0438\u0442\u0438\u043d\u0433\u0438<\/strong><\/td>\n<td>\u041c\u0435\u0434\u043d\u044b\u0435, \u0438\u0437 \u043d\u0435\u0440\u0436\u0430\u0432\u0435\u044e\u0449\u0435\u0439 \u0441\u0442\u0430\u043b\u0438, \u0430\u043b\u044e\u043c\u0438\u043d\u0438\u0435\u0432\u044b\u0435 \u0433\u0438\u043b\u044c\u0437\u044b<\/td>\n<\/tr>\n<tr>\n<td><strong>\u0426\u0438\u043b\u0438\u043d\u0434\u0440<\/strong><\/td>\n<td>\u0421\u0442\u0430\u043d\u0434\u0430\u0440\u0442\u043d\u044b\u0439 (General Cylinder)<\/td>\n<\/tr>\n<tr>\n<td><strong>\u0413\u043e\u043b\u043e\u0432\u043a\u0430 \u043e\u0431\u0436\u0438\u043c\u043a\u0438<\/strong><\/td>\n<td>\u041f\u043e\u0432\u043e\u0440\u0430\u0447\u0438\u0432\u0430\u0435\u0442\u0441\u044f \u043d\u0430 360\u00b0 \u2014 \u0443\u0434\u043e\u0431\u043d\u043e \u0432 \u0443\u0437\u043a\u0438\u0445 \u043c\u0435\u0441\u0442\u0430\u0445<\/td>\n<\/tr>\n<tr>\n<td><strong>\u041c\u0430\u0441\u043b\u043e\u0441\u0438\u0441\u0442\u0435\u043c\u0430<\/strong><\/td>\n<td>\u0414\u0432\u0443\u0445\u0441\u043a\u043e\u0440\u043e\u0441\u0442\u043d\u0430\u044f \u2014 \u0431\u044b\u0441\u0442\u0440\u0430\u044f \u0440\u0430\u0431\u043e\u0442\u0430<\/td>\n<\/tr>\n<tr>\n<td><strong>\u041a\u043b\u0430\u043f\u0430\u043d \u0431\u0435\u0437\u043e\u043f\u0430\u0441\u043d\u043e\u0441\u0442\u0438<\/strong><\/td>\n<td>ON \u2014 \u043f\u043e\u0432\u044b\u0448\u0435\u043d\u0438\u0435 \u0434\u0430\u0432\u043b\u0435\u043d\u0438\u044f, OFF \u2014 \u0441\u0431\u0440\u043e\u0441 \u0434\u0430\u0432\u043b\u0435\u043d\u0438\u044f<\/td>\n<\/tr>\n<tr>\n<td><strong>\u041e\u0431\u043b\u0430\u0441\u0442\u044c \u043f\u0440\u0438\u043c\u0435\u043d\u0435\u043d\u0438\u044f<\/strong><\/td>\n<td>\u0422\u0440\u0443\u0431\u043e\u043f\u0440\u043e\u0432\u043e\u0434\u043d\u044b\u0435 \u0440\u0430\u0431\u043e\u0442\u044b, \u0433\u0435\u0440\u043c\u0435\u0442\u0438\u0447\u043d\u044b\u0435 \u0441\u043e\u0435\u0434\u0438\u043d\u0435\u043d\u0438\u044f, \u0433\u0438\u0434\u0440\u0430\u0432\u043b\u0438\u0447\u0435\u0441\u043a\u0438\u0435 \u0440\u0430\u0431\u043e\u0442\u044b, \u0433\u0438\u0434\u0440\u0430\u0432\u043b\u0438\u0447\u0435\u0441\u043a\u0438\u0435 \u0440\u0443\u0447\u043d\u044b\u0435 \u043f\u0440\u0435\u0441\u0441\u044b \u0434\u043b\u044f \u0430\u043b\u0443\u043f\u0435\u043a\u0441<\/td>\n<\/tr>\n<\/tbody>\n<\/table>\n<p><iframe title=\"sauh.ee - H\u00fcdraulilised alupex k\u00e4si press tangid\" width=\"980\" height=\"551\" src=\"https:\/\/www.youtube.com\/embed\/S_BaAPIa7jA?feature=oembed\" frameborder=\"0\" allow=\"accelerometer; autoplay; clipboard-write; encrypted-media; gyroscope; picture-in-picture; web-share\" referrerpolicy=\"strict-origin-when-cross-origin\" allowfullscreen><\/iframe><\/p>","protected":false},"excerpt":{"rendered":"<p>H\u00fcdrauliline toru pressimist\u00f6\u00f6riist CW-1632 + Vorm B (k\u00e4si-press tangid). &nbsp; Omadus Kirjeldus Sobivad torud Alumiinium-plasttoru, PEX, PB Sobivad m\u00f5\u00f5dud 16 mm, 20 mm, 25 mm, 26 mm, 32 mm Sobivad liitmikud Vask, roostevaba teras, alumiiniumh\u00fclsid Silinder \u00dcldkolb (General Cylinder) Pressimispea 360\u00b0 p\u00f6\u00f6ratav \u2013 t\u00f6\u00f6tab ka kitsastes kohtades \u00d5lis\u00fcsteem Kahe kiirusega \u2013 kiirem t\u00f6\u00f6 Turvaventiili l\u00fcliti [&hellip;]<\/p>\n","protected":false},"featured_media":8667,"template":"","meta":[],"product_brand":[],"product_cat":[258,262,274,15],"product_tag":[255],"class_list":{"0":"post-8666","1":"product","2":"type-product","3":"status-publish","4":"has-post-thumbnail","6":"product_cat-ehitus","7":"product_cat-muud-tooriistad","8":"product_cat-sanitaartehnika","9":"product_cat-analoog-tooted","10":"product_tag-talvesoodusmuuk","12":"first","13":"instock","14":"shipping-taxable","15":"purchasable","16":"product-type-simple"},"_links":{"self":[{"href":"https:\/\/sauh.ee\/ru\/wp-json\/wp\/v2\/product\/8666","targetHints":{"allow":["GET"]}}],"collection":[{"href":"https:\/\/sauh.ee\/ru\/wp-json\/wp\/v2\/product"}],"about":[{"href":"https:\/\/sauh.ee\/ru\/wp-json\/wp\/v2\/types\/product"}],"wp:featuredmedia":[{"embeddable":true,"href":"https:\/\/sauh.ee\/ru\/wp-json\/wp\/v2\/media\/8667"}],"wp:attachment":[{"href":"https:\/\/sauh.ee\/ru\/wp-json\/wp\/v2\/media?parent=8666"}],"wp:term":[{"taxonomy":"product_brand","embeddable":true,"href":"https:\/\/sauh.ee\/ru\/wp-json\/wp\/v2\/product_brand?post=8666"},{"taxonomy":"product_cat","embeddable":true,"href":"https:\/\/sauh.ee\/ru\/wp-json\/wp\/v2\/product_cat?post=8666"},{"taxonomy":"product_tag","embeddable":true,"href":"https:\/\/sauh.ee\/ru\/wp-json\/wp\/v2\/product_tag?post=8666"}],"curies":[{"name":"wp","href":"https:\/\/api.w.org\/{rel}","templated":true}]}}