{"id":8686,"date":"2025-05-30T13:04:37","date_gmt":"2025-05-30T13:04:37","guid":{"rendered":"https:\/\/sauh.ee\/?post_type=product&#038;p=8686"},"modified":"2026-01-27T16:07:13","modified_gmt":"2026-01-27T16:07:13","slug":"akutrimmer-johviga","status":"publish","type":"product","link":"https:\/\/sauh.ee\/ru\/product\/akutrimmer-johviga\/","title":{"rendered":"\u0410\u043a\u043a\u0443\u043c\u0443\u043b\u044f\u0442\u043e\u0440\u043d\u044b\u0439 \u0442\u0440\u0438\u043c\u043c\u0435\u0440 \u0441 \u043b\u0435\u0441\u043a\u043e\u0439"},"content":{"rendered":"<p><iframe title=\"sauh.eu \u0410\u043a\u043a\u0443\u043c\u0443\u043b\u044f\u0442\u043e\u0440\u043d\u044b\u0439 \u0442\u0440\u0438\u043c\u043c\u0435\u0440 \u0441 \u043b\u0435\u0441\u043a\u043e\u0439\" width=\"980\" height=\"551\" src=\"https:\/\/www.youtube.com\/embed\/rbl45cq2eg4?feature=oembed\" frameborder=\"0\" allow=\"accelerometer; autoplay; clipboard-write; encrypted-media; gyroscope; picture-in-picture; web-share\" referrerpolicy=\"strict-origin-when-cross-origin\" allowfullscreen><\/iframe><\/p>\n<table class=\"w-fit min-w-(--thread-content-width)\" data-start=\"95\" data-end=\"800\">\n<thead data-start=\"95\" data-end=\"202\">\n<tr data-start=\"95\" data-end=\"202\">\n<th data-start=\"95\" data-end=\"121\" data-col-size=\"sm\"><strong data-start=\"97\" data-end=\"107\">\u0425\u0430\u0440\u0430\u043a\u0442\u0435\u0440\u0438\u0441\u0442\u0438\u043a\u0430<\/strong><\/th>\n<th data-start=\"121\" data-end=\"202\" data-col-size=\"lg\"><strong data-start=\"123\" data-end=\"136\">\u041e\u043f\u0438\u0441\u0430\u043d\u0438\u0435<\/strong><\/th>\n<\/tr>\n<\/thead>\n<tbody data-start=\"309\" data-end=\"800\">\n<tr data-start=\"309\" data-end=\"414\">\n<td data-start=\"309\" data-end=\"334\" data-col-size=\"sm\"><strong data-start=\"311\" data-end=\"321\">\u041c\u043e\u0442\u043e\u0440<\/strong><\/td>\n<td data-start=\"334\" data-end=\"414\" data-col-size=\"lg\">\u0411\u0435\u0441\u0449\u0435\u0442\u043e\u0447\u043d\u044b\u0439 \u043c\u043e\u0442\u043e\u0440 4000 \u0412\u0442<\/td>\n<\/tr>\n<tr data-start=\"415\" data-end=\"520\">\n<td data-start=\"415\" data-end=\"440\" data-col-size=\"sm\"><strong data-start=\"417\" data-end=\"425\">\u0428\u0442\u0430\u043d\u0433\u0430<\/strong><\/td>\n<td data-start=\"440\" data-end=\"520\" data-col-size=\"lg\">\u0412\u044b\u0434\u0432\u0438\u0436\u043d\u0430\u044f (113\u2013133 \u0441\u043c), \u0441\u043a\u043b\u0430\u0434\u043d\u0430\u044f, \u0443\u0434\u043e\u0431\u043d\u0430\u044f \u0434\u043b\u044f \u043f\u0435\u0440\u0435\u043d\u043e\u0441\u043a\u0438<\/td>\n<\/tr>\n<tr data-start=\"521\" data-end=\"627\">\n<td data-start=\"521\" data-end=\"546\" data-col-size=\"sm\"><strong data-start=\"523\" data-end=\"537\">\u0428\u0438\u0440\u0438\u043d\u0430 \u0441\u043a\u0430\u0448\u0438\u0432\u0430\u043d\u0438\u044f<\/strong><\/td>\n<td data-start=\"546\" data-end=\"627\" data-col-size=\"lg\">25 \u0441\u043c<\/td>\n<\/tr>\n<\/tbody>\n<\/table>\n<p><img fetchpriority=\"high\" decoding=\"async\" class=\"size-full wp-image-8695 aligncenter\" src=\"https:\/\/sauh.ee\/wp-content\/uploads\/2025\/05\/sauh.ee-akutrimmer-johviga-ja-teraga-3.webp\" alt=\"\" width=\"794\" height=\"389\" srcset=\"https:\/\/sauh.ee\/wp-content\/uploads\/2025\/05\/sauh.ee-akutrimmer-johviga-ja-teraga-3.webp 794w, https:\/\/sauh.ee\/wp-content\/uploads\/2025\/05\/sauh.ee-akutrimmer-johviga-ja-teraga-3-300x147.webp 300w, https:\/\/sauh.ee\/wp-content\/uploads\/2025\/05\/sauh.ee-akutrimmer-johviga-ja-teraga-3-768x376.webp 768w, https:\/\/sauh.ee\/wp-content\/uploads\/2025\/05\/sauh.ee-akutrimmer-johviga-ja-teraga-3-18x9.webp 18w, https:\/\/sauh.ee\/wp-content\/uploads\/2025\/05\/sauh.ee-akutrimmer-johviga-ja-teraga-3-416x204.webp 416w, https:\/\/sauh.ee\/wp-content\/uploads\/2025\/05\/sauh.ee-akutrimmer-johviga-ja-teraga-3-64x31.webp 64w\" sizes=\"(max-width: 794px) 100vw, 794px\" \/><\/p>\n<table>\n<thead>\n<tr>\n<th><strong>\u0422\u0438\u043f<\/strong><\/th>\n<th><strong>\u0414\u043b\u044f \u0438\u0441\u043f\u043e\u043b\u044c\u0437\u043e\u0432\u0430\u043d\u0438\u044f<\/strong><\/th>\n<\/tr>\n<\/thead>\n<tbody>\n<tr>\n<td><strong>\u041b\u0435\u0441\u043a\u0430<\/strong><\/td>\n<td>\u0434\u043b\u044f \u0433\u0430\u0437\u043e\u043d\u0430<\/td>\n<\/tr>\n<tr>\n<td><strong>\u041c\u0435\u0442\u0430\u043b\u043b\u0438\u0447\u0435\u0441\u043a\u0438\u0439 \u043d\u043e\u0436<\/strong><\/td>\n<td>\u0434\u043b\u044f \u0441\u043e\u0440\u043d\u044f\u043a\u043e\u0432, \u0441\u043b\u043e\u0436\u043d\u044b\u0439 \u0440\u0435\u043b\u044c\u0435\u0444<\/td>\n<\/tr>\n<tr>\n<td><strong>\u041f\u0438\u043b\u044c\u043d\u044b\u0439 \u0434\u0438\u0441\u043a<\/strong><\/td>\n<td>\u0434\u043b\u044f \u043a\u0443\u0441\u0442\u0430\u0440\u043d\u0438\u043a\u043e\u0432 \u0438 \u0442\u043e\u043b\u0441\u0442\u044b\u0445 \u0441\u0442\u0435\u0431\u043b\u0435\u0439<\/td>\n<\/tr>\n<\/tbody>\n<\/table>\n<p><img decoding=\"async\" class=\"size-full wp-image-8693 aligncenter\" src=\"https:\/\/sauh.ee\/wp-content\/uploads\/2025\/05\/sauh.ee-akutrimmer-johviga-ja-teraga-1.webp\" alt=\"\" width=\"1000\" height=\"1000\" srcset=\"https:\/\/sauh.ee\/wp-content\/uploads\/2025\/05\/sauh.ee-akutrimmer-johviga-ja-teraga-1.webp 1000w, https:\/\/sauh.ee\/wp-content\/uploads\/2025\/05\/sauh.ee-akutrimmer-johviga-ja-teraga-1-300x300.webp 300w, https:\/\/sauh.ee\/wp-content\/uploads\/2025\/05\/sauh.ee-akutrimmer-johviga-ja-teraga-1-150x150.webp 150w, https:\/\/sauh.ee\/wp-content\/uploads\/2025\/05\/sauh.ee-akutrimmer-johviga-ja-teraga-1-768x768.webp 768w, https:\/\/sauh.ee\/wp-content\/uploads\/2025\/05\/sauh.ee-akutrimmer-johviga-ja-teraga-1-12x12.webp 12w, https:\/\/sauh.ee\/wp-content\/uploads\/2025\/05\/sauh.ee-akutrimmer-johviga-ja-teraga-1-324x324.webp 324w, https:\/\/sauh.ee\/wp-content\/uploads\/2025\/05\/sauh.ee-akutrimmer-johviga-ja-teraga-1-416x416.webp 416w, https:\/\/sauh.ee\/wp-content\/uploads\/2025\/05\/sauh.ee-akutrimmer-johviga-ja-teraga-1-100x100.webp 100w, https:\/\/sauh.ee\/wp-content\/uploads\/2025\/05\/sauh.ee-akutrimmer-johviga-ja-teraga-1-64x64.webp 64w\" sizes=\"(max-width: 1000px) 100vw, 1000px\" \/><\/p>\n<table>\n<thead>\n<tr>\n<th><strong>\u0420\u0435\u0433\u0443\u043b\u0438\u0440\u043e\u0432\u043a\u0430 \u0443\u0433\u043b\u0430 \u0433\u043e\u043b\u043e\u0432\u043a\u0438<\/strong><\/th>\n<th>\u0414\u0430 \u2013 \u0443\u0434\u043e\u0431\u043d\u043e \u0440\u0430\u0431\u043e\u0442\u0430\u0442\u044c \u0432 \u0440\u0430\u0437\u043d\u044b\u0445 \u0443\u0441\u043b\u043e\u0432\u0438\u044f\u0445<\/th>\n<\/tr>\n<\/thead>\n<tbody>\n<tr>\n<td><strong>\u0421\u043e\u0432\u043c\u0435\u0441\u0442\u0438\u043c\u043e\u0441\u0442\u044c \u0430\u043a\u043a\u0443\u043c\u0443\u043b\u044f\u0442\u043e\u0440\u043e\u0432<\/strong><\/td>\n<td>\u041f\u043e\u0434\u0445\u043e\u0434\u0438\u0442 \u0434\u043b\u044f \u0430\u043a\u043a\u0443\u043c\u0443\u043b\u044f\u0442\u043e\u0440\u043e\u0432 Makita \u0441\u0435\u0440\u0438\u0438 B 18\u0412 (\u043d\u0430\u043f\u0440\u0438\u043c\u0435\u0440, BL1830, BL1850 \u0438 \u0442.\u0434.)<\/td>\n<\/tr>\n<tr>\n<td><strong>\u041d\u0435 \u0441\u043e\u0432\u043c\u0435\u0441\u0442\u0438\u043c<\/strong><\/td>\n<td>\u0421 \u0430\u043a\u043a\u0443\u043c\u0443\u043b\u044f\u0442\u043e\u0440\u0430\u043c\u0438 \u0441\u0435\u0440\u0438\u0438 G \u0438 Ni-CD (\u043d\u0430\u043f\u0440\u0438\u043c\u0435\u0440, BL1813G, 1822 \u0438 \u0442.\u0434.)<\/td>\n<\/tr>\n<tr>\n<td><strong>\u0422\u0440\u0430\u043d\u0441\u043f\u043e\u0440\u0442\u0438\u0440\u043e\u0432\u043a\u0430<\/strong><\/td>\n<td>\u0421\u043a\u043b\u0430\u0434\u043d\u043e\u0439 \u2013 \u043b\u0435\u0433\u043a\u043e \u0445\u0440\u0430\u043d\u0438\u0442\u044c \u0438 \u043f\u0435\u0440\u0435\u0432\u043e\u0437\u0438\u0442\u044c<\/td>\n<\/tr>\n<\/tbody>\n<\/table>\n<p>\u0412\u044b\u0431\u0438\u0440\u0430\u044f \u0442\u043e\u043b\u044c\u043a\u043e \u0438\u043d\u0441\u0442\u0440\u0443\u043c\u0435\u043d\u0442: \u0430\u043a\u043a\u0443\u043c\u0443\u043b\u044f\u0442\u043e\u0440\u044b \u0438 \u0434\u0440\u0443\u0433\u0438\u0435 \u0430\u043a\u0441\u0435\u0441\u0441\u0443\u0430\u0440\u044b \u0432 \u043a\u043e\u043c\u043f\u043b\u0435\u043a\u0442 \u043d\u0435 \u0432\u0445\u043e\u0434\u044f\u0442!<\/p>\n<p>\u0412\u044b\u0431\u043e\u0440 + 2 \u0430\u043a\u043a\u0443\u043c\u0443\u043b\u044f\u0442\u043e\u0440\u0430 \u0438 \u0437\u0430\u0440\u044f\u0434\u043d\u043e\u0435 \u0443\u0441\u0442\u0440\u043e\u0439\u0441\u0442\u0432\u043e:\u00a0<a href=\"https:\/\/sauh.ee\/ru\/product\/makita-analoog-aku-komplekt\/\">\u041f\u043e\u0441\u0442\u0430\u0432\u043b\u044f\u0435\u0442\u0441\u044f \u0441 2 \u0430\u043d\u0430\u043b\u043e\u0433\u043e\u0432\u044b\u043c\u0438 \u0430\u043a\u043a\u0443\u043c\u0443\u043b\u044f\u0442\u043e\u0440\u0430\u043c\u0438 Makita \u0438 \u0437\u0430\u0440\u044f\u0434\u043d\u044b\u043c \u0443\u0441\u0442\u0440\u043e\u0439\u0441\u0442\u0432\u043e\u043c.<\/a><\/p>\n<p>\u0422\u0435\u0445\u043d\u0438\u0447\u0435\u0441\u043a\u0438\u0435 \u0434\u0430\u043d\u043d\u044b\u0435 \u0432 \u043a\u043e\u043b\u043e\u043d\u043a\u0435 \u00ab\u0414\u043e\u043f\u043e\u043b\u043d\u0438\u0442\u0435\u043b\u044c\u043d\u0430\u044f \u0438\u043d\u0444\u043e\u0440\u043c\u0430\u0446\u0438\u044f\u00bb.<\/p>","protected":false},"excerpt":{"rendered":"<p>Omadus Kirjeldus Mootor Harjavaba (brushless) mootor 4000 W Vars Pikendatav (113\u2013133 cm), kokkupandav, mugav kaasa v\u00f5tta L\u00f5ikelaius 25 cm T\u00fc\u00fcp Kasutus J\u00f5hv Sobib muru trimmimiseks Metalltera Sobib keerulisele pinnasele ja umbrohu l\u00f5ikeks Lehtsaetera Sobib p\u00f5\u00f5saste ja paksude varte l\u00f5ikamiseks L\u00f5ikepea kaldenurga reguleerimine Jah \u2013 mugav erinevates t\u00f6\u00f6oludes Aku sobivus \u00dchildub Makita 18V B-seeria akudega (nt [&hellip;]<\/p>\n","protected":false},"featured_media":8703,"template":"","meta":[],"product_brand":[],"product_cat":[257,15],"product_tag":[269],"class_list":{"0":"post-8686","1":"product","2":"type-product","3":"status-publish","4":"has-post-thumbnail","6":"product_cat-aia-tooriistad","7":"product_cat-analoog-tooted","8":"product_tag-suvi","10":"first","11":"instock","12":"shipping-taxable","13":"purchasable","14":"product-type-variable"},"_links":{"self":[{"href":"https:\/\/sauh.ee\/ru\/wp-json\/wp\/v2\/product\/8686","targetHints":{"allow":["GET"]}}],"collection":[{"href":"https:\/\/sauh.ee\/ru\/wp-json\/wp\/v2\/product"}],"about":[{"href":"https:\/\/sauh.ee\/ru\/wp-json\/wp\/v2\/types\/product"}],"wp:featuredmedia":[{"embeddable":true,"href":"https:\/\/sauh.ee\/ru\/wp-json\/wp\/v2\/media\/8703"}],"wp:attachment":[{"href":"https:\/\/sauh.ee\/ru\/wp-json\/wp\/v2\/media?parent=8686"}],"wp:term":[{"taxonomy":"product_brand","embeddable":true,"href":"https:\/\/sauh.ee\/ru\/wp-json\/wp\/v2\/product_brand?post=8686"},{"taxonomy":"product_cat","embeddable":true,"href":"https:\/\/sauh.ee\/ru\/wp-json\/wp\/v2\/product_cat?post=8686"},{"taxonomy":"product_tag","embeddable":true,"href":"https:\/\/sauh.ee\/ru\/wp-json\/wp\/v2\/product_tag?post=8686"}],"curies":[{"name":"wp","href":"https:\/\/api.w.org\/{rel}","templated":true}]}}