{"id":8741,"date":"2025-06-20T11:12:54","date_gmt":"2025-06-20T11:12:54","guid":{"rendered":"https:\/\/sauh.ee\/?post_type=product&#038;p=8741"},"modified":"2026-04-06T12:46:43","modified_gmt":"2026-04-06T12:46:43","slug":"5000w-puhas-siinuslaine-inverter-12v-24v-dc-220v-ac","status":"publish","type":"product","link":"https:\/\/sauh.ee\/ru\/product\/5000w-puhas-siinuslaine-inverter-12v-24v-dc-220v-ac\/","title":{"rendered":"\u0418\u043d\u0432\u0435\u0440\u0442\u043e\u0440 5000\u0412\u0442 12\u0412\/24\u0412 \u2192 220\u0412 | \u0427\u0438\u0441\u0442\u0430\u044f \u0441\u0438\u043d\u0443\u0441\u043e\u0438\u0434\u0430"},"content":{"rendered":"<p><img fetchpriority=\"high\" decoding=\"async\" class=\"alignnone size-large wp-image-8746\" src=\"https:\/\/sauh.ee\/wp-content\/uploads\/2025\/06\/sauh.ee-invertor-5000W-2-1.webp\" alt=\"\" width=\"710\" height=\"1024\" srcset=\"https:\/\/sauh.ee\/wp-content\/uploads\/2025\/06\/sauh.ee-invertor-5000W-2-1.webp 951w, https:\/\/sauh.ee\/wp-content\/uploads\/2025\/06\/sauh.ee-invertor-5000W-2-1-208x300.webp 208w, https:\/\/sauh.ee\/wp-content\/uploads\/2025\/06\/sauh.ee-invertor-5000W-2-1-710x1024.webp 710w, https:\/\/sauh.ee\/wp-content\/uploads\/2025\/06\/sauh.ee-invertor-5000W-2-1-768x1108.webp 768w, https:\/\/sauh.ee\/wp-content\/uploads\/2025\/06\/sauh.ee-invertor-5000W-2-1-8x12.webp 8w, https:\/\/sauh.ee\/wp-content\/uploads\/2025\/06\/sauh.ee-invertor-5000W-2-1-416x600.webp 416w, https:\/\/sauh.ee\/wp-content\/uploads\/2025\/06\/sauh.ee-invertor-5000W-2-1-64x92.webp 64w\" sizes=\"(max-width: 710px) 100vw, 710px\" \/><\/p>\n<table>\n<thead>\n<tr>\n<th><strong>\u0425\u0430\u0440\u0430\u043a\u0442\u0435\u0440\u0438\u0441\u0442\u0438\u043a\u0430<\/strong><\/th>\n<th><strong>\u0417\u043d\u0430\u0447\u0435\u043d\u0438\u0435<\/strong><\/th>\n<\/tr>\n<\/thead>\n<tbody>\n<tr>\n<td><strong>\u0412\u0445\u043e\u0434\u043d\u043e\u0435 \u043d\u0430\u043f\u0440\u044f\u0436\u0435\u043d\u0438\u0435<\/strong><\/td>\n<td>DC 12V \/ 24V<\/td>\n<\/tr>\n<tr>\n<td><strong>\u0412\u044b\u0445\u043e\u0434\u043d\u043e\u0435 \u043d\u0430\u043f\u0440\u044f\u0436\u0435\u043d\u0438\u0435<\/strong><\/td>\n<td>AC 220V<\/td>\n<\/tr>\n<tr>\n<td><strong>\u0424\u043e\u0440\u043c\u0430 \u0432\u044b\u0445\u043e\u0434\u043d\u043e\u0433\u043e \u0441\u0438\u0433\u043d\u0430\u043b\u0430<\/strong><\/td>\n<td>\u0427\u0438\u0441\u0442\u0430\u044f \u0441\u0438\u043d\u0443\u0441\u043e\u0438\u0434\u0430<\/td>\n<\/tr>\n<tr>\n<td><strong>\u0427\u0430\u0441\u0442\u043e\u0442\u0430 \u0432\u044b\u0445\u043e\u0434\u043d\u043e\u0433\u043e \u0441\u0438\u0433\u043d\u0430\u043b\u0430<\/strong><\/td>\n<td>50Hz \/ 60Hz<\/td>\n<\/tr>\n<tr>\n<td><strong>\u041d\u043e\u043c\u0438\u043d\u0430\u043b\u044c\u043d\u0430\u044f \u043c\u043e\u0449\u043d\u043e\u0441\u0442\u044c<\/strong><\/td>\n<td>2500 \u0412\u0442<\/td>\n<\/tr>\n<tr>\n<td><strong>\u041f\u0438\u043a\u043e\u0432\u0430\u044f \u043c\u043e\u0449\u043d\u043e\u0441\u0442\u044c<\/strong><\/td>\n<td>5000 \u0412\u0442<\/td>\n<\/tr>\n<tr>\n<td><strong>\u0422\u0438\u043f \u0432\u044b\u0445\u043e\u0434\u0430<\/strong><\/td>\n<td>\u041e\u0434\u0438\u043d\u0430\u0440\u043d\u044b\u0439 (Single)<\/td>\n<\/tr>\n<tr>\n<td><strong>\u0422\u0438\u043f<\/strong><\/td>\n<td>\u0418\u043d\u0432\u0435\u0440\u0442\u043e\u0440 DC\/AC<\/td>\n<\/tr>\n<tr>\n<td><strong>\u0420\u0430\u0437\u043c\u0435\u0440\u044b<\/strong><\/td>\n<td>285 \u00d7 80 \u00d7 180 \u043c\u043c<\/td>\n<\/tr>\n<tr>\n<td><strong>\u0412\u0435\u0441 (\u043c\u043e\u0434\u0435\u043b\u044c 5000 \u0412\u0442)<\/strong><\/td>\n<td>\u043e\u043a\u043e\u043b\u043e 3,5 \u043a\u0433<\/td>\n<\/tr>\n<\/tbody>\n<\/table>\n<p><img decoding=\"async\" class=\"alignnone size-full wp-image-8743\" src=\"https:\/\/sauh.ee\/wp-content\/uploads\/2025\/06\/sauh.ee-invertor-5000W-3.webp\" alt=\"\" width=\"951\" height=\"1007\" srcset=\"https:\/\/sauh.ee\/wp-content\/uploads\/2025\/06\/sauh.ee-invertor-5000W-3.webp 951w, https:\/\/sauh.ee\/wp-content\/uploads\/2025\/06\/sauh.ee-invertor-5000W-3-283x300.webp 283w, https:\/\/sauh.ee\/wp-content\/uploads\/2025\/06\/sauh.ee-invertor-5000W-3-768x813.webp 768w, https:\/\/sauh.ee\/wp-content\/uploads\/2025\/06\/sauh.ee-invertor-5000W-3-11x12.webp 11w, https:\/\/sauh.ee\/wp-content\/uploads\/2025\/06\/sauh.ee-invertor-5000W-3-416x440.webp 416w, https:\/\/sauh.ee\/wp-content\/uploads\/2025\/06\/sauh.ee-invertor-5000W-3-64x68.webp 64w\" sizes=\"(max-width: 951px) 100vw, 951px\" \/><\/p>","protected":false},"excerpt":{"rendered":"<p>Omadus V\u00e4\u00e4rtus Sisendpinge DC 12V \/ 24V V\u00e4ljundpinge AC 220V V\u00e4ljundlainekuju Puhas siinuslaine V\u00e4ljundsagedus 50Hz \/ 60Hz Pidev v\u00f5imsus 2500 W Tippv\u00f5imsus 5000 W V\u00e4ljundt\u00fc\u00fcp \u00dcksik (Single) T\u00fc\u00fcp DC\/AC inverter M\u00f5\u00f5dud 285 \u00d7 80 \u00d7 180 mm Kaal (5000W mudel) ca 3,5 kg<\/p>","protected":false},"featured_media":8748,"template":"","meta":[],"product_brand":[],"product_cat":[46,277,29,47,33,262],"product_tag":[],"class_list":{"0":"post-8741","1":"product","2":"type-product","3":"status-publish","4":"has-post-thumbnail","6":"product_cat-akud","7":"product_cat-autosse","8":"product_cat-akud-ja-laadijad","9":"product_cat-matka-tarbed","10":"product_cat-muu","11":"product_cat-muud-tooriistad","13":"first","14":"instock","15":"shipping-taxable","16":"purchasable","17":"product-type-variable"},"_links":{"self":[{"href":"https:\/\/sauh.ee\/ru\/wp-json\/wp\/v2\/product\/8741","targetHints":{"allow":["GET"]}}],"collection":[{"href":"https:\/\/sauh.ee\/ru\/wp-json\/wp\/v2\/product"}],"about":[{"href":"https:\/\/sauh.ee\/ru\/wp-json\/wp\/v2\/types\/product"}],"wp:featuredmedia":[{"embeddable":true,"href":"https:\/\/sauh.ee\/ru\/wp-json\/wp\/v2\/media\/8748"}],"wp:attachment":[{"href":"https:\/\/sauh.ee\/ru\/wp-json\/wp\/v2\/media?parent=8741"}],"wp:term":[{"taxonomy":"product_brand","embeddable":true,"href":"https:\/\/sauh.ee\/ru\/wp-json\/wp\/v2\/product_brand?post=8741"},{"taxonomy":"product_cat","embeddable":true,"href":"https:\/\/sauh.ee\/ru\/wp-json\/wp\/v2\/product_cat?post=8741"},{"taxonomy":"product_tag","embeddable":true,"href":"https:\/\/sauh.ee\/ru\/wp-json\/wp\/v2\/product_tag?post=8741"}],"curies":[{"name":"wp","href":"https:\/\/api.w.org\/{rel}","templated":true}]}}