{"id":8750,"date":"2025-06-20T12:57:22","date_gmt":"2025-06-20T12:57:22","guid":{"rendered":"https:\/\/sauh.ee\/?post_type=product&#038;p=8750"},"modified":"2026-04-13T19:01:28","modified_gmt":"2026-04-13T19:01:28","slug":"ulafrees-servafrees","status":"publish","type":"product","link":"https:\/\/sauh.ee\/ru\/product\/ulafrees-servafrees\/","title":{"rendered":"\u0410\u043a\u043a\u0443\u043c\u0443\u043b\u044f\u0442\u043e\u0440\u043d\u044b\u0439 \u0444\u0440\u0435\u0437\u0435\u0440 \/ \u0432\u0435\u0440\u0445\u043d\u044f\u044f \u0438 \u043a\u043e\u043d\u0446\u0435\u0432\u0430\u044f \u0444\u0440\u0435\u0437\u0430"},"content":{"rendered":"<p><img fetchpriority=\"high\" decoding=\"async\" class=\"size-full wp-image-8755 aligncenter\" src=\"https:\/\/sauh.ee\/wp-content\/uploads\/2025\/06\/sauh.ee-Ulafrees-servafrees-4-3.webp\" alt=\"\" width=\"1001\" height=\"1000\" srcset=\"https:\/\/sauh.ee\/wp-content\/uploads\/2025\/06\/sauh.ee-Ulafrees-servafrees-4-3.webp 1001w, https:\/\/sauh.ee\/wp-content\/uploads\/2025\/06\/sauh.ee-Ulafrees-servafrees-4-3-300x300.webp 300w, https:\/\/sauh.ee\/wp-content\/uploads\/2025\/06\/sauh.ee-Ulafrees-servafrees-4-3-150x150.webp 150w, https:\/\/sauh.ee\/wp-content\/uploads\/2025\/06\/sauh.ee-Ulafrees-servafrees-4-3-768x767.webp 768w, https:\/\/sauh.ee\/wp-content\/uploads\/2025\/06\/sauh.ee-Ulafrees-servafrees-4-3-12x12.webp 12w, https:\/\/sauh.ee\/wp-content\/uploads\/2025\/06\/sauh.ee-Ulafrees-servafrees-4-3-324x324.webp 324w, https:\/\/sauh.ee\/wp-content\/uploads\/2025\/06\/sauh.ee-Ulafrees-servafrees-4-3-416x416.webp 416w, https:\/\/sauh.ee\/wp-content\/uploads\/2025\/06\/sauh.ee-Ulafrees-servafrees-4-3-100x100.webp 100w, https:\/\/sauh.ee\/wp-content\/uploads\/2025\/06\/sauh.ee-Ulafrees-servafrees-4-3-64x64.webp 64w\" sizes=\"(max-width: 1001px) 100vw, 1001px\" \/><\/p>\n<table>\n<thead>\n<tr>\n<th><strong>\u0425\u0430\u0440\u0430\u043a\u0442\u0435\u0440\u0438\u0441\u0442\u0438\u043a\u0430<\/strong><\/th>\n<th><strong>\u0417\u043d\u0430\u0447\u0435\u043d\u0438\u0435<\/strong><\/th>\n<\/tr>\n<\/thead>\n<tbody>\n<tr>\n<td><strong>\u041d\u0430\u0437\u0432\u0430\u043d\u0438\u0435<\/strong><\/td>\n<td>\u0410\u043a\u043a\u0443\u043c\u0443\u043b\u044f\u0442\u043e\u0440\u043d\u044b\u0439 \u0431\u0435\u0441\u0449\u0451\u0442\u043e\u0447\u043d\u044b\u0439 \u0444\u0440\u0435\u0437\u0435\u0440<\/td>\n<\/tr>\n<tr>\n<td><strong>\u0422\u0438\u043f \u043f\u0438\u0442\u0430\u043d\u0438\u044f<\/strong><\/td>\n<td>\u0410\u043a\u043a\u0443\u043c\u0443\u043b\u044f\u0442\u043e\u0440 (\u0432 \u043a\u043e\u043c\u043f\u043b\u0435\u043a\u0442 \u043d\u0435 \u0432\u0445\u043e\u0434\u0438\u0442)<\/td>\n<\/tr>\n<tr>\n<td><strong>\u0421\u043e\u0432\u043c\u0435\u0441\u0442\u0438\u043c\u043e\u0441\u0442\u044c \u0430\u043a\u043a\u0443\u043c\u0443\u043b\u044f\u0442\u043e\u0440\u0430<\/strong><\/td>\n<td>\u041c\u0430\u043a\u0438\u0442\u0430 18\u0412 (\u0441\u0435\u0440\u0438\u044f B, \u043d\u0430\u043f\u0440\u0438\u043c\u0435\u0440 BL1850B \u0438 \u0434\u0440.)<\/td>\n<\/tr>\n<tr>\n<td><strong>\u041d\u0435\u0441\u043e\u0432\u043c\u0435\u0441\u0442\u0438\u043c\u044b\u0435 \u0430\u043a\u043a\u0443\u043c\u0443\u043b\u044f\u0442\u043e\u0440\u044b<\/strong><\/td>\n<td>\u0421\u0435\u0440\u0438\u044f G \u0438 Ni-CD (\u043d\u0430\u043f\u0440\u0438\u043c\u0435\u0440, BL1813G, 1822 \u0438 \u0434\u0440.)<\/td>\n<\/tr>\n<tr>\n<td><strong>\u0422\u0438\u043f \u0434\u0432\u0438\u0433\u0430\u0442\u0435\u043b\u044f<\/strong><\/td>\n<td>\u0411\u0435\u0441\u0449\u0451\u0442\u043e\u0447\u043d\u044b\u0439<\/td>\n<\/tr>\n<tr>\n<td><strong>\u041c\u0430\u0442\u0435\u0440\u0438\u0430\u043b\u044b \u043a\u043e\u0440\u043f\u0443\u0441\u0430<\/strong><\/td>\n<td>ABS-\u043f\u043b\u0430\u0441\u0442\u0438\u043a, \u043c\u0435\u0442\u0430\u043b\u043b<\/td>\n<\/tr>\n<tr>\n<td><strong>\u0414\u0438\u0430\u043c\u0435\u0442\u0440 \u0446\u0430\u043d\u0433\u0438<\/strong><\/td>\n<td>6 \u043c\u043c \/ 6,35 \u043c\u043c \/ 8 \u043c\u043c<\/td>\n<\/tr>\n<tr>\n<td><strong>\u0420\u0435\u0433\u0443\u043b\u0438\u0440\u043e\u0432\u043a\u0430 \u0441\u043a\u043e\u0440\u043e\u0441\u0442\u0435\u0439<\/strong><\/td>\n<td>5 \u0443\u0440\u043e\u0432\u043d\u0435\u0439<\/td>\n<\/tr>\n<tr>\n<td><strong>\u041e\u0431\u043e\u0440\u043e\u0442\u044b \u0431\u0435\u0437 \u043d\u0430\u0433\u0440\u0443\u0437\u043a\u0438<\/strong><\/td>\n<td>10 000 \u2013 30 000 \u043e\u0431\/\u043c\u0438\u043d<\/td>\n<\/tr>\n<tr>\n<td><strong>\u0427\u0430\u0441\u0442\u043e\u0442\u0430<\/strong><\/td>\n<td>50 \/ 60 \u0413\u0446<\/td>\n<\/tr>\n<tr>\n<td><strong>\u0421\u043a\u043e\u0440\u043e\u0441\u0442\u044c \u0431\u0435\u0437 \u043d\u0430\u0433\u0440\u0443\u0437\u043a\u0438 (\u0440\u0435\u0436\u0438\u043c\u044b)<\/strong><\/td>\n<td>0\u2013750 \/ 0\u20131550 \u043e\u0431\/\u043c\u0438\u043d<\/td>\n<\/tr>\n<\/tbody>\n<\/table>\n<p><iframe title=\"sauh.ee Aku \u00dclafrees - servafrees\" width=\"980\" height=\"551\" src=\"https:\/\/www.youtube.com\/embed\/kOcjIZC4xcQ?feature=oembed\" frameborder=\"0\" allow=\"accelerometer; autoplay; clipboard-write; encrypted-media; gyroscope; picture-in-picture; web-share\" referrerpolicy=\"strict-origin-when-cross-origin\" allowfullscreen><\/iframe><\/p>","protected":false},"excerpt":{"rendered":"<p>Omadus V\u00e4\u00e4rtus Tootenimi Akutoitel Harjavaba \u00dclafrees Toiteallikas Aku (ei kuulu komplekti) Aku\u00fchilduvus Makita 18V B-seeria (nt BL1850B, BL1840B jne) Ebasobivad akud G-seeria ja Ni-CD (nt BL1813G, 1822 jne) Mootori t\u00fc\u00fcp Harjavaba Korpuse materjal ABS-plastik ja metall Padruni l\u00e4bim\u00f5\u00f5t 6 mm \/ 6,35 mm \/ 8 mm Kiiruse seadistus 5 astet T\u00fchik\u00e4igu p\u00f6\u00f6rded 10 000 \u2013 [&hellip;]<\/p>\n","protected":false},"featured_media":9117,"template":"","meta":[],"product_brand":[],"product_cat":[263,15],"product_tag":[],"class_list":{"0":"post-8750","1":"product","2":"type-product","3":"status-publish","4":"has-post-thumbnail","6":"product_cat-lihvimis-ja-loikeriistad","7":"product_cat-analoog-tooted","9":"first","10":"onbackorder","11":"shipping-taxable","12":"purchasable","13":"product-type-simple"},"_links":{"self":[{"href":"https:\/\/sauh.ee\/ru\/wp-json\/wp\/v2\/product\/8750","targetHints":{"allow":["GET"]}}],"collection":[{"href":"https:\/\/sauh.ee\/ru\/wp-json\/wp\/v2\/product"}],"about":[{"href":"https:\/\/sauh.ee\/ru\/wp-json\/wp\/v2\/types\/product"}],"wp:featuredmedia":[{"embeddable":true,"href":"https:\/\/sauh.ee\/ru\/wp-json\/wp\/v2\/media\/9117"}],"wp:attachment":[{"href":"https:\/\/sauh.ee\/ru\/wp-json\/wp\/v2\/media?parent=8750"}],"wp:term":[{"taxonomy":"product_brand","embeddable":true,"href":"https:\/\/sauh.ee\/ru\/wp-json\/wp\/v2\/product_brand?post=8750"},{"taxonomy":"product_cat","embeddable":true,"href":"https:\/\/sauh.ee\/ru\/wp-json\/wp\/v2\/product_cat?post=8750"},{"taxonomy":"product_tag","embeddable":true,"href":"https:\/\/sauh.ee\/ru\/wp-json\/wp\/v2\/product_tag?post=8750"}],"curies":[{"name":"wp","href":"https:\/\/api.w.org\/{rel}","templated":true}]}}