{"id":8782,"date":"2025-07-03T15:11:37","date_gmt":"2025-07-03T15:11:37","guid":{"rendered":"https:\/\/sauh.ee\/?post_type=product&#038;p=8782"},"modified":"2026-04-21T08:29:48","modified_gmt":"2026-04-21T08:29:48","slug":"aku-poldikeeraja-1000nm","status":"publish","type":"product","link":"https:\/\/sauh.ee\/ru\/product\/aku-poldikeeraja-1000nm\/","title":{"rendered":"\u0410\u043a\u043a\u0443\u043c\u0443\u043b\u044f\u0442\u043e\u0440\u043d\u044b\u0439 \u0433\u0430\u0439\u043a\u043e\u0432\u0435\u0440\u0442 1000 \u041d\u043c"},"content":{"rendered":"<p>\u041c\u043e\u0449\u043d\u044b\u0439 \u0430\u043a\u043a\u0443\u043c\u0443\u043b\u044f\u0442\u043e\u0440\u043d\u044b\u0439 \u0433\u0430\u0439\u043a\u043e\u0432\u0435\u0440\u0442, \u0430\u043a\u043a\u0443\u043c\u0443\u043b\u044f\u0442\u043e\u0440\u043d\u044b\u0439 \u0433\u0430\u0435\u0447\u043d\u044b\u0439 \u043a\u043b\u044e\u0447, \u0430\u043a\u043a\u0443\u043c\u0443\u043b\u044f\u0442\u043e\u0440\u043d\u044b\u0439 \u0443\u0434\u0430\u0440\u043d\u044b\u0439 \u0433\u0430\u0439\u043a\u043e\u0432\u0435\u0440\u0442.<\/p>\n<p><iframe title=\"sauh.eu \u0410\u043a\u043a\u0443\u043c\u0443\u043b\u044f\u0442\u043e\u0440\u043d\u044b\u0439 \u0431\u043e\u043b\u0442\u043e\u0432\u0435\u0440\u0442 1000 \u041d\u043c\" width=\"980\" height=\"551\" src=\"https:\/\/www.youtube.com\/embed\/xiRHlLJFDbc?feature=oembed\" frameborder=\"0\" allow=\"accelerometer; autoplay; clipboard-write; encrypted-media; gyroscope; picture-in-picture; web-share\" referrerpolicy=\"strict-origin-when-cross-origin\" allowfullscreen><\/iframe><\/p>\n<table>\n<thead>\n<tr>\n<th><strong>\u0425\u0430\u0440\u0430\u043a\u0442\u0435\u0440\u0438\u0441\u0442\u0438\u043a\u0430<\/strong><\/th>\n<th><strong>\u041e\u043f\u0438\u0441\u0430\u043d\u0438\u0435<\/strong><\/th>\n<\/tr>\n<\/thead>\n<tbody>\n<tr>\n<td><strong>\u041c\u0430\u043a\u0441\u0438\u043c\u0430\u043b\u044c\u043d\u0430\u044f \u043c\u043e\u0449\u043d\u043e\u0441\u0442\u044c<\/strong><\/td>\n<td>1500 \u0412\u0442<\/td>\n<\/tr>\n<tr>\n<td><strong>\u0421\u0442\u0430\u043d\u0434\u0430\u0440\u0442\u043d\u0430\u044f \u043d\u0430\u0433\u0440\u0443\u0437\u043a\u0430 \u043d\u0430 \u0431\u043e\u043b\u0442<\/strong><\/td>\n<td>M10\u2013M24 (3\/8&#8243;\u20131&#8243;)<\/td>\n<\/tr>\n<tr>\n<td><strong>\u041d\u0430\u0442\u044f\u0436\u043d\u0430\u044f \u0441\u043f\u043e\u0441\u043e\u0431\u043d\u043e\u0441\u0442\u044c \u0432\u044b\u0441\u043e\u043a\u043e\u043d\u0430\u0442\u044f\u0436\u043d\u043e\u0433\u043e \u0431\u043e\u043b\u0442\u0430<\/strong><\/td>\n<td>M12\u2013M16 (1\/2&#8243;\u20135\/8&#8243;)<\/td>\n<\/tr>\n<tr>\n<td><strong>\u0427\u0435\u0442\u044b\u0440\u0435\u0445\u0433\u0440\u0430\u043d\u043d\u044b\u0439 \u043f\u0430\u0442\u0440\u043e\u043d<\/strong><\/td>\n<td>12,7 \u043c\u043c (1\/2\u2033)<\/td>\n<\/tr>\n<tr>\n<td><strong>\u0421\u043a\u043e\u0440\u043e\u0441\u0442\u044c \u0445\u043e\u043b\u043e\u0441\u0442\u043e\u0433\u043e \u0445\u043e\u0434\u0430<\/strong><\/td>\n<td>0\u20137200 \u043e\u0431\/\u043c\u0438\u043d<\/td>\n<\/tr>\n<tr>\n<td><strong>\u0427\u0430\u0441\u0442\u043e\u0442\u0430 \u0443\u0434\u0430\u0440\u043e\u0432<\/strong><\/td>\n<td>0\u20137700 \u0443\u0434\u0430\u0440\u043e\u0432\/\u043c\u0438\u043d (IPM)<\/td>\n<\/tr>\n<tr>\n<td><strong>\u041c\u0430\u043a\u0441\u0438\u043c\u0430\u043b\u044c\u043d\u044b\u0439 \u043a\u0440\u0443\u0442\u044f\u0449\u0438\u0439 \u043c\u043e\u043c\u0435\u043d\u0442<\/strong><\/td>\n<td>1000 \u041d\u043c<\/td>\n<\/tr>\n<tr>\n<td><strong>\u041f\u0435\u0440\u0435\u0434\u0430\u0447\u0438<\/strong><\/td>\n<td>3<\/td>\n<\/tr>\n<tr>\n<td><strong>\u0422\u0438\u043f \u043f\u0440\u0438\u0432\u043e\u0434\u0430<\/strong><\/td>\n<td>\u041a\u0432\u0430\u0434\u0440\u0430\u0442\u043d\u044b\u0439 \u043a\u043b\u044e\u0447 1\/2\u2033<\/td>\n<\/tr>\n<tr>\n<td><strong>\u041f\u043e\u0434\u0445\u043e\u0434\u044f\u0449\u0438\u0435 \u0430\u043a\u043a\u0443\u043c\u0443\u043b\u044f\u0442\u043e\u0440\u044b<\/strong><\/td>\n<td>18V \u0441\u0435\u0440\u0438\u044f \u041c\u0430\u043a\u0438\u0442\u0430 B: BL1850B, BL1840B, BL1830B, BL1820B, BL1430B \u0438 \u0442. \u0434.<\/td>\n<\/tr>\n<tr>\n<td><strong>\u041d\u0435\u043f\u043e\u0434\u0445\u043e\u0434\u044f\u0449\u0438\u0435 \u0430\u043a\u043a\u0443\u043c\u0443\u043b\u044f\u0442\u043e\u0440\u044b<\/strong><\/td>\n<td>\u0421\u0435\u0440\u0438\u044f G: BL1813G, BL1413G, BL1430G, BL1815G; 18 \u0412 Ni-CD: 1822<\/td>\n<\/tr>\n<tr>\n<td><strong>\u0420\u0435\u043a\u043e\u043c\u0435\u043d\u0434\u0443\u0435\u043c\u0430\u044f \u0435\u043c\u043a\u043e\u0441\u0442\u044c \u0430\u043a\u043a\u0443\u043c\u0443\u043b\u044f\u0442\u043e\u0440\u0430<\/strong><\/td>\n<td>\u041e\u0442 2,0 \u0410\u0447<\/td>\n<\/tr>\n<tr>\n<td><strong>\u041c\u043e\u0442\u043e\u0440<\/strong><\/td>\n<td>\u0411\u0435\u0437\u0449\u0435\u0442\u043e\u0447\u043d\u044b\u0439 (brushless)<\/td>\n<\/tr>\n<tr>\n<td><strong>\u0412\u0430\u043b<\/strong><\/td>\n<td>\u0412\u043e\u043b\u044c\u0444\u0440\u0430\u043c\u043e\u0432\u0430\u044f \u0441\u0442\u0430\u043b\u044c \u2013 \u0432\u044b\u0441\u043e\u043a\u0430\u044f \u0438\u0437\u043d\u043e\u0441\u043e\u0441\u0442\u043e\u0439\u043a\u043e\u0441\u0442\u044c<\/td>\n<\/tr>\n<tr>\n<td><strong>\u0421\u0432\u0435\u0442\u0438\u043b\u044c\u043d\u0438\u043a\u0438<\/strong><\/td>\n<td>\u0421\u0432\u0435\u0442\u043e\u0434\u0438\u043e\u0434\u043d\u0430\u044f \u0440\u0430\u0431\u043e\u0447\u0430\u044f \u043f\u043e\u0434\u0441\u0432\u0435\u0442\u043a\u0430<\/td>\n<\/tr>\n<\/tbody>\n<\/table>\n<p>\u0412\u044b\u0431\u0438\u0440\u0430\u044f \u0442\u043e\u043b\u044c\u043a\u043e \u0438\u043d\u0441\u0442\u0440\u0443\u043c\u0435\u043d\u0442: \u0430\u043a\u043a\u0443\u043c\u0443\u043b\u044f\u0442\u043e\u0440\u044b \u0438 \u0434\u0440\u0443\u0433\u0438\u0435 \u0430\u043a\u0441\u0435\u0441\u0441\u0443\u0430\u0440\u044b \u0432 \u043a\u043e\u043c\u043f\u043b\u0435\u043a\u0442 \u043d\u0435 \u0432\u0445\u043e\u0434\u044f\u0442!<\/p>\n<p>\u0412\u044b\u0431\u043e\u0440 + 2 \u0430\u043a\u043a\u0443\u043c\u0443\u043b\u044f\u0442\u043e\u0440\u0430 \u0438 \u0437\u0430\u0440\u044f\u0434\u043d\u043e\u0435 \u0443\u0441\u0442\u0440\u043e\u0439\u0441\u0442\u0432\u043e:\u00a0<a href=\"https:\/\/sauh.ee\/ru\/product\/aku-komplekt-analoog-tooriistadele-388vf\/\">\u0412 \u043a\u043e\u043c\u043f\u043b\u0435\u043a\u0442 \u0432\u0445\u043e\u0434\u044f\u0442 2 \u0430\u043a\u043a\u0443\u043c\u0443\u043b\u044f\u0442\u043e\u0440\u0430 \u0438 \u0437\u0430\u0440\u044f\u0434\u043d\u043e\u0435 \u0443\u0441\u0442\u0440\u043e\u0439\u0441\u0442\u0432\u043e.<\/a><\/p>\n<p><iframe title=\"sauh.ee \u042d\u043b\u0435\u043a\u0442\u0440\u0438\u0447\u0435\u0441\u043a\u0438\u0439 \u0434\u043e\u043c\u043a\u0440\u0430\u0442 5T \u0438 \u043a\u043e\u043c\u043f\u0440\u0435\u0441\u0441\u043e\u0440 + \u0430\u043a\u043a\u0443\u043c\u0443\u043b\u044f\u0442\u043e\u0440\u043d\u044b\u0439 \u0431\u043e\u043b\u0442\u043e\u0432\u0435\u0440\u0442 1000 \u041d\u043c -  \u0434\u043e\u043c\u043a\u0440\u0430\u0442 5T\" width=\"980\" height=\"551\" src=\"https:\/\/www.youtube.com\/embed\/5_mZou3Hen8?feature=oembed\" frameborder=\"0\" allow=\"accelerometer; autoplay; clipboard-write; encrypted-media; gyroscope; picture-in-picture; web-share\" referrerpolicy=\"strict-origin-when-cross-origin\" allowfullscreen><\/iframe><\/p>","protected":false},"excerpt":{"rendered":"<p>V\u00f5imas akupoldikeeraja, aku mutriv\u00f5ti, akul\u00f6\u00f6kmutrikeeraja. Omadus Kirjeldus Maksimaalne v\u00f5imsus 1500 W Standardse poldi pingutusv\u00f5ime M10\u2013M24 (3\/8&#8243;\u20131&#8243;) K\u00f5rgpingutuspoldi pingutusv\u00f5ime M12\u2013M16 (1\/2&#8243;\u20135\/8&#8243;) Nelikantpadrun 12,7 mm (1\/2&#8243;) T\u00fchik\u00e4igu kiirus 0\u20137200 p\/min L\u00f6\u00f6kide sagedus 0\u20137700 l\u00f6\u00f6ki\/min (IPM) Maksimaalne p\u00f6\u00f6rdemoment 1000 Nm K\u00e4ike 3 Ajami t\u00fc\u00fcp Ruutajam 1\/2&#8243; Sobivad akud 18V Makita B-seeria: BL1850B, BL1840B, BL1830B, BL1820B, BL1430B jne Mittesobivad [&hellip;]<\/p>\n","protected":false},"featured_media":8786,"template":"","meta":[],"product_brand":[],"product_cat":[277,15,50],"product_tag":[],"class_list":{"0":"post-8782","1":"product","2":"type-product","3":"status-publish","4":"has-post-thumbnail","6":"product_cat-autosse","7":"product_cat-analoog-tooted","8":"product_cat-trellid","10":"first","11":"instock","12":"shipping-taxable","13":"purchasable","14":"product-type-variable"},"_links":{"self":[{"href":"https:\/\/sauh.ee\/ru\/wp-json\/wp\/v2\/product\/8782","targetHints":{"allow":["GET"]}}],"collection":[{"href":"https:\/\/sauh.ee\/ru\/wp-json\/wp\/v2\/product"}],"about":[{"href":"https:\/\/sauh.ee\/ru\/wp-json\/wp\/v2\/types\/product"}],"wp:featuredmedia":[{"embeddable":true,"href":"https:\/\/sauh.ee\/ru\/wp-json\/wp\/v2\/media\/8786"}],"wp:attachment":[{"href":"https:\/\/sauh.ee\/ru\/wp-json\/wp\/v2\/media?parent=8782"}],"wp:term":[{"taxonomy":"product_brand","embeddable":true,"href":"https:\/\/sauh.ee\/ru\/wp-json\/wp\/v2\/product_brand?post=8782"},{"taxonomy":"product_cat","embeddable":true,"href":"https:\/\/sauh.ee\/ru\/wp-json\/wp\/v2\/product_cat?post=8782"},{"taxonomy":"product_tag","embeddable":true,"href":"https:\/\/sauh.ee\/ru\/wp-json\/wp\/v2\/product_tag?post=8782"}],"curies":[{"name":"wp","href":"https:\/\/api.w.org\/{rel}","templated":true}]}}