{"id":8794,"date":"2025-07-05T16:33:08","date_gmt":"2025-07-05T16:33:08","guid":{"rendered":"https:\/\/sauh.ee\/?post_type=product&#038;p=8794"},"modified":"2025-11-01T14:25:09","modified_gmt":"2025-11-01T14:25:09","slug":"keermetooriistade-komplekt","status":"publish","type":"product","link":"https:\/\/sauh.ee\/ru\/product\/keermetooriistade-komplekt\/","title":{"rendered":"\u041d\u0430\u0431\u043e\u0440 \u0434\u043b\u044f \u0432\u043e\u0441\u0441\u0442\u0430\u043d\u043e\u0432\u043b\u0435\u043d\u0438\u044f \u0440\u0435\u0437\u044c\u0431\u044b"},"content":{"rendered":"<p>\u041f\u0440\u043e\u0444\u0435\u0441\u0441\u0438\u043e\u043d\u0430\u043b\u044c\u043d\u044b\u0439 \u043d\u0430\u0431\u043e\u0440 \u0438\u0437 131 \u043f\u0440\u0435\u0434\u043c\u0435\u0442\u0430 \u0434\u043b\u044f \u0432\u043e\u0441\u0441\u0442\u0430\u043d\u043e\u0432\u043b\u0435\u043d\u0438\u044f \u043f\u043e\u0432\u0440\u0435\u0436\u0434\u0451\u043d\u043d\u043e\u0439 \u0438\u043b\u0438 \u0438\u0437\u043d\u043e\u0448\u0435\u043d\u043d\u043e\u0439 \u0440\u0435\u0437\u044c\u0431\u044b. \u0418\u0434\u0435\u0430\u043b\u044c\u043d\u043e \u043f\u043e\u0434\u0445\u043e\u0434\u0438\u0442 \u0434\u043b\u044f \u0440\u0435\u043c\u043e\u043d\u0442\u0430 \u0440\u0435\u0437\u044c\u0431\u044b \u0432 \u0430\u0432\u0442\u043e\u043c\u043e\u0431\u0438\u043b\u044c\u043d\u044b\u0445 \u0434\u0435\u0442\u0430\u043b\u044f\u0445. \u0418\u0437\u0433\u043e\u0442\u043e\u0432\u043b\u0435\u043d \u0438\u0437 \u043f\u0440\u043e\u0447\u043d\u043e\u0439 \u043f\u043e\u0434\u0448\u0438\u043f\u043d\u0438\u043a\u043e\u0432\u043e\u0439 \u0441\u0442\u0430\u043b\u0438 \u0438 \u043f\u043b\u0430\u0441\u0442\u0438\u043a\u0430. \u041c\u043d\u043e\u0433\u043e\u0444\u0443\u043d\u043a\u0446\u0438\u043e\u043d\u0430\u043b\u044c\u043d\u044b\u0435 \u0438\u043d\u0441\u0442\u0440\u0443\u043c\u0435\u043d\u0442\u044b \u0441 \u043f\u0440\u043e\u0442\u0438\u0432\u043e\u0441\u043a\u043e\u043b\u044c\u0437\u044f\u0449\u0438\u043c \u043f\u043e\u043a\u0440\u044b\u0442\u0438\u0435\u043c \u043e\u0431\u0435\u0441\u043f\u0435\u0447\u0438\u0432\u0430\u044e\u0442 \u0442\u043e\u0447\u043d\u0443\u044e \u0438 \u0443\u0434\u043e\u0431\u043d\u0443\u044e \u0440\u0430\u0431\u043e\u0442\u0443.<\/p>\n<p data-start=\"502\" data-end=\"525\"><strong data-start=\"502\" data-end=\"523\"><img fetchpriority=\"high\" decoding=\"async\" class=\"size-large wp-image-8796 aligncenter\" src=\"https:\/\/sauh.ee\/wp-content\/uploads\/2025\/07\/sauh.ee-Keermetooriistade-Komplekt-2-1-1024x768.webp\" alt=\"\" width=\"980\" height=\"735\" srcset=\"https:\/\/sauh.ee\/wp-content\/uploads\/2025\/07\/sauh.ee-Keermetooriistade-Komplekt-2-1-1024x768.webp 1024w, https:\/\/sauh.ee\/wp-content\/uploads\/2025\/07\/sauh.ee-Keermetooriistade-Komplekt-2-1-300x225.webp 300w, https:\/\/sauh.ee\/wp-content\/uploads\/2025\/07\/sauh.ee-Keermetooriistade-Komplekt-2-1-768x576.webp 768w, https:\/\/sauh.ee\/wp-content\/uploads\/2025\/07\/sauh.ee-Keermetooriistade-Komplekt-2-1-16x12.webp 16w, https:\/\/sauh.ee\/wp-content\/uploads\/2025\/07\/sauh.ee-Keermetooriistade-Komplekt-2-1-416x312.webp 416w, https:\/\/sauh.ee\/wp-content\/uploads\/2025\/07\/sauh.ee-Keermetooriistade-Komplekt-2-1-64x48.webp 64w, https:\/\/sauh.ee\/wp-content\/uploads\/2025\/07\/sauh.ee-Keermetooriistade-Komplekt-2-1.webp 1184w\" sizes=\"(max-width: 980px) 100vw, 980px\" \/><\/strong><\/p>\n<p data-start=\"502\" data-end=\"525\"><strong data-start=\"502\" data-end=\"523\">\u0412 \u043a\u043e\u043c\u043f\u043b\u0435\u043a\u0442 \u0432\u0445\u043e\u0434\u0438\u0442:<\/strong><\/p>\n<ul data-start=\"526\" data-end=\"776\">\n<li data-start=\"526\" data-end=\"552\">\n<p data-start=\"528\" data-end=\"552\">5 \u00d7 \u0438\u043d\u0441\u0442\u0440\u0443\u043c\u0435\u043d\u0442\u0430 \u0434\u043b\u044f \u0443\u0441\u0442\u0430\u043d\u043e\u0432\u043a\u0438<\/p>\n<\/li>\n<li data-start=\"553\" data-end=\"586\">\n<p data-start=\"555\" data-end=\"586\">5 \u00d7 \u0438\u043d\u0441\u0442\u0440\u0443\u043c\u0435\u043d\u0442\u0430 \u0434\u043b\u044f \u0438\u0437\u0432\u043b\u0435\u0447\u0435\u043d\u0438\u044f \u0441\u043b\u043e\u043c\u0430\u043d\u043d\u044b\u0445 \u0448\u0442\u0438\u0444\u0442\u043e\u0432<\/p>\n<\/li>\n<li data-start=\"587\" data-end=\"605\">\n<p data-start=\"589\" data-end=\"605\">5 \u00d7 \u0441\u043f\u0438\u0440\u0430\u043b\u044c\u043d\u044b\u0445 \u0441\u0432\u0435\u0440\u043b<\/p>\n<\/li>\n<li data-start=\"606\" data-end=\"626\">\n<p data-start=\"608\" data-end=\"626\">1 \u00d7 \u0448\u0435\u0441\u0442\u0438\u0433\u0440\u0430\u043d\u043d\u044b\u0439 \u043a\u043b\u044e\u0447<\/p>\n<\/li>\n<li data-start=\"627\" data-end=\"649\">\n<p data-start=\"629\" data-end=\"649\">5 \u00d7 \u043c\u0435\u0442\u0447\u0438\u043a\u043e\u0432<\/p>\n<\/li>\n<li data-start=\"650\" data-end=\"776\">\n<p data-start=\"652\" data-end=\"672\">110 \u00d7 \u0440\u0435\u0437\u044c\u0431\u043e\u0432\u044b\u0445 \u0432\u0441\u0442\u0430\u0432\u043e\u043a:<\/p>\n<ul data-start=\"675\" data-end=\"776\">\n<li data-start=\"675\" data-end=\"692\">\n<p data-start=\"677\" data-end=\"692\">25 \u00d7 M5 \u00d7 0.8<\/p>\n<\/li>\n<li data-start=\"695\" data-end=\"712\">\n<p data-start=\"697\" data-end=\"712\">25 \u00d7 M6 \u00d7 1.0<\/p>\n<\/li>\n<li data-start=\"715\" data-end=\"733\">\n<p data-start=\"717\" data-end=\"733\">25 \u00d7 M8 \u00d7 1.25<\/p>\n<\/li>\n<li data-start=\"736\" data-end=\"754\">\n<p data-start=\"738\" data-end=\"754\">25 \u00d7 M10 \u00d7 1.5<\/p>\n<\/li>\n<li data-start=\"757\" data-end=\"776\">\n<p data-start=\"759\" data-end=\"776\">10 \u00d7 M12 \u00d7 1.75<\/p>\n<\/li>\n<\/ul>\n<\/li>\n<\/ul>\n<p><img decoding=\"async\" class=\"size-full wp-image-8803 aligncenter\" src=\"https:\/\/sauh.ee\/wp-content\/uploads\/2025\/07\/sauh.ee-Keermetooriistade-Komplekt-5.webp\" alt=\"\" width=\"1000\" height=\"1000\" srcset=\"https:\/\/sauh.ee\/wp-content\/uploads\/2025\/07\/sauh.ee-Keermetooriistade-Komplekt-5.webp 1000w, https:\/\/sauh.ee\/wp-content\/uploads\/2025\/07\/sauh.ee-Keermetooriistade-Komplekt-5-300x300.webp 300w, https:\/\/sauh.ee\/wp-content\/uploads\/2025\/07\/sauh.ee-Keermetooriistade-Komplekt-5-150x150.webp 150w, https:\/\/sauh.ee\/wp-content\/uploads\/2025\/07\/sauh.ee-Keermetooriistade-Komplekt-5-768x768.webp 768w, https:\/\/sauh.ee\/wp-content\/uploads\/2025\/07\/sauh.ee-Keermetooriistade-Komplekt-5-12x12.webp 12w, https:\/\/sauh.ee\/wp-content\/uploads\/2025\/07\/sauh.ee-Keermetooriistade-Komplekt-5-324x324.webp 324w, https:\/\/sauh.ee\/wp-content\/uploads\/2025\/07\/sauh.ee-Keermetooriistade-Komplekt-5-416x416.webp 416w, https:\/\/sauh.ee\/wp-content\/uploads\/2025\/07\/sauh.ee-Keermetooriistade-Komplekt-5-100x100.webp 100w, https:\/\/sauh.ee\/wp-content\/uploads\/2025\/07\/sauh.ee-Keermetooriistade-Komplekt-5-64x64.webp 64w\" sizes=\"(max-width: 1000px) 100vw, 1000px\" \/><\/p>\n<p>&nbsp;<\/p>","protected":false},"excerpt":{"rendered":"<p>Kvaliteetne 131-osaline keermet\u00f6\u00f6riistade komplekt, mis sobib ideaalselt auto keermete taastamiseks ja parandust\u00f6\u00f6deks. Valmistatud vastupidavast laagriterasest ja plastist. Komplektis sisalduvad t\u00f6\u00f6riistad katkenud v\u00f5i kahjustatud keermete taastamiseks ning uute keermepesade paigaldamiseks. Libisemisvastased ja mitmeotstarbelised detailid tagavad t\u00e4pse ja mugava kasutuse. Komplekti kuulub: 5 \u00d7 paigaldust\u00f6\u00f6riista 5 \u00d7 katkise tihvti eemaldajat 5 \u00d7 keerdpuuri 1 \u00d7 kuuskantv\u00f5ti 5 [&hellip;]<\/p>\n","protected":false},"featured_media":8806,"template":"","meta":[],"product_brand":[],"product_cat":[277,258,222,33,262,15],"product_tag":[],"class_list":{"0":"post-8794","1":"product","2":"type-product","3":"status-publish","4":"has-post-thumbnail","6":"product_cat-autosse","7":"product_cat-ehitus","8":"product_cat-komplektid","9":"product_cat-muu","10":"product_cat-muud-tooriistad","11":"product_cat-analoog-tooted","13":"first","14":"onbackorder","15":"shipping-taxable","16":"purchasable","17":"product-type-simple"},"_links":{"self":[{"href":"https:\/\/sauh.ee\/ru\/wp-json\/wp\/v2\/product\/8794","targetHints":{"allow":["GET"]}}],"collection":[{"href":"https:\/\/sauh.ee\/ru\/wp-json\/wp\/v2\/product"}],"about":[{"href":"https:\/\/sauh.ee\/ru\/wp-json\/wp\/v2\/types\/product"}],"wp:featuredmedia":[{"embeddable":true,"href":"https:\/\/sauh.ee\/ru\/wp-json\/wp\/v2\/media\/8806"}],"wp:attachment":[{"href":"https:\/\/sauh.ee\/ru\/wp-json\/wp\/v2\/media?parent=8794"}],"wp:term":[{"taxonomy":"product_brand","embeddable":true,"href":"https:\/\/sauh.ee\/ru\/wp-json\/wp\/v2\/product_brand?post=8794"},{"taxonomy":"product_cat","embeddable":true,"href":"https:\/\/sauh.ee\/ru\/wp-json\/wp\/v2\/product_cat?post=8794"},{"taxonomy":"product_tag","embeddable":true,"href":"https:\/\/sauh.ee\/ru\/wp-json\/wp\/v2\/product_tag?post=8794"}],"curies":[{"name":"wp","href":"https:\/\/api.w.org\/{rel}","templated":true}]}}