{"id":886,"date":"2023-02-21T20:25:22","date_gmt":"2023-02-21T20:25:22","guid":{"rendered":"https:\/\/sauh.ee\/?post_type=product&#038;p=886"},"modified":"2026-04-23T21:12:57","modified_gmt":"2026-04-23T21:12:57","slug":"akukasisaag-20-cm","status":"publish","type":"product","link":"https:\/\/sauh.ee\/ru\/product\/akukasisaag-20-cm\/","title":{"rendered":"\u0410\u043a\u043a\u0443\u043c\u0443\u043b\u044f\u0442\u043e\u0440\u043d\u0430\u044f \u0446\u0435\u043f\u043d\u0430\u044f \u043f\u0438\u043b\u0430 20 \u0441\u043c \u0441 \u043c\u0430\u0441\u043b\u044f\u043d\u044b\u043c \u0431\u0430\u043a\u043e\u043c"},"content":{"rendered":"<p><span style=\"font-weight: 400;\">\u0410\u043a\u043a\u0443\u043c\u0443\u043b\u044f\u0442\u043e\u0440\u043d\u0430\u044f \u0446\u0435\u043f\u043d\u0430\u044f \u043f\u0438\u043b\u0430, \u0430\u043a\u043a\u0443\u043c\u0443\u043b\u044f\u0442\u043e\u0440\u043d\u0430\u044f \u043d\u043e\u0436\u043e\u0432\u043a\u0430 (\u0440\u0430\u0431\u043e\u0442\u0430\u0435\u0442 \u0441 \u0430\u043a\u043a\u0443\u043c\u0443\u043b\u044f\u0442\u043e\u0440\u0430\u043c\u0438 Makita 18 \u0412)<\/span><\/p>\n<p><img fetchpriority=\"high\" decoding=\"async\" class=\"alignnone size-full wp-image-8875\" src=\"https:\/\/sauh.ee\/wp-content\/uploads\/2023\/02\/sauh.ee-akukettsaag-20-cm-olipaagiga-7.webp\" alt=\"\" width=\"1019\" height=\"461\" srcset=\"https:\/\/sauh.ee\/wp-content\/uploads\/2023\/02\/sauh.ee-akukettsaag-20-cm-olipaagiga-7.webp 1019w, https:\/\/sauh.ee\/wp-content\/uploads\/2023\/02\/sauh.ee-akukettsaag-20-cm-olipaagiga-7-300x136.webp 300w, https:\/\/sauh.ee\/wp-content\/uploads\/2023\/02\/sauh.ee-akukettsaag-20-cm-olipaagiga-7-768x347.webp 768w, https:\/\/sauh.ee\/wp-content\/uploads\/2023\/02\/sauh.ee-akukettsaag-20-cm-olipaagiga-7-18x8.webp 18w, https:\/\/sauh.ee\/wp-content\/uploads\/2023\/02\/sauh.ee-akukettsaag-20-cm-olipaagiga-7-416x188.webp 416w, https:\/\/sauh.ee\/wp-content\/uploads\/2023\/02\/sauh.ee-akukettsaag-20-cm-olipaagiga-7-64x29.webp 64w\" sizes=\"(max-width: 1019px) 100vw, 1019px\" \/><\/p>\n<p>20 \u0441\u043c \u043f\u0438\u043b\u0430 \u0434\u043b\u044f \u0432\u0435\u0442\u043e\u043a \u2014 \u044d\u0442\u043e \u043a\u043e\u043c\u043f\u0430\u043a\u0442\u043d\u044b\u0439 \u0438 \u043b\u0435\u0433\u043a\u0438\u0439 \u0438\u043d\u0441\u0442\u0440\u0443\u043c\u0435\u043d\u0442, \u043a\u043e\u0442\u043e\u0440\u044b\u0439 \u043e\u0442\u043b\u0438\u0447\u043d\u043e \u043f\u043e\u0434\u0445\u043e\u0434\u0438\u0442 \u0434\u043b\u044f \u0441\u0440\u0435\u0434\u043d\u0438\u0445 \u0440\u0430\u0431\u043e\u0442 \u043f\u043e \u043e\u0431\u0440\u0435\u0437\u043a\u0435 \u0432 \u0441\u0430\u0434\u0443. \u041f\u0438\u043b\u0430 \u0440\u0430\u0431\u043e\u0442\u0430\u0435\u0442 \u043e\u0442 \u0430\u043a\u043a\u0443\u043c\u0443\u043b\u044f\u0442\u043e\u0440\u0430 \u0438 \u0438\u043c\u0435\u0435\u0442 20 \u0441\u043c \u0434\u043b\u0438\u043d\u0443 \u043d\u043e\u0436\u0430 \u0438 \u0446\u0435\u043f\u044c, \u0441 \u043f\u043e\u043c\u043e\u0449\u044c\u044e \u043a\u043e\u0442\u043e\u0440\u043e\u0439 \u043c\u043e\u0436\u043d\u043e \u043b\u0435\u0433\u043a\u043e \u043e\u0431\u0440\u0435\u0437\u0430\u0442\u044c \u0432\u0435\u0442\u043a\u0438 \u0438 \u043f\u043e\u043b\u0435\u043d\u044c\u044f. \u042d\u0442\u0430 \u0440\u0443\u0447\u043d\u0430\u044f \u043f\u0438\u043b\u0430 \u0438\u0434\u0435\u0430\u043b\u044c\u043d\u043e \u043f\u043e\u0434\u0445\u043e\u0434\u0438\u0442 \u0434\u043b\u044f \u0440\u0435\u0437\u043a\u0438 \u0434\u0435\u0440\u0435\u0432\u044c\u0435\u0432, \u0434\u0440\u043e\u0432 \u0438\u043b\u0438 \u043a\u0443\u0441\u0442\u0430\u0440\u043d\u0438\u043a\u0430.<\/p>\n<p><span style=\"font-weight: 400;\">\u0412\u043e\u0437\u043c\u043e\u0436\u043d\u043e\u0441\u0442\u044c \u0442\u0430\u043a\u0436\u0435 \u043f\u0440\u0438\u043e\u0431\u0440\u0435\u0441\u0442\u0438 <a href=\"https:\/\/sauh.ee\/ru\/product\/akukettsaag-20-cm-vahetuskett\/\">\u0437\u0430\u043f\u0430\u0441\u043d\u0443\u044e \u0446\u0435\u043f\u044c<\/a>.<\/span><\/p>\n<p><img decoding=\"async\" class=\"alignnone size-full wp-image-8878\" src=\"https:\/\/sauh.ee\/wp-content\/uploads\/2023\/02\/sauh.ee-akukettsaag-20-cm-olipaagiga-juhend-1.webp\" alt=\"\" width=\"1000\" height=\"1000\" srcset=\"https:\/\/sauh.ee\/wp-content\/uploads\/2023\/02\/sauh.ee-akukettsaag-20-cm-olipaagiga-juhend-1.webp 1000w, https:\/\/sauh.ee\/wp-content\/uploads\/2023\/02\/sauh.ee-akukettsaag-20-cm-olipaagiga-juhend-1-300x300.webp 300w, https:\/\/sauh.ee\/wp-content\/uploads\/2023\/02\/sauh.ee-akukettsaag-20-cm-olipaagiga-juhend-1-150x150.webp 150w, https:\/\/sauh.ee\/wp-content\/uploads\/2023\/02\/sauh.ee-akukettsaag-20-cm-olipaagiga-juhend-1-768x768.webp 768w, https:\/\/sauh.ee\/wp-content\/uploads\/2023\/02\/sauh.ee-akukettsaag-20-cm-olipaagiga-juhend-1-12x12.webp 12w, https:\/\/sauh.ee\/wp-content\/uploads\/2023\/02\/sauh.ee-akukettsaag-20-cm-olipaagiga-juhend-1-324x324.webp 324w, https:\/\/sauh.ee\/wp-content\/uploads\/2023\/02\/sauh.ee-akukettsaag-20-cm-olipaagiga-juhend-1-416x416.webp 416w, https:\/\/sauh.ee\/wp-content\/uploads\/2023\/02\/sauh.ee-akukettsaag-20-cm-olipaagiga-juhend-1-100x100.webp 100w, https:\/\/sauh.ee\/wp-content\/uploads\/2023\/02\/sauh.ee-akukettsaag-20-cm-olipaagiga-juhend-1-64x64.webp 64w\" sizes=\"(max-width: 1000px) 100vw, 1000px\" \/><\/p>\n<p>\u0412\u044b\u0431\u0438\u0440\u0430\u044f \u0442\u043e\u043b\u044c\u043a\u043e \u0438\u043d\u0441\u0442\u0440\u0443\u043c\u0435\u043d\u0442: \u0430\u043a\u043a\u0443\u043c\u0443\u043b\u044f\u0442\u043e\u0440\u044b \u0438 \u0434\u0440\u0443\u0433\u0438\u0435 \u0430\u043a\u0441\u0435\u0441\u0441\u0443\u0430\u0440\u044b \u0432 \u043a\u043e\u043c\u043f\u043b\u0435\u043a\u0442 \u043d\u0435 \u0432\u0445\u043e\u0434\u044f\u0442!<\/p>\n<p>\u0412\u044b\u0431\u043e\u0440 + 2 \u0430\u043a\u043a\u0443\u043c\u0443\u043b\u044f\u0442\u043e\u0440\u0430 \u0438 \u0437\u0430\u0440\u044f\u0434\u043d\u043e\u0435 \u0443\u0441\u0442\u0440\u043e\u0439\u0441\u0442\u0432\u043e:\u00a0<a href=\"https:\/\/sauh.ee\/ru\/product\/aku-komplekt-analoog-tooriistadele-2ah\/\">\u0412 \u043a\u043e\u043c\u043f\u043b\u0435\u043a\u0442 \u0432\u0445\u043e\u0434\u044f\u0442 2 \u0430\u043d\u0430\u043b\u043e\u0433\u043e\u0432\u044b\u0445 \u0430\u043a\u043a\u0443\u043c\u0443\u043b\u044f\u0442\u043e\u0440\u0430 \u0438 \u0437\u0430\u0440\u044f\u0434\u043d\u043e\u0435 \u0443\u0441\u0442\u0440\u043e\u0439\u0441\u0442\u0432\u043e.<\/a><\/p>\n<table>\n<thead>\n<tr>\n<th>\u0425\u0430\u0440\u0430\u043a\u0442\u0435\u0440\u0438\u0441\u0442\u0438\u043a\u0430<\/th>\n<th>\u041e\u043f\u0438\u0441\u0430\u043d\u0438\u0435<\/th>\n<\/tr>\n<\/thead>\n<tbody>\n<tr>\n<td>\u0422\u0438\u043f \u043f\u0438\u0442\u0430\u043d\u0438\u044f<\/td>\n<td>\u0410\u043a\u043a\u0443\u043c\u0443\u043b\u044f\u0442\u043e\u0440<\/td>\n<\/tr>\n<tr>\n<td>\u041d\u043e\u043c\u0438\u043d\u0430\u043b\u044c\u043d\u043e\u0435 \u043d\u0430\u043f\u0440\u044f\u0436\u0435\u043d\u0438\u0435<\/td>\n<td>18 \u0412<\/td>\n<\/tr>\n<tr>\n<td>\u041c\u043e\u0449\u043d\u043e\u0441\u0442\u044c<\/td>\n<td>3500 \u0412\u0442<\/td>\n<\/tr>\n<tr>\n<td>\u041c\u043e\u0442\u043e\u0440<\/td>\n<td>\u0411\u0435\u0441\u0449\u0435\u0442\u043e\u0447\u043d\u044b\u0439 \u0434\u0432\u0438\u0433\u0430\u0442\u0435\u043b\u044c<\/td>\n<\/tr>\n<tr>\n<td>\u0421\u043a\u043e\u0440\u043e\u0441\u0442\u044c \u0445\u043e\u043b\u043e\u0441\u0442\u043e\u0433\u043e \u0445\u043e\u0434\u0430<\/td>\n<td>40 000 \u043e\u0431\/\u043c\u0438\u043d<\/td>\n<\/tr>\n<tr>\n<td>\u041c\u0430\u0442\u0435\u0440\u0438\u0430\u043b<\/td>\n<td>\u0410\u0411\u0421 + \u043c\u0435\u0442\u0430\u043b\u043b<\/td>\n<\/tr>\n<tr>\n<td>\u0414\u0438\u0430\u043c\u0435\u0442\u0440 \u0440\u0435\u0437\u0430<\/td>\n<td>150 \u043c\u043c<\/td>\n<\/tr>\n<tr>\n<td>\u041c\u0430\u043a\u0441\u0438\u043c\u0430\u043b\u044c\u043d\u0430\u044f \u0433\u043b\u0443\u0431\u0438\u043d\u0430 \u0440\u0435\u0437\u0430<\/td>\n<td>20 \u0441\u043c<\/td>\n<\/tr>\n<\/tbody>\n<\/table>\n<p><img decoding=\"async\" class=\"alignnone size-full wp-image-8870\" src=\"https:\/\/sauh.ee\/wp-content\/uploads\/2023\/02\/sauh.ee-akukettsaag-20-cm-olipaagiga-5.webp\" alt=\"\" width=\"1000\" height=\"1000\" srcset=\"https:\/\/sauh.ee\/wp-content\/uploads\/2023\/02\/sauh.ee-akukettsaag-20-cm-olipaagiga-5.webp 1000w, https:\/\/sauh.ee\/wp-content\/uploads\/2023\/02\/sauh.ee-akukettsaag-20-cm-olipaagiga-5-300x300.webp 300w, https:\/\/sauh.ee\/wp-content\/uploads\/2023\/02\/sauh.ee-akukettsaag-20-cm-olipaagiga-5-150x150.webp 150w, https:\/\/sauh.ee\/wp-content\/uploads\/2023\/02\/sauh.ee-akukettsaag-20-cm-olipaagiga-5-768x768.webp 768w, https:\/\/sauh.ee\/wp-content\/uploads\/2023\/02\/sauh.ee-akukettsaag-20-cm-olipaagiga-5-12x12.webp 12w, https:\/\/sauh.ee\/wp-content\/uploads\/2023\/02\/sauh.ee-akukettsaag-20-cm-olipaagiga-5-324x324.webp 324w, https:\/\/sauh.ee\/wp-content\/uploads\/2023\/02\/sauh.ee-akukettsaag-20-cm-olipaagiga-5-416x416.webp 416w, https:\/\/sauh.ee\/wp-content\/uploads\/2023\/02\/sauh.ee-akukettsaag-20-cm-olipaagiga-5-100x100.webp 100w, https:\/\/sauh.ee\/wp-content\/uploads\/2023\/02\/sauh.ee-akukettsaag-20-cm-olipaagiga-5-64x64.webp 64w\" sizes=\"(max-width: 1000px) 100vw, 1000px\" \/><\/p>","protected":false},"excerpt":{"rendered":"<p>Akukettsaag, akuk\u00e4sisaag (T\u00f6\u00f6tab Makita 18V akudega) 20 cm oksasaag on kompaktne ja kerge t\u00f6\u00f6riist, mis sobib suurep\u00e4raselt keskmiste l\u00f5ikamist\u00f6\u00f6deks aias. Kettsaag t\u00f6\u00f6tab akutoitel ning sellel on 20 cm pikkune latt ja kett, millega saab h\u00f5lpsasti oksi ja palke l\u00f5igata. See k\u00e4sisaag sobib ideaalselt puude, k\u00fcttepuude v\u00f5i p\u00f5\u00f5saste l\u00f5ikamiseks. V\u00f5imalus soetada ka vahetuskett. Valides ainult t\u00f6\u00f6riist: [&hellip;]<\/p>\n","protected":false},"featured_media":8871,"template":"","meta":[],"product_brand":[],"product_cat":[257,45,15],"product_tag":[],"class_list":{"0":"post-886","1":"product","2":"type-product","3":"status-publish","4":"has-post-thumbnail","6":"product_cat-aia-tooriistad","7":"product_cat-saed","8":"product_cat-analoog-tooted","10":"first","11":"onbackorder","12":"shipping-taxable","13":"purchasable","14":"product-type-variable"},"_links":{"self":[{"href":"https:\/\/sauh.ee\/ru\/wp-json\/wp\/v2\/product\/886","targetHints":{"allow":["GET"]}}],"collection":[{"href":"https:\/\/sauh.ee\/ru\/wp-json\/wp\/v2\/product"}],"about":[{"href":"https:\/\/sauh.ee\/ru\/wp-json\/wp\/v2\/types\/product"}],"wp:featuredmedia":[{"embeddable":true,"href":"https:\/\/sauh.ee\/ru\/wp-json\/wp\/v2\/media\/8871"}],"wp:attachment":[{"href":"https:\/\/sauh.ee\/ru\/wp-json\/wp\/v2\/media?parent=886"}],"wp:term":[{"taxonomy":"product_brand","embeddable":true,"href":"https:\/\/sauh.ee\/ru\/wp-json\/wp\/v2\/product_brand?post=886"},{"taxonomy":"product_cat","embeddable":true,"href":"https:\/\/sauh.ee\/ru\/wp-json\/wp\/v2\/product_cat?post=886"},{"taxonomy":"product_tag","embeddable":true,"href":"https:\/\/sauh.ee\/ru\/wp-json\/wp\/v2\/product_tag?post=886"}],"curies":[{"name":"wp","href":"https:\/\/api.w.org\/{rel}","templated":true}]}}