{"id":8892,"date":"2025-09-04T12:12:35","date_gmt":"2025-09-04T12:12:35","guid":{"rendered":"https:\/\/sauh.ee\/?post_type=product&#038;p=8892"},"modified":"2026-03-14T12:32:54","modified_gmt":"2026-03-14T12:32:54","slug":"aku-ristjoonlaser-18v-akudele","status":"publish","type":"product","link":"https:\/\/sauh.ee\/ru\/product\/aku-ristjoonlaser-18v-akudele\/","title":{"rendered":"\u041a\u0440\u0435\u0441\u0442\u043e\u0432\u043e\u0439 \u043b\u0430\u0437\u0435\u0440\u043d\u044b\u0439 \u043d\u0438\u0432\u0435\u043b\u0438\u0440 \u0434\u043b\u044f \u0430\u043a\u043a\u0443\u043c\u0443\u043b\u044f\u0442\u043e\u0440\u043e\u0432 18 \u0412"},"content":{"rendered":"<p><img fetchpriority=\"high\" decoding=\"async\" class=\"alignnone size-large wp-image-8988\" src=\"https:\/\/sauh.ee\/wp-content\/uploads\/2025\/09\/sauh.ee-Laser-18v-1024x448.webp\" alt=\"\" width=\"980\" height=\"429\" srcset=\"https:\/\/sauh.ee\/wp-content\/uploads\/2025\/09\/sauh.ee-Laser-18v-1024x448.webp 1024w, https:\/\/sauh.ee\/wp-content\/uploads\/2025\/09\/sauh.ee-Laser-18v-300x131.webp 300w, https:\/\/sauh.ee\/wp-content\/uploads\/2025\/09\/sauh.ee-Laser-18v-768x336.webp 768w, https:\/\/sauh.ee\/wp-content\/uploads\/2025\/09\/sauh.ee-Laser-18v-1536x672.webp 1536w, https:\/\/sauh.ee\/wp-content\/uploads\/2025\/09\/sauh.ee-Laser-18v-2048x896.webp 2048w, https:\/\/sauh.ee\/wp-content\/uploads\/2025\/09\/sauh.ee-Laser-18v-18x8.webp 18w, https:\/\/sauh.ee\/wp-content\/uploads\/2025\/09\/sauh.ee-Laser-18v-416x182.webp 416w, https:\/\/sauh.ee\/wp-content\/uploads\/2025\/09\/sauh.ee-Laser-18v-64x28.webp 64w\" sizes=\"(max-width: 980px) 100vw, 980px\" \/><\/p>\n<table>\n<thead>\n<tr>\n<th>\u0425\u0430\u0440\u0430\u043a\u0442\u0435\u0440\u0438\u0441\u0442\u0438\u043a\u0430<\/th>\n<th>\u0417\u043d\u0430\u0447\u0435\u043d\u0438\u0435<\/th>\n<\/tr>\n<\/thead>\n<tbody>\n<tr>\n<td>\u041a\u043b\u0430\u0441\u0441 \u0437\u0430\u0449\u0438\u0442\u044b<\/td>\n<td>IP54<\/td>\n<\/tr>\n<tr>\n<td>\u0422\u043e\u0447\u043d\u043e\u0441\u0442\u044c \u0438\u0437\u043c\u0435\u0440\u0435\u043d\u0438\u044f<\/td>\n<td>\u00b10,2 \u043c\u043c \/ 10 \u043c<\/td>\n<\/tr>\n<tr>\n<td>\u0410\u0432\u0442\u043e\u043c\u0430\u0442\u0438\u0447\u0435\u0441\u043a\u0430\u044f \u0441\u0430\u043c\u043e\u043d\u0438\u0432\u0435\u043b\u0438\u0440\u043e\u0432\u043a\u0430<\/td>\n<td>\u00b14\u00b0<\/td>\n<\/tr>\n<tr>\n<td>\u041e\u0431\u044a\u0435\u043c \u0440\u0430\u0431\u043e\u0442<\/td>\n<td>25 \u043c<\/td>\n<\/tr>\n<tr>\n<td>\u0422\u0438\u043f \u043b\u0430\u0437\u0435\u0440\u0430<\/td>\n<td>510\u2013530 \u043d\u043c (\u0437\u0435\u043b\u0435\u043d\u044b\u0439 \u043b\u0430\u0437\u0435\u0440)<\/td>\n<\/tr>\n<tr>\n<td>\u041b\u0430\u0437\u0435\u0440\u043d\u044b\u0435 \u043b\u0438\u043d\u0438\u0438<\/td>\n<td>16 \u043b\u0438\u043d\u0438\u0439 \/ 4D<\/td>\n<\/tr>\n<tr>\n<td>\u0420\u0430\u0431\u043e\u0447\u0430\u044f \u0442\u0435\u043c\u043f\u0435\u0440\u0430\u0442\u0443\u0440\u0430<\/td>\n<td>\u041e\u0442 -10 \u00b0C \u0434\u043e +50 \u00b0C<\/td>\n<\/tr>\n<tr>\n<td>\u0420\u0430\u0431\u043e\u0447\u0435\u0435 \u0432\u0440\u0435\u043c\u044f<\/td>\n<td>5\u20137 \u0447\u0430\u0441\u043e\u0432<\/td>\n<\/tr>\n<\/tbody>\n<\/table>\n<h3 data-start=\"63\" data-end=\"82\"><img decoding=\"async\" class=\"size-full wp-image-8901 aligncenter\" src=\"https:\/\/sauh.ee\/wp-content\/uploads\/2025\/09\/sauh.ee-akulaser-sobib-kasutada-makita-18v-akudega-9.webp\" alt=\"\" width=\"743\" height=\"400\" srcset=\"https:\/\/sauh.ee\/wp-content\/uploads\/2025\/09\/sauh.ee-akulaser-sobib-kasutada-makita-18v-akudega-9.webp 743w, https:\/\/sauh.ee\/wp-content\/uploads\/2025\/09\/sauh.ee-akulaser-sobib-kasutada-makita-18v-akudega-9-300x162.webp 300w, https:\/\/sauh.ee\/wp-content\/uploads\/2025\/09\/sauh.ee-akulaser-sobib-kasutada-makita-18v-akudega-9-18x10.webp 18w, https:\/\/sauh.ee\/wp-content\/uploads\/2025\/09\/sauh.ee-akulaser-sobib-kasutada-makita-18v-akudega-9-416x224.webp 416w, https:\/\/sauh.ee\/wp-content\/uploads\/2025\/09\/sauh.ee-akulaser-sobib-kasutada-makita-18v-akudega-9-64x34.webp 64w\" sizes=\"(max-width: 743px) 100vw, 743px\" \/><\/h3>\n<h3 data-start=\"63\" data-end=\"82\">\u0421\u043e\u0432\u043c\u0435\u0441\u0442\u0438\u043c\u043e\u0441\u0442\u044c \u0430\u043a\u043a\u0443\u043c\u0443\u043b\u044f\u0442\u043e\u0440\u0430<\/h3>\n<p data-start=\"83\" data-end=\"421\">Sobib: BL1850B (197285-8), BL1840B (197270-1), BL1830B (197602-2), BL1430B (197618-7), BL1820B (197487-6), BL1850, BL1840, BL1440 (196391-6), BL1415 (194560-3), BL1815N (196781-3).<br data-start=\"263\" data-end=\"266\" \/>Ei sobi: BL1813G (196663-9), BL1413G (196882-7), BL1415G, BL1430G, BL1815G, 18V Ni-CD akud (nt 1822 \u2013 194465-7).<br data-start=\"378\" data-end=\"381\" \/><strong>\u0420\u0435\u043a\u043e\u043c\u0435\u043d\u0434\u0443\u0435\u043c\u0430\u044f \u0435\u043c\u043a\u043e\u0441\u0442\u044c: 2,0 \u0410\u0447 \u2013 5,0 \u0410\u0447.<\/strong><\/p>\n<hr data-start=\"423\" data-end=\"426\" \/>\n<h3 data-start=\"428\" data-end=\"449\">\u0423\u043f\u0430\u043a\u043e\u0432\u043a\u0430 \u0441\u043e\u0434\u0435\u0440\u0436\u0438\u0442<\/h3>\n<p data-start=\"450\" data-end=\"613\">16-\u043b\u0438\u043d\u0435\u0439\u043d\u044b\u0439 \u043b\u0430\u0437\u0435\u0440\u043d\u044b\u0439 \u043d\u0438\u0432\u0435\u043b\u0438\u0440, \u0448\u0442\u0430\u0442\u0438\u0432, \u043f\u043e\u0434\u044a\u0435\u043c\u043d\u0430\u044f \u043f\u043b\u0430\u0442\u0444\u043e\u0440\u043c\u0430, \u043f\u043e\u0432\u043e\u0440\u043e\u0442\u043d\u0430\u044f \u043e\u0441\u043d\u043e\u0432\u0430, \u043f\u0443\u043b\u044c\u0442 \u0434\u0438\u0441\u0442\u0430\u043d\u0446\u0438\u043e\u043d\u043d\u043e\u0433\u043e \u0443\u043f\u0440\u0430\u0432\u043b\u0435\u043d\u0438\u044f, \u0438\u043d\u0441\u0442\u0440\u0443\u043a\u0446\u0438\u044f \u043f\u043e \u044d\u043a\u0441\u043f\u043b\u0443\u0430\u0442\u0430\u0446\u0438\u0438, \u0430\u0434\u0430\u043f\u0442\u0435\u0440 1\/4\u2033 \u2013 5\/8\u2033, \u0437\u0430\u0449\u0438\u0442\u043d\u044b\u0435 \u043e\u0447\u043a\u0438, \u043d\u0430\u0441\u0442\u0435\u043d\u043d\u043e\u0435 \u043a\u0440\u0435\u043f\u043b\u0435\u043d\u0438\u0435, \u043f\u043b\u0430\u0441\u0442\u0438\u043a\u043e\u0432\u044b\u0439 \u0447\u0435\u043c\u043e\u0434\u0430\u043d.<\/p>","protected":false},"excerpt":{"rendered":"<p>Omadus V\u00e4\u00e4rtus Kaitseklass IP54 M\u00f5\u00f5tet\u00e4psus \u00b10,2 mm \/ 10 m Automaatne isenivelleerimine \u00b14\u00b0 T\u00f6\u00f6ulatus 25 m Laseri t\u00fc\u00fcp 510\u2013530 nm (roheline laser) Laseri jooned 16 joont \/ 4D T\u00f6\u00f6temperatuur \u201310 \u00b0C kuni +50 \u00b0C T\u00f6\u00f6aeg 5\u20137 tundi Aku \u00fchilduvus Sobib: BL1850B (197285-8), BL1840B (197270-1), BL1830B (197602-2), BL1430B (197618-7), BL1820B (197487-6), BL1850, BL1840, BL1440 (196391-6), BL1415 [&hellip;]<\/p>\n","protected":false},"featured_media":8900,"template":"","meta":[],"product_brand":[],"product_cat":[44],"product_tag":[],"class_list":{"0":"post-8892","1":"product","2":"type-product","3":"status-publish","4":"has-post-thumbnail","6":"product_cat-laserid","8":"first","9":"onbackorder","10":"shipping-taxable","11":"purchasable","12":"product-type-variable"},"_links":{"self":[{"href":"https:\/\/sauh.ee\/ru\/wp-json\/wp\/v2\/product\/8892","targetHints":{"allow":["GET"]}}],"collection":[{"href":"https:\/\/sauh.ee\/ru\/wp-json\/wp\/v2\/product"}],"about":[{"href":"https:\/\/sauh.ee\/ru\/wp-json\/wp\/v2\/types\/product"}],"wp:featuredmedia":[{"embeddable":true,"href":"https:\/\/sauh.ee\/ru\/wp-json\/wp\/v2\/media\/8900"}],"wp:attachment":[{"href":"https:\/\/sauh.ee\/ru\/wp-json\/wp\/v2\/media?parent=8892"}],"wp:term":[{"taxonomy":"product_brand","embeddable":true,"href":"https:\/\/sauh.ee\/ru\/wp-json\/wp\/v2\/product_brand?post=8892"},{"taxonomy":"product_cat","embeddable":true,"href":"https:\/\/sauh.ee\/ru\/wp-json\/wp\/v2\/product_cat?post=8892"},{"taxonomy":"product_tag","embeddable":true,"href":"https:\/\/sauh.ee\/ru\/wp-json\/wp\/v2\/product_tag?post=8892"}],"curies":[{"name":"wp","href":"https:\/\/api.w.org\/{rel}","templated":true}]}}