{"id":8964,"date":"2025-10-28T15:21:06","date_gmt":"2025-10-28T15:21:06","guid":{"rendered":"https:\/\/sauh.ee\/?post_type=product&#038;p=8964"},"modified":"2025-11-25T13:29:50","modified_gmt":"2025-11-25T13:29:50","slug":"juhtmevaba-varstolmuimeja-inse-s10","status":"publish","type":"product","link":"https:\/\/sauh.ee\/ru\/product\/juhtmevaba-varstolmuimeja-inse-s10\/","title":{"rendered":"\u0411\u0435\u0441\u043f\u0440\u043e\u0432\u043e\u0434\u043d\u043e\u0439 \u043f\u044b\u043b\u0435\u0441\u043e\u0441 INSE S10"},"content":{"rendered":"<p data-start=\"145\" data-end=\"456\"><img fetchpriority=\"high\" decoding=\"async\" class=\"alignnone size-large wp-image-8965 aligncenter\" src=\"https:\/\/sauh.ee\/wp-content\/uploads\/2025\/10\/sauh.ee-Juhtmevaba-varstolmuimeja-INSE-S10-3-1024x420.webp\" alt=\"\" width=\"980\" height=\"402\" srcset=\"https:\/\/sauh.ee\/wp-content\/uploads\/2025\/10\/sauh.ee-Juhtmevaba-varstolmuimeja-INSE-S10-3-1024x420.webp 1024w, https:\/\/sauh.ee\/wp-content\/uploads\/2025\/10\/sauh.ee-Juhtmevaba-varstolmuimeja-INSE-S10-3-300x123.webp 300w, https:\/\/sauh.ee\/wp-content\/uploads\/2025\/10\/sauh.ee-Juhtmevaba-varstolmuimeja-INSE-S10-3-768x315.webp 768w, https:\/\/sauh.ee\/wp-content\/uploads\/2025\/10\/sauh.ee-Juhtmevaba-varstolmuimeja-INSE-S10-3-18x7.webp 18w, https:\/\/sauh.ee\/wp-content\/uploads\/2025\/10\/sauh.ee-Juhtmevaba-varstolmuimeja-INSE-S10-3-416x170.webp 416w, https:\/\/sauh.ee\/wp-content\/uploads\/2025\/10\/sauh.ee-Juhtmevaba-varstolmuimeja-INSE-S10-3-64x26.webp 64w, https:\/\/sauh.ee\/wp-content\/uploads\/2025\/10\/sauh.ee-Juhtmevaba-varstolmuimeja-INSE-S10-3.webp 1464w\" sizes=\"(max-width: 980px) 100vw, 980px\" \/><\/p>\n<p style=\"text-align: center;\" data-start=\"145\" data-end=\"456\">\u041c\u043e\u0449\u043d\u044b\u0439 \u043f\u044b\u043b\u0435\u0441\u043e\u0441 \u0441 \u0441\u0438\u043b\u043e\u0439 \u0432\u0441\u0430\u0441\u044b\u0432\u0430\u043d\u0438\u044f 45 \u043a\u041f\u0430, \u043f\u043e\u0434\u0445\u043e\u0434\u044f\u0449\u0438\u0439 \u0434\u043b\u044f \u0435\u0436\u0435\u0434\u043d\u0435\u0432\u043d\u043e\u0439 \u0443\u0431\u043e\u0440\u043a\u0438. \u0423\u0434\u0430\u043b\u044f\u0435\u0442 \u043f\u044b\u043b\u044c, \u0432\u043e\u043b\u043e\u0441\u044b \u0438 \u043a\u0440\u043e\u0448\u043a\u0443 \u0441\u043e \u0432\u0441\u0435\u0445 \u043f\u043e\u0432\u0435\u0440\u0445\u043d\u043e\u0441\u0442\u0435\u0439. \u0421\u044a\u0435\u043c\u043d\u044b\u0439 \u0430\u043a\u043a\u0443\u043c\u0443\u043b\u044f\u0442\u043e\u0440 \u043e\u0431\u0435\u0441\u043f\u0435\u0447\u0438\u0432\u0430\u0435\u0442 \u0434\u043e 50 \u043c\u0438\u043d\u0443\u0442 \u0440\u0430\u0431\u043e\u0442\u044b. \u041d\u0430\u0441\u0430\u0434\u043a\u0430 \u0434\u043b\u044f \u043f\u043e\u043b\u0430 \u0441 LED-\u043f\u043e\u0434\u0441\u0432\u0435\u0442\u043a\u043e\u0439 \u043f\u043e\u043c\u043e\u0433\u0430\u0435\u0442 \u043e\u0447\u0438\u0441\u0442\u0438\u0442\u044c \u0434\u0430\u0436\u0435 \u0441\u0430\u043c\u044b\u0435 \u0442\u0435\u043c\u043d\u044b\u0435 \u0443\u0433\u043b\u044b. \u0423\u0434\u043e\u0431\u0435\u043d \u0432 \u0438\u0441\u043f\u043e\u043b\u044c\u0437\u043e\u0432\u0430\u043d\u0438\u0438 \u043a\u0430\u043a \u0440\u0443\u0447\u043d\u043e\u0439 \u043f\u044b\u043b\u0435\u0441\u043e\u0441, \u0442\u0430\u043a \u0438 \u0432 \u043f\u043e\u043b\u043d\u043e\u0440\u0430\u0437\u043c\u0435\u0440\u043d\u043e\u043c \u0432\u0430\u0440\u0438\u0430\u043d\u0442\u0435.<\/p>\n<p><iframe title=\"Juhtmevaba varstolmuimeja INSE S10 - sauh.ee\" width=\"980\" height=\"551\" src=\"https:\/\/www.youtube.com\/embed\/dmpe_81L7cg?feature=oembed\" frameborder=\"0\" allow=\"accelerometer; autoplay; clipboard-write; encrypted-media; gyroscope; picture-in-picture; web-share\" referrerpolicy=\"strict-origin-when-cross-origin\" allowfullscreen><\/iframe><\/p>\n<table class=\"aligncenter\">\n<thead>\n<tr>\n<th><strong>\u0425\u0430\u0440\u0430\u043a\u0442\u0435\u0440\u0438\u0441\u0442\u0438\u043a\u0430<\/strong><\/th>\n<th><strong>\u0417\u043d\u0430\u0447\u0435\u043d\u0438\u0435<\/strong><\/th>\n<\/tr>\n<\/thead>\n<tbody>\n<tr>\n<td>\u041c\u043e\u0449\u043d\u043e\u0441\u0442\u044c<\/td>\n<td>350 \u0412\u0442<\/td>\n<\/tr>\n<tr>\n<td>\u0412\u0441\u0430\u0441\u044b\u0432\u0430\u044e\u0449\u0430\u044f \u0441\u043f\u043e\u0441\u043e\u0431\u043d\u043e\u0441\u0442\u044c<\/td>\n<td>\u0434\u043e 45 \u043a\u041f\u0430<\/td>\n<\/tr>\n<tr>\n<td>\u0422\u0438\u043f \u0430\u043a\u043a\u0443\u043c\u0443\u043b\u044f\u0442\u043e\u0440\u0430<\/td>\n<td>\u041b\u0438\u0442\u0438\u0439-\u0438\u043e\u043d\u043d\u044b\u0439<\/td>\n<\/tr>\n<tr>\n<td>\u0412\u0440\u0435\u043c\u044f \u0440\u0430\u0431\u043e\u0442\u044b \u043e\u0442 \u0430\u043a\u043a\u0443\u043c\u0443\u043b\u044f\u0442\u043e\u0440\u0430<\/td>\n<td>15\u201350 \u043c\u0438\u043d<\/td>\n<\/tr>\n<tr>\n<td>\u0412\u043c\u0435\u0441\u0442\u0438\u043c\u043e\u0441\u0442\u044c \u043f\u044b\u043b\u044c\u0446\u0435\u0432\u043e\u0433\u043e \u044f\u0449\u0438\u043a\u0430<\/td>\n<td>1.2 \u041b<\/td>\n<\/tr>\n<tr>\n<td>\u0421\u0438\u0441\u0442\u0435\u043c\u0430 \u0444\u0438\u043b\u044c\u0442\u0440\u0430\u0446\u0438\u0438<\/td>\n<td>6-\u0441\u0442\u0443\u043f\u0435\u043d\u0447\u0430\u0442\u044b\u0439 (\u0446\u0438\u043a\u043b\u043e\u043d + \u041d\u042d\u041f\u0410)<\/td>\n<\/tr>\n<tr>\n<td>\u041d\u042d\u041f\u0410-\u0444\u0438\u043b\u044c\u0442\u0440<\/td>\n<td>\u041d\u0435\u0441\u0442\u0438\u0440\u0430\u0435\u043c\u044b\u0439<\/td>\n<\/tr>\n<tr>\n<td>\u0421\u043f\u043e\u0441\u043e\u0431 \u0443\u0441\u0442\u0430\u043d\u043e\u0432\u043a\u0438<\/td>\n<td>\u0412\u0435\u0440\u0442\u0438\u043a\u0430\u043b\u044c\u043d\u044b\u0439 \/ \u0440\u0443\u0447\u043d\u043e\u0439 \u043f\u044b\u043b\u0435\u0441\u043e\u0441<\/td>\n<\/tr>\n<tr>\n<td>\u0421\u0431\u043e\u0440 \u043f\u044b\u043b\u0438<\/td>\n<td>\u0411\u0435\u0437 \u043c\u0435\u0448\u043a\u0430, \u043f\u044b\u043b\u044c\u043d\u044b\u0439 \u044f\u0449\u0438\u043a<\/td>\n<\/tr>\n<\/tbody>\n<\/table>\n<p style=\"text-align: center;\"><img decoding=\"async\" class=\"alignnone size-large wp-image-8976\" src=\"https:\/\/sauh.ee\/wp-content\/uploads\/2025\/10\/sauh.ee-Juhtmevaba-varstolmuimeja-INSE-S10-rus.jpg\" alt=\"\" width=\"980\" height=\"402\" srcset=\"https:\/\/sauh.ee\/wp-content\/uploads\/2025\/10\/sauh.ee-Juhtmevaba-varstolmuimeja-INSE-S10-rus.jpg 1024w, https:\/\/sauh.ee\/wp-content\/uploads\/2025\/10\/sauh.ee-Juhtmevaba-varstolmuimeja-INSE-S10-rus-300x123.jpg 300w, https:\/\/sauh.ee\/wp-content\/uploads\/2025\/10\/sauh.ee-Juhtmevaba-varstolmuimeja-INSE-S10-rus-768x314.jpg 768w, https:\/\/sauh.ee\/wp-content\/uploads\/2025\/10\/sauh.ee-Juhtmevaba-varstolmuimeja-INSE-S10-rus-18x7.jpg 18w, https:\/\/sauh.ee\/wp-content\/uploads\/2025\/10\/sauh.ee-Juhtmevaba-varstolmuimeja-INSE-S10-rus-416x170.jpg 416w, https:\/\/sauh.ee\/wp-content\/uploads\/2025\/10\/sauh.ee-Juhtmevaba-varstolmuimeja-INSE-S10-rus-64x26.jpg 64w\" sizes=\"(max-width: 980px) 100vw, 980px\" \/><\/p>\n<table class=\"aligncenter\">\n<thead>\n<tr>\n<th><strong>\u0425\u0430\u0440\u0430\u043a\u0442\u0435\u0440\u0438\u0441\u0442\u0438\u043a\u0430<\/strong><\/th>\n<th><strong>\u0417\u043d\u0430\u0447\u0435\u043d\u0438\u0435<\/strong><\/th>\n<\/tr>\n<\/thead>\n<tbody>\n<tr>\n<td>\u0422\u0443\u0440\u0431\u043e \u0449\u0435\u0442\u043a\u0430<\/td>\n<td>\u0414\u0430<\/td>\n<\/tr>\n<tr>\n<td>\u0421\u0432\u0435\u0442\u043e\u0434\u0438\u043e\u0434\u043d\u0430\u044f \u043f\u043e\u0434\u0441\u0432\u0435\u0442\u043a\u0430<\/td>\n<td>\u0414\u0430<\/td>\n<\/tr>\n<tr>\n<td>\u042d\u043a\u0440\u0430\u043d<\/td>\n<td>\u041d\u0435\u0442<\/td>\n<\/tr>\n<tr>\n<td>\u041d\u0430\u0441\u0430\u0434\u043a\u0438<\/td>\n<td>1\u20133 \u0448\u0442.<\/td>\n<\/tr>\n<tr>\n<td>\u0421\u043f\u0435\u0446\u0438\u0430\u043b\u044c\u043d\u0430\u044f \u043d\u0430\u0441\u0430\u0434\u043a\u0430<\/td>\n<td>\u041a\u043e\u043c\u0431\u0438\u043d\u0438\u0440\u043e\u0432\u0430\u043d\u043d\u0430\u044f \u0449\u0435\u0442\u043a\u0430<\/td>\n<\/tr>\n<tr>\n<td>\u0420\u0435\u0436\u0438\u043c\u044b \u0440\u0430\u0431\u043e\u0442\u044b<\/td>\n<td>3<\/td>\n<\/tr>\n<tr>\n<td>\u0412\u0435\u0441<\/td>\n<td>3\u20136 \u043a\u0433<\/td>\n<\/tr>\n<tr>\n<td>\u041d\u0430\u043f\u0440\u044f\u0436\u0435\u043d\u0438\u0435<\/td>\n<td>100\u2013240 \u0412<\/td>\n<\/tr>\n<tr>\n<td>\u041c\u0435\u0442\u043e\u0434 \u0447\u0438\u0441\u0442\u043a\u0438<\/td>\n<td>\u0421\u0443\u0445\u043e\u0439<\/td>\n<\/tr>\n<tr>\n<td>\u0417\u0430\u0433\u0440\u0443\u0437\u043a\u0430<\/td>\n<td>\u0421\u044a\u0435\u043c\u043d\u044b\u0439 \u0430\u043a\u043a\u0443\u043c\u0443\u043b\u044f\u0442\u043e\u0440, \u043d\u0430\u0441\u0442\u0435\u043d\u043d\u0430\u044f \u0437\u0430\u0440\u044f\u0434\u043d\u0430\u044f \u0441\u0442\u0430\u043d\u0446\u0438\u044f<\/td>\n<\/tr>\n<\/tbody>\n<\/table>\n<p><img decoding=\"async\" class=\"alignnone size-large wp-image-8974 aligncenter\" src=\"https:\/\/sauh.ee\/wp-content\/uploads\/2025\/10\/sauh.ee-Juhtmevaba-varstolmuimeja-INSE-S10-2-1024x437.webp\" alt=\"\" width=\"980\" height=\"418\" srcset=\"https:\/\/sauh.ee\/wp-content\/uploads\/2025\/10\/sauh.ee-Juhtmevaba-varstolmuimeja-INSE-S10-2-1024x437.webp 1024w, https:\/\/sauh.ee\/wp-content\/uploads\/2025\/10\/sauh.ee-Juhtmevaba-varstolmuimeja-INSE-S10-2-300x128.webp 300w, https:\/\/sauh.ee\/wp-content\/uploads\/2025\/10\/sauh.ee-Juhtmevaba-varstolmuimeja-INSE-S10-2-768x328.webp 768w, https:\/\/sauh.ee\/wp-content\/uploads\/2025\/10\/sauh.ee-Juhtmevaba-varstolmuimeja-INSE-S10-2-1536x655.webp 1536w, https:\/\/sauh.ee\/wp-content\/uploads\/2025\/10\/sauh.ee-Juhtmevaba-varstolmuimeja-INSE-S10-2-18x8.webp 18w, https:\/\/sauh.ee\/wp-content\/uploads\/2025\/10\/sauh.ee-Juhtmevaba-varstolmuimeja-INSE-S10-2-416x177.webp 416w, https:\/\/sauh.ee\/wp-content\/uploads\/2025\/10\/sauh.ee-Juhtmevaba-varstolmuimeja-INSE-S10-2-64x27.webp 64w, https:\/\/sauh.ee\/wp-content\/uploads\/2025\/10\/sauh.ee-Juhtmevaba-varstolmuimeja-INSE-S10-2.webp 1697w\" sizes=\"(max-width: 980px) 100vw, 980px\" \/><\/p>","protected":false},"excerpt":{"rendered":"<p>Tugeva 45Kpa imemisv\u00f5imsusega varstolmuimeja, mis sobib igap\u00e4evaseks koristamiseks. Eemaldab tolmu, karvu ja puru k\u00f5igilt pindadelt. Eemaldatav aku tagab kuni 50 minuti t\u00f6\u00f6aja. LED-valgustusega p\u00f5randaotsik aitab puhastada ka pimedamaid nurki. Mugav kasutada nii k\u00e4sitolmuimejana kui ka t\u00e4ispikkuses mudelina. Omadus V\u00e4\u00e4rtus V\u00f5imsus 350W Imemisv\u00f5imsus kuni 45Kpa Aku t\u00fc\u00fcp Li-ion Aku kestus 15\u201350 min Tolmukasti maht 1.2 L [&hellip;]<\/p>\n","protected":false},"featured_media":8966,"template":"","meta":[],"product_brand":[],"product_cat":[276,33,260],"product_tag":[],"class_list":{"0":"post-8964","1":"product","2":"type-product","3":"status-publish","4":"has-post-thumbnail","6":"product_cat-kodu","7":"product_cat-muu","8":"product_cat-puhurid-ja-imurid","10":"first","11":"onbackorder","12":"sale","13":"shipping-taxable","14":"purchasable","15":"product-type-simple"},"_links":{"self":[{"href":"https:\/\/sauh.ee\/ru\/wp-json\/wp\/v2\/product\/8964","targetHints":{"allow":["GET"]}}],"collection":[{"href":"https:\/\/sauh.ee\/ru\/wp-json\/wp\/v2\/product"}],"about":[{"href":"https:\/\/sauh.ee\/ru\/wp-json\/wp\/v2\/types\/product"}],"wp:featuredmedia":[{"embeddable":true,"href":"https:\/\/sauh.ee\/ru\/wp-json\/wp\/v2\/media\/8966"}],"wp:attachment":[{"href":"https:\/\/sauh.ee\/ru\/wp-json\/wp\/v2\/media?parent=8964"}],"wp:term":[{"taxonomy":"product_brand","embeddable":true,"href":"https:\/\/sauh.ee\/ru\/wp-json\/wp\/v2\/product_brand?post=8964"},{"taxonomy":"product_cat","embeddable":true,"href":"https:\/\/sauh.ee\/ru\/wp-json\/wp\/v2\/product_cat?post=8964"},{"taxonomy":"product_tag","embeddable":true,"href":"https:\/\/sauh.ee\/ru\/wp-json\/wp\/v2\/product_tag?post=8964"}],"curies":[{"name":"wp","href":"https:\/\/api.w.org\/{rel}","templated":true}]}}