{"id":898,"date":"2023-02-21T21:17:50","date_gmt":"2023-02-21T21:17:50","guid":{"rendered":"https:\/\/sauh.ee\/?post_type=product&#038;p=898"},"modified":"2026-04-06T12:58:07","modified_gmt":"2026-04-06T12:58:07","slug":"akuohupuhur","status":"publish","type":"product","link":"https:\/\/sauh.ee\/ru\/product\/akuohupuhur\/","title":{"rendered":"\u0410\u043a\u0443\u043c\u0443\u043b\u044f\u0442\u043e\u0440\u043d\u044b\u0439 \u0432\u043e\u0437\u0434\u0443\u0445\u043e\u0434\u0443\u0432\u043a\u0430 \u0434\u043b\u044f \u043b\u0438\u0441\u0442\u044c\u0435\u0432"},"content":{"rendered":"<p><span style=\"font-weight: 400;\">\u0410\u043a\u043a\u0443\u043c\u0443\u043b\u044f\u0442\u043e\u0440\u043d\u044b\u0439 \u043b\u0438\u0441\u0442\u043e\u0432\u043e\u0439 \u0432\u043e\u0437\u0434\u0443\u0445\u043e\u0434\u0443\u0432, \u0438\u043b\u0438 \u0430\u043a\u043a\u0443\u043c\u0443\u043b\u044f\u0442\u043e\u0440\u043d\u044b\u0439 \u0432\u043e\u0437\u0434\u0443\u0445\u043e\u0434\u0443\u0432. \u0412\u043e\u0437\u0434\u0443\u0445\u043e\u0434\u0443\u0432 \u0438\u043c\u0435\u0435\u0442 6 \u0440\u0430\u0437\u043b\u0438\u0447\u043d\u044b\u0445 \u0441\u043a\u043e\u0440\u043e\u0441\u0442\u0435\u0439, \u043a\u043e\u0442\u043e\u0440\u044b\u0435 \u0434\u0443\u044e\u0442 \u0441 \u0440\u0430\u0437\u043b\u0438\u0447\u043d\u043e\u0439 \u0441\u0438\u043b\u043e\u0439 \u0432 \u0437\u0430\u0432\u0438\u0441\u0438\u043c\u043e\u0441\u0442\u0438 \u043e\u0442 \u043d\u0435\u043e\u0431\u0445\u043e\u0434\u0438\u043c\u043e\u0441\u0442\u0438.<\/span><\/p>\n<p><iframe title=\"sauh.eu \u0410\u043a\u043a\u0443\u043c\u0443\u043b\u044f\u0442\u043e\u0440\u043d\u0430\u044f \u0412\u043e\u0437\u0434\u0443\u0445\u043e\u0434\u0443\u0432\u043a\u0430\" width=\"980\" height=\"551\" src=\"https:\/\/www.youtube.com\/embed\/AnNzkor_Dhg?feature=oembed\" frameborder=\"0\" allow=\"accelerometer; autoplay; clipboard-write; encrypted-media; gyroscope; picture-in-picture; web-share\" referrerpolicy=\"strict-origin-when-cross-origin\" allowfullscreen><\/iframe><\/p>\n<table>\n<thead>\n<tr>\n<th>\u0422\u0435\u0445\u043d\u0438\u0447\u0435\u0441\u043a\u0438\u0435 \u0445\u0430\u0440\u0430\u043a\u0442\u0435\u0440\u0438\u0441\u0442\u0438\u043a\u0438<\/th>\n<th>\u041e\u043f\u0438\u0441\u0430\u043d\u0438\u0435<\/th>\n<\/tr>\n<\/thead>\n<tbody>\n<tr>\n<td>\u0422\u0438\u043f \u043f\u0438\u0442\u0430\u043d\u0438\u044f<\/td>\n<td>18 \u0412 \u0430\u043a\u043a\u0443\u043c\u0443\u043b\u044f\u0442\u043e\u0440 (\u043c\u043e\u0436\u043d\u043e \u0438\u0441\u043f\u043e\u043b\u044c\u0437\u043e\u0432\u0430\u0442\u044c \u0442\u0430\u043a\u0436\u0435 \u0441 \u0430\u043a\u043a\u0443\u043c\u0443\u043b\u044f\u0442\u043e\u0440\u0430\u043c\u0438 Makita 18 \u0412)<\/td>\n<\/tr>\n<tr>\n<td>\u0427\u0438\u0441\u043b\u043e \u043e\u0431\u043e\u0440\u043e\u0442\u043e\u0432 \u0431\u0435\u0437 \u043d\u0430\u0433\u0440\u0443\u0437\u043a\u0438<\/td>\n<td>0\u201318 000 \u043e\u0431\/\u043c\u0438\u043d<\/td>\n<\/tr>\n<tr>\n<td>\u041c\u043e\u0449\u043d\u043e\u0441\u0442\u044c<\/td>\n<td>2000 \u0412\u0442<\/td>\n<\/tr>\n<tr>\n<td>\u0421\u043a\u043e\u0440\u043e\u0441\u0442\u0438<\/td>\n<td>6 \u043f\u0435\u0440\u0435\u0434\u0430\u0447<\/td>\n<\/tr>\n<tr>\n<td>\u0421\u043a\u043e\u0440\u043e\u0441\u0442\u044c \u0445\u043e\u043b\u043e\u0441\u0442\u043e\u0433\u043e \u0445\u043e\u0434\u0430<\/td>\n<td>20 000 \u043e\u0431\/\u043c\u0438\u043d<\/td>\n<\/tr>\n<tr>\n<td>\u041f\u043e\u0442\u043e\u043a \u0432\u043e\u0437\u0434\u0443\u0445\u0430<\/td>\n<td>6,9 \u043c\u00b3\/\u043c\u0438\u043d<\/td>\n<\/tr>\n<tr>\n<td>\u0412\u0435\u0441<\/td>\n<td>~1,6 \u043a\u0433<\/td>\n<\/tr>\n<\/tbody>\n<\/table>\n<p>\u0412\u044b\u0431\u0438\u0440\u0430\u044f \u0442\u043e\u043b\u044c\u043a\u043e \u0438\u043d\u0441\u0442\u0440\u0443\u043c\u0435\u043d\u0442: \u0430\u043a\u043a\u0443\u043c\u0443\u043b\u044f\u0442\u043e\u0440\u044b \u0438 \u0434\u0440\u0443\u0433\u0438\u0435 \u0430\u043a\u0441\u0435\u0441\u0441\u0443\u0430\u0440\u044b \u0432 \u043a\u043e\u043c\u043f\u043b\u0435\u043a\u0442 \u043d\u0435 \u0432\u0445\u043e\u0434\u044f\u0442!<\/p>\n<p>\u0412\u044b\u0431\u043e\u0440 + 2 \u0430\u043a\u043a\u0443\u043c\u0443\u043b\u044f\u0442\u043e\u0440\u0430 \u0438 \u0437\u0430\u0440\u044f\u0434\u043d\u043e\u0435 \u0443\u0441\u0442\u0440\u043e\u0439\u0441\u0442\u0432\u043e:\u00a0<a href=\"https:\/\/sauh.ee\/ru\/product\/aku-komplekt-analoog-tooriistadele-388vf\/\">\u0412 \u043a\u043e\u043c\u043f\u043b\u0435\u043a\u0442 \u0432\u0445\u043e\u0434\u044f\u0442 2 \u0430\u043a\u043a\u0443\u043c\u0443\u043b\u044f\u0442\u043e\u0440\u0430 \u0438 \u0437\u0430\u0440\u044f\u0434\u043d\u043e\u0435 \u0443\u0441\u0442\u0440\u043e\u0439\u0441\u0442\u0432\u043e.<\/a><\/p>","protected":false},"excerpt":{"rendered":"<p>Akulehepuhur ehk aku\u00f5hupuhur. \u00d5hupuhuril on 6 erinevat k\u00e4iku, mis puhuvad erineva tugevusega vastavalt vajadusele. Tehnilised andmed Kirjeldus Toiteallikas 18V Aku (saab kasutada ka Makita 18V akudega) Koormuseta p\u00f6\u00f6rete arv 0\u201318\u202f000 R\/min V\u00f5imsus 2000 W Kiirused 6 k\u00e4iku T\u00fchik\u00e4igu kiirus 20\u202f000 p\/min \u00d5huvool 6,9 m\u00b3\/min Kaal ~1,6 kg Valides ainult t\u00f6\u00f6riist: Akud ja muud tarvikud komplekti [&hellip;]<\/p>\n","protected":false},"featured_media":7629,"template":"","meta":[],"product_brand":[],"product_cat":[260,15],"product_tag":[272,280],"class_list":{"0":"post-898","1":"product","2":"type-product","3":"status-publish","4":"has-post-thumbnail","6":"product_cat-puhurid-ja-imurid","7":"product_cat-analoog-tooted","8":"product_tag-sugis","9":"product_tag-sugise-lopp","11":"first","12":"onbackorder","13":"sale","14":"shipping-taxable","15":"purchasable","16":"product-type-variable"},"_links":{"self":[{"href":"https:\/\/sauh.ee\/ru\/wp-json\/wp\/v2\/product\/898","targetHints":{"allow":["GET"]}}],"collection":[{"href":"https:\/\/sauh.ee\/ru\/wp-json\/wp\/v2\/product"}],"about":[{"href":"https:\/\/sauh.ee\/ru\/wp-json\/wp\/v2\/types\/product"}],"wp:featuredmedia":[{"embeddable":true,"href":"https:\/\/sauh.ee\/ru\/wp-json\/wp\/v2\/media\/7629"}],"wp:attachment":[{"href":"https:\/\/sauh.ee\/ru\/wp-json\/wp\/v2\/media?parent=898"}],"wp:term":[{"taxonomy":"product_brand","embeddable":true,"href":"https:\/\/sauh.ee\/ru\/wp-json\/wp\/v2\/product_brand?post=898"},{"taxonomy":"product_cat","embeddable":true,"href":"https:\/\/sauh.ee\/ru\/wp-json\/wp\/v2\/product_cat?post=898"},{"taxonomy":"product_tag","embeddable":true,"href":"https:\/\/sauh.ee\/ru\/wp-json\/wp\/v2\/product_tag?post=898"}],"curies":[{"name":"wp","href":"https:\/\/api.w.org\/{rel}","templated":true}]}}