{"id":8990,"date":"2025-10-30T13:31:12","date_gmt":"2025-10-30T13:31:12","guid":{"rendered":"https:\/\/sauh.ee\/?post_type=product&#038;p=8990"},"modified":"2025-10-30T13:35:43","modified_gmt":"2025-10-30T13:35:43","slug":"pakendi-teip","status":"publish","type":"product","link":"https:\/\/sauh.ee\/ru\/product\/pakendi-teip\/","title":{"rendered":"\u0423\u043f\u0430\u043a\u043e\u0432\u043e\u0447\u043d\u044b\u0439 \u0441\u043a\u043e\u0442\u0447 100 \u043c"},"content":{"rendered":"<p>\u0416\u0435\u043b\u0442\u043e\u0432\u0430\u0442\u043e-\u043a\u043e\u0440\u0438\u0447\u043d\u0435\u0432\u044b\u0439 \u0441\u043a\u043e\u0442\u0447 (2,50 \u20ac \u0437\u0430 \u0448\u0442.) \u0434\u043b\u044f \u043a\u0430\u0440\u0442\u043e\u043d\u043d\u044b\u0445 \u043a\u043e\u0440\u043e\u0431\u043e\u043a, \u043a\u043e\u043d\u0442\u0435\u0439\u043d\u0435\u0440\u043e\u0432 \u0438\u043b\u0438 \u0443\u043f\u0430\u043a\u043e\u0432\u043a\u0438 \u043f\u0440\u0435\u0434\u043c\u0435\u0442\u043e\u0432.<\/p>\n<p>\u0414\u0438\u0430\u043c\u0435\u0442\u0440 \u043b\u0435\u043d\u0442\u044b 50 \u043c\u043c. 100 \u043c \u0432 \u0440\u0443\u043b\u043e\u043d\u0435.<\/p>\n<p>&nbsp;<\/p>","protected":false},"excerpt":{"rendered":"<p>Kollakas &#8211; pruun teip (2.50\u20ac tk) papp karpidele, pakenditele v\u00f5i esemete pakkimiseks. Teibi l\u00e4bim\u00f5\u00f5t 50 mm. Rullis 100 m. &nbsp;<\/p>","protected":false},"featured_media":8991,"template":"","meta":[],"product_brand":[],"product_cat":[33,221],"product_tag":[],"class_list":{"0":"post-8990","1":"product","2":"type-product","3":"status-publish","4":"has-post-thumbnail","6":"product_cat-muu","7":"product_cat-teibid","9":"first","10":"instock","11":"shipping-taxable","12":"purchasable","13":"product-type-simple"},"_links":{"self":[{"href":"https:\/\/sauh.ee\/ru\/wp-json\/wp\/v2\/product\/8990","targetHints":{"allow":["GET"]}}],"collection":[{"href":"https:\/\/sauh.ee\/ru\/wp-json\/wp\/v2\/product"}],"about":[{"href":"https:\/\/sauh.ee\/ru\/wp-json\/wp\/v2\/types\/product"}],"wp:featuredmedia":[{"embeddable":true,"href":"https:\/\/sauh.ee\/ru\/wp-json\/wp\/v2\/media\/8991"}],"wp:attachment":[{"href":"https:\/\/sauh.ee\/ru\/wp-json\/wp\/v2\/media?parent=8990"}],"wp:term":[{"taxonomy":"product_brand","embeddable":true,"href":"https:\/\/sauh.ee\/ru\/wp-json\/wp\/v2\/product_brand?post=8990"},{"taxonomy":"product_cat","embeddable":true,"href":"https:\/\/sauh.ee\/ru\/wp-json\/wp\/v2\/product_cat?post=8990"},{"taxonomy":"product_tag","embeddable":true,"href":"https:\/\/sauh.ee\/ru\/wp-json\/wp\/v2\/product_tag?post=8990"}],"curies":[{"name":"wp","href":"https:\/\/api.w.org\/{rel}","templated":true}]}}