{"id":9028,"date":"2025-11-01T14:45:15","date_gmt":"2025-11-01T14:45:15","guid":{"rendered":"https:\/\/sauh.ee\/?post_type=product&#038;p=9028"},"modified":"2026-04-14T07:39:22","modified_gmt":"2026-04-14T07:39:22","slug":"auto-tungraud-5t-ja-kompressor","status":"publish","type":"product","link":"https:\/\/sauh.ee\/ru\/product\/auto-tungraud-5t-ja-kompressor\/","title":{"rendered":"\u042d\u043b\u0435\u043a\u0442\u0440\u0438\u0447\u0435\u0441\u043a\u0438\u0439 \u0430\u0432\u0442\u043e\u043c\u043e\u0431\u0438\u043b\u044c\u043d\u044b\u0439 \u0434\u043e\u043c\u043a\u0440\u0430\u0442 5T \u0438 \u043a\u043e\u043c\u043f\u0440\u0435\u0441\u0441\u043e\u0440"},"content":{"rendered":"<p><iframe title=\"\u042d\u043b\u0435\u043a\u0442\u0440\u0438\u0447\u0435\u0441\u043a\u0438\u0439 \u0430\u0432\u0442\u043e\u043c\u043e\u0431\u0438\u043b\u044c\u043d\u044b\u0439 \u0434\u043e\u043c\u043a\u0440\u0430\u0442 5T \u0438 \u043a\u043e\u043c\u043f\u0440\u0435\u0441\u0441\u043e\u0440\" width=\"980\" height=\"551\" src=\"https:\/\/www.youtube.com\/embed\/gBMBv8RV04M?feature=oembed\" frameborder=\"0\" allow=\"accelerometer; autoplay; clipboard-write; encrypted-media; gyroscope; picture-in-picture; web-share\" referrerpolicy=\"strict-origin-when-cross-origin\" allowfullscreen><\/iframe><\/p>\n<table>\n<thead>\n<tr>\n<th>\u0425\u0430\u0440\u0430\u043a\u0442\u0435\u0440\u0438\u0441\u0442\u0438\u043a\u0430<\/th>\n<th>\u0417\u043d\u0430\u0447\u0435\u043d\u0438\u0435<\/th>\n<\/tr>\n<\/thead>\n<tbody>\n<tr>\n<td>\u0412 \u043a\u043e\u043c\u043f\u043b\u0435\u043a\u0442\u0435<\/td>\n<td>\u041a\u043e\u043c\u043f\u043b\u0435\u043a\u0442 \u0433\u0438\u0434\u0440\u0430\u0432\u043b\u0438\u0447\u0435\u0441\u043a\u043e\u0433\u043e \u0430\u0432\u0442\u043e\u043c\u043e\u0431\u0438\u043b\u044c\u043d\u043e\u0433\u043e \u0434\u043e\u043c\u043a\u0440\u0430\u0442\u0430 5T \u0441 \u0430\u043a\u043a\u0443\u043c\u0443\u043b\u044f\u0442\u043e\u0440\u043d\u044b\u043c \u043f\u0438\u0442\u0430\u043d\u0438\u0435\u043c: \u0448\u043d\u0443\u0440 \u043f\u0438\u0442\u0430\u043d\u0438\u044f, \u0437\u0430\u0436\u0438\u043c\u044b \u0434\u043b\u044f \u0430\u043a\u043a\u0443\u043c\u0443\u043b\u044f\u0442\u043e\u0440\u0430, \u0443\u0434\u043b\u0438\u043d\u0438\u0442\u0435\u043b\u044c\u043d\u0430\u044f \u0448\u0442\u0430\u043d\u0433\u0430, \u0430\u0432\u0430\u0440\u0438\u0439\u043d\u044b\u0439 \u043c\u043e\u043b\u043e\u0442\u043e\u043a, \u0448\u0435\u0441\u0442\u0438\u0433\u0440\u0430\u043d\u043d\u044b\u0439 \u043a\u043b\u044e\u0447, \u0437\u0430\u043f\u0430\u0441\u043d\u044b\u0435 \u043f\u0440\u0435\u0434\u043e\u0445\u0440\u0430\u043d\u0438\u0442\u0435\u043b\u0438 (2 \u0448\u0442.), \u0432\u043e\u0437\u0434\u0443\u0448\u043d\u044b\u0435 \u043a\u043b\u0430\u043f\u0430\u043d\u044b (3 \u0448\u0442.), \u0447\u0435\u043c\u043e\u0434\u0430\u043d \u0434\u043b\u044f \u0445\u0440\u0430\u043d\u0435\u043d\u0438\u044f<\/td>\n<\/tr>\n<tr>\n<td>\u0412\u0435\u0441 (\u043f\u0440\u0438\u0431\u043b\u0438\u0437\u0438\u0442\u0435\u043b\u044c\u043d\u044b\u0439)<\/td>\n<td>~6 \u043a\u0433<\/td>\n<\/tr>\n<tr>\n<td>\u041f\u043e\u0434\u0445\u043e\u0434\u0438\u0442 \u0434\u043b\u044f \u0442\u0440\u0430\u043d\u0441\u043f\u043e\u0440\u0442\u043d\u044b\u0445 \u0441\u0440\u0435\u0434\u0441\u0442\u0432<\/td>\n<td>\u0432\u043d\u0435\u0434\u043e\u0440\u043e\u0436\u043d\u0438\u043a\u0438, \u043c\u0438\u043d\u0438\u0432\u044d\u043d\u044b, \u043b\u0435\u0433\u043a\u0438\u0435 \u0433\u0440\u0443\u0437\u043e\u0432\u0438\u043a\u0438 (1\u20135 \u0442)<\/td>\n<\/tr>\n<\/tbody>\n<\/table>\n<p><img fetchpriority=\"high\" decoding=\"async\" class=\"alignnone size-large wp-image-9031\" src=\"https:\/\/sauh.ee\/wp-content\/uploads\/2025\/11\/Auto-Tungraud-5T-ja-kompressor-sauh.ee-12V-2.png\" alt=\"\" width=\"980\" height=\"402\" srcset=\"https:\/\/sauh.ee\/wp-content\/uploads\/2025\/11\/Auto-Tungraud-5T-ja-kompressor-sauh.ee-12V-2.png 1464w, https:\/\/sauh.ee\/wp-content\/uploads\/2025\/11\/Auto-Tungraud-5T-ja-kompressor-sauh.ee-12V-2-300x123.png 300w, https:\/\/sauh.ee\/wp-content\/uploads\/2025\/11\/Auto-Tungraud-5T-ja-kompressor-sauh.ee-12V-2-1024x420.png 1024w, https:\/\/sauh.ee\/wp-content\/uploads\/2025\/11\/Auto-Tungraud-5T-ja-kompressor-sauh.ee-12V-2-768x315.png 768w, https:\/\/sauh.ee\/wp-content\/uploads\/2025\/11\/Auto-Tungraud-5T-ja-kompressor-sauh.ee-12V-2-18x7.png 18w, https:\/\/sauh.ee\/wp-content\/uploads\/2025\/11\/Auto-Tungraud-5T-ja-kompressor-sauh.ee-12V-2-416x170.png 416w, https:\/\/sauh.ee\/wp-content\/uploads\/2025\/11\/Auto-Tungraud-5T-ja-kompressor-sauh.ee-12V-2-64x26.png 64w\" sizes=\"(max-width: 980px) 100vw, 980px\" \/> <img decoding=\"async\" class=\"alignnone size-large wp-image-9034\" src=\"https:\/\/sauh.ee\/wp-content\/uploads\/2025\/11\/Auto-Tungraud-5T-ja-kompressor-sauh.ee-12V-13.webp\" alt=\"\" width=\"980\" height=\"402\" srcset=\"https:\/\/sauh.ee\/wp-content\/uploads\/2025\/11\/Auto-Tungraud-5T-ja-kompressor-sauh.ee-12V-13.webp 1464w, https:\/\/sauh.ee\/wp-content\/uploads\/2025\/11\/Auto-Tungraud-5T-ja-kompressor-sauh.ee-12V-13-300x123.webp 300w, https:\/\/sauh.ee\/wp-content\/uploads\/2025\/11\/Auto-Tungraud-5T-ja-kompressor-sauh.ee-12V-13-1024x420.webp 1024w, https:\/\/sauh.ee\/wp-content\/uploads\/2025\/11\/Auto-Tungraud-5T-ja-kompressor-sauh.ee-12V-13-768x315.webp 768w, https:\/\/sauh.ee\/wp-content\/uploads\/2025\/11\/Auto-Tungraud-5T-ja-kompressor-sauh.ee-12V-13-18x7.webp 18w, https:\/\/sauh.ee\/wp-content\/uploads\/2025\/11\/Auto-Tungraud-5T-ja-kompressor-sauh.ee-12V-13-416x170.webp 416w, https:\/\/sauh.ee\/wp-content\/uploads\/2025\/11\/Auto-Tungraud-5T-ja-kompressor-sauh.ee-12V-13-64x26.webp 64w\" sizes=\"(max-width: 980px) 100vw, 980px\" \/><\/p>\n<table>\n<thead>\n<tr>\n<th><strong>\u0425\u0430\u0440\u0430\u043a\u0442\u0435\u0440\u0438\u0441\u0442\u0438\u043a\u0430<\/strong><\/th>\n<th><strong>\u0414\u0430\u043d\u043d\u044b\u0435<\/strong><\/th>\n<\/tr>\n<\/thead>\n<tbody>\n<tr>\n<td><strong>\u041f\u043e\u0434\u044a\u0435\u043c\u043d\u0430\u044f \u0441\u043f\u043e\u0441\u043e\u0431\u043d\u043e\u0441\u0442\u044c<\/strong><\/td>\n<td>5,0 \u0442\u043e\u043d\u043d<\/td>\n<\/tr>\n<tr>\n<td><strong>\u0412\u044b\u0441\u043e\u0442\u0430 \u043f\u043e\u0434\u044a\u0435\u043c\u0430<\/strong><\/td>\n<td>15\u201354 \u0441\u043c<\/td>\n<\/tr>\n<tr>\n<td><strong>\u041d\u0430\u043f\u0440\u044f\u0436\u0435\u043d\u0438\u0435 \u043f\u0438\u0442\u0430\u043d\u0438\u044f \/ \u0437\u0430\u0440\u044f\u0434\u043a\u0430<\/strong><\/td>\n<td>12 \u0412 (\u0430\u0432\u0442\u043e\u043c\u043e\u0431\u0438\u043b\u044c\u043d\u044b\u0439 \u043f\u0440\u0438\u043a\u0443\u0440\u0438\u0432\u0430\u0442\u0435\u043b\u044c \u0438\u043b\u0438 \u043d\u0430\u043f\u0440\u044f\u043c\u0443\u044e \u043e\u0442 \u0430\u043a\u043a\u0443\u043c\u0443\u043b\u044f\u0442\u043e\u0440\u0430)<\/td>\n<\/tr>\n<tr>\n<td><strong>\u0412\u0441\u0442\u0440\u043e\u0435\u043d\u043d\u044b\u0439 \u043a\u043e\u043c\u043f\u0440\u0435\u0441\u0441\u043e\u0440<\/strong><\/td>\n<td>\u0414\u0430<\/td>\n<\/tr>\n<tr>\n<td><strong>\u041c\u0430\u043a\u0441\u0438\u043c\u0430\u043b\u044c\u043d\u043e\u0435 \u0434\u0430\u0432\u043b\u0435\u043d\u0438\u0435<\/strong><\/td>\n<td>150 \u0444\u0443\u043d\u0442\u043e\u0432 \u043d\u0430 \u043a\u0432\u0430\u0434\u0440\u0430\u0442\u043d\u044b\u0439 \u0434\u044e\u0439\u043c<\/td>\n<\/tr>\n<tr>\n<td><strong>\u041e\u0431\u044a\u0435\u043c \u0432\u043e\u0437\u0434\u0443\u0448\u043d\u043e\u0433\u043e \u043f\u043e\u0442\u043e\u043a\u0430<\/strong><\/td>\n<td>35 \u043b\/\u043c\u0438\u043d<\/td>\n<\/tr>\n<tr>\n<td><strong>\u0426\u0438\u0444\u0440\u043e\u0432\u043e\u0439 \u043c\u0430\u043d\u043e\u043c\u0435\u0442\u0440<\/strong><\/td>\n<td>\u0414\u0430<\/td>\n<\/tr>\n<tr>\n<td><strong>\u0421\u0432\u0435\u0442\u043e\u0434\u0438\u043e\u0434\u043d\u043e\u0435 \u043e\u0441\u0432\u0435\u0449\u0435\u043d\u0438\u0435<\/strong><\/td>\n<td>4 \u0441\u0432\u0435\u0442\u043e\u0434\u0438\u043e\u0434\u043d\u044b\u0435 \u043b\u0430\u043c\u043f\u044b, 4000 \u043b\u044e\u043c\u0435\u043d, \u0434\u0430\u043b\u044c\u043d\u043e\u0441\u0442\u044c \u043e\u0441\u0432\u0435\u0449\u0435\u043d\u0438\u044f \u0434\u043e 740 \u043c<\/td>\n<\/tr>\n<tr>\n<td><strong>\u041d\u0435\u0441\u043a\u043e\u043b\u044c\u0437\u044f\u0449\u0430\u044f \u043e\u0441\u043d\u043e\u0432\u0430<\/strong><\/td>\n<td>Anti-slip Cross Groove \u2013 \u043e\u0431\u0435\u0441\u043f\u0435\u0447\u0438\u0432\u0430\u0435\u0442 \u0441\u0442\u0430\u0431\u0438\u043b\u044c\u043d\u043e\u0441\u0442\u044c \u043f\u0440\u0438 \u043f\u043e\u0434\u044a\u0435\u043c\u0435<\/td>\n<\/tr>\n<tr>\n<td><strong>\u0420\u0443\u0447\u043a\u0430 \u0434\u043b\u044f \u043f\u0435\u0440\u0435\u043d\u043e\u0441\u043a\u0438<\/strong><\/td>\n<td>\u042d\u0440\u0433\u043e\u043d\u043e\u043c\u0438\u0447\u043d\u044b\u0439, \u0443\u0434\u043e\u0431\u043d\u044b\u0439 \u0434\u043b\u044f \u0442\u0440\u0430\u043d\u0441\u043f\u043e\u0440\u0442\u0438\u0440\u043e\u0432\u043a\u0438<\/td>\n<\/tr>\n<\/tbody>\n<\/table>\n<p><img decoding=\"async\" class=\"alignnone size-large wp-image-9035\" src=\"https:\/\/sauh.ee\/wp-content\/uploads\/2025\/11\/Auto-Tungraud-5T-ja-kompressor-sauh.ee-12V-11.webp\" alt=\"\" width=\"980\" height=\"402\" srcset=\"https:\/\/sauh.ee\/wp-content\/uploads\/2025\/11\/Auto-Tungraud-5T-ja-kompressor-sauh.ee-12V-11.webp 1464w, https:\/\/sauh.ee\/wp-content\/uploads\/2025\/11\/Auto-Tungraud-5T-ja-kompressor-sauh.ee-12V-11-300x123.webp 300w, https:\/\/sauh.ee\/wp-content\/uploads\/2025\/11\/Auto-Tungraud-5T-ja-kompressor-sauh.ee-12V-11-1024x420.webp 1024w, https:\/\/sauh.ee\/wp-content\/uploads\/2025\/11\/Auto-Tungraud-5T-ja-kompressor-sauh.ee-12V-11-768x315.webp 768w, https:\/\/sauh.ee\/wp-content\/uploads\/2025\/11\/Auto-Tungraud-5T-ja-kompressor-sauh.ee-12V-11-18x7.webp 18w, https:\/\/sauh.ee\/wp-content\/uploads\/2025\/11\/Auto-Tungraud-5T-ja-kompressor-sauh.ee-12V-11-416x170.webp 416w, https:\/\/sauh.ee\/wp-content\/uploads\/2025\/11\/Auto-Tungraud-5T-ja-kompressor-sauh.ee-12V-11-64x26.webp 64w\" sizes=\"(max-width: 980px) 100vw, 980px\" \/><img loading=\"lazy\" decoding=\"async\" class=\"alignnone size-large wp-image-9030\" src=\"https:\/\/sauh.ee\/wp-content\/uploads\/2025\/11\/Auto-Tungraud-5T-ja-kompressor-sauh.ee-12V-12.webp\" alt=\"\" width=\"980\" height=\"402\" srcset=\"https:\/\/sauh.ee\/wp-content\/uploads\/2025\/11\/Auto-Tungraud-5T-ja-kompressor-sauh.ee-12V-12.webp 1464w, https:\/\/sauh.ee\/wp-content\/uploads\/2025\/11\/Auto-Tungraud-5T-ja-kompressor-sauh.ee-12V-12-300x123.webp 300w, https:\/\/sauh.ee\/wp-content\/uploads\/2025\/11\/Auto-Tungraud-5T-ja-kompressor-sauh.ee-12V-12-1024x420.webp 1024w, https:\/\/sauh.ee\/wp-content\/uploads\/2025\/11\/Auto-Tungraud-5T-ja-kompressor-sauh.ee-12V-12-768x315.webp 768w, https:\/\/sauh.ee\/wp-content\/uploads\/2025\/11\/Auto-Tungraud-5T-ja-kompressor-sauh.ee-12V-12-18x7.webp 18w, https:\/\/sauh.ee\/wp-content\/uploads\/2025\/11\/Auto-Tungraud-5T-ja-kompressor-sauh.ee-12V-12-416x170.webp 416w, https:\/\/sauh.ee\/wp-content\/uploads\/2025\/11\/Auto-Tungraud-5T-ja-kompressor-sauh.ee-12V-12-64x26.webp 64w\" sizes=\"(max-width: 980px) 100vw, 980px\" \/><\/p>\n<p><iframe title=\"sauh.ee \u042d\u043b\u0435\u043a\u0442\u0440\u0438\u0447\u0435\u0441\u043a\u0438\u0439 \u0434\u043e\u043c\u043a\u0440\u0430\u0442 5T \u0438 \u043a\u043e\u043c\u043f\u0440\u0435\u0441\u0441\u043e\u0440 + \u0430\u043a\u043a\u0443\u043c\u0443\u043b\u044f\u0442\u043e\u0440\u043d\u044b\u0439 \u0431\u043e\u043b\u0442\u043e\u0432\u0435\u0440\u0442 1000 \u041d\u043c -  \u0434\u043e\u043c\u043a\u0440\u0430\u0442 5T\" width=\"980\" height=\"551\" src=\"https:\/\/www.youtube.com\/embed\/5_mZou3Hen8?feature=oembed\" frameborder=\"0\" allow=\"accelerometer; autoplay; clipboard-write; encrypted-media; gyroscope; picture-in-picture; web-share\" referrerpolicy=\"strict-origin-when-cross-origin\" allowfullscreen><\/iframe><\/p>","protected":false},"excerpt":{"rendered":"<p>Omadus V\u00e4\u00e4rtus Kaasas Aku-toitega 5T h\u00fcdrauliline autotungrauakomplekt: toitejuhe, akuklambrid, pikendusvarras, h\u00e4davasar, kuuskantv\u00f5ti, varukaitsmed (2 tk), \u00f5huventiilid (3 tk), hoiukohver Kaal (ligikaudne) ~6 kg Sobib s\u00f5idukitele maasturid, MPV-d, v\u00e4ikeveokid (1\u20135 t) Omadus Andmed T\u00f5stev\u00f5ime 5,0 tonni T\u00f5stek\u00f5rgus 15\u201354 cm Toitepinge \/ laadimine 12V (auto sigaretis\u00fc\u00fctaja v\u00f5i otse akult) Sisseehitatud kompressor Jah Maksimaalne r\u00f5hk 150 PSI \u00d5huvooluhulk [&hellip;]<\/p>\n","protected":false},"featured_media":9039,"template":"","meta":[],"product_brand":[],"product_cat":[277,33,261],"product_tag":[],"class_list":{"0":"post-9028","1":"product","2":"type-product","3":"status-publish","4":"has-post-thumbnail","6":"product_cat-autosse","7":"product_cat-muu","8":"product_cat-valgustus","10":"first","11":"instock","12":"shipping-taxable","13":"purchasable","14":"product-type-simple"},"_links":{"self":[{"href":"https:\/\/sauh.ee\/ru\/wp-json\/wp\/v2\/product\/9028","targetHints":{"allow":["GET"]}}],"collection":[{"href":"https:\/\/sauh.ee\/ru\/wp-json\/wp\/v2\/product"}],"about":[{"href":"https:\/\/sauh.ee\/ru\/wp-json\/wp\/v2\/types\/product"}],"wp:featuredmedia":[{"embeddable":true,"href":"https:\/\/sauh.ee\/ru\/wp-json\/wp\/v2\/media\/9039"}],"wp:attachment":[{"href":"https:\/\/sauh.ee\/ru\/wp-json\/wp\/v2\/media?parent=9028"}],"wp:term":[{"taxonomy":"product_brand","embeddable":true,"href":"https:\/\/sauh.ee\/ru\/wp-json\/wp\/v2\/product_brand?post=9028"},{"taxonomy":"product_cat","embeddable":true,"href":"https:\/\/sauh.ee\/ru\/wp-json\/wp\/v2\/product_cat?post=9028"},{"taxonomy":"product_tag","embeddable":true,"href":"https:\/\/sauh.ee\/ru\/wp-json\/wp\/v2\/product_tag?post=9028"}],"curies":[{"name":"wp","href":"https:\/\/api.w.org\/{rel}","templated":true}]}}