{"id":9096,"date":"2025-11-13T12:48:37","date_gmt":"2025-11-13T12:48:37","guid":{"rendered":"https:\/\/sauh.ee\/?post_type=product&#038;p=9096"},"modified":"2026-04-07T10:08:32","modified_gmt":"2026-04-07T10:08:32","slug":"aku-lookmutrikeeraja-1200nm","status":"publish","type":"product","link":"https:\/\/sauh.ee\/ru\/product\/aku-lookmutrikeeraja-1200nm\/","title":{"rendered":"\u0410\u043a\u0443\u043c\u0443\u043b\u044f\u0442\u043e\u0440\u043d\u044b\u0439 \u0443\u0434\u0430\u0440\u043d\u044b\u0439 \u0433\u0430\u0439\u043a\u043e\u0432\u0435\u0440\u0442 1200 \u041d\u043c"},"content":{"rendered":"<p>\u0410\u043a\u043a\u0443\u043c\u0443\u043b\u044f\u0442\u043e\u0440\u043d\u044b\u0439 \u0443\u0434\u0430\u0440\u043d\u044b\u0439 \u0433\u0430\u0439\u043a\u043e\u0432\u0435\u0440\u0442 1\/2\u201d  (\u041c\u043e\u0436\u043d\u043e \u0438\u0441\u043f\u043e\u043b\u044c\u0437\u043e\u0432\u0430\u0442\u044c \u0442\u0430\u043a\u0436\u0435 \u0441 \u0430\u043a\u043a\u0443\u043c\u0443\u043b\u044f\u0442\u043e\u0440\u0430\u043c\u0438 \u041c\u0430\u043a\u0438\u0442\u0430 18 \u0412). \u041f\u0440\u043e\u0447\u043d\u044b\u0439 \u0438 \u043d\u0430\u0434\u0435\u0436\u043d\u044b\u0439 \u0430\u043a\u043a\u0443\u043c\u0443\u043b\u044f\u0442\u043e\u0440\u043d\u044b\u0439 \u0433\u0430\u0439\u043a\u043e\u0432\u0435\u0440\u0442, \u043a\u043e\u0442\u043e\u0440\u044b\u0439 \u0438\u0434\u0435\u0430\u043b\u044c\u043d\u043e \u043f\u043e\u0434\u0445\u043e\u0434\u0438\u0442 \u0434\u043b\u044f \u0431\u044b\u0441\u0442\u0440\u043e\u0433\u043e \u0437\u0430\u043a\u0440\u0443\u0447\u0438\u0432\u0430\u043d\u0438\u044f \u0438 \u043e\u0442\u043a\u0440\u0443\u0447\u0438\u0432\u0430\u043d\u0438\u044f \u0431\u043e\u043b\u0442\u043e\u0432, \u0433\u0430\u0435\u043a \u0438 \u0432\u0438\u043d\u0442\u043e\u0432. \u0425\u043e\u0440\u043e\u0448\u0438\u0439 \u043f\u043e\u043c\u043e\u0449\u043d\u0438\u043a \u043f\u0440\u0438 \u0440\u0430\u0431\u043e\u0442\u0435 \u0441 \u0430\u0432\u0442\u043e\u043c\u043e\u0431\u0438\u043b\u044f\u043c\u0438 \u0438 \u043c\u0430\u0448\u0438\u043d\u0430\u043c\u0438, \u0432 \u0441\u0442\u0440\u043e\u0438\u0442\u0435\u043b\u044c\u0441\u0442\u0432\u0435, \u0430 \u0442\u0430\u043a\u0436\u0435 \u0432 \u0434\u043e\u043c\u0430\u0448\u043d\u0435\u0439 \u043c\u0430\u0441\u0442\u0435\u0440\u0441\u043a\u043e\u0439.<\/p>\n<p><img fetchpriority=\"high\" decoding=\"async\" class=\"alignnone size-large wp-image-9103\" src=\"https:\/\/sauh.ee\/wp-content\/uploads\/2025\/11\/sauh.ee-auto-akupoldikeeraja-komplekt-koos-otsikutega-5-1024x436.webp\" alt=\"\" width=\"980\" height=\"417\" srcset=\"https:\/\/sauh.ee\/wp-content\/uploads\/2025\/11\/sauh.ee-auto-akupoldikeeraja-komplekt-koos-otsikutega-5-1024x436.webp 1024w, https:\/\/sauh.ee\/wp-content\/uploads\/2025\/11\/sauh.ee-auto-akupoldikeeraja-komplekt-koos-otsikutega-5-300x128.webp 300w, https:\/\/sauh.ee\/wp-content\/uploads\/2025\/11\/sauh.ee-auto-akupoldikeeraja-komplekt-koos-otsikutega-5-768x327.webp 768w, https:\/\/sauh.ee\/wp-content\/uploads\/2025\/11\/sauh.ee-auto-akupoldikeeraja-komplekt-koos-otsikutega-5-18x8.webp 18w, https:\/\/sauh.ee\/wp-content\/uploads\/2025\/11\/sauh.ee-auto-akupoldikeeraja-komplekt-koos-otsikutega-5-416x177.webp 416w, https:\/\/sauh.ee\/wp-content\/uploads\/2025\/11\/sauh.ee-auto-akupoldikeeraja-komplekt-koos-otsikutega-5-64x27.webp 64w, https:\/\/sauh.ee\/wp-content\/uploads\/2025\/11\/sauh.ee-auto-akupoldikeeraja-komplekt-koos-otsikutega-5.webp 1347w\" sizes=\"(max-width: 980px) 100vw, 980px\" \/><\/p>\n<table>\n<thead>\n<tr>\n<th>\u0425\u0430\u0440\u0430\u043a\u0442\u0435\u0440\u0438\u0441\u0442\u0438\u043a\u0430<\/th>\n<th>\u041e\u043f\u0438\u0441\u0430\u043d\u0438\u0435<\/th>\n<\/tr>\n<\/thead>\n<tbody>\n<tr>\n<td>\u041d\u0430\u043f\u0440\u044f\u0436\u0435\u043d\u0438\u0435<\/td>\n<td>18 \u0412<\/td>\n<\/tr>\n<tr>\n<td>\u041c\u043e\u0442\u043e\u0440<\/td>\n<td>\u0411\u0435\u0437\u0449\u0435\u0442\u043e\u0447\u043d\u044b\u0439 (brushless)<\/td>\n<\/tr>\n<tr>\n<td>\u0421\u043a\u043e\u0440\u043e\u0441\u0442\u044c \u0445\u043e\u043b\u043e\u0441\u0442\u043e\u0433\u043e \u0445\u043e\u0434\u0430<\/td>\n<td>0\u20137900 \u043e\u0431\/\u043c\u0438\u043d<\/td>\n<\/tr>\n<tr>\n<td>\u0427\u0430\u0441\u0442\u043e\u0442\u0430 \u0443\u0434\u0430\u0440\u043e\u0432<\/td>\n<td>0\u20137300 ipm<\/td>\n<\/tr>\n<tr>\n<td>\u041a\u0440\u0435\u043f\u043b\u0435\u043d\u0438\u0435<\/td>\n<td>1\/2\u201d \u043a\u0432\u0430\u0434\u0440\u0430\u0442\u043d\u0430\u044f \u0433\u043e\u043b\u043e\u0432\u043a\u0430<\/td>\n<\/tr>\n<tr>\n<td>\u041f\u0435\u0440\u0435\u0434\u0430\u0447\u0438<\/td>\n<td>3 \u0432\u043f\u0435\u0440\u0435\u0434 \/ 2 \u043d\u0430\u0437\u0430\u0434 (\u0432\u043a\u043b\u044e\u0447\u0430\u044f \u0444\u0443\u043d\u043a\u0446\u0438\u044e \u0430\u0432\u0442\u043e\u043c\u0430\u0442\u0438\u0447\u0435\u0441\u043a\u043e\u0439 \u043e\u0441\u0442\u0430\u043d\u043e\u0432\u043a\u0438)<\/td>\n<\/tr>\n<tr>\n<td>\u0421\u0432\u0435\u0442\u043e\u0434\u0438\u043e\u0434\u043d\u044b\u0439 \u0440\u0430\u0431\u043e\u0447\u0438\u0439 \u0441\u0432\u0435\u0442\u0438\u043b\u044c\u043d\u0438\u043a<\/td>\n<td>\u0414\u0430<\/td>\n<\/tr>\n<tr>\n<td>\u0421\u043e\u0432\u043c\u0435\u0441\u0442\u0438\u043c\u044b\u0435 \u0430\u043a\u043a\u0443\u043c\u0443\u043b\u044f\u0442\u043e\u0440\u044b<\/td>\n<td>\u041b\u0438\u0442\u0438\u0439-\u0438\u043e\u043d\u043d\u044b\u0435 \u0430\u043a\u043a\u0443\u043c\u0443\u043b\u044f\u0442\u043e\u0440\u044b \u0441\u0435\u0440\u0438\u0438 B 18 \u0412 \u043e\u0442 Makita (BL1850B, BL1840B, BL1830B \u0438 \u0442. \u0434.)<\/td>\n<\/tr>\n<tr>\n<td>\u041d\u0435\u0441\u043e\u0432\u043c\u0435\u0441\u0442\u0438\u043c\u044b\u0435 \u0430\u043a\u043a\u0443\u043c\u0443\u043b\u044f\u0442\u043e\u0440\u044b<\/td>\n<td>\u0410\u043a\u043a\u0443\u043c\u0443\u043b\u044f\u0442\u043e\u0440\u044b \u0441\u0435\u0440\u0438\u0438 G \u0438 Ni-CD<\/td>\n<\/tr>\n<tr>\n<td>\u0412\u0435\u0441<\/td>\n<td>2 \u043a\u0433<\/td>\n<\/tr>\n<\/tbody>\n<\/table>\n<p><img decoding=\"async\" class=\"alignnone size-large wp-image-9105\" src=\"https:\/\/sauh.ee\/wp-content\/uploads\/2025\/11\/sauh.ee-auto-akupoldikeeraja-komplekt-koos-otsikutega-6.webp\" alt=\"\" width=\"980\" height=\"638\" srcset=\"https:\/\/sauh.ee\/wp-content\/uploads\/2025\/11\/sauh.ee-auto-akupoldikeeraja-komplekt-koos-otsikutega-6.webp 1200w, https:\/\/sauh.ee\/wp-content\/uploads\/2025\/11\/sauh.ee-auto-akupoldikeeraja-komplekt-koos-otsikutega-6-300x199.webp 300w, https:\/\/sauh.ee\/wp-content\/uploads\/2025\/11\/sauh.ee-auto-akupoldikeeraja-komplekt-koos-otsikutega-6-1024x679.webp 1024w, https:\/\/sauh.ee\/wp-content\/uploads\/2025\/11\/sauh.ee-auto-akupoldikeeraja-komplekt-koos-otsikutega-6-768x509.webp 768w, https:\/\/sauh.ee\/wp-content\/uploads\/2025\/11\/sauh.ee-auto-akupoldikeeraja-komplekt-koos-otsikutega-6-18x12.webp 18w, https:\/\/sauh.ee\/wp-content\/uploads\/2025\/11\/sauh.ee-auto-akupoldikeeraja-komplekt-koos-otsikutega-6-416x276.webp 416w, https:\/\/sauh.ee\/wp-content\/uploads\/2025\/11\/sauh.ee-auto-akupoldikeeraja-komplekt-koos-otsikutega-6-64x42.webp 64w\" sizes=\"(max-width: 980px) 100vw, 980px\" \/><\/p>\n<h3 data-start=\"101\" data-end=\"121\"><strong data-start=\"105\" data-end=\"119\">\u0412 \u043a\u043e\u043c\u043f\u043b\u0435\u043a\u0442\u0435:<\/strong><\/h3>\n<p>\u0412 \u043a\u043e\u043c\u043f\u043b\u0435\u043a\u0442 \u0442\u0430\u043a\u0436\u0435 \u0432\u0445\u043e\u0434\u0438\u0442 <strong data-start=\"455\" data-end=\"471\">\u0430\u0434\u0430\u043f\u0442\u0435\u0440 \u0434\u043b\u044f \u0441\u0432\u0435\u0440\u043b\u0430<\/strong>, \u043a\u043e\u0442\u043e\u0440\u044b\u0439 \u043f\u043e\u0437\u0432\u043e\u043b\u044f\u0435\u0442 \u0438\u0441\u043f\u043e\u043b\u044c\u0437\u043e\u0432\u0430\u0442\u044c \u0438\u043d\u0441\u0442\u0440\u0443\u043c\u0435\u043d\u0442 \u0432 \u043a\u0430\u0447\u0435\u0441\u0442\u0432\u0435 \u0443\u0434\u0430\u0440\u043d\u043e\u0433\u043e \u0433\u0430\u0439\u043a\u043e\u0432\u0435\u0440\u0442\u0430 \u0438 \u0430\u043a\u043a\u0443\u043c\u0443\u043b\u044f\u0442\u043e\u0440\u043d\u043e\u0439 \u0434\u0440\u0435\u043b\u0438.<\/p>\n<p><img decoding=\"async\" class=\"alignnone size-full wp-image-9110\" src=\"https:\/\/sauh.ee\/wp-content\/uploads\/2025\/11\/sauh.ee-auto-poldi-keeraja-komplekt-otsikud-ning-trelli-otsik.webp\" alt=\"\" width=\"977\" height=\"258\" srcset=\"https:\/\/sauh.ee\/wp-content\/uploads\/2025\/11\/sauh.ee-auto-poldi-keeraja-komplekt-otsikud-ning-trelli-otsik.webp 977w, https:\/\/sauh.ee\/wp-content\/uploads\/2025\/11\/sauh.ee-auto-poldi-keeraja-komplekt-otsikud-ning-trelli-otsik-300x79.webp 300w, https:\/\/sauh.ee\/wp-content\/uploads\/2025\/11\/sauh.ee-auto-poldi-keeraja-komplekt-otsikud-ning-trelli-otsik-768x203.webp 768w, https:\/\/sauh.ee\/wp-content\/uploads\/2025\/11\/sauh.ee-auto-poldi-keeraja-komplekt-otsikud-ning-trelli-otsik-18x5.webp 18w, https:\/\/sauh.ee\/wp-content\/uploads\/2025\/11\/sauh.ee-auto-poldi-keeraja-komplekt-otsikud-ning-trelli-otsik-416x110.webp 416w, https:\/\/sauh.ee\/wp-content\/uploads\/2025\/11\/sauh.ee-auto-poldi-keeraja-komplekt-otsikud-ning-trelli-otsik-64x17.webp 64w\" sizes=\"(max-width: 977px) 100vw, 977px\" \/><\/p>\n<ul data-start=\"122\" data-end=\"261\">\n<li data-start=\"122\" data-end=\"174\">\n<p data-start=\"124\" data-end=\"174\">1 \u00d7 \u0430\u043a\u043a\u0443\u043c\u0443\u043b\u044f\u0442\u043e\u0440\u043d\u044b\u0439 \u0443\u0434\u0430\u0440\u043d\u044b\u0439 \u0433\u0430\u0439\u043a\u043e\u0432\u0435\u0440\u0442<\/p>\n<\/li>\n<li data-start=\"175\" data-end=\"219\">\n<p data-start=\"177\" data-end=\"219\">14 \u00d7 \u043f\u0440\u0438\u043d\u0430\u0434\u043b\u0435\u0436\u043d\u043e\u0441\u0442\u0438 (\u043f\u0430\u0442\u0440\u043e\u043d\u044b \u0438 \u0434\u043e\u043f\u043e\u043b\u043d\u0438\u0442\u0435\u043b\u044c\u043d\u044b\u0435 \u0434\u0435\u0442\u0430\u043b\u0438)<\/p>\n<\/li>\n<li data-start=\"220\" data-end=\"241\">\n<p data-start=\"222\" data-end=\"241\">1 \u00d7 \u0438\u043d\u0441\u0442\u0440\u0443\u043a\u0446\u0438\u044f \u043f\u043e \u0438\u0441\u043f\u043e\u043b\u044c\u0437\u043e\u0432\u0430\u043d\u0438\u044e<\/p>\n<\/li>\n<li data-start=\"242\" data-end=\"261\">\n<p data-start=\"244\" data-end=\"261\">1 \u00d7 \u043f\u043b\u0430\u0441\u0442\u0438\u043a\u043e\u0432\u044b\u0439 \u0447\u0435\u043c\u043e\u0434\u0430\u043d<\/p>\n<\/li>\n<\/ul>\n<p><strong>\u0412\u044b\u0431\u0438\u0440\u0430\u044f \u0442\u043e\u043b\u044c\u043a\u043e \u0438\u043d\u0441\u0442\u0440\u0443\u043c\u0435\u043d\u0442<\/strong>: \u0410\u043a\u043a\u0443\u043c\u0443\u043b\u044f\u0442\u043e\u0440\u044b \u0438 \u0434\u0440\u0443\u0433\u0438\u0435 \u0430\u043a\u0441\u0435\u0441\u0441\u0443\u0430\u0440\u044b \u043d\u0435 \u0432\u0445\u043e\u0434\u044f\u0442 \u0432 \u043a\u043e\u043c\u043f\u043b\u0435\u043a\u0442!<\/p>\n<p><strong>\u0412\u044b\u0431\u0438\u0440\u0430\u044f + 2 \u0430\u043a\u043a\u0443\u043c\u0443\u043b\u044f\u0442\u043e\u0440\u0430 \u0438 \u0437\u0430\u0440\u044f\u0434\u043d\u043e\u0435 \u0443\u0441\u0442\u0440\u043e\u0439\u0441\u0442\u0432\u043e<\/strong>:\u00a0<a href=\"https:\/\/sauh.ee\/ru\/product\/aku-komplekt-analoog-tooriistadele-388vf\/\">\u0412 \u043a\u043e\u043c\u043f\u043b\u0435\u043a\u0442 \u0432\u0445\u043e\u0434\u044f\u0442 2 \u0430\u043a\u043a\u0443\u043c\u0443\u043b\u044f\u0442\u043e\u0440\u0430 \u0438 \u0437\u0430\u0440\u044f\u0434\u043d\u043e\u0435 \u0443\u0441\u0442\u0440\u043e\u0439\u0441\u0442\u0432\u043e.<\/a><\/p>\n<p><img loading=\"lazy\" decoding=\"async\" class=\"alignnone size-large wp-image-9101\" src=\"https:\/\/sauh.ee\/wp-content\/uploads\/2025\/11\/sauh.ee-auto-akupoldikeeraja-komplekt-koos-otsikutega-3.webp\" alt=\"\" width=\"962\" height=\"1024\" srcset=\"https:\/\/sauh.ee\/wp-content\/uploads\/2025\/11\/sauh.ee-auto-akupoldikeeraja-komplekt-koos-otsikutega-3.webp 1200w, https:\/\/sauh.ee\/wp-content\/uploads\/2025\/11\/sauh.ee-auto-akupoldikeeraja-komplekt-koos-otsikutega-3-282x300.webp 282w, https:\/\/sauh.ee\/wp-content\/uploads\/2025\/11\/sauh.ee-auto-akupoldikeeraja-komplekt-koos-otsikutega-3-962x1024.webp 962w, https:\/\/sauh.ee\/wp-content\/uploads\/2025\/11\/sauh.ee-auto-akupoldikeeraja-komplekt-koos-otsikutega-3-768x817.webp 768w, https:\/\/sauh.ee\/wp-content\/uploads\/2025\/11\/sauh.ee-auto-akupoldikeeraja-komplekt-koos-otsikutega-3-11x12.webp 11w, https:\/\/sauh.ee\/wp-content\/uploads\/2025\/11\/sauh.ee-auto-akupoldikeeraja-komplekt-koos-otsikutega-3-416x443.webp 416w, https:\/\/sauh.ee\/wp-content\/uploads\/2025\/11\/sauh.ee-auto-akupoldikeeraja-komplekt-koos-otsikutega-3-64x68.webp 64w\" sizes=\"(max-width: 962px) 100vw, 962px\" \/><\/p>","protected":false},"excerpt":{"rendered":"<p>Aku L\u00f6\u00f6kmutrikeeraja 1\/2\u201d\u00a0 (Saab kasutada ka Makita 18V akudega). Tugev ja t\u00f6\u00f6kindel aku poldikeeraja mis sobib ideaalselt poltide, mutrite ja kruvide kiireks kinnitamiseks ning lahtikeeramiseks. Hea abiline nii auto- ja masinat\u00f6\u00f6del, ehitusel kui ka koduses t\u00f6\u00f6kojas. Omadus Kirjeldus Pinge 18 V Mootor Harjavaba (brushless) T\u00fchik\u00e4igu kiirus 0\u20137900 p\/min L\u00f6\u00f6kide sagedus 0\u20137300 ipm Kinnitus 1\/2\u201d ruutpea [&hellip;]<\/p>\n","protected":false},"featured_media":9102,"template":"","meta":[],"product_brand":[],"product_cat":[277,15,50],"product_tag":[272],"class_list":{"0":"post-9096","1":"product","2":"type-product","3":"status-publish","4":"has-post-thumbnail","6":"product_cat-autosse","7":"product_cat-analoog-tooted","8":"product_cat-trellid","9":"product_tag-sugis","11":"first","12":"instock","13":"shipping-taxable","14":"purchasable","15":"product-type-variable"},"_links":{"self":[{"href":"https:\/\/sauh.ee\/ru\/wp-json\/wp\/v2\/product\/9096","targetHints":{"allow":["GET"]}}],"collection":[{"href":"https:\/\/sauh.ee\/ru\/wp-json\/wp\/v2\/product"}],"about":[{"href":"https:\/\/sauh.ee\/ru\/wp-json\/wp\/v2\/types\/product"}],"wp:featuredmedia":[{"embeddable":true,"href":"https:\/\/sauh.ee\/ru\/wp-json\/wp\/v2\/media\/9102"}],"wp:attachment":[{"href":"https:\/\/sauh.ee\/ru\/wp-json\/wp\/v2\/media?parent=9096"}],"wp:term":[{"taxonomy":"product_brand","embeddable":true,"href":"https:\/\/sauh.ee\/ru\/wp-json\/wp\/v2\/product_brand?post=9096"},{"taxonomy":"product_cat","embeddable":true,"href":"https:\/\/sauh.ee\/ru\/wp-json\/wp\/v2\/product_cat?post=9096"},{"taxonomy":"product_tag","embeddable":true,"href":"https:\/\/sauh.ee\/ru\/wp-json\/wp\/v2\/product_tag?post=9096"}],"curies":[{"name":"wp","href":"https:\/\/api.w.org\/{rel}","templated":true}]}}