{"id":9165,"date":"2025-12-03T14:45:25","date_gmt":"2025-12-03T14:45:25","guid":{"rendered":"https:\/\/sauh.ee\/?post_type=product&#038;p=9165"},"modified":"2026-04-06T12:46:26","modified_gmt":"2026-04-06T12:46:26","slug":"akulumelabidas","status":"publish","type":"product","link":"https:\/\/sauh.ee\/ru\/product\/akulumelabidas\/","title":{"rendered":"\u0410\u043a\u0443\u043c\u0443\u043b\u044f\u0442\u043e\u0440\u043d\u0430\u044f \u043b\u043e\u043f\u0430\u0442\u0430 \u0434\u043b\u044f \u0441\u043d\u0435\u0433\u0430"},"content":{"rendered":"<p>\u0410\u043a\u043a\u0443\u043c\u0443\u043b\u044f\u0442\u043e\u0440\u043d\u044b\u0439 \u0441\u043d\u0435\u0433\u043e\u0443\u0431\u043e\u0440\u043e\u0447\u043d\u044b\u0439 \u0430\u043f\u043f\u0430\u0440\u0430\u0442, \u0438\u043b\u0438 \u0430\u043a\u043a\u0443\u043c\u0443\u043b\u044f\u0442\u043e\u0440\u043d\u0430\u044f \u043b\u043e\u043f\u0430\u0442\u0430 \u0434\u043b\u044f \u0441\u043d\u0435\u0433\u0430. \u0421\u043a\u043b\u0430\u0434\u043d\u0430\u044f \u0440\u0443\u0447\u043a\u0430 \u0438 \u0442\u0435\u043b\u0435\u0441\u043a\u043e\u043f\u0438\u0447\u0435\u0441\u043a\u0430\u044f \u0442\u0440\u0443\u0431\u043a\u0430 \u0434\u0435\u043b\u0430\u044e\u0442 \u0435\u0433\u043e \u0443\u0434\u043e\u0431\u043d\u044b\u043c \u0432 \u0438\u0441\u043f\u043e\u043b\u044c\u0437\u043e\u0432\u0430\u043d\u0438\u0438 \u0438 \u043f\u0440\u043e\u0441\u0442\u044b\u043c \u0432 \u0445\u0440\u0430\u043d\u0435\u043d\u0438\u0438.<\/p>\n<p><img fetchpriority=\"high\" decoding=\"async\" class=\"alignnone size-large wp-image-9167\" src=\"https:\/\/sauh.ee\/wp-content\/uploads\/2025\/12\/sauh.ee-Aku-lumepuhur-14-1.webp\" alt=\"\" width=\"980\" height=\"402\" srcset=\"https:\/\/sauh.ee\/wp-content\/uploads\/2025\/12\/sauh.ee-Aku-lumepuhur-14-1.webp 1464w, https:\/\/sauh.ee\/wp-content\/uploads\/2025\/12\/sauh.ee-Aku-lumepuhur-14-1-300x123.webp 300w, https:\/\/sauh.ee\/wp-content\/uploads\/2025\/12\/sauh.ee-Aku-lumepuhur-14-1-1024x420.webp 1024w, https:\/\/sauh.ee\/wp-content\/uploads\/2025\/12\/sauh.ee-Aku-lumepuhur-14-1-768x315.webp 768w, https:\/\/sauh.ee\/wp-content\/uploads\/2025\/12\/sauh.ee-Aku-lumepuhur-14-1-18x7.webp 18w, https:\/\/sauh.ee\/wp-content\/uploads\/2025\/12\/sauh.ee-Aku-lumepuhur-14-1-416x170.webp 416w, https:\/\/sauh.ee\/wp-content\/uploads\/2025\/12\/sauh.ee-Aku-lumepuhur-14-1-64x26.webp 64w\" sizes=\"(max-width: 980px) 100vw, 980px\" \/><\/p>\n<table>\n<thead>\n<tr>\n<th><strong>\u0425\u0430\u0440\u0430\u043a\u0442\u0435\u0440\u0438\u0441\u0442\u0438\u043a\u0430<\/strong><\/th>\n<th><strong>\u0417\u043d\u0430\u0447\u0435\u043d\u0438\u0435<\/strong><\/th>\n<\/tr>\n<\/thead>\n<tbody>\n<tr>\n<td>\u041c\u043e\u0442\u043e\u0440<\/td>\n<td>\u0411\u0435\u0441\u0449\u0435\u0442\u043e\u0447\u043d\u044b\u0439<\/td>\n<\/tr>\n<tr>\n<td>\u041c\u043e\u0449\u043d\u043e\u0441\u0442\u044c<\/td>\n<td>1000 \u0412\u0442<\/td>\n<\/tr>\n<tr>\n<td>\u0421\u043a\u043e\u0440\u043e\u0441\u0442\u044c \u0445\u043e\u043b\u043e\u0441\u0442\u043e\u0433\u043e \u0445\u043e\u0434\u0430<\/td>\n<td>0\u20133500 \u043e\u0431\/\u043c\u0438\u043d<\/td>\n<\/tr>\n<tr>\n<td>\u041c\u0430\u043a\u0441. \u0434\u0430\u043b\u044c\u043d\u043e\u0441\u0442\u044c \u0431\u0440\u043e\u0441\u043a\u0430<\/td>\n<td>8,5 \u043c<\/td>\n<\/tr>\n<tr>\n<td>\u041c\u0430\u043a\u0441. \u0448\u0438\u0440\u0438\u043d\u0430 \u043e\u0447\u0438\u0441\u0442\u043a\u0438<\/td>\n<td>30 \u0441\u043c<\/td>\n<\/tr>\n<tr>\n<td>\u041c\u0430\u043a\u0441. \u0432\u044b\u0441\u043e\u0442\u0430 \u0441\u043d\u0435\u0433\u0430<\/td>\n<td>18 \u0441\u043c<\/td>\n<\/tr>\n<tr>\n<td>\u0423\u0433\u043e\u043b \u0441\u043d\u0435\u0436\u043d\u043e\u0439 \u0434\u0430\u043b\u044c\u043d\u043e\u0441\u0442\u0438<\/td>\n<td>45\u00b0<\/td>\n<\/tr>\n<\/tbody>\n<\/table>\n<p><img decoding=\"async\" class=\"alignnone size-large wp-image-9176\" src=\"https:\/\/sauh.ee\/wp-content\/uploads\/2025\/12\/sauh.ee-Aku-lumepuhur-15.webp\" alt=\"\" width=\"980\" height=\"402\" srcset=\"https:\/\/sauh.ee\/wp-content\/uploads\/2025\/12\/sauh.ee-Aku-lumepuhur-15.webp 1464w, https:\/\/sauh.ee\/wp-content\/uploads\/2025\/12\/sauh.ee-Aku-lumepuhur-15-300x123.webp 300w, https:\/\/sauh.ee\/wp-content\/uploads\/2025\/12\/sauh.ee-Aku-lumepuhur-15-1024x420.webp 1024w, https:\/\/sauh.ee\/wp-content\/uploads\/2025\/12\/sauh.ee-Aku-lumepuhur-15-768x315.webp 768w, https:\/\/sauh.ee\/wp-content\/uploads\/2025\/12\/sauh.ee-Aku-lumepuhur-15-18x7.webp 18w, https:\/\/sauh.ee\/wp-content\/uploads\/2025\/12\/sauh.ee-Aku-lumepuhur-15-416x170.webp 416w, https:\/\/sauh.ee\/wp-content\/uploads\/2025\/12\/sauh.ee-Aku-lumepuhur-15-64x26.webp 64w\" sizes=\"(max-width: 980px) 100vw, 980px\" \/><\/p>\n<table>\n<thead>\n<tr>\n<th><strong>\u0425\u0430\u0440\u0430\u043a\u0442\u0435\u0440\u0438\u0441\u0442\u0438\u043a\u0430<\/strong><\/th>\n<th><strong>\u0417\u043d\u0430\u0447\u0435\u043d\u0438\u0435<\/strong><\/th>\n<\/tr>\n<\/thead>\n<tbody>\n<tr>\n<td>\u0412\u044b\u0441\u043e\u0442\u0430 \u0438\u0437\u0434\u0435\u043b\u0438\u044f (\u0432 \u0441\u043b\u043e\u0436\u0435\u043d\u043d\u043e\u043c \u0432\u0438\u0434\u0435)<\/td>\n<td>~125 \u0441\u043c<\/td>\n<\/tr>\n<tr>\n<td>\u0428\u0438\u0440\u0438\u043d\u0430 \u043e\u0441\u043d\u043e\u0432\u0430\u043d\u0438\u044f<\/td>\n<td>38 \u0441\u043c<\/td>\n<\/tr>\n<tr>\n<td>\u0414\u0438\u0430\u043c\u0435\u0442\u0440 \u0449\u0435\u0442\u043a\u0438<\/td>\n<td>22 \u0441\u043c<\/td>\n<\/tr>\n<tr>\n<td>\u0412\u044b\u0441\u043e\u0442\u0430 \u0449\u0435\u0442\u043a\u0438<\/td>\n<td>25 \u0441\u043c<\/td>\n<\/tr>\n<tr>\n<td>\u0420\u0443\u043a\u043e\u044f\u0442\u043a\u0430<\/td>\n<td>\u0414\u0432\u0443\u0445\u0441\u0435\u043a\u0446\u0438\u043e\u043d\u043d\u0430\u044f, \u0441\u043a\u043b\u0430\u0434\u043d\u0430\u044f<\/td>\n<\/tr>\n<tr>\n<td>\u0422\u0435\u043b\u0435\u0441\u043a\u043e\u043f\u0438\u0447\u0435\u0441\u043a\u0430\u044f \u0442\u0440\u0443\u0431\u0430<\/td>\n<td>\u0420\u0435\u0433\u0443\u043b\u0438\u0440\u0443\u0435\u043c\u0430\u044f<\/td>\n<\/tr>\n<tr>\n<td>\u0421\u043e\u0432\u043c\u0435\u0441\u0442\u0438\u043c\u043e\u0441\u0442\u044c \u0430\u043a\u043a\u0443\u043c\u0443\u043b\u044f\u0442\u043e\u0440\u0430<\/td>\n<td>\u041f\u043e\u0434\u0445\u043e\u0434\u0438\u0442 \u0434\u043b\u044f \u0430\u043a\u043a\u0443\u043c\u0443\u043b\u044f\u0442\u043e\u0440\u043e\u0432 Makita 18V<\/td>\n<\/tr>\n<\/tbody>\n<\/table>\n<p><iframe title=\"sauh.ee \u0410\u043a\u043a\u0443\u043c\u0443\u043b\u044f\u0442\u043e\u0440\u043d\u044b\u0439 \u0432\u043e\u0437\u0434\u0443\u0445\u043e\u0434\u0443\u0432\u043a\u0430\" width=\"563\" height=\"1000\" src=\"https:\/\/www.youtube.com\/embed\/ynNEXxzsEBk?feature=oembed\" frameborder=\"0\" allow=\"accelerometer; autoplay; clipboard-write; encrypted-media; gyroscope; picture-in-picture; web-share\" referrerpolicy=\"strict-origin-when-cross-origin\" allowfullscreen><\/iframe><\/p>","protected":false},"excerpt":{"rendered":"<p>Akulumepuhur ehk aku lumelabidas. Kokkupandav k\u00e4epide ja teleskooptoru teevad kasutamise mugavaks ning hoiustamise lihtsaks. Omadus V\u00e4\u00e4rtus Mootor Harjadeta V\u00f5imsus 1000W T\u00fchik\u00e4igukiirus 0\u20133500 rpm Maks. viskekaugus 8,5 m Maks. puhastuslaius 30 cm Maks. lume k\u00f5rgus 18 cm Lumekauguse nurk 45\u00b0 Omadus V\u00e4\u00e4rtus Toote k\u00f5rgus (kokkupanduna) ~125 cm Baasi laius 38 cm Harja l\u00e4bim\u00f5\u00f5t 22 cm Harja [&hellip;]<\/p>\n","protected":false},"featured_media":9166,"template":"","meta":[],"product_brand":[],"product_cat":[282,15],"product_tag":[281],"class_list":{"0":"post-9165","1":"product","2":"type-product","3":"status-publish","4":"has-post-thumbnail","6":"product_cat-talv","7":"product_cat-analoog-tooted","8":"product_tag-talv","10":"first","11":"onbackorder","12":"shipping-taxable","13":"purchasable","14":"product-type-variable"},"_links":{"self":[{"href":"https:\/\/sauh.ee\/ru\/wp-json\/wp\/v2\/product\/9165","targetHints":{"allow":["GET"]}}],"collection":[{"href":"https:\/\/sauh.ee\/ru\/wp-json\/wp\/v2\/product"}],"about":[{"href":"https:\/\/sauh.ee\/ru\/wp-json\/wp\/v2\/types\/product"}],"wp:featuredmedia":[{"embeddable":true,"href":"https:\/\/sauh.ee\/ru\/wp-json\/wp\/v2\/media\/9166"}],"wp:attachment":[{"href":"https:\/\/sauh.ee\/ru\/wp-json\/wp\/v2\/media?parent=9165"}],"wp:term":[{"taxonomy":"product_brand","embeddable":true,"href":"https:\/\/sauh.ee\/ru\/wp-json\/wp\/v2\/product_brand?post=9165"},{"taxonomy":"product_cat","embeddable":true,"href":"https:\/\/sauh.ee\/ru\/wp-json\/wp\/v2\/product_cat?post=9165"},{"taxonomy":"product_tag","embeddable":true,"href":"https:\/\/sauh.ee\/ru\/wp-json\/wp\/v2\/product_tag?post=9165"}],"curies":[{"name":"wp","href":"https:\/\/api.w.org\/{rel}","templated":true}]}}