{"id":9187,"date":"2025-12-06T13:26:56","date_gmt":"2025-12-06T13:26:56","guid":{"rendered":"https:\/\/sauh.ee\/?post_type=product&#038;p=9187"},"modified":"2026-03-01T00:00:12","modified_gmt":"2026-03-01T00:00:12","slug":"diiselpuhur-8kw-5l","status":"publish","type":"product","link":"https:\/\/sauh.ee\/ru\/product\/diiselpuhur-8kw-5l\/","title":{"rendered":"\u0414\u0438\u0437\u0435\u043b\u044c\u043d\u044b\u0439 \u0432\u043e\u0437\u0434\u0443\u0445\u043e\u043d\u0430\u0433\u0440\u0435\u0432\u0430\u0442\u0435\u043b\u044c 8 \u043a\u0412\u0442"},"content":{"rendered":"<p class=\"isSelectedEnd\">8-\u043a\u0438\u043b\u043e\u0432\u0430\u0442\u0442\u043d\u044b\u0439 \u0434\u0438\u0437\u0435\u043b\u044c\u043d\u044b\u0439 \u0432\u043e\u0437\u0434\u0443\u0445\u043e\u0434\u0443\u0432\u043d\u044b\u0439 \u0430\u0433\u0440\u0435\u0433\u0430\u0442 \u2014 \u044d\u0442\u043e \u043a\u043e\u043c\u043f\u0430\u043a\u0442\u043d\u043e\u0435 \u0438 \u044d\u043a\u043e\u043d\u043e\u043c\u0438\u0447\u043d\u043e\u0435 \u0434\u043e\u043f\u043e\u043b\u043d\u0438\u0442\u0435\u043b\u044c\u043d\u043e\u0435 \u043e\u0442\u043e\u043f\u0438\u0442\u0435\u043b\u044c\u043d\u043e\u0435 \u0443\u0441\u0442\u0440\u043e\u0439\u0441\u0442\u0432\u043e \u0434\u043b\u044f \u0442\u0440\u0430\u043d\u0441\u043f\u043e\u0440\u0442\u043d\u044b\u0445 \u0441\u0440\u0435\u0434\u0441\u0442\u0432 \u0438 \u043f\u043e\u043c\u0435\u0449\u0435\u043d\u0438\u0439. \u041f\u043e\u0434\u0445\u043e\u0434\u0438\u0442 \u0434\u043b\u044f \u043a\u0440\u0443\u0433\u043b\u043e\u0433\u043e\u0434\u043d\u0435\u0433\u043e \u0438\u0441\u043f\u043e\u043b\u044c\u0437\u043e\u0432\u0430\u043d\u0438\u044f. \u0422\u0438\u0445\u0430\u044f \u0440\u0430\u0431\u043e\u0442\u0430, \u043d\u0438\u0437\u043a\u0438\u0439 \u0440\u0430\u0441\u0445\u043e\u0434 \u0442\u043e\u043f\u043b\u0438\u0432\u0430 \u0438 \u0443\u0434\u043e\u0431\u043d\u043e\u0435 \u0443\u043f\u0440\u0430\u0432\u043b\u0435\u043d\u0438\u0435 \u0441 \u043f\u043e\u043c\u043e\u0449\u044c\u044e \u043f\u0443\u043b\u044c\u0442\u0430 \u0438 \u0416\u041a-\u044d\u043a\u0440\u0430\u043d\u0430 \u043e\u0431\u0435\u0441\u043f\u0435\u0447\u0438\u0432\u0430\u044e\u0442 \u043f\u0440\u043e\u0441\u0442\u043e\u0442\u0443 \u0438 \u0443\u0434\u043e\u0431\u0441\u0442\u0432\u043e \u0438\u0441\u043f\u043e\u043b\u044c\u0437\u043e\u0432\u0430\u043d\u0438\u044f \u0434\u0430\u0436\u0435 \u0432 \u0445\u043e\u043b\u043e\u0434\u043d\u044b\u0445 \u0443\u0441\u043b\u043e\u0432\u0438\u044f\u0445.<img fetchpriority=\"high\" decoding=\"async\" class=\"alignnone size-large wp-image-9194\" src=\"https:\/\/sauh.ee\/wp-content\/uploads\/2025\/12\/8kw-Diiselpuhur-Diiselsoojendi-Lisakutteseade-Ohkkutteseade-Eelsoojendi-17.webp\" alt=\"\" width=\"980\" height=\"402\" srcset=\"https:\/\/sauh.ee\/wp-content\/uploads\/2025\/12\/8kw-Diiselpuhur-Diiselsoojendi-Lisakutteseade-Ohkkutteseade-Eelsoojendi-17.webp 1464w, https:\/\/sauh.ee\/wp-content\/uploads\/2025\/12\/8kw-Diiselpuhur-Diiselsoojendi-Lisakutteseade-Ohkkutteseade-Eelsoojendi-17-300x123.webp 300w, https:\/\/sauh.ee\/wp-content\/uploads\/2025\/12\/8kw-Diiselpuhur-Diiselsoojendi-Lisakutteseade-Ohkkutteseade-Eelsoojendi-17-1024x420.webp 1024w, https:\/\/sauh.ee\/wp-content\/uploads\/2025\/12\/8kw-Diiselpuhur-Diiselsoojendi-Lisakutteseade-Ohkkutteseade-Eelsoojendi-17-768x315.webp 768w, https:\/\/sauh.ee\/wp-content\/uploads\/2025\/12\/8kw-Diiselpuhur-Diiselsoojendi-Lisakutteseade-Ohkkutteseade-Eelsoojendi-17-18x7.webp 18w, https:\/\/sauh.ee\/wp-content\/uploads\/2025\/12\/8kw-Diiselpuhur-Diiselsoojendi-Lisakutteseade-Ohkkutteseade-Eelsoojendi-17-416x170.webp 416w, https:\/\/sauh.ee\/wp-content\/uploads\/2025\/12\/8kw-Diiselpuhur-Diiselsoojendi-Lisakutteseade-Ohkkutteseade-Eelsoojendi-17-64x26.webp 64w\" sizes=\"(max-width: 980px) 100vw, 980px\" \/><\/p>\n<p style=\"text-align: center;\"><strong>Toode vaja \u00fchendada 12-24V adaptriga (Adapter ei kuulu komplekti) <\/strong><\/p>\n<p style=\"text-align: left;\">Seade k\u00fctab ainult diisliga. Elekter on vajalik seadme k\u00e4ivitamiseks, ventilaatori, pumba ja juhtploki t\u00f6\u00f6ks.<\/p>\n<p><strong>\u0412 \u043a\u043e\u043c\u043f\u043b\u0435\u043a\u0442\u0435:<\/strong> \u0434\u0438\u0437\u0435\u043b\u044c\u043d\u044b\u0439 \u0432\u043e\u0437\u0434\u0443\u0445\u043e\u0434\u0443\u0432, \u0433\u043b\u0443\u0448\u0438\u0442\u0435\u043b\u044c, \u043f\u0443\u043b\u044c\u0442 \u0434\u0438\u0441\u0442\u0430\u043d\u0446\u0438\u043e\u043d\u043d\u043e\u0433\u043e \u0443\u043f\u0440\u0430\u0432\u043b\u0435\u043d\u0438\u044f, \u0416\u041a-\u043f\u0430\u043d\u0435\u043b\u044c \u0443\u043f\u0440\u0430\u0432\u043b\u0435\u043d\u0438\u044f, \u0432\u043e\u0437\u0434\u0443\u0448\u043d\u044b\u0439 \u0444\u0438\u043b\u044c\u0442\u0440, \u0438\u043d\u0441\u0442\u0440\u0443\u043a\u0446\u0438\u044f \u043f\u043e \u044d\u043a\u0441\u043f\u043b\u0443\u0430\u0442\u0430\u0446\u0438\u0438, \u043f\u043e\u0432\u043e\u0440\u043e\u0442\u043d\u044b\u0439 \u0448\u0430\u0440\u043d\u0438\u0440 \u0434\u043b\u044f \u043d\u0430\u043f\u0440\u0430\u0432\u043b\u0435\u043d\u0438\u044f \u0432\u043e\u0437\u0434\u0443\u0445\u0430, \u0442\u0435\u043f\u043b\u043e\u0438\u0437\u043e\u043b\u044f\u0446\u0438\u043e\u043d\u043d\u044b\u0439 \u043a\u043b\u0430\u043f\u0430\u043d, \u0432\u043f\u0443\u0441\u043a\u043d\u044b\u0435 \u0438 \u0432\u044b\u043f\u0443\u0441\u043a\u043d\u044b\u0435 \u0442\u0440\u0443\u0431\u044b, \u043a\u0440\u0435\u043f\u0435\u0436\u043d\u044b\u0435 \u0437\u0430\u0436\u0438\u043c\u044b, \u043c\u043e\u043d\u0442\u0430\u0436\u043d\u044b\u0435 \u043a\u0440\u044e\u043a\u0438, \u0432\u0438\u043d\u0442\u044b, \u0431\u043e\u043b\u0442\u044b, \u0433\u0430\u0439\u043a\u0438 \u0438 \u043c\u043e\u043d\u0442\u0430\u0436\u043d\u044b\u0439 \u043a\u043e\u043c\u043f\u043b\u0435\u043a\u0442.<\/p>\n<p><strong><a href=\"https:\/\/sauh.ee\/ru\/product\/diiselpuhur-8kw-adapteriga\/\">Adapteriga diiselpuhuri saab soetada siit!<\/a><\/strong><\/p>\n<table>\n<thead>\n<tr>\n<th>\u0422\u0435\u0445\u043d\u0438\u0447\u0435\u0441\u043a\u0438\u0435 \u0445\u0430\u0440\u0430\u043a\u0442\u0435\u0440\u0438\u0441\u0442\u0438\u043a\u0438<\/th>\n<th>\u0425\u0430\u0440\u0430\u043a\u0442\u0435\u0440\u0438\u0441\u0442\u0438\u043a\u0430<\/th>\n<\/tr>\n<\/thead>\n<tbody>\n<tr>\n<td>\u041c\u043e\u0449\u043d\u043e\u0441\u0442\u044c<\/td>\n<td>8 \u043a\u0412\u0442<\/td>\n<\/tr>\n<tr>\n<td>\u0422\u043e\u043f\u043b\u0438\u0432\u043e<\/td>\n<td>\u0414\u0438\u0437\u0435\u043b\u044c<\/td>\n<\/tr>\n<tr>\n<td>\u0420\u0430\u0441\u0445\u043e\u0434 \u0442\u043e\u043f\u043b\u0438\u0432\u0430<\/td>\n<td>0,18\u20130,36 \u043b\/\u0447<\/td>\n<\/tr>\n<tr>\n<td>\u0415\u043c\u043a\u043e\u0441\u0442\u044c \u0431\u0430\u043a\u0430<\/td>\n<td>5 \u043b<\/td>\n<\/tr>\n<tr>\n<td>\u041f\u043e\u043b\u0435 \u043f\u0440\u0438\u043c\u0435\u043d\u0435\u043d\u0438\u044f<\/td>\n<td>\u0434\u043e 25 \u043c\u00b2<\/td>\n<\/tr>\n<tr>\n<td>\u041c\u0430\u043a\u0441\u0438\u043c\u0430\u043b\u044c\u043d\u0430\u044f \u0432\u044b\u0441\u043e\u0442\u0430 \u0438\u0441\u043f\u043e\u043b\u044c\u0437\u043e\u0432\u0430\u043d\u0438\u044f<\/td>\n<td>\u0434\u043e 3000 \u043c<\/td>\n<\/tr>\n<tr>\n<td>\u0423\u043f\u0440\u0430\u0432\u043b\u0435\u043d\u0438\u0435<\/td>\n<td>\u0416\u0438\u0434\u043a\u043e\u043a\u0440\u0438\u0441\u0442\u0430\u043b\u043b\u0438\u0447\u0435\u0441\u043a\u0438\u0439 \u0434\u0438\u0441\u043f\u043b\u0435\u0439 + \u043f\u0443\u043b\u044c\u0442 \u0434\u0438\u0441\u0442\u0430\u043d\u0446\u0438\u043e\u043d\u043d\u043e\u0433\u043e \u0443\u043f\u0440\u0430\u0432\u043b\u0435\u043d\u0438\u044f (\u0434\u043e 30 \u043c)<\/td>\n<\/tr>\n<tr>\n<td>\u0420\u0430\u0431\u043e\u0447\u0430\u044f \u0442\u0435\u043c\u043f\u0435\u0440\u0430\u0442\u0443\u0440\u0430<\/td>\n<td>\u0420\u0435\u0433\u0443\u043b\u0438\u0440\u0443\u0435\u043c\u0430\u044f<\/td>\n<\/tr>\n<tr>\n<td>\u0423\u0440\u043e\u0432\u0435\u043d\u044c \u0448\u0443\u043c\u0430<\/td>\n<td>~35 \u0434\u0411<\/td>\n<\/tr>\n<tr>\n<td>\u0412\u0435\u0441<\/td>\n<td>9,5 \u043a\u0433<\/td>\n<\/tr>\n<tr>\n<td>\u0422\u0438\u043f \u0443\u0441\u0442\u0440\u043e\u0439\u0441\u0442\u0432\u0430<\/td>\n<td>\u0422\u0435\u043f\u043b\u043e\u0432\u043e\u0439 \u0432\u0435\u043d\u0442\u0438\u043b\u044f\u0442\u043e\u0440<\/td>\n<\/tr>\n<tr>\n<td>\u041f\u0440\u043e\u0447\u0438\u0435 \u043d\u0430\u0437\u0432\u0430\u043d\u0438\u044f<\/td>\n<td>\u0414\u0438\u0437\u0435\u043b\u044c\u043d\u044b\u0439 \u0432\u0435\u043d\u0442\u0438\u043b\u044f\u0442\u043e\u0440, \u0434\u0438\u0437\u0435\u043b\u044c\u043d\u044b\u0439 \u043e\u0431\u043e\u0433\u0440\u0435\u0432\u0430\u0442\u0435\u043b\u044c, \u0434\u043e\u043f\u043e\u043b\u043d\u0438\u0442\u0435\u043b\u044c\u043d\u043e\u0435 \u043e\u0442\u043e\u043f\u0438\u0442\u0435\u043b\u044c\u043d\u043e\u0435 \u0443\u0441\u0442\u0440\u043e\u0439\u0441\u0442\u0432\u043e, \u0432\u043e\u0437\u0434\u0443\u0448\u043d\u043e\u0435 \u043e\u0442\u043e\u043f\u0438\u0442\u0435\u043b\u044c\u043d\u043e\u0435 \u0443\u0441\u0442\u0440\u043e\u0439\u0441\u0442\u0432\u043e, \u043f\u043e\u0434\u043e\u0433\u0440\u0435\u0432\u0430\u0442\u0435\u043b\u044c, \u0434\u0438\u0437\u0435\u043b\u044c\u043d\u0430\u044f \u0432\u043e\u0437\u0434\u0443\u0445\u043e\u0434\u0443\u0432\u043a\u0430<\/td>\n<\/tr>\n<tr>\n<td>\u0421\u0435\u0440\u0442\u0438\u0444\u0438\u043a\u0430\u0442<\/td>\n<td>CE<\/td>\n<\/tr>\n<tr>\n<td>\u0417\u0430\u0436\u0438\u0433\u0430\u0442\u0435\u043b\u044c\u043d\u043e\u0435 \u0443\u0441\u0442\u0440\u043e\u0439\u0441\u0442\u0432\u043e<\/td>\n<td>\u041a\u0435\u0440\u0430\u043c\u0438\u0447\u0435\u0441\u043a\u0430\u044f \u0437\u0430\u0436\u0438\u0433\u0430\u043b\u043a\u0430<\/td>\n<\/tr>\n<\/tbody>\n<\/table>\n<h4><strong>\u0414\u043e\u0441\u0442\u0443\u043f\u0435\u043d \u0432 \u0434\u0432\u0443\u0445 \u0440\u0430\u0437\u043d\u044b\u0445 \u0440\u0430\u0437\u043c\u0435\u0440\u0430\u0445:<\/strong><\/h4>\n<h4><img decoding=\"async\" class=\"alignnone size-large wp-image-9189\" src=\"https:\/\/sauh.ee\/wp-content\/uploads\/2025\/12\/8kw-Diiselpuhur-Diiselsoojendi-Lisakutteseade-Ohkkutteseade-Eelsoojendi-10.webp\" alt=\"\" width=\"980\" height=\"402\" srcset=\"https:\/\/sauh.ee\/wp-content\/uploads\/2025\/12\/8kw-Diiselpuhur-Diiselsoojendi-Lisakutteseade-Ohkkutteseade-Eelsoojendi-10.webp 1464w, https:\/\/sauh.ee\/wp-content\/uploads\/2025\/12\/8kw-Diiselpuhur-Diiselsoojendi-Lisakutteseade-Ohkkutteseade-Eelsoojendi-10-300x123.webp 300w, https:\/\/sauh.ee\/wp-content\/uploads\/2025\/12\/8kw-Diiselpuhur-Diiselsoojendi-Lisakutteseade-Ohkkutteseade-Eelsoojendi-10-1024x420.webp 1024w, https:\/\/sauh.ee\/wp-content\/uploads\/2025\/12\/8kw-Diiselpuhur-Diiselsoojendi-Lisakutteseade-Ohkkutteseade-Eelsoojendi-10-768x315.webp 768w, https:\/\/sauh.ee\/wp-content\/uploads\/2025\/12\/8kw-Diiselpuhur-Diiselsoojendi-Lisakutteseade-Ohkkutteseade-Eelsoojendi-10-18x7.webp 18w, https:\/\/sauh.ee\/wp-content\/uploads\/2025\/12\/8kw-Diiselpuhur-Diiselsoojendi-Lisakutteseade-Ohkkutteseade-Eelsoojendi-10-416x170.webp 416w, https:\/\/sauh.ee\/wp-content\/uploads\/2025\/12\/8kw-Diiselpuhur-Diiselsoojendi-Lisakutteseade-Ohkkutteseade-Eelsoojendi-10-64x26.webp 64w\" sizes=\"(max-width: 980px) 100vw, 980px\" \/><\/h4>\n<p><img decoding=\"async\" class=\"alignnone size-large wp-image-9192\" src=\"https:\/\/sauh.ee\/wp-content\/uploads\/2025\/12\/8kw-Diiselpuhur-Diiselsoojendi-Lisakutteseade-Ohkkutteseade-Eelsoojendi-15.webp\" alt=\"\" width=\"980\" height=\"402\" srcset=\"https:\/\/sauh.ee\/wp-content\/uploads\/2025\/12\/8kw-Diiselpuhur-Diiselsoojendi-Lisakutteseade-Ohkkutteseade-Eelsoojendi-15.webp 1464w, https:\/\/sauh.ee\/wp-content\/uploads\/2025\/12\/8kw-Diiselpuhur-Diiselsoojendi-Lisakutteseade-Ohkkutteseade-Eelsoojendi-15-300x123.webp 300w, https:\/\/sauh.ee\/wp-content\/uploads\/2025\/12\/8kw-Diiselpuhur-Diiselsoojendi-Lisakutteseade-Ohkkutteseade-Eelsoojendi-15-1024x420.webp 1024w, https:\/\/sauh.ee\/wp-content\/uploads\/2025\/12\/8kw-Diiselpuhur-Diiselsoojendi-Lisakutteseade-Ohkkutteseade-Eelsoojendi-15-768x315.webp 768w, https:\/\/sauh.ee\/wp-content\/uploads\/2025\/12\/8kw-Diiselpuhur-Diiselsoojendi-Lisakutteseade-Ohkkutteseade-Eelsoojendi-15-18x7.webp 18w, https:\/\/sauh.ee\/wp-content\/uploads\/2025\/12\/8kw-Diiselpuhur-Diiselsoojendi-Lisakutteseade-Ohkkutteseade-Eelsoojendi-15-416x170.webp 416w, https:\/\/sauh.ee\/wp-content\/uploads\/2025\/12\/8kw-Diiselpuhur-Diiselsoojendi-Lisakutteseade-Ohkkutteseade-Eelsoojendi-15-64x26.webp 64w\" sizes=\"(max-width: 980px) 100vw, 980px\" \/><\/p>\n<p>&nbsp;<\/p>","protected":false},"excerpt":{"rendered":"<p>8kW diiselpuhur on kompaktne ja \u00f6konoomne lisak\u00fctteseade s\u00f5idukitele ja ruumidele. Sobib kasutamiseks aastaringselt. Vaikne t\u00f6\u00f6, madal k\u00fctusekulu ja mugav juhtimine puldi ning LCD-ekraaniga tagavad lihtsa ja mugava kasutuse ka k\u00fclmades tingimustes. Toode vaja \u00fchendada 12-24V adaptriga (Adapter ei kuulu komplekti) Seade k\u00fctab ainult diisliga. Elekter on vajalik seadme k\u00e4ivitamiseks, ventilaatori, pumba ja juhtploki t\u00f6\u00f6ks. Komplektis: [&hellip;]<\/p>\n","protected":false},"featured_media":9197,"template":"","meta":[],"product_brand":[],"product_cat":[260,282],"product_tag":[281,255],"class_list":{"0":"post-9187","1":"product","2":"type-product","3":"status-publish","4":"has-post-thumbnail","6":"product_cat-puhurid-ja-imurid","7":"product_cat-talv","8":"product_tag-talv","9":"product_tag-talvesoodusmuuk","11":"first","12":"onbackorder","13":"shipping-taxable","14":"purchasable","15":"product-type-variable"},"_links":{"self":[{"href":"https:\/\/sauh.ee\/ru\/wp-json\/wp\/v2\/product\/9187","targetHints":{"allow":["GET"]}}],"collection":[{"href":"https:\/\/sauh.ee\/ru\/wp-json\/wp\/v2\/product"}],"about":[{"href":"https:\/\/sauh.ee\/ru\/wp-json\/wp\/v2\/types\/product"}],"wp:featuredmedia":[{"embeddable":true,"href":"https:\/\/sauh.ee\/ru\/wp-json\/wp\/v2\/media\/9197"}],"wp:attachment":[{"href":"https:\/\/sauh.ee\/ru\/wp-json\/wp\/v2\/media?parent=9187"}],"wp:term":[{"taxonomy":"product_brand","embeddable":true,"href":"https:\/\/sauh.ee\/ru\/wp-json\/wp\/v2\/product_brand?post=9187"},{"taxonomy":"product_cat","embeddable":true,"href":"https:\/\/sauh.ee\/ru\/wp-json\/wp\/v2\/product_cat?post=9187"},{"taxonomy":"product_tag","embeddable":true,"href":"https:\/\/sauh.ee\/ru\/wp-json\/wp\/v2\/product_tag?post=9187"}],"curies":[{"name":"wp","href":"https:\/\/api.w.org\/{rel}","templated":true}]}}