{"id":9211,"date":"2025-12-08T14:34:50","date_gmt":"2025-12-08T14:34:50","guid":{"rendered":"https:\/\/sauh.ee\/?post_type=product&#038;p=9211"},"modified":"2026-02-12T16:26:35","modified_gmt":"2026-02-12T16:26:35","slug":"diiselpuhur-8kw","status":"publish","type":"product","link":"https:\/\/sauh.ee\/ru\/product\/diiselpuhur-8kw\/","title":{"rendered":"\u0414\u0438\u0437\u0435\u043b\u044c\u043d\u044b\u0439 \u043e\u0431\u043e\u0433\u0440\u0435\u0432\u0430\u0442\u0435\u043b\u044c 8 \u043a\u0412\u0442 \u0441 \u0430\u0434\u0430\u043f\u0442\u0435\u0440\u043e\u043c"},"content":{"rendered":"<p>8 \u043a\u0412\u0442 \u0434\u0438\u0437\u0435\u043b\u044c\u043d\u044b\u0439 \u043e\u0431\u043e\u0433\u0440\u0435\u0432\u0430\u0442\u0435\u043b\u044c, \u043a\u043e\u043c\u043f\u0430\u043a\u0442\u043d\u043e\u0435 \u0438 \u044d\u043a\u043e\u043d\u043e\u043c\u0438\u0447\u043d\u043e\u0435 \u0434\u043e\u043f\u043e\u043b\u043d\u0438\u0442\u0435\u043b\u044c\u043d\u043e\u0435 \u043e\u0442\u043e\u043f\u0438\u0442\u0435\u043b\u044c\u043d\u043e\u0435 \u0443\u0441\u0442\u0440\u043e\u0439\u0441\u0442\u0432\u043e \u0434\u043b\u044f \u0442\u0440\u0430\u043d\u0441\u043f\u043e\u0440\u0442\u043d\u044b\u0445 \u0441\u0440\u0435\u0434\u0441\u0442\u0432 \u0438 \u043f\u043e\u043c\u0435\u0449\u0435\u043d\u0438\u0439. \u041f\u043e\u0434\u0445\u043e\u0434\u0438\u0442 \u0434\u043b\u044f \u043a\u0440\u0443\u0433\u043b\u043e\u0433\u043e\u0434\u0438\u0447\u043d\u043e\u0433\u043e \u0438\u0441\u043f\u043e\u043b\u044c\u0437\u043e\u0432\u0430\u043d\u0438\u044f. \u0422\u0438\u0445\u0430\u044f \u0440\u0430\u0431\u043e\u0442\u0430, \u043d\u0438\u0437\u043a\u0438\u0439 \u0440\u0430\u0441\u0445\u043e\u0434 \u0442\u043e\u043f\u043b\u0438\u0432\u0430 \u0438 \u0443\u0434\u043e\u0431\u043d\u043e\u0435 \u0443\u043f\u0440\u0430\u0432\u043b\u0435\u043d\u0438\u0435 \u0441 \u043f\u0443\u043b\u044c\u0442\u0430, \u0442\u0435\u043b\u0435\u0444\u043e\u043d\u0430 \u0438\u043b\u0438 \u0416\u041a-\u044d\u043a\u0440\u0430\u043d\u0430.<\/p>\n<p><iframe title=\"sauh.ee Diiselpuhur 8KW (koos adapteriga)\" width=\"980\" height=\"551\" src=\"https:\/\/www.youtube.com\/embed\/J7FuCbdy3RE?feature=oembed\" frameborder=\"0\" allow=\"accelerometer; autoplay; clipboard-write; encrypted-media; gyroscope; picture-in-picture; web-share\" referrerpolicy=\"strict-origin-when-cross-origin\" allowfullscreen><\/iframe><\/p>\n<table>\n<thead>\n<tr>\n<th>\u0422\u0435\u0445\u043d\u0438\u0447\u0435\u0441\u043a\u0438\u0435 \u0445\u0430\u0440\u0430\u043a\u0442\u0435\u0440\u0438\u0441\u0442\u0438\u043a\u0438<\/th>\n<th>\u0425\u0430\u0440\u0430\u043a\u0442\u0435\u0440\u0438\u0441\u0442\u0438\u043a\u0430<\/th>\n<\/tr>\n<\/thead>\n<tbody>\n<tr>\n<td>\u041c\u043e\u0449\u043d\u043e\u0441\u0442\u044c<\/td>\n<td>8 \u043a\u0412\u0442<\/td>\n<\/tr>\n<tr>\n<td>\u041e\u0431\u043e\u0433\u0440\u0435\u0432\u0430\u0435\u043c\u0430\u044f \u043f\u043b\u043e\u0449\u0430\u0434\u044c<\/td>\n<td>\u0434\u043e 25 \u043c\u00b2<\/td>\n<\/tr>\n<tr>\n<td>\u0422\u043e\u043f\u043b\u0438\u0432\u043e<\/td>\n<td>\u0414\u0438\u0437\u0435\u043b\u044c<\/td>\n<\/tr>\n<tr>\n<td>\u0420\u0430\u0441\u0445\u043e\u0434 \u0442\u043e\u043f\u043b\u0438\u0432\u0430<\/td>\n<td>0,11\u20130,45 \u043b\/\u0447<\/td>\n<\/tr>\n<tr>\n<td>\u041e\u0431\u044a\u0435\u043c \u0442\u043e\u043f\u043b\u0438\u0432\u043d\u043e\u0433\u043e \u0431\u0430\u043a\u0430<\/td>\n<td>5 \u043b<\/td>\n<\/tr>\n<tr>\n<td>\u041f\u0438\u0442\u0430\u043d\u0438\u0435<\/td>\n<td>\u0410\u0434\u0430\u043f\u0442\u0435\u0440 12 \u0412 \/ 24 \u0412 + 230 \u0412<\/td>\n<\/tr>\n<tr>\n<td>\u0410\u0434\u0430\u043f\u0442\u0435\u0440 \u043f\u0438\u0442\u0430\u043d\u0438\u044f<\/td>\n<td>110\u2013240 \u0412 AC<\/td>\n<\/tr>\n<tr>\n<td>\u0423\u043f\u0440\u0430\u0432\u043b\u0435\u043d\u0438\u0435<\/td>\n<td>\u0416\u041a-\u0434\u0438\u0441\u043f\u043b\u0435\u0439, \u043f\u0443\u043b\u044c\u0442 \u0434\u0438\u0441\u0442\u0430\u043d\u0446\u0438\u043e\u043d\u043d\u043e\u0433\u043e \u0443\u043f\u0440\u0430\u0432\u043b\u0435\u043d\u0438\u044f, \u043f\u0440\u0438\u043b\u043e\u0436\u0435\u043d\u0438\u0435 Bluetooth<\/td>\n<\/tr>\n<tr>\n<td>\u041f\u0443\u0441\u043a\u043e\u0432\u043e\u0439 \u0442\u043e\u043a<\/td>\n<td>13A<\/td>\n<\/tr>\n<tr>\n<td>\u0420\u0430\u0431\u043e\u0447\u0438\u0439 \u043f\u043e\u0442\u043e\u043a<\/td>\n<td>3A<\/td>\n<\/tr>\n<tr>\n<td>\u0420\u0435\u0433\u0443\u043b\u0438\u0440\u0443\u0435\u043c\u0430\u044f \u0442\u0435\u043c\u043f\u0435\u0440\u0430\u0442\u0443\u0440\u0430<\/td>\n<td>8\u00b0C \u2013 36\u00b0C<\/td>\n<\/tr>\n<tr>\n<td>\u0423\u0440\u043e\u0432\u0435\u043d\u044c \u0448\u0443\u043c\u0430<\/td>\n<td>\u2264 35 \u0434\u0411<\/td>\n<\/tr>\n<tr>\n<td>\u0420\u0430\u0431\u043e\u0447\u0430\u044f \u0442\u0435\u043c\u043f\u0435\u0440\u0430\u0442\u0443\u0440\u0430 \u0443\u0441\u0442\u0440\u043e\u0439\u0441\u0442\u0432\u0430<\/td>\n<td>\u041e\u0442 -40 \u00b0C \u0434\u043e +50 \u00b0C<\/td>\n<\/tr>\n<tr>\n<td>\u0420\u0430\u0431\u043e\u0447\u0430\u044f \u0442\u0435\u043c\u043f\u0435\u0440\u0430\u0442\u0443\u0440\u0430 \u0442\u043e\u043f\u043b\u0438\u0432\u043d\u043e\u0433\u043e \u043d\u0430\u0441\u043e\u0441\u0430<\/td>\n<td>\u041e\u0442 -40 \u00b0C \u0434\u043e +40 \u00b0C<\/td>\n<\/tr>\n<tr>\n<td>\u0420\u0430\u0437\u043c\u0435\u0440\u044b<\/td>\n<td>38 \u00d7 24,3 \u00d7 30 \u0441\u043c<\/td>\n<\/tr>\n<tr>\n<td>\u0412\u0435\u0441<\/td>\n<td>5 \u043a\u0433<\/td>\n<\/tr>\n<tr>\n<td>\u0420\u0430\u0437\u043c\u0435\u0440\u044b \u0432\u043e\u0437\u0434\u0443\u0445\u043e\u0432\u043e\u0434\u043e\u0432<\/td>\n<td>\u0413\u043e\u0440\u044f\u0447\u0438\u0439 \u0442\u0440\u0443\u0431\u043e\u043f\u0440\u043e\u0432\u043e\u0434 76 \u043c\u043c; \u0432\u043f\u0443\u0441\u043a 25 \u043c\u043c; \u0432\u044b\u043f\u0443\u0441\u043a 25 \u043c\u043c<\/td>\n<\/tr>\n<tr>\n<td>\u041f\u0440\u043e\u0447\u0438\u0435 \u043d\u0430\u0437\u0432\u0430\u043d\u0438\u044f<\/td>\n<td>\u0414\u0438\u0437\u0435\u043b\u044c\u043d\u044b\u0439 \u0432\u0435\u043d\u0442\u0438\u043b\u044f\u0442\u043e\u0440, \u0434\u0438\u0437\u0435\u043b\u044c\u043d\u044b\u0439 \u043e\u0431\u043e\u0433\u0440\u0435\u0432\u0430\u0442\u0435\u043b\u044c, \u0434\u043e\u043f\u043e\u043b\u043d\u0438\u0442\u0435\u043b\u044c\u043d\u043e\u0435 \u043e\u0442\u043e\u043f\u0438\u0442\u0435\u043b\u044c\u043d\u043e\u0435 \u0443\u0441\u0442\u0440\u043e\u0439\u0441\u0442\u0432\u043e, \u0432\u043e\u0437\u0434\u0443\u0448\u043d\u043e\u0435 \u043e\u0442\u043e\u043f\u0438\u0442\u0435\u043b\u044c\u043d\u043e\u0435 \u0443\u0441\u0442\u0440\u043e\u0439\u0441\u0442\u0432\u043e, \u043f\u043e\u0434\u043e\u0433\u0440\u0435\u0432\u0430\u0442\u0435\u043b\u044c, \u0434\u0438\u0437\u0435\u043b\u044c\u043d\u0430\u044f \u0432\u043e\u0437\u0434\u0443\u0445\u043e\u0434\u0443\u0432\u043a\u0430<\/td>\n<\/tr>\n<\/tbody>\n<\/table>\n<p><img fetchpriority=\"high\" decoding=\"async\" class=\"alignnone size-large wp-image-9221\" src=\"https:\/\/sauh.ee\/wp-content\/uploads\/2025\/12\/sauh.ee-diiselpuhur-8kw-koos-adapteriga-5.webp\" alt=\"\" width=\"980\" height=\"402\" srcset=\"https:\/\/sauh.ee\/wp-content\/uploads\/2025\/12\/sauh.ee-diiselpuhur-8kw-koos-adapteriga-5.webp 1464w, https:\/\/sauh.ee\/wp-content\/uploads\/2025\/12\/sauh.ee-diiselpuhur-8kw-koos-adapteriga-5-300x123.webp 300w, https:\/\/sauh.ee\/wp-content\/uploads\/2025\/12\/sauh.ee-diiselpuhur-8kw-koos-adapteriga-5-1024x420.webp 1024w, https:\/\/sauh.ee\/wp-content\/uploads\/2025\/12\/sauh.ee-diiselpuhur-8kw-koos-adapteriga-5-768x315.webp 768w, https:\/\/sauh.ee\/wp-content\/uploads\/2025\/12\/sauh.ee-diiselpuhur-8kw-koos-adapteriga-5-18x7.webp 18w, https:\/\/sauh.ee\/wp-content\/uploads\/2025\/12\/sauh.ee-diiselpuhur-8kw-koos-adapteriga-5-416x170.webp 416w, https:\/\/sauh.ee\/wp-content\/uploads\/2025\/12\/sauh.ee-diiselpuhur-8kw-koos-adapteriga-5-64x26.webp 64w\" sizes=\"(max-width: 980px) 100vw, 980px\" \/><\/p>\n<p><strong>\ud83d\udd34\u041f\u0440\u0438\u043c\u0435\u0447\u0430\u043d\u0438\u0435<\/strong>: \u0423\u0441\u0442\u0440\u043e\u0439\u0441\u0442\u0432\u043e \u0440\u0430\u0431\u043e\u0442\u0430\u0435\u0442 \u0442\u043e\u043b\u044c\u043a\u043e \u043d\u0430 \u0434\u0438\u0437\u0435\u043b\u044c\u043d\u043e\u043c \u0442\u043e\u043f\u043b\u0438\u0432\u0435. \u042d\u043b\u0435\u043a\u0442\u0440\u0438\u0447\u0435\u0441\u0442\u0432\u043e \u043d\u0435\u043e\u0431\u0445\u043e\u0434\u0438\u043c\u043e \u0434\u043b\u044f \u0437\u0430\u043f\u0443\u0441\u043a\u0430 \u0443\u0441\u0442\u0440\u043e\u0439\u0441\u0442\u0432\u0430, \u0440\u0430\u0431\u043e\u0442\u044b \u0432\u0435\u043d\u0442\u0438\u043b\u044f\u0442\u043e\u0440\u0430, \u043d\u0430\u0441\u043e\u0441\u0430 \u0438 \u0431\u043b\u043e\u043a\u0430 \u0443\u043f\u0440\u0430\u0432\u043b\u0435\u043d\u0438\u044f.<\/p>\n<p>\ud83d\udfe0 <strong data-start=\"392\" data-end=\"403\">\u0411\u0435\u0437\u043e\u043f\u0430\u0441\u043d\u043e\u0441\u0442\u044c:<\/strong> \u0437\u0430\u0449\u0438\u0442\u0430 \u043e\u0442 \u043f\u0435\u0440\u0435\u0433\u0440\u0435\u0432\u0430, \u0437\u0430\u0449\u0438\u0442\u0430 \u043e\u0442 \u043a\u043e\u0440\u043e\u0442\u043a\u043e\u0433\u043e \u0437\u0430\u043c\u044b\u043a\u0430\u043d\u0438\u044f, \u0437\u0430\u0449\u0438\u0442\u0430 \u043e\u0442 \u043f\u0435\u0440\u0435\u043d\u0430\u043f\u0440\u044f\u0436\u0435\u043d\u0438\u044f, \u0437\u0430\u0449\u0438\u0442\u0430 \u043e\u0442 \u043d\u0435\u043f\u0440\u0430\u0432\u0438\u043b\u044c\u043d\u043e\u0439 \u043f\u043e\u043b\u044f\u0440\u043d\u043e\u0441\u0442\u0438, \u0432\u044b\u0445\u043b\u043e\u043f\u043d\u044b\u0435 \u0433\u0430\u0437\u044b \u0434\u043e\u043b\u0436\u043d\u044b \u0432\u044b\u0432\u043e\u0434\u0438\u0442\u044c\u0441\u044f \u043d\u0430 \u0443\u043b\u0438\u0446\u0443, \u0440\u0435\u043a\u043e\u043c\u0435\u043d\u0434\u0443\u0435\u0442\u0441\u044f \u043f\u0440\u043e\u0444\u0435\u0441\u0441\u0438\u043e\u043d\u0430\u043b\u044c\u043d\u0430\u044f \u0443\u0441\u0442\u0430\u043d\u043e\u0432\u043a\u0430<br data-start=\"545\" data-end=\"548\" \/>\ud83d\udfe0 <strong data-start=\"551\" data-end=\"566\">\u0412 \u043a\u043e\u043c\u043f\u043b\u0435\u043a\u0442\u0435:<\/strong> \u0440\u0435\u0433\u0443\u043b\u0438\u0440\u0443\u0435\u043c\u0430\u044f \u043e\u043f\u043e\u0440\u043d\u0430\u044f \u0440\u0430\u043c\u0430, \u0433\u043b\u0443\u0448\u0438\u0442\u0435\u043b\u044c, \u043f\u0440\u0438\u043d\u0430\u0434\u043b\u0435\u0436\u043d\u043e\u0441\u0442\u0438 \u0434\u043b\u044f \u0441\u0438\u0441\u0442\u0435\u043c\u044b \u0446\u0438\u0440\u043a\u0443\u043b\u044f\u0446\u0438\u0438 \u0432\u043e\u0437\u0434\u0443\u0445\u0430, \u0430\u0434\u0430\u043f\u0442\u0435\u0440 \u043f\u0438\u0442\u0430\u043d\u0438\u044f 230 \u0412, \u0432\u0441\u0435 \u043d\u0435\u043e\u0431\u0445\u043e\u0434\u0438\u043c\u044b\u0435 \u043c\u043e\u043d\u0442\u0430\u0436\u043d\u044b\u0435 \u043f\u0440\u0438\u043d\u0430\u0434\u043b\u0435\u0436\u043d\u043e\u0441\u0442\u0438<\/p>\n<p><img decoding=\"async\" class=\"alignnone size-large wp-image-9222\" src=\"https:\/\/sauh.ee\/wp-content\/uploads\/2025\/12\/sauh.ee-diiselpuhur-8kw-koos-adapteriga-6.webp\" alt=\"\" width=\"980\" height=\"362\" srcset=\"https:\/\/sauh.ee\/wp-content\/uploads\/2025\/12\/sauh.ee-diiselpuhur-8kw-koos-adapteriga-6.webp 1464w, https:\/\/sauh.ee\/wp-content\/uploads\/2025\/12\/sauh.ee-diiselpuhur-8kw-koos-adapteriga-6-300x111.webp 300w, https:\/\/sauh.ee\/wp-content\/uploads\/2025\/12\/sauh.ee-diiselpuhur-8kw-koos-adapteriga-6-1024x378.webp 1024w, https:\/\/sauh.ee\/wp-content\/uploads\/2025\/12\/sauh.ee-diiselpuhur-8kw-koos-adapteriga-6-768x283.webp 768w, https:\/\/sauh.ee\/wp-content\/uploads\/2025\/12\/sauh.ee-diiselpuhur-8kw-koos-adapteriga-6-18x7.webp 18w, https:\/\/sauh.ee\/wp-content\/uploads\/2025\/12\/sauh.ee-diiselpuhur-8kw-koos-adapteriga-6-416x153.webp 416w, https:\/\/sauh.ee\/wp-content\/uploads\/2025\/12\/sauh.ee-diiselpuhur-8kw-koos-adapteriga-6-64x24.webp 64w\" sizes=\"(max-width: 980px) 100vw, 980px\" \/><\/p>\n<p>&nbsp;<\/p>","protected":false},"excerpt":{"rendered":"<p>8kW diiselpuhur on kompaktne ja \u00f6konoomne lisak\u00fctteseade s\u00f5idukitele ja ruumidele. Sobib kasutamiseks aastaringselt. Vaikne t\u00f6\u00f6, madal k\u00fctusekulu ja mugav juhtimine puld, telefoni v\u00f5i LCD-ekraaniga. Tehnilised andmed Omadus V\u00f5imsus 8 kW K\u00fctteaala kuni 25 m\u00b2 K\u00fctus Diisel K\u00fctusekulu 0.11 \u2013 0.45 L\/h K\u00fctusepaagi maht 5 L Toide 12V \/ 24V + 230V adapter Toiteadapter 110\u2013240V AC [&hellip;]<\/p>\n","protected":false},"featured_media":9226,"template":"","meta":[],"product_brand":[],"product_cat":[260,282],"product_tag":[281],"class_list":{"0":"post-9211","1":"product","2":"type-product","3":"status-publish","4":"has-post-thumbnail","6":"product_cat-puhurid-ja-imurid","7":"product_cat-talv","8":"product_tag-talv","10":"first","11":"outofstock","12":"shipping-taxable","13":"purchasable","14":"product-type-simple"},"_links":{"self":[{"href":"https:\/\/sauh.ee\/ru\/wp-json\/wp\/v2\/product\/9211","targetHints":{"allow":["GET"]}}],"collection":[{"href":"https:\/\/sauh.ee\/ru\/wp-json\/wp\/v2\/product"}],"about":[{"href":"https:\/\/sauh.ee\/ru\/wp-json\/wp\/v2\/types\/product"}],"wp:featuredmedia":[{"embeddable":true,"href":"https:\/\/sauh.ee\/ru\/wp-json\/wp\/v2\/media\/9226"}],"wp:attachment":[{"href":"https:\/\/sauh.ee\/ru\/wp-json\/wp\/v2\/media?parent=9211"}],"wp:term":[{"taxonomy":"product_brand","embeddable":true,"href":"https:\/\/sauh.ee\/ru\/wp-json\/wp\/v2\/product_brand?post=9211"},{"taxonomy":"product_cat","embeddable":true,"href":"https:\/\/sauh.ee\/ru\/wp-json\/wp\/v2\/product_cat?post=9211"},{"taxonomy":"product_tag","embeddable":true,"href":"https:\/\/sauh.ee\/ru\/wp-json\/wp\/v2\/product_tag?post=9211"}],"curies":[{"name":"wp","href":"https:\/\/api.w.org\/{rel}","templated":true}]}}