{"id":9245,"date":"2025-12-16T22:06:51","date_gmt":"2025-12-16T22:06:51","guid":{"rendered":"https:\/\/sauh.ee\/?post_type=product&#038;p=9245"},"modified":"2026-02-01T21:16:22","modified_gmt":"2026-02-01T21:16:22","slug":"kaivitusabi-2500a","status":"publish","type":"product","link":"https:\/\/sauh.ee\/ru\/product\/kaivitusabi-2500a\/","title":{"rendered":"\u041f\u0443\u0441\u043a\u043e\u0432\u0430\u044f \u043f\u043e\u043c\u043e\u0449\u044c 2500A"},"content":{"rendered":"<p data-start=\"103\" data-end=\"271\">\u0414\u0436\u0430\u043c\u043f-\u0441\u0442\u0430\u0440\u0442\u0435\u0440, \u0438\u043b\u0438 \u043f\u043e\u043c\u043e\u0449\u044c \u043f\u0440\u0438 \u0437\u0430\u043f\u0443\u0441\u043a\u0435 \u0434\u0432\u0438\u0433\u0430\u0442\u0435\u043b\u044f <strong data-start=\"121\" data-end=\"154\">\u0434\u043b\u044f \u0431\u0435\u043d\u0437\u0438\u043d\u043e\u0432\u044b\u0445 \u0434\u0432\u0438\u0433\u0430\u0442\u0435\u043b\u0435\u0439 \u0434\u043e 8,0 \u043b<\/strong> \u0438 <strong data-start=\"158\" data-end=\"189\">\u0434\u043b\u044f \u0434\u0438\u0437\u0435\u043b\u044c\u043d\u044b\u0445 \u0434\u0432\u0438\u0433\u0430\u0442\u0435\u043b\u0435\u0439 \u0434\u043e 7,0 \u043b.<\/strong>\u041f\u043e\u0434\u0445\u043e\u0434\u0438\u0442 \u0434\u043b\u044f \u043b\u0435\u0433\u043a\u043e\u0432\u044b\u0445 \u0430\u0432\u0442\u043e\u043c\u043e\u0431\u0438\u043b\u0435\u0439, \u0432\u043d\u0435\u0434\u043e\u0440\u043e\u0436\u043d\u0438\u043a\u043e\u0432, \u0444\u0443\u0440\u0433\u043e\u043d\u043e\u0432 \u0438 \u043c\u0430\u043b\u043e\u0439 \u0442\u0435\u0445\u043d\u0438\u043a\u0438 \u0441 \u0441\u0438\u0441\u0442\u0435\u043c\u043e\u0439 12 \u0412.<\/p>\n<p><iframe title=\"sauh.ee K\u00e4ivitusabi 2500A - \u041f\u0443\u0441\u043a\u043e\u0432\u0430\u044f \u043f\u043e\u043c\u043e\u0449\u044c 2500A\" width=\"980\" height=\"551\" src=\"https:\/\/www.youtube.com\/embed\/HESOZPi5h30?feature=oembed\" frameborder=\"0\" allow=\"accelerometer; autoplay; clipboard-write; encrypted-media; gyroscope; picture-in-picture; web-share\" referrerpolicy=\"strict-origin-when-cross-origin\" allowfullscreen><\/iframe><\/p>\n<table>\n<thead>\n<tr>\n<th>\u0425\u0430\u0440\u0430\u043a\u0442\u0435\u0440\u0438\u0441\u0442\u0438\u043a\u0430<\/th>\n<th>\u0417\u043d\u0430\u0447\u0435\u043d\u0438\u0435<\/th>\n<\/tr>\n<\/thead>\n<tbody>\n<tr>\n<td>\u041f\u0438\u043a\u043e\u0432\u044b\u0439 \u0442\u043e\u043a<\/td>\n<td>\u0434\u043e 2500 \u0410<\/td>\n<\/tr>\n<tr>\n<td>\u0420\u0430\u0431\u043e\u0447\u0435\u0435 \u043d\u0430\u043f\u0440\u044f\u0436\u0435\u043d\u0438\u0435<\/td>\n<td>12 \u0412<\/td>\n<\/tr>\n<tr>\n<td>\u0422\u0438\u043f \u0430\u043a\u043a\u0443\u043c\u0443\u043b\u044f\u0442\u043e\u0440\u0430<\/td>\n<td>\u041b\u0438\u0442\u0438\u0439-\u0438\u043e\u043d\u043d\u044b\u0439<\/td>\n<\/tr>\n<tr>\n<td>\u042d\u043d\u0435\u0440\u0433\u0435\u0442\u0438\u0447\u0435\u0441\u043a\u0438\u0439 \u043e\u0431\u044a\u0435\u043c<\/td>\n<td>\u043e\u043a\u043e\u043b\u043e 75\u2013110 \u0412\u0442\u0447<\/td>\n<\/tr>\n<tr>\n<td>\u041d\u043e\u043c\u0438\u043d\u0430\u043b\u044c\u043d\u043e\u0435 \u043d\u0430\u043f\u0440\u044f\u0436\u0435\u043d\u0438\u0435 \u0430\u043a\u043a\u0443\u043c\u0443\u043b\u044f\u0442\u043e\u0440\u0430<\/td>\n<td>3,7 \u0412<\/td>\n<\/tr>\n<tr>\n<td>USB-\u0432\u044b\u0445\u043e\u0434\u044b<\/td>\n<td>2 \u00d7 USB, \u0434\u043e 3 \u0410<\/td>\n<\/tr>\n<tr>\n<td>\u0424\u0443\u043d\u043a\u0446\u0438\u0438<\/td>\n<td>\u041f\u0443\u0441\u043a\u043e\u0432\u0430\u044f \u043f\u043e\u043c\u043e\u0449\u044c, \u0432\u043d\u0435\u0448\u043d\u0438\u0439 \u0430\u043a\u043a\u0443\u043c\u0443\u043b\u044f\u0442\u043e\u0440, \u0441\u0432\u0435\u0442\u043e\u0434\u0438\u043e\u0434\u043d\u044b\u0439 \u0444\u043e\u043d\u0430\u0440\u0438\u043a, \u0441\u0438\u0433\u043d\u0430\u043b SOS \u0438 \u0430\u0432\u0430\u0440\u0438\u0439\u043d\u0430\u044f \u043b\u0430\u043c\u043f\u0430<\/td>\n<\/tr>\n<tr>\n<td>\u0417\u0430\u043f\u0443\u0441\u043a \u0437\u0430\u0436\u0438\u0433\u0430\u043b\u043a\u0438<\/td>\n<td>\u0414\u0430<\/td>\n<\/tr>\n<tr>\n<td>\u0412\u0435\u0441<\/td>\n<td>\u043f\u0440\u0438\u0431\u043b\u0438\u0437\u0438\u0442\u0435\u043b\u044c\u043d\u043e 1270 \u0433<\/td>\n<\/tr>\n<\/tbody>\n<\/table>\n<p><img fetchpriority=\"high\" decoding=\"async\" class=\"alignnone size-large wp-image-9252\" src=\"https:\/\/sauh.ee\/wp-content\/uploads\/2025\/12\/sauh.ee-Jump-Starter-kaivitusabi-2500A-5-1024x438.webp\" alt=\"\" width=\"980\" height=\"419\" srcset=\"https:\/\/sauh.ee\/wp-content\/uploads\/2025\/12\/sauh.ee-Jump-Starter-kaivitusabi-2500A-5-1024x438.webp 1024w, https:\/\/sauh.ee\/wp-content\/uploads\/2025\/12\/sauh.ee-Jump-Starter-kaivitusabi-2500A-5-300x128.webp 300w, https:\/\/sauh.ee\/wp-content\/uploads\/2025\/12\/sauh.ee-Jump-Starter-kaivitusabi-2500A-5-768x328.webp 768w, https:\/\/sauh.ee\/wp-content\/uploads\/2025\/12\/sauh.ee-Jump-Starter-kaivitusabi-2500A-5-18x8.webp 18w, https:\/\/sauh.ee\/wp-content\/uploads\/2025\/12\/sauh.ee-Jump-Starter-kaivitusabi-2500A-5-416x178.webp 416w, https:\/\/sauh.ee\/wp-content\/uploads\/2025\/12\/sauh.ee-Jump-Starter-kaivitusabi-2500A-5-64x27.webp 64w, https:\/\/sauh.ee\/wp-content\/uploads\/2025\/12\/sauh.ee-Jump-Starter-kaivitusabi-2500A-5.webp 1127w\" sizes=\"(max-width: 980px) 100vw, 980px\" \/><\/p>\n<p><img decoding=\"async\" class=\"size-large wp-image-9249 aligncenter\" src=\"https:\/\/sauh.ee\/wp-content\/uploads\/2025\/12\/sauh.ee-Jump-Starter-kaivitusabi-2500A-7.webp\" alt=\"\" width=\"523\" height=\"1024\" srcset=\"https:\/\/sauh.ee\/wp-content\/uploads\/2025\/12\/sauh.ee-Jump-Starter-kaivitusabi-2500A-7.webp 1000w, https:\/\/sauh.ee\/wp-content\/uploads\/2025\/12\/sauh.ee-Jump-Starter-kaivitusabi-2500A-7-153x300.webp 153w, https:\/\/sauh.ee\/wp-content\/uploads\/2025\/12\/sauh.ee-Jump-Starter-kaivitusabi-2500A-7-523x1024.webp 523w, https:\/\/sauh.ee\/wp-content\/uploads\/2025\/12\/sauh.ee-Jump-Starter-kaivitusabi-2500A-7-768x1504.webp 768w, https:\/\/sauh.ee\/wp-content\/uploads\/2025\/12\/sauh.ee-Jump-Starter-kaivitusabi-2500A-7-784x1536.webp 784w, https:\/\/sauh.ee\/wp-content\/uploads\/2025\/12\/sauh.ee-Jump-Starter-kaivitusabi-2500A-7-6x12.webp 6w, https:\/\/sauh.ee\/wp-content\/uploads\/2025\/12\/sauh.ee-Jump-Starter-kaivitusabi-2500A-7-416x815.webp 416w, https:\/\/sauh.ee\/wp-content\/uploads\/2025\/12\/sauh.ee-Jump-Starter-kaivitusabi-2500A-7-64x125.webp 64w\" sizes=\"(max-width: 523px) 100vw, 523px\" \/><\/p>","protected":false},"excerpt":{"rendered":"<p>Jump starter ehk K\u00e4ivitusabi bensiinimootoritele kuni 8.0L ja diiselmootoritele kuni 7.0L. Sobib s\u00f5iduautodele, maasturitele, kaubikutele ja v\u00e4iketehnikale 12V s\u00fcsteemiga. Omadus V\u00e4\u00e4rtus Tippvool kuni 2500 A T\u00f6\u00f6pinge 12 V Aku t\u00fc\u00fcp Liitiumioon Energiamaht umbes 75\u2013110 Wh Aku nimipinge 3,7 V USB v\u00e4ljundid 2 \u00d7 USB, kuni 3 A Funktsioonid K\u00e4ivitusabi, akupank, LED-taskulamp, SOS- ja hoiatustuli Sigaretis\u00fc\u00fctaja [&hellip;]<\/p>\n","protected":false},"featured_media":9253,"template":"","meta":[],"product_brand":[],"product_cat":[277,29,47,33,282],"product_tag":[281],"class_list":{"0":"post-9245","1":"product","2":"type-product","3":"status-publish","4":"has-post-thumbnail","6":"product_cat-autosse","7":"product_cat-akud-ja-laadijad","8":"product_cat-matka-tarbed","9":"product_cat-muu","10":"product_cat-talv","11":"product_tag-talv","13":"first","14":"onbackorder","15":"shipping-taxable","16":"purchasable","17":"product-type-simple"},"_links":{"self":[{"href":"https:\/\/sauh.ee\/ru\/wp-json\/wp\/v2\/product\/9245","targetHints":{"allow":["GET"]}}],"collection":[{"href":"https:\/\/sauh.ee\/ru\/wp-json\/wp\/v2\/product"}],"about":[{"href":"https:\/\/sauh.ee\/ru\/wp-json\/wp\/v2\/types\/product"}],"wp:featuredmedia":[{"embeddable":true,"href":"https:\/\/sauh.ee\/ru\/wp-json\/wp\/v2\/media\/9253"}],"wp:attachment":[{"href":"https:\/\/sauh.ee\/ru\/wp-json\/wp\/v2\/media?parent=9245"}],"wp:term":[{"taxonomy":"product_brand","embeddable":true,"href":"https:\/\/sauh.ee\/ru\/wp-json\/wp\/v2\/product_brand?post=9245"},{"taxonomy":"product_cat","embeddable":true,"href":"https:\/\/sauh.ee\/ru\/wp-json\/wp\/v2\/product_cat?post=9245"},{"taxonomy":"product_tag","embeddable":true,"href":"https:\/\/sauh.ee\/ru\/wp-json\/wp\/v2\/product_tag?post=9245"}],"curies":[{"name":"wp","href":"https:\/\/api.w.org\/{rel}","templated":true}]}}