{"id":9258,"date":"2025-12-17T21:36:32","date_gmt":"2025-12-17T21:36:32","guid":{"rendered":"https:\/\/sauh.ee\/?post_type=product&#038;p=9258"},"modified":"2025-12-18T12:35:17","modified_gmt":"2025-12-18T12:35:17","slug":"kaivitusabi-1500a","status":"publish","type":"product","link":"https:\/\/sauh.ee\/ru\/product\/kaivitusabi-1500a\/","title":{"rendered":"\u041f\u0443\u0441\u043a\u043e\u0432\u0430\u044f \u043f\u043e\u043c\u043e\u0449\u044c 1500 \u0410 (\u0434\u043e\u043f\u043e\u043b\u043d\u0438\u0442\u0435\u043b\u044c\u043d\u043e \u0444\u0443\u043d\u043a\u0446\u0438\u044f \u043a\u043e\u043c\u043f\u0440\u0435\u0441\u0441\u043e\u0440\u0430)"},"content":{"rendered":"<p data-start=\"103\" data-end=\"271\"><img fetchpriority=\"high\" decoding=\"async\" class=\"alignnone size-large wp-image-9263\" src=\"https:\/\/sauh.ee\/wp-content\/uploads\/2025\/12\/sauh.ee-kaivitusabi-jumpstarter-ning-kompressor-6.webp\" alt=\"\" width=\"980\" height=\"402\" srcset=\"https:\/\/sauh.ee\/wp-content\/uploads\/2025\/12\/sauh.ee-kaivitusabi-jumpstarter-ning-kompressor-6.webp 1464w, https:\/\/sauh.ee\/wp-content\/uploads\/2025\/12\/sauh.ee-kaivitusabi-jumpstarter-ning-kompressor-6-300x123.webp 300w, https:\/\/sauh.ee\/wp-content\/uploads\/2025\/12\/sauh.ee-kaivitusabi-jumpstarter-ning-kompressor-6-1024x420.webp 1024w, https:\/\/sauh.ee\/wp-content\/uploads\/2025\/12\/sauh.ee-kaivitusabi-jumpstarter-ning-kompressor-6-768x315.webp 768w, https:\/\/sauh.ee\/wp-content\/uploads\/2025\/12\/sauh.ee-kaivitusabi-jumpstarter-ning-kompressor-6-18x7.webp 18w, https:\/\/sauh.ee\/wp-content\/uploads\/2025\/12\/sauh.ee-kaivitusabi-jumpstarter-ning-kompressor-6-416x170.webp 416w, https:\/\/sauh.ee\/wp-content\/uploads\/2025\/12\/sauh.ee-kaivitusabi-jumpstarter-ning-kompressor-6-64x26.webp 64w\" sizes=\"(max-width: 980px) 100vw, 980px\" \/><\/p>\n<p data-start=\"103\" data-end=\"271\">\u0414\u0436\u0430\u043c\u043f-\u0441\u0442\u0430\u0440\u0442\u0435\u0440, \u0438\u043b\u0438 \u043f\u043e\u043c\u043e\u0449\u044c \u043f\u0440\u0438 \u0437\u0430\u043f\u0443\u0441\u043a\u0435 \u0434\u0432\u0438\u0433\u0430\u0442\u0435\u043b\u044f <strong data-start=\"121\" data-end=\"154\">\u0434\u043b\u044f \u0431\u0435\u043d\u0437\u0438\u043d\u043e\u0432\u044b\u0445 \u0434\u0432\u0438\u0433\u0430\u0442\u0435\u043b\u0435\u0439 \u0434\u043e 6,0 \u043b<\/strong> \u0438 <strong data-start=\"158\" data-end=\"189\">\u0434\u043b\u044f \u0434\u0438\u0437\u0435\u043b\u044c\u043d\u044b\u0445 \u0434\u0432\u0438\u0433\u0430\u0442\u0435\u043b\u0435\u0439 \u0434\u043e 4,5 \u043b.<\/strong>\u041f\u043e\u0434\u0445\u043e\u0434\u0438\u0442 \u0434\u043b\u044f \u043b\u0435\u0433\u043a\u043e\u0432\u044b\u0445 \u0430\u0432\u0442\u043e\u043c\u043e\u0431\u0438\u043b\u0435\u0439, \u0432\u043d\u0435\u0434\u043e\u0440\u043e\u0436\u043d\u0438\u043a\u043e\u0432, \u0444\u0443\u0440\u0433\u043e\u043d\u043e\u0432 \u0438 \u043c\u0430\u043b\u043e\u0439 \u0442\u0435\u0445\u043d\u0438\u043a\u0438 \u0441 \u0441\u0438\u0441\u0442\u0435\u043c\u043e\u0439 12 \u0412.<\/p>\n<p data-start=\"103\" data-end=\"271\"><img decoding=\"async\" class=\"alignnone size-large wp-image-9268\" src=\"https:\/\/sauh.ee\/wp-content\/uploads\/2025\/12\/sauh.ee-kaivitusabi-jumpstarter-ning-kompressor-9.webp\" alt=\"\" width=\"980\" height=\"402\" srcset=\"https:\/\/sauh.ee\/wp-content\/uploads\/2025\/12\/sauh.ee-kaivitusabi-jumpstarter-ning-kompressor-9.webp 1464w, https:\/\/sauh.ee\/wp-content\/uploads\/2025\/12\/sauh.ee-kaivitusabi-jumpstarter-ning-kompressor-9-300x123.webp 300w, https:\/\/sauh.ee\/wp-content\/uploads\/2025\/12\/sauh.ee-kaivitusabi-jumpstarter-ning-kompressor-9-1024x420.webp 1024w, https:\/\/sauh.ee\/wp-content\/uploads\/2025\/12\/sauh.ee-kaivitusabi-jumpstarter-ning-kompressor-9-768x315.webp 768w, https:\/\/sauh.ee\/wp-content\/uploads\/2025\/12\/sauh.ee-kaivitusabi-jumpstarter-ning-kompressor-9-18x7.webp 18w, https:\/\/sauh.ee\/wp-content\/uploads\/2025\/12\/sauh.ee-kaivitusabi-jumpstarter-ning-kompressor-9-416x170.webp 416w, https:\/\/sauh.ee\/wp-content\/uploads\/2025\/12\/sauh.ee-kaivitusabi-jumpstarter-ning-kompressor-9-64x26.webp 64w\" sizes=\"(max-width: 980px) 100vw, 980px\" \/><\/p>\n<p data-start=\"103\" data-end=\"271\">\u041c\u043d\u043e\u0433\u043e\u0444\u0443\u043d\u043a\u0446\u0438\u043e\u043d\u0430\u043b\u044c\u043d\u0430\u044f \u043f\u043e\u043c\u043e\u0449\u044c \u043f\u0440\u0438 \u0437\u0430\u043f\u0443\u0441\u043a\u0435, \u043a\u043e\u0442\u043e\u0440\u0430\u044f \u043e\u0431\u044a\u0435\u0434\u0438\u043d\u044f\u0435\u0442 <strong data-start=\"145\" data-end=\"223\">\u0437\u0430\u043f\u0443\u0441\u043a \u0430\u0432\u0442\u043e\u043c\u043e\u0431\u0438\u043b\u044f, \u0431\u0430\u0442\u0430\u0440\u0435\u0439\u043d\u044b\u0439 \u0431\u043b\u043e\u043a, \u0441\u0432\u0435\u0442\u043e\u0434\u0438\u043e\u0434\u043d\u044b\u0439 \u0444\u043e\u043d\u0430\u0440\u0438\u043a \u0438 \u0432\u0441\u0442\u0440\u043e\u0435\u043d\u043d\u044b\u0439 \u0432\u043e\u0437\u0434\u0443\u0448\u043d\u044b\u0439 \u043a\u043e\u043c\u043f\u0440\u0435\u0441\u0441\u043e\u0440.<\/strong>\u041f\u043e\u0434\u0445\u043e\u0434\u0438\u0442 \u0434\u043b\u044f \u043f\u043e\u0432\u0441\u0435\u0434\u043d\u0435\u0432\u043d\u043e\u0433\u043e \u0438\u0441\u043f\u043e\u043b\u044c\u0437\u043e\u0432\u0430\u043d\u0438\u044f \u0432 \u043b\u0435\u0433\u043a\u043e\u0432\u044b\u0445 \u0430\u0432\u0442\u043e\u043c\u043e\u0431\u0438\u043b\u044f\u0445 \u0438 \u043d\u0435\u0431\u043e\u043b\u044c\u0448\u0438\u0445 \u0434\u0438\u0437\u0435\u043b\u044c\u043d\u044b\u0445 \u0434\u0432\u0438\u0433\u0430\u0442\u0435\u043b\u044f\u0445.<\/p>\n<p data-start=\"103\" data-end=\"271\"><img decoding=\"async\" class=\"alignnone size-large wp-image-9265\" src=\"https:\/\/sauh.ee\/wp-content\/uploads\/2025\/12\/sauh.ee-kaivitusabi-jumpstarter-ning-kompressor-8.webp\" alt=\"\" width=\"980\" height=\"402\" srcset=\"https:\/\/sauh.ee\/wp-content\/uploads\/2025\/12\/sauh.ee-kaivitusabi-jumpstarter-ning-kompressor-8.webp 1464w, https:\/\/sauh.ee\/wp-content\/uploads\/2025\/12\/sauh.ee-kaivitusabi-jumpstarter-ning-kompressor-8-300x123.webp 300w, https:\/\/sauh.ee\/wp-content\/uploads\/2025\/12\/sauh.ee-kaivitusabi-jumpstarter-ning-kompressor-8-1024x420.webp 1024w, https:\/\/sauh.ee\/wp-content\/uploads\/2025\/12\/sauh.ee-kaivitusabi-jumpstarter-ning-kompressor-8-768x315.webp 768w, https:\/\/sauh.ee\/wp-content\/uploads\/2025\/12\/sauh.ee-kaivitusabi-jumpstarter-ning-kompressor-8-18x7.webp 18w, https:\/\/sauh.ee\/wp-content\/uploads\/2025\/12\/sauh.ee-kaivitusabi-jumpstarter-ning-kompressor-8-416x170.webp 416w, https:\/\/sauh.ee\/wp-content\/uploads\/2025\/12\/sauh.ee-kaivitusabi-jumpstarter-ning-kompressor-8-64x26.webp 64w\" sizes=\"(max-width: 980px) 100vw, 980px\" \/><\/p>\n<table>\n<thead>\n<tr>\n<th>\u0425\u0430\u0440\u0430\u043a\u0442\u0435\u0440\u0438\u0441\u0442\u0438\u043a\u0430<\/th>\n<th>\u0417\u043d\u0430\u0447\u0435\u043d\u0438\u0435<\/th>\n<\/tr>\n<\/thead>\n<tbody>\n<tr>\n<td>\u041f\u0438\u043a\u043e\u0432\u044b\u0439 \u0442\u043e\u043a<\/td>\n<td>\u0434\u043e 1500 \u0410<\/td>\n<\/tr>\n<tr>\n<td>\u041f\u0443\u0441\u043a\u043e\u0432\u043e\u0439 \u0442\u043e\u043a<\/td>\n<td>\u043e\u043a\u043e\u043b\u043e 210 A<\/td>\n<\/tr>\n<tr>\n<td>K\u00e4ivitatav mootor<\/td>\n<td>\u0431\u0435\u043d\u0437\u0438\u043d \u0434\u043e 6,0 \u043b \/ \u0434\u0438\u0437\u0435\u043b\u044c\u043d\u043e\u0435 \u0442\u043e\u043f\u043b\u0438\u0432\u043e \u0434\u043e 4,5 \u043b<\/td>\n<\/tr>\n<tr>\n<td>\u0420\u0430\u0431\u043e\u0447\u0435\u0435 \u043d\u0430\u043f\u0440\u044f\u0436\u0435\u043d\u0438\u0435<\/td>\n<td>12 \u0412 (\u0437\u0430\u043f\u0443\u0441\u043a), 5 \u0412 (USB)<\/td>\n<\/tr>\n<tr>\n<td>\u0422\u0438\u043f \u0430\u043a\u043a\u0443\u043c\u0443\u043b\u044f\u0442\u043e\u0440\u0430<\/td>\n<td>\u041b\u0438\u0442\u0438\u0439-\u0438\u043e\u043d\u043d\u044b\u0439<\/td>\n<\/tr>\n<tr>\n<td>Aku mahutavus<\/td>\n<td>12 000\u201318 000 \u043c\u0410\u0447 (3,7 \u0412)<\/td>\n<\/tr>\n<tr>\n<td>\u042d\u043d\u0435\u0440\u0433\u0435\u0442\u0438\u0447\u0435\u0441\u043a\u0438\u0439 \u043e\u0431\u044a\u0435\u043c<\/td>\n<td>\u043e\u043a\u043e\u043b\u043e 45\u201365 \u0412\u0442\u0447<\/td>\n<\/tr>\n<tr>\n<td>\u042d\u0444\u0444\u0435\u043a\u0442\u0438\u0432\u043d\u043e\u0441\u0442\u044c \u043f\u0440\u0435\u043e\u0431\u0440\u0430\u0437\u043e\u0432\u0430\u043d\u0438\u044f<\/td>\n<td>80\u201385%<\/td>\n<\/tr>\n<tr>\n<td>USB \u0432\u044b\u0445\u043e\u0434<\/td>\n<td>1 \u00d7 USB, 5 \u0412 3 \u0410 \/ 9 \u0412 2 \u0410 (\u043c\u0430\u043a\u0441. 18 \u0412\u0442)<\/td>\n<\/tr>\n<tr>\n<td>\u0412\u0445\u043e\u0434 \u0442\u0438\u043f\u0430 C<\/td>\n<td>QC 2.0 \/ \u043e\u0431\u044b\u0447\u043d\u044b\u0439 5 \u0412<\/td>\n<\/tr>\n<tr>\n<td>\u0412\u044b\u0445\u043e\u0434\u044b<\/td>\n<td>USB, \u0442\u0438\u043f C, EC5<\/td>\n<\/tr>\n<tr>\n<td>\u0424\u0443\u043d\u043a\u0446\u0438\u0438<\/td>\n<td>\u0421\u0442\u0430\u0440\u0442\u043e\u0432\u043e\u0435 \u0443\u0441\u0442\u0440\u043e\u0439\u0441\u0442\u0432\u043e, \u0432\u043d\u0435\u0448\u043d\u0438\u0439 \u0430\u043a\u043a\u0443\u043c\u0443\u043b\u044f\u0442\u043e\u0440, \u0441\u0432\u0435\u0442\u043e\u0434\u0438\u043e\u0434\u043d\u044b\u0439 \u0444\u043e\u043d\u0430\u0440\u0438\u043a, SOS-\u0441\u0438\u0433\u043d\u0430\u043b \u0438 \u043c\u0438\u0433\u0430\u044e\u0449\u0438\u0439 \u043f\u0440\u0435\u0434\u0443\u043f\u0440\u0435\u0436\u0434\u0430\u044e\u0449\u0438\u0439 \u0441\u0438\u0433\u043d\u0430\u043b<\/td>\n<\/tr>\n<tr>\n<td>\u0412\u043e\u0437\u0434\u0443\u0448\u043d\u044b\u0439 \u043a\u043e\u043c\u043f\u0440\u0435\u0441\u0441\u043e\u0440<\/td>\n<td>\u0434\u043e 150 PSI<\/td>\n<\/tr>\n<tr>\n<td>\u0415\u0434\u0438\u043d\u0438\u0446\u044b \u0434\u0430\u0432\u043b\u0435\u043d\u0438\u044f<\/td>\n<td>BAR, KPA, PSI<\/td>\n<\/tr>\n<tr>\n<td>\u0420\u0435\u0436\u0438\u043c\u044b \u0441\u0432\u0435\u0442\u043e\u0434\u0438\u043e\u0434\u043e\u0432<\/td>\n<td>\u041f\u043e\u0441\u0442\u043e\u044f\u043d\u043d\u044b\u0439 \u0441\u0432\u0435\u0442, SOS, \u043c\u0438\u0433\u0430\u043d\u0438\u0435<\/td>\n<\/tr>\n<tr>\n<td>\u0422\u0435\u043c\u043f\u0435\u0440\u0430\u0442\u0443\u0440\u0430 \u0437\u0430\u043f\u0443\u0441\u043a\u0430<\/td>\n<td>\u0434\u043e \u221225 \u00b0C<\/td>\n<\/tr>\n<tr>\n<td>\u0412\u0435\u0441<\/td>\n<td>\u043e\u043a\u043e\u043b\u043e 1,3 \u043a\u0433<\/td>\n<\/tr>\n<\/tbody>\n<\/table>\n<p><img loading=\"lazy\" decoding=\"async\" class=\"alignnone size-large wp-image-9262\" src=\"https:\/\/sauh.ee\/wp-content\/uploads\/2025\/12\/sauh.ee-kaivitusabi-jumpstarter-ning-kompressor-3.webp\" alt=\"\" width=\"980\" height=\"402\" srcset=\"https:\/\/sauh.ee\/wp-content\/uploads\/2025\/12\/sauh.ee-kaivitusabi-jumpstarter-ning-kompressor-3.webp 1464w, https:\/\/sauh.ee\/wp-content\/uploads\/2025\/12\/sauh.ee-kaivitusabi-jumpstarter-ning-kompressor-3-300x123.webp 300w, https:\/\/sauh.ee\/wp-content\/uploads\/2025\/12\/sauh.ee-kaivitusabi-jumpstarter-ning-kompressor-3-1024x420.webp 1024w, https:\/\/sauh.ee\/wp-content\/uploads\/2025\/12\/sauh.ee-kaivitusabi-jumpstarter-ning-kompressor-3-768x315.webp 768w, https:\/\/sauh.ee\/wp-content\/uploads\/2025\/12\/sauh.ee-kaivitusabi-jumpstarter-ning-kompressor-3-18x7.webp 18w, https:\/\/sauh.ee\/wp-content\/uploads\/2025\/12\/sauh.ee-kaivitusabi-jumpstarter-ning-kompressor-3-416x170.webp 416w, https:\/\/sauh.ee\/wp-content\/uploads\/2025\/12\/sauh.ee-kaivitusabi-jumpstarter-ning-kompressor-3-64x26.webp 64w\" sizes=\"(max-width: 980px) 100vw, 980px\" \/><\/p>","protected":false},"excerpt":{"rendered":"<p>Jump starter ehk K\u00e4ivitusabi bensiinimootoritele kuni 6.0L ja diiselmootoritele kuni 4.5L. Sobib s\u00f5iduautodele, maasturitele, kaubikutele ja v\u00e4iketehnikale 12V s\u00fcsteemiga. Mitmefunktsiooniline k\u00e4ivitusabi, mis \u00fchendab auto k\u00e4ivitamise, akupanga, LED-taskulambi ja sisseehitatud \u00f5hukompressori. Sobib igap\u00e4evaseks kasutamiseks s\u00f5iduautodel ja v\u00e4iksematel diiselmootoritel. Omadus V\u00e4\u00e4rtus Tippvool kuni 1500 A K\u00e4ivitusvool umbes 210 A K\u00e4ivitatav mootor bensiin kuni 6.0 L \/ diisel [&hellip;]<\/p>\n","protected":false},"featured_media":9269,"template":"","meta":[],"product_brand":[],"product_cat":[277,29,47,33,282],"product_tag":[281],"class_list":{"0":"post-9258","1":"product","2":"type-product","3":"status-publish","4":"has-post-thumbnail","6":"product_cat-autosse","7":"product_cat-akud-ja-laadijad","8":"product_cat-matka-tarbed","9":"product_cat-muu","10":"product_cat-talv","11":"product_tag-talv","13":"first","14":"onbackorder","15":"shipping-taxable","16":"purchasable","17":"product-type-simple"},"_links":{"self":[{"href":"https:\/\/sauh.ee\/ru\/wp-json\/wp\/v2\/product\/9258","targetHints":{"allow":["GET"]}}],"collection":[{"href":"https:\/\/sauh.ee\/ru\/wp-json\/wp\/v2\/product"}],"about":[{"href":"https:\/\/sauh.ee\/ru\/wp-json\/wp\/v2\/types\/product"}],"wp:featuredmedia":[{"embeddable":true,"href":"https:\/\/sauh.ee\/ru\/wp-json\/wp\/v2\/media\/9269"}],"wp:attachment":[{"href":"https:\/\/sauh.ee\/ru\/wp-json\/wp\/v2\/media?parent=9258"}],"wp:term":[{"taxonomy":"product_brand","embeddable":true,"href":"https:\/\/sauh.ee\/ru\/wp-json\/wp\/v2\/product_brand?post=9258"},{"taxonomy":"product_cat","embeddable":true,"href":"https:\/\/sauh.ee\/ru\/wp-json\/wp\/v2\/product_cat?post=9258"},{"taxonomy":"product_tag","embeddable":true,"href":"https:\/\/sauh.ee\/ru\/wp-json\/wp\/v2\/product_tag?post=9258"}],"curies":[{"name":"wp","href":"https:\/\/api.w.org\/{rel}","templated":true}]}}