{"id":931,"date":"2023-02-22T16:04:22","date_gmt":"2023-02-22T16:04:22","guid":{"rendered":"https:\/\/sauh.ee\/?post_type=product&#038;p=931"},"modified":"2025-05-06T11:21:46","modified_gmt":"2025-05-06T11:21:46","slug":"metallidetektori-suur-kott","status":"publish","type":"product","link":"https:\/\/sauh.ee\/ru\/product\/metallidetektori-suur-kott\/","title":{"rendered":"\u0411\u043e\u043b\u044c\u0448\u0430\u044f \u0421\u0443\u043c\u043a\u0430 \u0434\u043b\u044f \u043c\u0435\u0442\u0430\u043b\u043b\u043e\u0438\u0441\u043a\u0430\u0442\u0435\u043b\u044f"},"content":{"rendered":"<p><span style=\"font-weight: 400;\">\u0421\u0443\u043c\u043a\u0430 \u0434\u043b\u044f \u0438\u043d\u0441\u0442\u0440\u0443\u043c\u0435\u043d\u0442\u043e\u0432 \u0434\u043b\u044f \u043c\u0435\u0442\u0430\u043b\u043b\u043e\u0438\u0441\u043a\u0430\u0442\u0435\u043b\u044f. \u041f\u0440\u0435\u0434\u043d\u0430\u0437\u043d\u0430\u0447\u0435\u043d \u0434\u043b\u044f \u0445\u0440\u0430\u043d\u0435\u043d\u0438\u044f \u0438 \u0443\u0434\u043e\u0431\u043d\u043e\u0439 \u0442\u0440\u0430\u043d\u0441\u043f\u043e\u0440\u0442\u0438\u0440\u043e\u0432\u043a\u0438 \u043c\u0435\u0442\u0430\u043b\u043b\u043e\u0438\u0441\u043a\u0430\u0442\u0435\u043b\u0435\u0439 \u0438 \u043c\u0435\u0442\u0430\u043b\u043b\u043e\u0434\u0435\u0442\u0435\u043a\u0442\u043e\u0440\u043e\u0432. \u0421\u0443\u043c\u043a\u0430 \u0438\u043c\u0435\u0435\u0442 \u0440\u0430\u0437\u043b\u0438\u0447\u043d\u044b\u0435 \u0440\u0435\u043c\u043d\u0438, \u043a\u043e\u0442\u043e\u0440\u044b\u0435 \u043f\u043e\u0437\u0432\u043e\u043b\u044f\u044e\u0442 \u043f\u0440\u0438\u043a\u0440\u0435\u043f\u0438\u0442\u044c \u043d\u0435\u043e\u0431\u0445\u043e\u0434\u0438\u043c\u044b\u0435 \u043f\u0440\u0435\u0434\u043c\u0435\u0442\u044b \u0438 \u0440\u0430\u0437\u043b\u0438\u0447\u043d\u044b\u0435 \u043a\u0430\u0440\u043c\u0430\u043d\u044b \u043c\u0435\u043d\u044c\u0448\u0435\u0433\u043e \u0440\u0430\u0437\u043c\u0435\u0440\u0430 \u0434\u043b\u044f \u0443\u0434\u043e\u0431\u043d\u043e\u0433\u043e \u0445\u0440\u0430\u043d\u0435\u043d\u0438\u044f \u0432\u0441\u0435\u0445 \u043d\u0435\u043e\u0431\u0445\u043e\u0434\u0438\u043c\u044b\u0445 \u043f\u0440\u0435\u0434\u043c\u0435\u0442\u043e\u0432. <\/span><\/p>\n<p>\u0412 \u043a\u043e\u043c\u043f\u043b\u0435\u043a\u0442 \u0432\u0445\u043e\u0434\u0438\u0442 \u0441\u0443\u043c\u043a\u0430 \u0434\u043b\u044f \u0438\u043d\u0441\u0442\u0440\u0443\u043c\u0435\u043d\u0442\u043e\u0432, \u0434\u0440\u0443\u0433\u0438\u0435 \u0430\u043a\u0441\u0435\u0441\u0441\u0443\u0430\u0440\u044b \u0432 \u043a\u043e\u043c\u043f\u043b\u0435\u043a\u0442 \u043d\u0435 \u0432\u0445\u043e\u0434\u044f\u0442!<\/p>\n<p><img fetchpriority=\"high\" decoding=\"async\" class=\"alignnone size-large wp-image-7603\" src=\"https:\/\/sauh.ee\/wp-content\/uploads\/2023\/02\/metallidetektori_kott-1024x348.webp\" alt=\"\" width=\"980\" height=\"333\" srcset=\"https:\/\/sauh.ee\/wp-content\/uploads\/2023\/02\/metallidetektori_kott-1024x348.webp 1024w, https:\/\/sauh.ee\/wp-content\/uploads\/2023\/02\/metallidetektori_kott-300x102.webp 300w, https:\/\/sauh.ee\/wp-content\/uploads\/2023\/02\/metallidetektori_kott-768x261.webp 768w, https:\/\/sauh.ee\/wp-content\/uploads\/2023\/02\/metallidetektori_kott-18x6.webp 18w, https:\/\/sauh.ee\/wp-content\/uploads\/2023\/02\/metallidetektori_kott-416x141.webp 416w, https:\/\/sauh.ee\/wp-content\/uploads\/2023\/02\/metallidetektori_kott.webp 1446w\" sizes=\"(max-width: 980px) 100vw, 980px\" \/><\/p>","protected":false},"excerpt":{"rendered":"<p>T\u00f6\u00f6riistakott metallidetektorile. M\u00f5eldud metallidetektori ja metalliotsimise t\u00f6\u00f6riistade hoiustamiseks ja mugavaks transportimiseks. Kotis on erinevad rakmed, mis v\u00f5imaldavad vajalikud esemed kinnitada ning erinevad v\u00e4iksemad taskud, et mugavalt k\u00f5ik vajalikud esemed \u00e4ra paigutada. Komplektis on t\u00f6\u00f6riistakott ja muud tarvikud komplekti ei kuulu!<\/p>","protected":false},"featured_media":7605,"template":"","meta":[],"product_brand":[],"product_cat":[265,32],"product_tag":[],"class_list":{"0":"post-931","1":"product","2":"type-product","3":"status-publish","4":"has-post-thumbnail","6":"product_cat-matkale","7":"product_cat-metallidetektor","9":"first","10":"onbackorder","11":"sold-individually","12":"shipping-taxable","13":"purchasable","14":"product-type-simple"},"_links":{"self":[{"href":"https:\/\/sauh.ee\/ru\/wp-json\/wp\/v2\/product\/931","targetHints":{"allow":["GET"]}}],"collection":[{"href":"https:\/\/sauh.ee\/ru\/wp-json\/wp\/v2\/product"}],"about":[{"href":"https:\/\/sauh.ee\/ru\/wp-json\/wp\/v2\/types\/product"}],"wp:featuredmedia":[{"embeddable":true,"href":"https:\/\/sauh.ee\/ru\/wp-json\/wp\/v2\/media\/7605"}],"wp:attachment":[{"href":"https:\/\/sauh.ee\/ru\/wp-json\/wp\/v2\/media?parent=931"}],"wp:term":[{"taxonomy":"product_brand","embeddable":true,"href":"https:\/\/sauh.ee\/ru\/wp-json\/wp\/v2\/product_brand?post=931"},{"taxonomy":"product_cat","embeddable":true,"href":"https:\/\/sauh.ee\/ru\/wp-json\/wp\/v2\/product_cat?post=931"},{"taxonomy":"product_tag","embeddable":true,"href":"https:\/\/sauh.ee\/ru\/wp-json\/wp\/v2\/product_tag?post=931"}],"curies":[{"name":"wp","href":"https:\/\/api.w.org\/{rel}","templated":true}]}}