{"id":9341,"date":"2026-01-27T16:12:14","date_gmt":"2026-01-27T16:12:14","guid":{"rendered":"https:\/\/sauh.ee\/?post_type=product&#038;p=9341"},"modified":"2026-03-26T21:12:02","modified_gmt":"2026-03-26T21:12:02","slug":"lekketuvastuse-suitsugeneraator","status":"publish","type":"product","link":"https:\/\/sauh.ee\/ru\/product\/lekketuvastuse-suitsugeneraator\/","title":{"rendered":"\u0413\u0435\u043d\u0435\u0440\u0430\u0442\u043e\u0440 \u0434\u044b\u043c\u0430 \u0434\u043b\u044f \u043e\u0431\u043d\u0430\u0440\u0443\u0436\u0435\u043d\u0438\u044f \u0443\u0442\u0435\u0447\u0435\u043a"},"content":{"rendered":"<p data-start=\"187\" data-end=\"610\">\u0414\u044b\u043c\u043e\u0433\u0435\u043d\u0435\u0440\u0430\u0442\u043e\u0440 \u0434\u043b\u044f \u043e\u0431\u043d\u0430\u0440\u0443\u0436\u0435\u043d\u0438\u044f \u043f\u0440\u043e\u0442\u0435\u0447\u0435\u043a \u043f\u043e\u043c\u043e\u0433\u0430\u0435\u0442 \u0431\u044b\u0441\u0442\u0440\u043e \u043d\u0430\u0439\u0442\u0438 \u0443\u0442\u0435\u0447\u043a\u0438 \u0432 \u0441\u0438\u0441\u0442\u0435\u043c\u0430\u0445 \u0430\u0432\u0442\u043e\u043c\u043e\u0431\u0438\u043b\u0435\u0439 \u0438 \u043c\u043e\u0442\u043e\u0446\u0438\u043a\u043b\u043e\u0432. \u0411\u043b\u0430\u0433\u043e\u0434\u0430\u0440\u044f \u0432\u0441\u0442\u0440\u043e\u0435\u043d\u043d\u043e\u043c\u0443 \u0432\u043e\u0437\u0434\u0443\u0448\u043d\u043e\u043c\u0443 \u043d\u0430\u0441\u043e\u0441\u0443 \u043d\u0435 \u0442\u0440\u0435\u0431\u0443\u0435\u0442\u0441\u044f \u0432\u043d\u0435\u0448\u043d\u0438\u0439 \u0438\u0441\u0442\u043e\u0447\u043d\u0438\u043a \u0432\u043e\u0437\u0434\u0443\u0445\u0430, \u0434\u043e\u0441\u0442\u0430\u0442\u043e\u0447\u043d\u043e \u0434\u043e\u0431\u0430\u0432\u0438\u0442\u044c 20 \u043c\u043b \u0434\u0435\u0442\u0441\u043a\u043e\u0433\u043e \u043c\u0430\u0441\u043b\u0430 \u0438\u043b\u0438 \u0433\u043b\u0438\u0446\u0435\u0440\u0438\u043d\u0430 \u0438 \u043d\u0430\u0447\u0430\u0442\u044c \u0442\u0435\u0441\u0442. \u041f\u043e\u0434\u0445\u043e\u0434\u0438\u0442 \u0434\u043b\u044f \u0441\u0438\u0441\u0442\u0435\u043c EVAP, \u0432\u0430\u043a\u0443\u0443\u043c\u043d\u044b\u0445 \u0443\u0442\u0435\u0447\u0435\u043a, \u0443\u0442\u0435\u0447\u0435\u043a \u0432 \u0442\u0443\u0440\u0431\u043e\u043d\u0430\u0433\u043d\u0435\u0442\u0430\u0442\u0435\u043b\u044f\u0445 \u043d\u0438\u0437\u043a\u043e\u0433\u043e \u0434\u0430\u0432\u043b\u0435\u043d\u0438\u044f, \u0441\u0438\u0441\u0442\u0435\u043c \u0432\u043f\u0443\u0441\u043a\u0430, \u0441\u0438\u0441\u0442\u0435\u043c \u043e\u0445\u043b\u0430\u0436\u0434\u0435\u043d\u0438\u044f \u0438 EGR, \u0430 \u0442\u0430\u043a\u0436\u0435 \u0441\u0438\u0441\u0442\u0435\u043c \u0432\u044b\u0445\u043b\u043e\u043f\u043d\u044b\u0445 \u0433\u0430\u0437\u043e\u0432.  \u041f\u0435\u0440\u0435\u0432\u0435\u0434\u0435\u043d\u043e \u0441 \u043f\u043e\u043c\u043e\u0449\u044c\u044e DeepL.com (\u0431\u0435\u0441\u043f\u043b\u0430\u0442\u043d\u0430\u044f \u0432\u0435\u0440\u0441\u0438\u044f)<\/p>\n<p data-start=\"187\" data-end=\"610\"><img fetchpriority=\"high\" decoding=\"async\" class=\"alignnone size-full wp-image-9348\" src=\"https:\/\/sauh.ee\/wp-content\/uploads\/2026\/01\/sauh.ee-suitsumasin-lekete-leidmiseks-lekke-suitsu-generaator-1.webp\" alt=\"\" width=\"1024\" height=\"1024\" srcset=\"https:\/\/sauh.ee\/wp-content\/uploads\/2026\/01\/sauh.ee-suitsumasin-lekete-leidmiseks-lekke-suitsu-generaator-1.webp 1024w, https:\/\/sauh.ee\/wp-content\/uploads\/2026\/01\/sauh.ee-suitsumasin-lekete-leidmiseks-lekke-suitsu-generaator-1-300x300.webp 300w, https:\/\/sauh.ee\/wp-content\/uploads\/2026\/01\/sauh.ee-suitsumasin-lekete-leidmiseks-lekke-suitsu-generaator-1-150x150.webp 150w, https:\/\/sauh.ee\/wp-content\/uploads\/2026\/01\/sauh.ee-suitsumasin-lekete-leidmiseks-lekke-suitsu-generaator-1-768x768.webp 768w, https:\/\/sauh.ee\/wp-content\/uploads\/2026\/01\/sauh.ee-suitsumasin-lekete-leidmiseks-lekke-suitsu-generaator-1-12x12.webp 12w, https:\/\/sauh.ee\/wp-content\/uploads\/2026\/01\/sauh.ee-suitsumasin-lekete-leidmiseks-lekke-suitsu-generaator-1-324x324.webp 324w, https:\/\/sauh.ee\/wp-content\/uploads\/2026\/01\/sauh.ee-suitsumasin-lekete-leidmiseks-lekke-suitsu-generaator-1-416x416.webp 416w, https:\/\/sauh.ee\/wp-content\/uploads\/2026\/01\/sauh.ee-suitsumasin-lekete-leidmiseks-lekke-suitsu-generaator-1-100x100.webp 100w, https:\/\/sauh.ee\/wp-content\/uploads\/2026\/01\/sauh.ee-suitsumasin-lekete-leidmiseks-lekke-suitsu-generaator-1-64x64.webp 64w\" sizes=\"(max-width: 1024px) 100vw, 1024px\" \/><\/p>\n<p data-start=\"612\" data-end=\"635\"><strong data-start=\"612\" data-end=\"633\">\u041e\u0441\u043d\u043e\u0432\u043d\u044b\u0435 \u043f\u0440\u0435\u0438\u043c\u0443\u0449\u0435\u0441\u0442\u0432\u0430:<\/strong><\/p>\n<ul data-start=\"636\" data-end=\"852\">\n<li data-start=\"636\" data-end=\"675\">\n<p data-start=\"638\" data-end=\"675\">\u0411\u044b\u0441\u0442\u0440\u043e\u0435 \u043e\u0431\u043d\u0430\u0440\u0443\u0436\u0435\u043d\u0438\u0435 \u0443\u0442\u0435\u0447\u043a\u0438 \u0437\u0430 10\u201320 \u0441\u0435\u043a\u0443\u043d\u0434<\/p>\n<\/li>\n<li data-start=\"676\" data-end=\"714\">\n<p data-start=\"678\" data-end=\"714\">\u041f\u0440\u043e\u0441\u0442 \u0432 \u0438\u0441\u043f\u043e\u043b\u044c\u0437\u043e\u0432\u0430\u043d\u0438\u0438, \u043f\u043e\u0434\u0445\u043e\u0434\u0438\u0442 \u0434\u0430\u0436\u0435 \u0434\u043b\u044f \u043d\u0430\u0447\u0438\u043d\u0430\u044e\u0449\u0438\u0445<\/p>\n<\/li>\n<li data-start=\"715\" data-end=\"749\">\n<p data-start=\"717\" data-end=\"749\">\u041b\u0435\u0433\u043a\u0438\u0439 \u0438 \u043f\u043e\u0440\u0442\u0430\u0442\u0438\u0432\u043d\u044b\u0439 (2,5 \u043a\u0433)<\/p>\n<\/li>\n<li data-start=\"750\" data-end=\"814\">\n<p data-start=\"752\" data-end=\"814\">\u0412\u0441\u0442\u0440\u043e\u0435\u043d\u043d\u0430\u044f \u0441\u0438\u0441\u0442\u0435\u043c\u0430 \u0437\u0430\u0449\u0438\u0442\u044b \u043e\u0442 \u043f\u0435\u0440\u0435\u0433\u0440\u0435\u0432\u0430 \u0438 \u0437\u0430\u043c\u0435\u0440\u0437\u0430\u043d\u0438\u044f<\/p>\n<\/li>\n<li data-start=\"815\" data-end=\"852\">\n<p data-start=\"817\" data-end=\"852\">\u041f\u043e\u0434\u0445\u043e\u0434\u0438\u0442 \u0434\u043b\u044f \u0430\u0432\u0442\u043e\u043c\u043e\u0431\u0438\u043b\u0435\u0439 \u0438 \u043c\u043e\u0442\u043e\u0446\u0438\u043a\u043b\u043e\u0432<\/p>\n<\/li>\n<\/ul>\n<p><img decoding=\"async\" class=\"size-full wp-image-9345 aligncenter\" src=\"https:\/\/sauh.ee\/wp-content\/uploads\/2026\/01\/sauh.ee-suitsumasin-lekete-leidmiseks-lekke-suitsu-generaator-2.webp\" alt=\"\" width=\"833\" height=\"470\" srcset=\"https:\/\/sauh.ee\/wp-content\/uploads\/2026\/01\/sauh.ee-suitsumasin-lekete-leidmiseks-lekke-suitsu-generaator-2.webp 833w, https:\/\/sauh.ee\/wp-content\/uploads\/2026\/01\/sauh.ee-suitsumasin-lekete-leidmiseks-lekke-suitsu-generaator-2-300x169.webp 300w, https:\/\/sauh.ee\/wp-content\/uploads\/2026\/01\/sauh.ee-suitsumasin-lekete-leidmiseks-lekke-suitsu-generaator-2-768x433.webp 768w, https:\/\/sauh.ee\/wp-content\/uploads\/2026\/01\/sauh.ee-suitsumasin-lekete-leidmiseks-lekke-suitsu-generaator-2-18x10.webp 18w, https:\/\/sauh.ee\/wp-content\/uploads\/2026\/01\/sauh.ee-suitsumasin-lekete-leidmiseks-lekke-suitsu-generaator-2-416x235.webp 416w, https:\/\/sauh.ee\/wp-content\/uploads\/2026\/01\/sauh.ee-suitsumasin-lekete-leidmiseks-lekke-suitsu-generaator-2-64x36.webp 64w\" sizes=\"(max-width: 833px) 100vw, 833px\" \/><\/p>\n<hr data-start=\"854\" data-end=\"857\" \/>\n<h3 data-start=\"859\" data-end=\"880\">\u0422\u0435\u0445\u043d\u0438\u0447\u0435\u0441\u043a\u0438\u0435 \u0445\u0430\u0440\u0430\u043a\u0442\u0435\u0440\u0438\u0441\u0442\u0438\u043a\u0438<\/h3>\n<div class=\"TyagGW_tableContainer\">\n<div class=\"group TyagGW_tableWrapper flex flex-col-reverse w-fit\" tabindex=\"-1\">\n<table class=\"w-fit min-w-(--thread-content-width)\" data-start=\"882\" data-end=\"1640\">\n<thead data-start=\"882\" data-end=\"904\">\n<tr data-start=\"882\" data-end=\"904\">\n<th data-start=\"882\" data-end=\"891\" data-col-size=\"sm\">\u0425\u0430\u0440\u0430\u043a\u0442\u0435\u0440\u0438\u0441\u0442\u0438\u043a\u0430<\/th>\n<th data-start=\"891\" data-end=\"904\" data-col-size=\"xl\">\u041e\u043f\u0438\u0441\u0430\u043d\u0438\u0435<\/th>\n<\/tr>\n<\/thead>\n<tbody data-start=\"928\" data-end=\"1640\">\n<tr data-start=\"928\" data-end=\"958\">\n<td data-start=\"928\" data-end=\"943\" data-col-size=\"sm\">\u0422\u0438\u043f \u043f\u0438\u0442\u0430\u043d\u0438\u044f<\/td>\n<td data-col-size=\"xl\" data-start=\"943\" data-end=\"958\">12V \u0430\u0432\u0442\u043e\u043c\u043e\u0431\u0438\u043b\u044c\u043d\u044b\u0439 \u0430\u043a\u043a\u0443\u043c\u0443\u043b\u044f\u0442\u043e\u0440<\/td>\n<\/tr>\n<tr data-start=\"959\" data-end=\"1017\">\n<td data-start=\"959\" data-end=\"983\" data-col-size=\"sm\">\u0412\u0441\u0442\u0440\u043e\u0435\u043d\u043d\u044b\u0439 \u0432\u043e\u0437\u0434\u0443\u0448\u043d\u044b\u0439 \u043d\u0430\u0441\u043e\u0441<\/td>\n<td data-col-size=\"xl\" data-start=\"983\" data-end=\"1017\">\u0414\u0430, \u043d\u0435 \u0442\u0440\u0435\u0431\u0443\u0435\u0442\u0441\u044f \u0432\u043d\u0435\u0448\u043d\u0438\u0439 \u0438\u0441\u0442\u043e\u0447\u043d\u0438\u043a \u0432\u043e\u0437\u0434\u0443\u0445\u0430<\/td>\n<\/tr>\n<tr data-start=\"1018\" data-end=\"1039\">\n<td data-start=\"1018\" data-end=\"1029\" data-col-size=\"sm\">\u0420\u0430\u0431\u043e\u0447\u0435\u0435 \u043d\u0430\u043f\u0440\u044f\u0436\u0435\u043d\u0438\u0435<\/td>\n<td data-col-size=\"xl\" data-start=\"1029\" data-end=\"1039\">12 \u0412 \u043f\u043e\u0441\u0442\u043e\u044f\u043d\u043d\u043e\u0433\u043e \u0442\u043e\u043a\u0430<\/td>\n<\/tr>\n<tr data-start=\"1040\" data-end=\"1077\">\n<td data-start=\"1040\" data-end=\"1059\" data-col-size=\"sm\">\u0412\u0440\u0435\u043c\u044f \u043f\u0440\u043e\u0438\u0437\u0432\u043e\u0434\u0441\u0442\u0432\u0430 \u043f\u0430\u0440\u0430<\/td>\n<td data-col-size=\"xl\" data-start=\"1059\" data-end=\"1077\">10\u201320 \u0441\u0435\u043a\u0443\u043d\u0434<\/td>\n<\/tr>\n<tr data-start=\"1078\" data-end=\"1095\">\n<td data-start=\"1078\" data-end=\"1085\" data-col-size=\"sm\">\u0412\u0435\u0441<\/td>\n<td data-col-size=\"xl\" data-start=\"1085\" data-end=\"1095\">2,5 \u043a\u0433<\/td>\n<\/tr>\n<tr data-start=\"1096\" data-end=\"1138\">\n<td data-start=\"1096\" data-end=\"1106\" data-col-size=\"sm\">\u0420\u0430\u0437\u043c\u0435\u0440\u044b<\/td>\n<td data-col-size=\"xl\" data-start=\"1106\" data-end=\"1138\">25 \u00d7 15 \u00d7 12 \u0441\u043c (\u043f\u0440\u0438\u0431\u043b\u0438\u0437\u0438\u0442\u0435\u043b\u044c\u043d\u043e)<\/td>\n<\/tr>\n<tr data-start=\"1139\" data-end=\"1175\">\n<td data-start=\"1139\" data-end=\"1156\" data-col-size=\"sm\">\u0420\u0430\u0431\u043e\u0447\u0430\u044f \u0442\u0435\u043c\u043f\u0435\u0440\u0430\u0442\u0443\u0440\u0430<\/td>\n<td data-col-size=\"xl\" data-start=\"1156\" data-end=\"1175\">\u041e\u0442 -20 \u00b0C \u0434\u043e 75 \u00b0C<\/td>\n<\/tr>\n<tr data-start=\"1176\" data-end=\"1283\">\n<td data-start=\"1176\" data-end=\"1191\" data-col-size=\"sm\">\u0424\u0443\u043d\u043a\u0446\u0438\u0438<\/td>\n<td data-col-size=\"xl\" data-start=\"1191\" data-end=\"1283\">\u0421\u0438\u0441\u0442\u0435\u043c\u0430 EVAP, \u0432\u0430\u043a\u0443\u0443\u043c\u043d\u044b\u0435 \u0443\u0442\u0435\u0447\u043a\u0438, \u0443\u0442\u0435\u0447\u043a\u0438 \u0442\u0443\u0440\u0431\u043e\u043a\u043e\u043c\u043f\u0440\u0435\u0441\u0441\u043e\u0440\u0430, \u0441\u0438\u0441\u0442\u0435\u043c\u0430 \u0432\u043f\u0443\u0441\u043a\u0430, \u0441\u0438\u0441\u0442\u0435\u043c\u0430 \u043e\u0445\u043b\u0430\u0436\u0434\u0435\u043d\u0438\u044f\/EGR\/\u0432\u044b\u0445\u043b\u043e\u043f\u043d\u044b\u0445 \u0433\u0430\u0437\u043e\u0432<\/td>\n<\/tr>\n<tr data-start=\"1284\" data-end=\"1319\">\n<td data-start=\"1284\" data-end=\"1312\" data-col-size=\"sm\">\u041a\u043e\u043c\u043f\u0430\u043a\u0442\u043d\u044b\u0439 \u0438 \u043f\u043e\u0440\u0442\u0430\u0442\u0438\u0432\u043d\u044b\u0439<\/td>\n<td data-col-size=\"xl\" data-start=\"1312\" data-end=\"1319\">\u0414\u0430<\/td>\n<\/tr>\n<tr data-start=\"1320\" data-end=\"1362\">\n<td data-start=\"1320\" data-end=\"1331\" data-col-size=\"sm\">\u041c\u0430\u0442\u0435\u0440\u0438\u0430\u043b<\/td>\n<td data-col-size=\"xl\" data-start=\"1331\" data-end=\"1362\">\u041f\u043b\u0430\u0441\u0442\u0438\u043a + \u043c\u0435\u0442\u0430\u043b\u043b\u0438\u0447\u0435\u0441\u043a\u0438\u0435 \u043a\u043e\u043c\u043f\u043e\u043d\u0435\u043d\u0442\u044b<\/td>\n<\/tr>\n<tr data-start=\"1363\" data-end=\"1640\">\n<td data-start=\"1363\" data-end=\"1384\" data-col-size=\"sm\">\u041d\u0430\u0437\u0432\u0430\u043d\u0438\u044f \/ \u0442\u0438\u043f\u044b<\/td>\n<td data-col-size=\"xl\" data-start=\"1384\" data-end=\"1640\">\u0434\u0435\u0442\u0435\u043a\u0442\u043e\u0440 \u0443\u0442\u0435\u0447\u0435\u043a \u0434\u044b\u043c\u043e\u0433\u0435\u043d\u0435\u0440\u0430\u0442\u043e\u0440, \u0434\u044b\u043c\u043e\u0433\u0435\u043d\u0435\u0440\u0430\u0442\u043e\u0440 \u0434\u043b\u044f \u043e\u0431\u043d\u0430\u0440\u0443\u0436\u0435\u043d\u0438\u044f \u0443\u0442\u0435\u0447\u0435\u043a, \u0434\u044b\u043c\u043e\u0433\u0435\u043d\u0435\u0440\u0430\u0442\u043e\u0440 \u0434\u043b\u044f \u043f\u043e\u0438\u0441\u043a\u0430 \u0443\u0442\u0435\u0447\u0435\u043a, \u0442\u0435\u0441\u0442\u0435\u0440 \u0443\u0442\u0435\u0447\u0435\u043a, \u0434\u044b\u043c\u043e\u0433\u0435\u043d\u0435\u0440\u0430\u0442\u043e\u0440, \u0434\u044b\u043c\u043e\u0433\u0435\u043d\u0435\u0440\u0430\u0442\u043e\u0440 \u2013 \u0442\u0435\u0441\u0442\u0435\u0440 \u0442\u043e\u043f\u043b\u0438\u0432\u043d\u043e\u0439 \u0438 \u0432\u0430\u043a\u0443\u0443\u043c\u043d\u043e\u0439 \u0441\u0438\u0441\u0442\u0435\u043c, \u0434\u044b\u043c\u043e\u0433\u0435\u043d\u0435\u0440\u0430\u0442\u043e\u0440 \u0434\u043b\u044f \u043f\u043e\u0438\u0441\u043a\u0430 \u0443\u0442\u0435\u0447\u0435\u043a, \u0434\u0435\u0442\u0435\u043a\u0442\u043e\u0440 \u0443\u0442\u0435\u0447\u0435\u043a \u0430\u0432\u0442\u043e\u043c\u043e\u0431\u0438\u043b\u044c\u043d\u043e\u0433\u043e \u043f\u0430\u0440\u0430, Smoke Machine Leak Detector<\/td>\n<\/tr>\n<\/tbody>\n<\/table>\n<p><img decoding=\"async\" class=\"alignnone size-full wp-image-9346\" src=\"https:\/\/sauh.ee\/wp-content\/uploads\/2026\/01\/sauh.ee-suitsumasin-lekete-leidmiseks-lekke-suitsu-generaator-4.webp\" alt=\"\" width=\"1024\" height=\"1024\" srcset=\"https:\/\/sauh.ee\/wp-content\/uploads\/2026\/01\/sauh.ee-suitsumasin-lekete-leidmiseks-lekke-suitsu-generaator-4.webp 1024w, https:\/\/sauh.ee\/wp-content\/uploads\/2026\/01\/sauh.ee-suitsumasin-lekete-leidmiseks-lekke-suitsu-generaator-4-300x300.webp 300w, https:\/\/sauh.ee\/wp-content\/uploads\/2026\/01\/sauh.ee-suitsumasin-lekete-leidmiseks-lekke-suitsu-generaator-4-150x150.webp 150w, https:\/\/sauh.ee\/wp-content\/uploads\/2026\/01\/sauh.ee-suitsumasin-lekete-leidmiseks-lekke-suitsu-generaator-4-768x768.webp 768w, https:\/\/sauh.ee\/wp-content\/uploads\/2026\/01\/sauh.ee-suitsumasin-lekete-leidmiseks-lekke-suitsu-generaator-4-12x12.webp 12w, https:\/\/sauh.ee\/wp-content\/uploads\/2026\/01\/sauh.ee-suitsumasin-lekete-leidmiseks-lekke-suitsu-generaator-4-324x324.webp 324w, https:\/\/sauh.ee\/wp-content\/uploads\/2026\/01\/sauh.ee-suitsumasin-lekete-leidmiseks-lekke-suitsu-generaator-4-416x416.webp 416w, https:\/\/sauh.ee\/wp-content\/uploads\/2026\/01\/sauh.ee-suitsumasin-lekete-leidmiseks-lekke-suitsu-generaator-4-100x100.webp 100w, https:\/\/sauh.ee\/wp-content\/uploads\/2026\/01\/sauh.ee-suitsumasin-lekete-leidmiseks-lekke-suitsu-generaator-4-64x64.webp 64w\" sizes=\"(max-width: 1024px) 100vw, 1024px\" \/><\/p>\n<\/div>\n<\/div>","protected":false},"excerpt":{"rendered":"<p>Lekete tuvastuse suitsugeneraator aitab kiiresti leida lekked autode ja mootorrataste s\u00fcsteemides. T\u00e4nu sisseehitatud \u00f5hupumbale ei ole vaja v\u00e4list \u00f5huallikat, tuleb lihtsalt lisada 20 ml beebi\u00f5li v\u00f5i gl\u00fctseriini ja alusta testi. Sobib EVAP-s\u00fcsteemidele, vaakumleketele, madalr\u00f5huga turbolaadijate lekketele, sisselaskes\u00fcsteemidele, jahutus- ja EGR-s\u00fcsteemidele ning heitgaasis\u00fcsteemidele. Peamised eelised: Kiire lekketuvastus 10\u201320 sekundiga Lihtne kasutada, sobib ka algajale Kerge ja [&hellip;]<\/p>\n","protected":false},"featured_media":9350,"template":"","meta":[],"product_brand":[],"product_cat":[277,33],"product_tag":[],"class_list":{"0":"post-9341","1":"product","2":"type-product","3":"status-publish","4":"has-post-thumbnail","6":"product_cat-autosse","7":"product_cat-muu","9":"first","10":"onbackorder","11":"shipping-taxable","12":"purchasable","13":"product-type-simple"},"_links":{"self":[{"href":"https:\/\/sauh.ee\/ru\/wp-json\/wp\/v2\/product\/9341","targetHints":{"allow":["GET"]}}],"collection":[{"href":"https:\/\/sauh.ee\/ru\/wp-json\/wp\/v2\/product"}],"about":[{"href":"https:\/\/sauh.ee\/ru\/wp-json\/wp\/v2\/types\/product"}],"wp:featuredmedia":[{"embeddable":true,"href":"https:\/\/sauh.ee\/ru\/wp-json\/wp\/v2\/media\/9350"}],"wp:attachment":[{"href":"https:\/\/sauh.ee\/ru\/wp-json\/wp\/v2\/media?parent=9341"}],"wp:term":[{"taxonomy":"product_brand","embeddable":true,"href":"https:\/\/sauh.ee\/ru\/wp-json\/wp\/v2\/product_brand?post=9341"},{"taxonomy":"product_cat","embeddable":true,"href":"https:\/\/sauh.ee\/ru\/wp-json\/wp\/v2\/product_cat?post=9341"},{"taxonomy":"product_tag","embeddable":true,"href":"https:\/\/sauh.ee\/ru\/wp-json\/wp\/v2\/product_tag?post=9341"}],"curies":[{"name":"wp","href":"https:\/\/api.w.org\/{rel}","templated":true}]}}