{"id":9356,"date":"2026-01-29T13:36:54","date_gmt":"2026-01-29T13:36:54","guid":{"rendered":"https:\/\/sauh.ee\/?post_type=product&#038;p=9356"},"modified":"2026-04-19T13:33:25","modified_gmt":"2026-04-19T13:33:25","slug":"diagnostikaseade-launch-x431-crp919e-bt","status":"publish","type":"product","link":"https:\/\/sauh.ee\/ru\/product\/diagnostikaseade-launch-x431-crp919e-bt\/","title":{"rendered":"\u0414\u0438\u0430\u0433\u043d\u043e\u0441\u0442\u0438\u0447\u0435\u0441\u043a\u0438\u0439 \u043f\u0440\u0438\u0431\u043e\u0440 LAUNCH X431 CRP919E BT"},"content":{"rendered":"<div class=\"detailmodule_text-image\">\n<div class=\"detailmodule_text-image\">\n<div class=\"detailmodule_text-image\">\n<p data-start=\"147\" data-end=\"386\"><strong data-start=\"147\" data-end=\"386\">\u0410\u043a\u043a\u0443\u043c\u0443\u043b\u044f\u0442\u043e\u0440\u043d\u043e\u0435 \u0434\u0438\u0430\u0433\u043d\u043e\u0441\u0442\u0438\u0447\u0435\u0441\u043a\u043e\u0435 \u0443\u0441\u0442\u0440\u043e\u0439\u0441\u0442\u0432\u043e OBD2 \u0434\u043b\u044f \u043f\u043e\u043b\u043d\u043e\u0439 \u0434\u0438\u0430\u0433\u043d\u043e\u0441\u0442\u0438\u043a\u0438 \u0441\u0438\u0441\u0442\u0435\u043c, \u043a\u043e\u0434\u0438\u0440\u043e\u0432\u0430\u043d\u0438\u044f ECU \u0438 \u0430\u043a\u0442\u0438\u0432\u043d\u044b\u0445 \u0442\u0435\u0441\u0442\u043e\u0432. \u0423\u0441\u0442\u0440\u043e\u0439\u0441\u0442\u0432\u043e \u0440\u0430\u0431\u043e\u0442\u0430\u0435\u0442 \u043d\u0430 \u043f\u043b\u0430\u0442\u0444\u043e\u0440\u043c\u0435 Android \u0438 \u043f\u043e\u0434\u0434\u0435\u0440\u0436\u0438\u0432\u0430\u0435\u0442 \u043f\u0440\u043e\u0442\u043e\u043a\u043e\u043b\u044b CANFD \u0438 DoIP \u0441 \u0430\u0434\u0430\u043f\u0442\u0435\u0440\u043e\u043c DBScar VII VCI.<\/strong><\/p>\n<h3 data-start=\"859\" data-end=\"880\">\u0422\u0435\u0445\u043d\u0438\u0447\u0435\u0441\u043a\u0438\u0435 \u0445\u0430\u0440\u0430\u043a\u0442\u0435\u0440\u0438\u0441\u0442\u0438\u043a\u0438<\/h3>\n<table>\n<thead>\n<tr>\n<th>\u0425\u0430\u0440\u0430\u043a\u0442\u0435\u0440\u0438\u0441\u0442\u0438\u043a\u0430<\/th>\n<th>\u0417\u043d\u0430\u0447\u0435\u043d\u0438\u0435<\/th>\n<\/tr>\n<\/thead>\n<tbody>\n<tr>\n<td>\u041c\u043e\u0434\u0435\u043b\u044c<\/td>\n<td>LAUNCH X431 CRP919E BT<\/td>\n<\/tr>\n<tr>\n<td>\u0422\u0438\u043f<\/td>\n<td>\u0414\u0438\u0430\u0433\u043d\u043e\u0441\u0442\u0438\u0447\u0435\u0441\u043a\u043e\u0435 \u0443\u0441\u0442\u0440\u043e\u0439\u0441\u0442\u0432\u043e OBD2<\/td>\n<\/tr>\n<tr>\n<td>\u041e\u043f\u0435\u0440\u0430\u0446\u0438\u043e\u043d\u043d\u0430\u044f \u0441\u0438\u0441\u0442\u0435\u043c\u0430<\/td>\n<td>Android 10.0<\/td>\n<\/tr>\n<tr>\n<td>\u042d\u043a\u0440\u0430\u043d<\/td>\n<td>7\u2033 LCD, 1024 \u00d7 600<\/td>\n<\/tr>\n<tr>\n<td>\u041f\u0440\u043e\u0446\u0435\u0441\u0441\u043e\u0440<\/td>\n<td>4-\u044f\u0434\u0435\u0440\u043d\u044b\u0439, \u0434\u043e 2,0 \u0413\u0413\u0446<\/td>\n<\/tr>\n<tr>\n<td>RAM<\/td>\n<td>4 \u0413\u0411<\/td>\n<\/tr>\n<tr>\n<td>\u041c\u0435\u0441\u0442\u043e \u0434\u043b\u044f \u0445\u0440\u0430\u043d\u0435\u043d\u0438\u044f<\/td>\n<td>64 \u0413\u0411<\/td>\n<\/tr>\n<tr>\n<td>\u0410\u043a\u043a\u0443\u043c\u0443\u043b\u044f\u0442\u043e\u0440<\/td>\n<td>6300 \u043c\u0410\u0447 (7,6 \u0412), \u2248 47,8 \u0412\u0442\u0447<\/td>\n<\/tr>\n<tr>\n<td>\u041a\u0430\u043c\u0435\u0440\u0430<\/td>\n<td>8 \u041c\u041f (\u0437\u0430\u0434\u043d\u044f\u044f)<\/td>\n<\/tr>\n<tr>\n<td>Wi-Fi<\/td>\n<td>2,4 \u0413\u0413\u0446 \/ 5 \u0413\u0413\u0446<\/td>\n<\/tr>\n<tr>\n<td>\u0421\u043e\u0435\u0434\u0438\u043d\u0435\u043d\u0438\u0435 \u0441 VCI<\/td>\n<td>Bluetooth<\/td>\n<\/tr>\n<tr>\n<td>\u041d\u0430\u043f\u0440\u044f\u0436\u0435\u043d\u0438\u0435 \u043f\u0438\u0442\u0430\u043d\u0438\u044f (VCI)<\/td>\n<td>9\u201318 \u0412 \u043f\u043e\u0441\u0442\u043e\u044f\u043d\u043d\u043e\u0433\u043e \u0442\u043e\u043a\u0430<\/td>\n<\/tr>\n<tr>\n<td>\u0417\u0430\u0433\u0440\u0443\u0437\u043a\u0430<\/td>\n<td>5 \u0412 5 \u0410 (25 \u0412\u0442)<\/td>\n<\/tr>\n<tr>\n<td>\u041f\u043e\u0434\u0434\u0435\u0440\u0436\u0438\u0432\u0430\u0435\u043c\u044b\u0435 \u043f\u0440\u043e\u0442\u043e\u043a\u043e\u043b\u044b<\/td>\n<td>CAN, CANFD, DoIP (\u043e\u043f\u0446\u0438\u043e\u043d\u0430\u043b\u044c\u043d\u043e)<\/td>\n<\/tr>\n<tr>\n<td>\u0414\u0438\u0430\u0433\u043d\u043e\u0441\u0442\u0438\u043a\u0430 \u0441\u0438\u0441\u0442\u0435\u043c<\/td>\n<td>\u0414\u0438\u0430\u0433\u043d\u043e\u0441\u0442\u0438\u043a\u0430 \u043f\u043e\u043b\u043d\u044b\u0445 \u0441\u0438\u0441\u0442\u0435\u043c<\/td>\n<\/tr>\n<tr>\n<td>\u0410\u043a\u0442\u0438\u0432\u043d\u044b\u0435 \u0442\u0435\u0441\u0442\u044b (\u0434\u0432\u0443\u043d\u0430\u043f\u0440\u0430\u0432\u043b\u0435\u043d\u043d\u044b\u0435)<\/td>\n<td>\u0414\u0430<\/td>\n<\/tr>\n<tr>\n<td>\u041a\u043e\u0434\u0438\u0440\u043e\u0432\u0430\u043d\u0438\u0435 ECU<\/td>\n<td>\u0414\u0430<\/td>\n<\/tr>\n<tr>\n<td>\u0418\u0434\u0435\u043d\u0442\u0438\u0444\u0438\u043a\u0430\u0446\u0438\u044f VIN \u0430\u0432\u0442\u043e\u043c\u043e\u0431\u0438\u043b\u044f<\/td>\n<td>\u0414\u0430<\/td>\n<\/tr>\n<tr>\n<td>\u0424\u0443\u043d\u043a\u0446\u0438\u0438 \u043e\u0431\u0441\u043b\u0443\u0436\u0438\u0432\u0430\u043d\u0438\u044f<\/td>\n<td>31+ \u0444\u0443\u043d\u043a\u0446\u0438\u044f \u0441\u0431\u0440\u043e\u0441\u0430<\/td>\n<\/tr>\n<tr>\n<td>\u041e\u0431\u043d\u043e\u0432\u043b\u0435\u043d\u0438\u0435 \u043f\u0440\u043e\u0433\u0440\u0430\u043c\u043c\u043d\u043e\u0433\u043e \u043e\u0431\u0435\u0441\u043f\u0435\u0447\u0435\u043d\u0438\u044f<\/td>\n<td>\u041e\u043d\u043b\u0430\u0439\u043d<\/td>\n<\/tr>\n<tr>\n<td>\u0411\u0435\u0441\u043f\u043b\u0430\u0442\u043d\u044b\u0435 \u043e\u0431\u043d\u043e\u0432\u043b\u0435\u043d\u0438\u044f<\/td>\n<td>2 \u0433\u043e\u0434\u0430<\/td>\n<\/tr>\n<tr>\n<td>\u0418\u0441\u043f\u043e\u043b\u044c\u0437\u043e\u0432\u0430\u043d\u0438\u0435 \u043f\u043e\u0441\u043b\u0435 \u0437\u0430\u0432\u0435\u0440\u0448\u0435\u043d\u0438\u044f \u043e\u0431\u043d\u043e\u0432\u043b\u0435\u043d\u0438\u0439<\/td>\n<td>\u041e\u0444\u043b\u0430\u0439\u043d-\u0444\u0443\u043d\u043a\u0446\u0438\u0438 \u0441\u043e\u0445\u0440\u0430\u043d\u044f\u044e\u0442\u0441\u044f<\/td>\n<\/tr>\n<tr>\n<td>\u0420\u0430\u0437\u043c\u0435\u0440\u044b (\u0443\u0441\u0442\u0440\u043e\u0439\u0441\u0442\u0432\u043e)<\/td>\n<td>218 \u00d7 154 \u00d7 39,5 \u043c\u043c<\/td>\n<\/tr>\n<tr>\n<td>\u0420\u0430\u0437\u043c\u0435\u0440\u044b (\u0443\u043f\u0430\u043a\u043e\u0432\u043a\u0430)<\/td>\n<td>323 \u00d7 254 \u00d7 131 \u043c\u043c<\/td>\n<\/tr>\n<tr>\n<td>\u0412\u0435\u0441 (\u0431\u0440\u0443\u0442\u0442\u043e)<\/td>\n<td>2,9 \u043a\u0433<\/td>\n<\/tr>\n<tr>\n<td>\u0420\u0430\u0431\u043e\u0447\u0430\u044f \u0442\u0435\u043c\u043f\u0435\u0440\u0430\u0442\u0443\u0440\u0430<\/td>\n<td>\u041e\u0442 0 \u00b0C \u0434\u043e 50 \u00b0C<\/td>\n<\/tr>\n<tr>\n<td>\u0420\u0430\u0437\u043c\u0435\u0440\u044b VCI<\/td>\n<td>118,3 \u00d7 69,5 \u00d7 32 \u043c\u043c<\/td>\n<\/tr>\n<tr>\n<td>\u0421\u0435\u0440\u0442\u0438\u0444\u0438\u043a\u0430\u0442<\/td>\n<td>CE<\/td>\n<\/tr>\n<\/tbody>\n<\/table>\n<p>&nbsp;<\/p>\n<\/div>\n<\/div>\n<\/div>\n<div class=\"detailmodule_image\"><img decoding=\"async\" class=\"detail-desc-decorate-image\" src=\"https:\/\/ae01.alicdn.com\/kf\/S72b360d718a34f78b084f400afde1dc9b.png\" \/><\/div>\n<div class=\"detailmodule_text-image\">\n<div><\/div>\n<\/div>\n<div class=\"detailmodule_text-image\">\n<div><img decoding=\"async\" class=\"detail-desc-decorate-image\" src=\"https:\/\/ae01.alicdn.com\/kf\/Sba2f4cb7aa3a4c12ad0ba94b563b0f48S.png\" \/><\/div>\n<\/div>\n<div class=\"detailmodule_text\">\n<p class=\"detail-desc-decorate-content\">\n<\/div>\n<div class=\"detailmodule_image\"><img decoding=\"async\" class=\"detail-desc-decorate-image\" src=\"https:\/\/ae01.alicdn.com\/kf\/Saad8b6f573614917a94c98c54b4ff1706.jpg\" \/><\/div>\n<div class=\"detailmodule_text-image\">\n<div><img decoding=\"async\" class=\"detail-desc-decorate-image\" src=\"https:\/\/ae01.alicdn.com\/kf\/S6d7bf1da1803429388c947a934c44856m.jpg\" \/><\/div>\n<\/div>\n<div class=\"detailmodule_text\"><\/div>\n<div class=\"detailmodule_text-image\">\n<div><img decoding=\"async\" class=\"detail-desc-decorate-image\" src=\"https:\/\/ae01.alicdn.com\/kf\/S6f1aff68ce2e4e7480b70a36c942f998t.jpg\" \/><\/div>\n<\/div>\n<div class=\"detailmodule_text-image\">\n<div><img decoding=\"async\" class=\"detail-desc-decorate-image\" src=\"https:\/\/ae01.alicdn.com\/kf\/S0ba2f7d7215f4560b1f1d632d679a733W.jpg\" \/><\/div>\n<\/div>\n<div class=\"detailmodule_text\"><\/div>\n<div class=\"detailmodule_text-image\">\n<div><img decoding=\"async\" class=\"detail-desc-decorate-image\" src=\"https:\/\/ae01.alicdn.com\/kf\/Sc18ecb7dbf0a486899f9203ad28c87d4u.png\" \/><\/div>\n<\/div>\n<div class=\"detailmodule_text-image\">\n<div><img decoding=\"async\" class=\"detail-desc-decorate-image\" src=\"https:\/\/ae01.alicdn.com\/kf\/Sad5b9821f3fe4bd38b00a036498cfe73e.jpg\" \/><\/div>\n<\/div>","protected":false},"excerpt":{"rendered":"<p>Aku-toitel OBD2 diagnostikaseade t\u00e4iss\u00fcsteemide diagnostika, ECU kodeerimise ja aktiivtestide jaoks. Seade t\u00f6\u00f6tab Android-p\u00f5hisel platvormil ja toetab CANFD ning DoIP protokolle koos DBScar VII VCI adapteriga. Tehnilised andmed Omadus V\u00e4\u00e4rtus Mudel LAUNCH X431 CRP919E BT T\u00fc\u00fcp OBD2 diagnostikaseade Operatsioonis\u00fcsteem Android 10.0 Ekraan 7\u2033 LCD, 1024 \u00d7 600 Protsessor 4-tuumaline, kuni 2,0 GHz RAM 4 GB Salvestusruum [&hellip;]<\/p>\n","protected":false},"featured_media":9362,"template":"","meta":[],"product_brand":[],"product_cat":[277,33],"product_tag":[],"class_list":{"0":"post-9356","1":"product","2":"type-product","3":"status-publish","4":"has-post-thumbnail","6":"product_cat-autosse","7":"product_cat-muu","9":"first","10":"onbackorder","11":"sale","12":"shipping-taxable","13":"purchasable","14":"product-type-variable"},"_links":{"self":[{"href":"https:\/\/sauh.ee\/ru\/wp-json\/wp\/v2\/product\/9356","targetHints":{"allow":["GET"]}}],"collection":[{"href":"https:\/\/sauh.ee\/ru\/wp-json\/wp\/v2\/product"}],"about":[{"href":"https:\/\/sauh.ee\/ru\/wp-json\/wp\/v2\/types\/product"}],"wp:featuredmedia":[{"embeddable":true,"href":"https:\/\/sauh.ee\/ru\/wp-json\/wp\/v2\/media\/9362"}],"wp:attachment":[{"href":"https:\/\/sauh.ee\/ru\/wp-json\/wp\/v2\/media?parent=9356"}],"wp:term":[{"taxonomy":"product_brand","embeddable":true,"href":"https:\/\/sauh.ee\/ru\/wp-json\/wp\/v2\/product_brand?post=9356"},{"taxonomy":"product_cat","embeddable":true,"href":"https:\/\/sauh.ee\/ru\/wp-json\/wp\/v2\/product_cat?post=9356"},{"taxonomy":"product_tag","embeddable":true,"href":"https:\/\/sauh.ee\/ru\/wp-json\/wp\/v2\/product_tag?post=9356"}],"curies":[{"name":"wp","href":"https:\/\/api.w.org\/{rel}","templated":true}]}}