{"id":9436,"date":"2026-02-18T19:50:57","date_gmt":"2026-02-18T19:50:57","guid":{"rendered":"https:\/\/sauh.ee\/?post_type=product&#038;p=9436"},"modified":"2026-02-18T20:33:55","modified_gmt":"2026-02-18T20:33:55","slug":"toiteadapter-sigaretisuutaja-pesaga","status":"publish","type":"product","link":"https:\/\/sauh.ee\/ru\/product\/toiteadapter-sigaretisuutaja-pesaga\/","title":{"rendered":"\u0410\u0434\u0430\u043f\u0442\u0435\u0440 \u043f\u0438\u0442\u0430\u043d\u0438\u044f \u0441 \u0433\u043d\u0435\u0437\u0434\u043e\u043c \u043f\u0440\u0438\u043a\u0443\u0440\u0438\u0432\u0430\u0442\u0435\u043b\u044f"},"content":{"rendered":"<p>\u0410\u0434\u0430\u043f\u0442\u0435\u0440 \u0441 \u0433\u043d\u0435\u0437\u0434\u043e\u043c \u043f\u0440\u0438\u043a\u0443\u0440\u0438\u0432\u0430\u0442\u0435\u043b\u044f, \u043a\u043e\u0442\u043e\u0440\u044b\u0439 \u043f\u0440\u0435\u043e\u0431\u0440\u0430\u0437\u0443\u0435\u0442 \u043e\u0431\u044b\u0447\u043d\u043e\u0435 \u0441\u0435\u0442\u0435\u0432\u043e\u0435 \u043d\u0430\u043f\u0440\u044f\u0436\u0435\u043d\u0438\u0435 220\u0412 \u043f\u0435\u0440\u0435\u043c\u0435\u043d\u043d\u043e\u0433\u043e \u0442\u043e\u043a\u0430 (AC) \u0432 12\u0412 \u043f\u043e\u0441\u0442\u043e\u044f\u043d\u043d\u043e\u0433\u043e \u0442\u043e\u043a\u0430 (DC), \u043f\u043e\u0434\u0445\u043e\u0434\u044f\u0449\u0435\u0435 \u0434\u043b\u044f \u0430\u0432\u0442\u043e\u043c\u043e\u0431\u0438\u043b\u044c\u043d\u044b\u0445 \u0443\u0441\u0442\u0440\u043e\u0439\u0441\u0442\u0432.<\/p>\n<table>\n<thead>\n<tr>\n<th>\u041f\u0430\u0440\u0430\u043c\u0435\u0442\u0440<\/th>\n<th>\u0417\u043d\u0430\u0447\u0435\u043d\u0438\u0435<\/th>\n<\/tr>\n<\/thead>\n<tbody>\n<tr>\n<td>\u0412\u0445\u043e\u0434\u043d\u043e\u0435 \u043d\u0430\u043f\u0440\u044f\u0436\u0435\u043d\u0438\u0435<\/td>\n<td>100\u2013240 \u0412 \u043f\u0435\u0440\u0435\u043c\u0435\u043d\u043d\u043e\u0433\u043e \u0442\u043e\u043a\u0430<\/td>\n<\/tr>\n<tr>\n<td>\u0427\u0430\u0441\u0442\u043e\u0442\u0430<\/td>\n<td>50\/60 \u0413\u0446<\/td>\n<\/tr>\n<tr>\n<td>\u0412\u044b\u0445\u043e\u0434\u043d\u043e\u0435 \u043d\u0430\u043f\u0440\u044f\u0436\u0435\u043d\u0438\u0435<\/td>\n<td>\u041f\u043e\u0441\u0442\u043e\u044f\u043d\u043d\u044b\u0439 \u0442\u043e\u043a 12 \u0432\u043e\u043b\u044c\u0442<\/td>\n<\/tr>\n<tr>\n<td>\u041c\u0430\u043a\u0441\u0438\u043c\u0430\u043b\u044c\u043d\u044b\u0439 \u0432\u044b\u0445\u043e\u0434\u043d\u043e\u0439 \u0442\u043e\u043a<\/td>\n<td>\u0434\u043e 15A<\/td>\n<\/tr>\n<tr>\n<td>\u041c\u0430\u043a\u0441\u0438\u043c\u0430\u043b\u044c\u043d\u0430\u044f \u043c\u043e\u0449\u043d\u043e\u0441\u0442\u044c<\/td>\n<td>\u0434\u043e 180 \u0412\u0442<\/td>\n<\/tr>\n<tr>\n<td>\u0421\u0442\u0430\u0431\u0438\u043b\u044c\u043d\u043e\u0441\u0442\u044c \u0432\u044b\u0445\u043e\u0434\u0430<\/td>\n<td>\u00b15%<\/td>\n<\/tr>\n<tr>\n<td>\u041f\u0443\u043b\u044c\u0441\u0430\u0446\u0438\u044f \u0432\u044b\u0445\u043e\u0434\u043d\u043e\u0433\u043e \u0441\u0438\u0433\u043d\u0430\u043b\u0430<\/td>\n<td>\u2264100 \u043c\u0412\u043f-\u043f<\/td>\n<\/tr>\n<tr>\n<td>\u0417\u0430\u0449\u0438\u0442\u0430<\/td>\n<td>\u0417\u0430\u0449\u0438\u0442\u0430 \u043e\u0442 \u043f\u0435\u0440\u0435\u0433\u0440\u0443\u0437\u043a\u0438 \u0438 \u043f\u0435\u0440\u0435\u043d\u0430\u043f\u0440\u044f\u0436\u0435\u043d\u0438\u044f<\/td>\n<\/tr>\n<tr>\n<td>\u0420\u0430\u0431\u043e\u0447\u0430\u044f \u0442\u0435\u043c\u043f\u0435\u0440\u0430\u0442\u0443\u0440\u0430<\/td>\n<td>\u041e\u0442 0 \u00b0C \u0434\u043e +45 \u00b0C<\/td>\n<\/tr>\n<tr>\n<td>\u041e\u0445\u043b\u0430\u0436\u0434\u0435\u043d\u0438\u0435<\/td>\n<td>\u0415\u0441\u0442\u0435\u0441\u0442\u0432\u0435\u043d\u043d\u043e\u0435 \u0432\u043e\u0437\u0434\u0443\u0448\u043d\u043e\u0435 \u043e\u0445\u043b\u0430\u0436\u0434\u0435\u043d\u0438\u0435<\/td>\n<\/tr>\n<\/tbody>\n<\/table>\n<p>&nbsp;<\/p>\n<p><img fetchpriority=\"high\" decoding=\"async\" class=\"size-full wp-image-9441 aligncenter\" src=\"https:\/\/sauh.ee\/wp-content\/uploads\/2026\/02\/Toiteadapter-sigaretisuutaja-pesaga-sauh-4.webp\" alt=\"\" width=\"1000\" height=\"1000\" srcset=\"https:\/\/sauh.ee\/wp-content\/uploads\/2026\/02\/Toiteadapter-sigaretisuutaja-pesaga-sauh-4.webp 1000w, https:\/\/sauh.ee\/wp-content\/uploads\/2026\/02\/Toiteadapter-sigaretisuutaja-pesaga-sauh-4-300x300.webp 300w, https:\/\/sauh.ee\/wp-content\/uploads\/2026\/02\/Toiteadapter-sigaretisuutaja-pesaga-sauh-4-150x150.webp 150w, https:\/\/sauh.ee\/wp-content\/uploads\/2026\/02\/Toiteadapter-sigaretisuutaja-pesaga-sauh-4-768x768.webp 768w, https:\/\/sauh.ee\/wp-content\/uploads\/2026\/02\/Toiteadapter-sigaretisuutaja-pesaga-sauh-4-12x12.webp 12w, https:\/\/sauh.ee\/wp-content\/uploads\/2026\/02\/Toiteadapter-sigaretisuutaja-pesaga-sauh-4-324x324.webp 324w, https:\/\/sauh.ee\/wp-content\/uploads\/2026\/02\/Toiteadapter-sigaretisuutaja-pesaga-sauh-4-416x416.webp 416w, https:\/\/sauh.ee\/wp-content\/uploads\/2026\/02\/Toiteadapter-sigaretisuutaja-pesaga-sauh-4-100x100.webp 100w, https:\/\/sauh.ee\/wp-content\/uploads\/2026\/02\/Toiteadapter-sigaretisuutaja-pesaga-sauh-4-64x64.webp 64w\" sizes=\"(max-width: 1000px) 100vw, 1000px\" \/><\/p>","protected":false},"excerpt":{"rendered":"<p>Sigaris\u00fc\u00fctaja pesaga adapter mis muudab tavalise seinakontakti 220V vahelduvvoolu (AC) auto seadmetele sobivaks 12V alalisvooluks (DC). Parameeter V\u00e4\u00e4rtus Sisendpinge AC 100\u2013240V Sagedus 50\/60Hz V\u00e4ljundpinge DC 12V Maksimaalne v\u00e4ljundvool kuni 15A Maksimaalne v\u00f5imsus kuni 180W V\u00e4ljundi stabiilsus \u00b15% V\u00e4ljundi pulsatsioon \u2264100mVp-p Kaitsed \u00dclekoormus- ja \u00fclepinge kaitse T\u00f6\u00f6temperatuur 0\u00b0C kuni +45\u00b0C Jahutus Loomulik \u00f5hkjahutus &nbsp;<\/p>","protected":false},"featured_media":9442,"template":"","meta":[],"product_brand":[],"product_cat":[29,31],"product_tag":[],"class_list":{"0":"post-9436","1":"product","2":"type-product","3":"status-publish","4":"has-post-thumbnail","6":"product_cat-akud-ja-laadijad","7":"product_cat-varuosad","9":"first","10":"instock","11":"shipping-taxable","12":"purchasable","13":"product-type-simple"},"_links":{"self":[{"href":"https:\/\/sauh.ee\/ru\/wp-json\/wp\/v2\/product\/9436","targetHints":{"allow":["GET"]}}],"collection":[{"href":"https:\/\/sauh.ee\/ru\/wp-json\/wp\/v2\/product"}],"about":[{"href":"https:\/\/sauh.ee\/ru\/wp-json\/wp\/v2\/types\/product"}],"wp:featuredmedia":[{"embeddable":true,"href":"https:\/\/sauh.ee\/ru\/wp-json\/wp\/v2\/media\/9442"}],"wp:attachment":[{"href":"https:\/\/sauh.ee\/ru\/wp-json\/wp\/v2\/media?parent=9436"}],"wp:term":[{"taxonomy":"product_brand","embeddable":true,"href":"https:\/\/sauh.ee\/ru\/wp-json\/wp\/v2\/product_brand?post=9436"},{"taxonomy":"product_cat","embeddable":true,"href":"https:\/\/sauh.ee\/ru\/wp-json\/wp\/v2\/product_cat?post=9436"},{"taxonomy":"product_tag","embeddable":true,"href":"https:\/\/sauh.ee\/ru\/wp-json\/wp\/v2\/product_tag?post=9436"}],"curies":[{"name":"wp","href":"https:\/\/api.w.org\/{rel}","templated":true}]}}