{"id":9490,"date":"2026-03-03T10:06:38","date_gmt":"2026-03-03T10:06:38","guid":{"rendered":"https:\/\/sauh.ee\/?post_type=product&#038;p=9490"},"modified":"2026-03-19T17:19:35","modified_gmt":"2026-03-19T17:19:35","slug":"akuoksakaarid-30mm-ja-akukettsaag-15cm-teleskoopvarrega","status":"publish","type":"product","link":"https:\/\/sauh.ee\/ru\/product\/akuoksakaarid-30mm-ja-akukettsaag-15cm-teleskoopvarrega\/","title":{"rendered":"\u0410\u043a\u043a\u0443\u043c\u0443\u043b\u044f\u0442\u043e\u0440\u043d\u044b\u0435 \u0441\u0435\u043a\u0430\u0442\u043e\u0440\u044b 30 \u043c\u043c \u0438 \u0430\u043a\u043a\u0443\u043c\u0443\u043b\u044f\u0442\u043e\u0440\u043d\u0430\u044f \u0446\u0435\u043f\u043d\u0430\u044f \u043f\u0438\u043b\u0430 15 \u0441\u043c \u0441 \u0442\u0435\u043b\u0435\u0441\u043a\u043e\u043f\u0438\u0447\u0435\u0441\u043a\u043e\u0439 \u0440\u0443\u0447\u043a\u043e\u0439"},"content":{"rendered":"<p><strong>Harjavaba mootoriga aku oksak\u00e4\u00e4rid ja akukettsaag 15 cm ning 2 m teleskoopvarras. Sobivad kasutada ka Makita 18V akudega.<\/strong><\/p>\n<div style=\"width: 980px;\" class=\"wp-video\"><video class=\"wp-video-shortcode\" id=\"video-9490-1\" width=\"980\" height=\"551\" preload=\"metadata\" controls=\"controls\"><source type=\"video\/mp4\" src=\"https:\/\/sauh.ee\/wp-content\/uploads\/2025\/04\/sauh-oksakaarid-teleskoopvarrega-1-1.mp4?_=1\" \/><a href=\"https:\/\/sauh.ee\/wp-content\/uploads\/2025\/04\/sauh-oksakaarid-teleskoopvarrega-1-1.mp4\">https:\/\/sauh.ee\/wp-content\/uploads\/2025\/04\/sauh-oksakaarid-teleskoopvarrega-1-1.mp4<\/a><\/video><\/div>\n<h6><\/h6>\n<p>Sobib h\u00e4sti k\u00f5rgete okste l\u00f5ikamiseks ja puude hoolduseks. Kasulik t\u00f6\u00f6riist aeda, viljapuuaeda ja talut\u00f6\u00f6deks.<\/p>\n<p><img fetchpriority=\"high\" decoding=\"async\" class=\"size-full wp-image-8591 aligncenter\" src=\"https:\/\/sauh.ee\/wp-content\/uploads\/2025\/04\/sauh_oksakaarid_teleskoopvarrega_6-2.webp\" alt=\"\" width=\"1000\" height=\"1000\" srcset=\"https:\/\/sauh.ee\/wp-content\/uploads\/2025\/04\/sauh_oksakaarid_teleskoopvarrega_6-2.webp 1000w, https:\/\/sauh.ee\/wp-content\/uploads\/2025\/04\/sauh_oksakaarid_teleskoopvarrega_6-2-300x300.webp 300w, https:\/\/sauh.ee\/wp-content\/uploads\/2025\/04\/sauh_oksakaarid_teleskoopvarrega_6-2-150x150.webp 150w, https:\/\/sauh.ee\/wp-content\/uploads\/2025\/04\/sauh_oksakaarid_teleskoopvarrega_6-2-768x768.webp 768w, https:\/\/sauh.ee\/wp-content\/uploads\/2025\/04\/sauh_oksakaarid_teleskoopvarrega_6-2-12x12.webp 12w, https:\/\/sauh.ee\/wp-content\/uploads\/2025\/04\/sauh_oksakaarid_teleskoopvarrega_6-2-324x324.webp 324w, https:\/\/sauh.ee\/wp-content\/uploads\/2025\/04\/sauh_oksakaarid_teleskoopvarrega_6-2-416x416.webp 416w, https:\/\/sauh.ee\/wp-content\/uploads\/2025\/04\/sauh_oksakaarid_teleskoopvarrega_6-2-100x100.webp 100w, https:\/\/sauh.ee\/wp-content\/uploads\/2025\/04\/sauh_oksakaarid_teleskoopvarrega_6-2-64x64.webp 64w\" sizes=\"(max-width: 1000px) 100vw, 1000px\" \/><\/p>\n<table class=\"min-w-full\" data-start=\"24\" data-end=\"548\">\n<thead data-start=\"24\" data-end=\"99\">\n<tr data-start=\"24\" data-end=\"99\">\n<th data-start=\"24\" data-end=\"67\"><strong data-start=\"26\" data-end=\"48\">Oksak\u00e4\u00e4ride omadus<\/strong><\/th>\n<th data-start=\"67\" data-end=\"99\"><strong data-start=\"69\" data-end=\"79\">Andmed<\/strong><\/th>\n<\/tr>\n<\/thead>\n<tbody data-start=\"175\" data-end=\"548\">\n<tr data-start=\"175\" data-end=\"248\">\n<td class=\"max-w-[calc(var(--thread-content-max-width)*2\/3)]\" data-start=\"175\" data-end=\"217\">Mootor<\/td>\n<td class=\"max-w-[calc(var(--thread-content-max-width)*2\/3)]\" data-start=\"217\" data-end=\"248\">Harjavaba mootor<\/td>\n<\/tr>\n<tr data-start=\"249\" data-end=\"323\">\n<td class=\"max-w-[calc(var(--thread-content-max-width)*2\/3)]\" data-start=\"249\" data-end=\"291\">Tera t\u00fc\u00fcp (v\u00f5imalus osta ka varutera)<\/td>\n<td class=\"max-w-[calc(var(--thread-content-max-width)*2\/3)]\" data-start=\"291\" data-end=\"323\">SK5 tera<\/td>\n<\/tr>\n<tr data-start=\"324\" data-end=\"398\">\n<td class=\"max-w-[calc(var(--thread-content-max-width)*2\/3)]\" data-start=\"324\" data-end=\"366\">Maksimaalne v\u00f5imsus<\/td>\n<td class=\"max-w-[calc(var(--thread-content-max-width)*2\/3)]\" data-start=\"366\" data-end=\"398\">1000W<\/td>\n<\/tr>\n<tr data-start=\"399\" data-end=\"473\">\n<td class=\"max-w-[calc(var(--thread-content-max-width)*2\/3)]\" data-start=\"399\" data-end=\"441\">Maksimaalne l\u00f5ike l\u00e4bim\u00f5\u00f5t<\/td>\n<td class=\"max-w-[calc(var(--thread-content-max-width)*2\/3)]\" data-start=\"441\" data-end=\"473\">30 mm<\/td>\n<\/tr>\n<tr data-start=\"474\" data-end=\"548\">\n<td class=\"max-w-[calc(var(--thread-content-max-width)*2\/3)]\" data-start=\"474\" data-end=\"516\">Teleskoopvarre pikkuse reguleerimine<\/td>\n<td class=\"max-w-[calc(var(--thread-content-max-width)*2\/3)]\" data-start=\"516\" data-end=\"548\">1.08 m, 1.57 m, 2.01 m<\/td>\n<\/tr>\n<\/tbody>\n<\/table>\n<p><img decoding=\"async\" class=\"alignnone size-full wp-image-8478\" src=\"https:\/\/sauh.ee\/wp-content\/uploads\/2025\/04\/Akuoksakaarid-30mm-ja-akukettsaag-15cm-Teleskoopvarrega-5.webp\" alt=\"\" width=\"1000\" height=\"303\" srcset=\"https:\/\/sauh.ee\/wp-content\/uploads\/2025\/04\/Akuoksakaarid-30mm-ja-akukettsaag-15cm-Teleskoopvarrega-5.webp 1000w, https:\/\/sauh.ee\/wp-content\/uploads\/2025\/04\/Akuoksakaarid-30mm-ja-akukettsaag-15cm-Teleskoopvarrega-5-300x91.webp 300w, https:\/\/sauh.ee\/wp-content\/uploads\/2025\/04\/Akuoksakaarid-30mm-ja-akukettsaag-15cm-Teleskoopvarrega-5-768x233.webp 768w, https:\/\/sauh.ee\/wp-content\/uploads\/2025\/04\/Akuoksakaarid-30mm-ja-akukettsaag-15cm-Teleskoopvarrega-5-18x5.webp 18w, https:\/\/sauh.ee\/wp-content\/uploads\/2025\/04\/Akuoksakaarid-30mm-ja-akukettsaag-15cm-Teleskoopvarrega-5-416x126.webp 416w, https:\/\/sauh.ee\/wp-content\/uploads\/2025\/04\/Akuoksakaarid-30mm-ja-akukettsaag-15cm-Teleskoopvarrega-5-64x19.webp 64w\" sizes=\"(max-width: 1000px) 100vw, 1000px\" \/><\/p>\n<table class=\"min-w-full\" data-start=\"46\" data-end=\"381\">\n<thead data-start=\"46\" data-end=\"92\">\n<tr data-start=\"46\" data-end=\"92\">\n<th data-start=\"46\" data-end=\"70\"><strong data-start=\"48\" data-end=\"69\">Akukettsae omadus<\/strong><\/th>\n<th data-start=\"70\" data-end=\"92\"><strong data-start=\"72\" data-end=\"82\">Andmed<\/strong><\/th>\n<\/tr>\n<\/thead>\n<tbody data-start=\"141\" data-end=\"381\">\n<tr data-start=\"141\" data-end=\"188\">\n<td class=\"max-w-[calc(var(--thread-content-max-width)*2\/3)]\" data-start=\"141\" data-end=\"166\">Mootor<\/td>\n<td class=\"max-w-[calc(var(--thread-content-max-width)*2\/3)]\" data-start=\"166\" data-end=\"188\">Harjavaba mootor<\/td>\n<\/tr>\n<tr data-start=\"189\" data-end=\"236\">\n<td class=\"max-w-[calc(var(--thread-content-max-width)*2\/3)]\" data-start=\"189\" data-end=\"214\"><a href=\"https:\/\/sauh.ee\/product\/akukettsaag-15-cm-vahetuskett\/\">Saeleht (v\u00f5imalus soetada vahetuskett)<\/a><\/td>\n<td class=\"max-w-[calc(var(--thread-content-max-width)*2\/3)]\" data-start=\"214\" data-end=\"236\">15 cm<\/td>\n<\/tr>\n<tr data-start=\"237\" data-end=\"284\">\n<td class=\"max-w-[calc(var(--thread-content-max-width)*2\/3)]\" data-start=\"237\" data-end=\"262\">V\u00f5imsus<\/td>\n<td class=\"max-w-[calc(var(--thread-content-max-width)*2\/3)]\" data-start=\"262\" data-end=\"284\">3500W<\/td>\n<\/tr>\n<tr data-start=\"285\" data-end=\"333\">\n<td class=\"max-w-[calc(var(--thread-content-max-width)*2\/3)]\" data-start=\"285\" data-end=\"310\">Kiirus<\/td>\n<td class=\"max-w-[calc(var(--thread-content-max-width)*2\/3)]\" data-start=\"310\" data-end=\"333\">0\u201320000 p\/min<\/td>\n<\/tr>\n<tr data-start=\"334\" data-end=\"381\">\n<td class=\"max-w-[calc(var(--thread-content-max-width)*2\/3)]\" data-start=\"334\" data-end=\"359\">Keti kiirus<\/td>\n<td class=\"max-w-[calc(var(--thread-content-max-width)*2\/3)]\" data-start=\"359\" data-end=\"381\">10 m\/s<\/td>\n<\/tr>\n<\/tbody>\n<\/table>\n<p><img decoding=\"async\" class=\"size-full wp-image-8427 alignleft\" src=\"https:\/\/sauh.ee\/wp-content\/uploads\/2025\/04\/sauh_oksakaarid_teleskoopvarrega_2-1.webp\" alt=\"\" width=\"1000\" height=\"1000\" srcset=\"https:\/\/sauh.ee\/wp-content\/uploads\/2025\/04\/sauh_oksakaarid_teleskoopvarrega_2-1.webp 1000w, https:\/\/sauh.ee\/wp-content\/uploads\/2025\/04\/sauh_oksakaarid_teleskoopvarrega_2-1-300x300.webp 300w, https:\/\/sauh.ee\/wp-content\/uploads\/2025\/04\/sauh_oksakaarid_teleskoopvarrega_2-1-150x150.webp 150w, https:\/\/sauh.ee\/wp-content\/uploads\/2025\/04\/sauh_oksakaarid_teleskoopvarrega_2-1-768x768.webp 768w, https:\/\/sauh.ee\/wp-content\/uploads\/2025\/04\/sauh_oksakaarid_teleskoopvarrega_2-1-12x12.webp 12w, https:\/\/sauh.ee\/wp-content\/uploads\/2025\/04\/sauh_oksakaarid_teleskoopvarrega_2-1-324x324.webp 324w, https:\/\/sauh.ee\/wp-content\/uploads\/2025\/04\/sauh_oksakaarid_teleskoopvarrega_2-1-416x416.webp 416w, https:\/\/sauh.ee\/wp-content\/uploads\/2025\/04\/sauh_oksakaarid_teleskoopvarrega_2-1-100x100.webp 100w, https:\/\/sauh.ee\/wp-content\/uploads\/2025\/04\/sauh_oksakaarid_teleskoopvarrega_2-1-64x64.webp 64w\" sizes=\"(max-width: 1000px) 100vw, 1000px\" \/><\/p>\n<p>Komplekti kuulub: 1 akukoksak\u00e4\u00e4rid, 1 akukettsaag 15cm, 1 teleskoopvarras 2m.<\/p>\n<p>Valides ainult t\u00f6\u00f6riist: Akud ja muud tarvikud komplekti ei kuulu!<\/p>\n<p>Valides + 2 akut ja laadija:\u00a0<a href=\"https:\/\/sauh.ee\/product\/aku-komplekt-analoog-tooriistadele-388vf\/\">Lisandub 2 akut ja nende laadija.<\/a><\/p>\n<div class=\"wp-video\"><\/div>\n","protected":false},"excerpt":{"rendered":"<p>Harjavaba mootoriga aku oksak\u00e4\u00e4rid ja akukettsaag 15 cm ning 2 m teleskoopvarras. Sobivad kasutada ka Makita 18V akudega. Sobib h\u00e4sti k\u00f5rgete okste l\u00f5ikamiseks ja puude hoolduseks. Kasulik t\u00f6\u00f6riist aeda, viljapuuaeda ja talut\u00f6\u00f6deks. Oksak\u00e4\u00e4ride omadus Andmed Mootor Harjavaba mootor Tera t\u00fc\u00fcp (v\u00f5imalus osta ka varutera) SK5 tera Maksimaalne v\u00f5imsus 1000W Maksimaalne l\u00f5ike l\u00e4bim\u00f5\u00f5t 30 mm Teleskoopvarre [&hellip;]<\/p>\n","protected":false},"featured_media":8476,"template":"","meta":[],"product_brand":[],"product_cat":[222],"product_tag":[],"class_list":{"0":"post-9490","1":"product","2":"type-product","3":"status-publish","4":"has-post-thumbnail","6":"product_cat-komplektid","8":"first","9":"outofstock","10":"shipping-taxable","11":"purchasable","12":"product-type-variable"},"_links":{"self":[{"href":"https:\/\/sauh.ee\/ru\/wp-json\/wp\/v2\/product\/9490","targetHints":{"allow":["GET"]}}],"collection":[{"href":"https:\/\/sauh.ee\/ru\/wp-json\/wp\/v2\/product"}],"about":[{"href":"https:\/\/sauh.ee\/ru\/wp-json\/wp\/v2\/types\/product"}],"wp:featuredmedia":[{"embeddable":true,"href":"https:\/\/sauh.ee\/ru\/wp-json\/wp\/v2\/media\/8476"}],"wp:attachment":[{"href":"https:\/\/sauh.ee\/ru\/wp-json\/wp\/v2\/media?parent=9490"}],"wp:term":[{"taxonomy":"product_brand","embeddable":true,"href":"https:\/\/sauh.ee\/ru\/wp-json\/wp\/v2\/product_brand?post=9490"},{"taxonomy":"product_cat","embeddable":true,"href":"https:\/\/sauh.ee\/ru\/wp-json\/wp\/v2\/product_cat?post=9490"},{"taxonomy":"product_tag","embeddable":true,"href":"https:\/\/sauh.ee\/ru\/wp-json\/wp\/v2\/product_tag?post=9490"}],"curies":[{"name":"wp","href":"https:\/\/api.w.org\/{rel}","templated":true}]}}