{"id":9557,"date":"2026-03-16T15:17:45","date_gmt":"2026-03-16T15:17:45","guid":{"rendered":"https:\/\/sauh.ee\/?post_type=product&#038;p=9557"},"modified":"2026-03-16T15:51:57","modified_gmt":"2026-03-16T15:51:57","slug":"akuhekikaarid-teleskoopvarrega","status":"publish","type":"product","link":"https:\/\/sauh.ee\/ru\/product\/akuhekikaarid-teleskoopvarrega\/","title":{"rendered":"\u0410\u043a\u043a\u0443\u043c\u0443\u043b\u044f\u0442\u043e\u0440\u043d\u044b\u0439 \u043a\u0443\u0441\u0442\u043e\u0440\u0435\u0437 \u0441 \u0442\u0435\u043b\u0435\u0441\u043a\u043e\u043f\u0438\u0447\u0435\u0441\u043a\u043e\u0439 \u0440\u0443\u043a\u043e\u044f\u0442\u043a\u043e\u0439"},"content":{"rendered":"<p style=\"text-align: center;\"><span class=\"BZ_Pyq_fadeIn\"><strong>\u0410\u043a\u043a\u0443\u043c\u0443\u043b\u044f\u0442\u043e\u0440\u043d\u044b\u0435 \u043d\u043e\u0436\u043d\u0438\u0446\u044b \u0434\u043b\u044f \u0436\u0438\u0432\u043e\u0439 \u0438\u0437\u0433\u043e\u0440\u043e\u0434\u0438, \u043a\u043e\u0442\u043e\u0440\u044b\u0435 \u043c\u043e\u0436\u043d\u043e \u0438\u0441\u043f\u043e\u043b\u044c\u0437\u043e\u0432\u0430\u0442\u044c \u0441 \u0430\u043a\u043a\u0443\u043c\u0443\u043b\u044f\u0442\u043e\u0440\u0430\u043c\u0438 \u041c\u0430\u043a\u0438\u0442\u0430 18 \u0412.<\/strong> <\/span><img fetchpriority=\"high\" decoding=\"async\" class=\"size-full wp-image-9567 aligncenter\" src=\"https:\/\/sauh.ee\/wp-content\/uploads\/2026\/03\/Akuhekikaarid-teleskoopvarrega-rus.webp\" alt=\"\" width=\"960\" height=\"960\" srcset=\"https:\/\/sauh.ee\/wp-content\/uploads\/2026\/03\/Akuhekikaarid-teleskoopvarrega-rus.webp 960w, https:\/\/sauh.ee\/wp-content\/uploads\/2026\/03\/Akuhekikaarid-teleskoopvarrega-rus-300x300.webp 300w, https:\/\/sauh.ee\/wp-content\/uploads\/2026\/03\/Akuhekikaarid-teleskoopvarrega-rus-150x150.webp 150w, https:\/\/sauh.ee\/wp-content\/uploads\/2026\/03\/Akuhekikaarid-teleskoopvarrega-rus-768x768.webp 768w, https:\/\/sauh.ee\/wp-content\/uploads\/2026\/03\/Akuhekikaarid-teleskoopvarrega-rus-12x12.webp 12w, https:\/\/sauh.ee\/wp-content\/uploads\/2026\/03\/Akuhekikaarid-teleskoopvarrega-rus-324x324.webp 324w, https:\/\/sauh.ee\/wp-content\/uploads\/2026\/03\/Akuhekikaarid-teleskoopvarrega-rus-416x416.webp 416w, https:\/\/sauh.ee\/wp-content\/uploads\/2026\/03\/Akuhekikaarid-teleskoopvarrega-rus-100x100.webp 100w, https:\/\/sauh.ee\/wp-content\/uploads\/2026\/03\/Akuhekikaarid-teleskoopvarrega-rus-64x64.webp 64w\" sizes=\"(max-width: 960px) 100vw, 960px\" \/><\/p>\n<p><span class=\"BZ_Pyq_fadeIn\">\u0423\u0434\u043e\u0431\u043d\u043e\u0435 \u0440\u0435\u0448\u0435\u043d\u0438\u0435 \u0434\u043b\u044f \u0441\u0442\u0440\u0438\u0436\u043a\u0438 \u0436\u0438\u0432\u044b\u0445 \u0438\u0437\u0433\u043e\u0440\u043e\u0434\u0435\u0439, \u043a\u0443\u0441\u0442\u0430\u0440\u043d\u0438\u043a\u043e\u0432 \u0438 \u0432\u0435\u0442\u043e\u043a. \u0422\u0435\u043b\u0435\u0441\u043a\u043e\u043f\u0438\u0447\u0435\u0441\u043a\u0430\u044f \u0440\u0443\u043a\u043e\u044f\u0442\u043a\u0430 \u043f\u043e\u0437\u0432\u043e\u043b\u044f\u0435\u0442 \u0440\u0430\u0431\u043e\u0442\u0430\u0442\u044c \u0434\u0430\u0436\u0435 \u0441 \u0432\u044b\u0441\u043e\u043a\u0438\u043c\u0438 \u0438\u0437\u0433\u043e\u0440\u043e\u0434\u044f\u043c\u0438 \u0431\u0435\u0437 \u0438\u0441\u043f\u043e\u043b\u044c\u0437\u043e\u0432\u0430\u043d\u0438\u044f \u043b\u0435\u0441\u0442\u043d\u0438\u0446\u044b. \u0420\u0435\u0433\u0443\u043b\u0438\u0440\u0443\u0435\u043c\u044b\u0439 \u0443\u0433\u043e\u043b \u0440\u0435\u0437\u0430 \u043e\u0431\u043b\u0435\u0433\u0447\u0430\u0435\u0442 \u0440\u0430\u0431\u043e\u0442\u0443 \u0434\u0430\u0436\u0435 \u0432 \u0442\u0440\u0443\u0434\u043d\u043e\u0434\u043e\u0441\u0442\u0443\u043f\u043d\u044b\u0445 \u043c\u0435\u0441\u0442\u0430\u0445.<\/span><\/p>\n<p><img decoding=\"async\" class=\"size-large wp-image-9574 aligncenter\" src=\"https:\/\/sauh.ee\/wp-content\/uploads\/2026\/03\/sauh.ee-Hekikaarid-teleskoopvarrega_10-1024x1024.webp\" alt=\"\" width=\"980\" height=\"980\" srcset=\"https:\/\/sauh.ee\/wp-content\/uploads\/2026\/03\/sauh.ee-Hekikaarid-teleskoopvarrega_10-1024x1024.webp 1024w, https:\/\/sauh.ee\/wp-content\/uploads\/2026\/03\/sauh.ee-Hekikaarid-teleskoopvarrega_10-300x300.webp 300w, https:\/\/sauh.ee\/wp-content\/uploads\/2026\/03\/sauh.ee-Hekikaarid-teleskoopvarrega_10-150x150.webp 150w, https:\/\/sauh.ee\/wp-content\/uploads\/2026\/03\/sauh.ee-Hekikaarid-teleskoopvarrega_10-768x768.webp 768w, https:\/\/sauh.ee\/wp-content\/uploads\/2026\/03\/sauh.ee-Hekikaarid-teleskoopvarrega_10-1536x1536.webp 1536w, https:\/\/sauh.ee\/wp-content\/uploads\/2026\/03\/sauh.ee-Hekikaarid-teleskoopvarrega_10-12x12.webp 12w, https:\/\/sauh.ee\/wp-content\/uploads\/2026\/03\/sauh.ee-Hekikaarid-teleskoopvarrega_10-324x324.webp 324w, https:\/\/sauh.ee\/wp-content\/uploads\/2026\/03\/sauh.ee-Hekikaarid-teleskoopvarrega_10-416x416.webp 416w, https:\/\/sauh.ee\/wp-content\/uploads\/2026\/03\/sauh.ee-Hekikaarid-teleskoopvarrega_10-100x100.webp 100w, https:\/\/sauh.ee\/wp-content\/uploads\/2026\/03\/sauh.ee-Hekikaarid-teleskoopvarrega_10-64x64.webp 64w, https:\/\/sauh.ee\/wp-content\/uploads\/2026\/03\/sauh.ee-Hekikaarid-teleskoopvarrega_10.webp 1600w\" sizes=\"(max-width: 980px) 100vw, 980px\" \/><\/p>\n<table>\n<thead>\n<tr>\n<th>\u0425\u0430\u0440\u0430\u043a\u0442\u0435\u0440\u0438\u0441\u0442\u0438\u043a\u0430<\/th>\n<th>\u041e\u043f\u0438\u0441\u0430\u043d\u0438\u0435<\/th>\n<\/tr>\n<\/thead>\n<tbody>\n<tr>\n<td>\u0422\u0438\u043f \u0434\u0432\u0438\u0433\u0430\u0442\u0435\u043b\u044f<\/td>\n<td>\u0411\u0435\u0441\u0449\u0435\u0442\u043e\u0447\u043d\u044b\u0439 \u0434\u0432\u0438\u0433\u0430\u0442\u0435\u043b\u044c<\/td>\n<\/tr>\n<tr>\n<td>\u041c\u043e\u0449\u043d\u043e\u0441\u0442\u044c \u0434\u0432\u0438\u0433\u0430\u0442\u0435\u043b\u044f<\/td>\n<td>2000 \u0412\u0442<\/td>\n<\/tr>\n<tr>\n<td>\u0421\u043a\u043e\u0440\u043e\u0441\u0442\u044c \u0440\u0435\u0437\u0430\u043d\u0438\u044f<\/td>\n<td>7200 \u043e\u0431\u043e\u0440\u043e\u0442\u043e\u0432 \u0432 \u043c\u0438\u043d\u0443\u0442\u0443<\/td>\n<\/tr>\n<tr>\n<td>\u0414\u043b\u0438\u043d\u0430 \u043b\u0435\u0437\u0432\u0438\u044f<\/td>\n<td>520 \u043c\u043c<\/td>\n<\/tr>\n<tr>\n<td>\u0414\u043b\u0438\u043d\u0430 \u0440\u0435\u0437\u0430<\/td>\n<td>26 \u043c\u043c<\/td>\n<\/tr>\n<tr>\n<td>\u041c\u0430\u043a\u0441\u0438\u043c\u0430\u043b\u044c\u043d\u044b\u0439 \u0434\u0438\u0430\u043c\u0435\u0442\u0440 \u0440\u0435\u0437\u0430<\/td>\n<td>15 \u043c\u043c<\/td>\n<\/tr>\n<tr>\n<td>\u0421\u043a\u043e\u0440\u043e\u0441\u0442\u044c \u0440\u0435\u0437\u0430\u043d\u0438\u044f<\/td>\n<td>5 \u043c\/\u0441<\/td>\n<\/tr>\n<tr>\n<td>\u0420\u0435\u0433\u0443\u043b\u0438\u0440\u0443\u0435\u043c\u044b\u0439 \u0443\u0433\u043e\u043b \u043d\u0430\u043a\u043b\u043e\u043d\u0430<\/td>\n<td>0\u2013180\u00b0<\/td>\n<\/tr>\n<tr>\n<td>\u0423\u0434\u043b\u0438\u043d\u0438\u0442\u0435\u043b\u044c\u043d\u0430\u044f \u0448\u0442\u0430\u043d\u0433\u0430<\/td>\n<td>55 \u0441\u043c<\/td>\n<\/tr>\n<tr>\n<td>\u041c\u0430\u043a\u0441\u0438\u043c\u0430\u043b\u044c\u043d\u0430\u044f \u0434\u043b\u0438\u043d\u0430<\/td>\n<td>\u0434\u043e 2,7 \u043c<\/td>\n<\/tr>\n<tr>\n<td>\u0423\u0440\u043e\u0432\u0435\u043d\u044c \u0432\u0438\u0431\u0440\u0430\u0446\u0438\u0438<\/td>\n<td>\u2264 2,5 \u043c\/\u0441\u00b2<\/td>\n<\/tr>\n<tr>\n<td>\u041d\u043e\u043c\u0438\u043d\u0430\u043b\u044c\u043d\u043e\u0435 \u043d\u0430\u043f\u0440\u044f\u0436\u0435\u043d\u0438\u0435 \/ \u0421\u043e\u0432\u043c\u0435\u0441\u0442\u0438\u043c\u043e\u0441\u0442\u044c<\/td>\n<td>18 \u0412 \u2013 \u043f\u043e\u0434\u0445\u043e\u0434\u0438\u0442 \u0442\u0430\u043a\u0436\u0435 \u0434\u043b\u044f \u043b\u0438\u0442\u0438\u0435\u0432\u044b\u0445 \u0430\u043a\u043a\u0443\u043c\u0443\u043b\u044f\u0442\u043e\u0440\u043e\u0432 Makita 18 \u0412 \u0441\u0435\u0440\u0438\u0438 B<\/td>\n<\/tr>\n<\/tbody>\n<\/table>\n<p>&nbsp;<\/p>","protected":false},"excerpt":{"rendered":"<p>Akuhekil\u00f5ikur ehk hekik\u00e4\u00e4rid, mida saab kasutad ka Makita 18V akudega. Mugav lahendus hekkide, p\u00f5\u00f5saste ja okste l\u00f5ikamiseks. Teleskoopvars v\u00f5imaldab t\u00f6\u00f6tada ka k\u00f5rgemate hekkide kallal ilma redelit kasutamata. Reguleeritav l\u00f5ikenurk teeb t\u00f6\u00f6 lihtsaks ka raskesti ligip\u00e4\u00e4setavates kohtades. Omadus Kirjeldus Mootori t\u00fc\u00fcp Harjavaba mootor Mootori v\u00f5imsus 2000 W L\u00f5ikekiirus 7200 p\u00f6\u00f6ret minutis Tera pikkus 520 mm L\u00f5ikesamm [&hellip;]<\/p>\n","protected":false},"featured_media":9560,"template":"","meta":[],"product_brand":[],"product_cat":[257,45,15],"product_tag":[],"class_list":{"0":"post-9557","1":"product","2":"type-product","3":"status-publish","4":"has-post-thumbnail","6":"product_cat-aia-tooriistad","7":"product_cat-saed","8":"product_cat-analoog-tooted","10":"first","11":"onbackorder","12":"shipping-taxable","13":"purchasable","14":"product-type-variable"},"_links":{"self":[{"href":"https:\/\/sauh.ee\/ru\/wp-json\/wp\/v2\/product\/9557","targetHints":{"allow":["GET"]}}],"collection":[{"href":"https:\/\/sauh.ee\/ru\/wp-json\/wp\/v2\/product"}],"about":[{"href":"https:\/\/sauh.ee\/ru\/wp-json\/wp\/v2\/types\/product"}],"wp:featuredmedia":[{"embeddable":true,"href":"https:\/\/sauh.ee\/ru\/wp-json\/wp\/v2\/media\/9560"}],"wp:attachment":[{"href":"https:\/\/sauh.ee\/ru\/wp-json\/wp\/v2\/media?parent=9557"}],"wp:term":[{"taxonomy":"product_brand","embeddable":true,"href":"https:\/\/sauh.ee\/ru\/wp-json\/wp\/v2\/product_brand?post=9557"},{"taxonomy":"product_cat","embeddable":true,"href":"https:\/\/sauh.ee\/ru\/wp-json\/wp\/v2\/product_cat?post=9557"},{"taxonomy":"product_tag","embeddable":true,"href":"https:\/\/sauh.ee\/ru\/wp-json\/wp\/v2\/product_tag?post=9557"}],"curies":[{"name":"wp","href":"https:\/\/api.w.org\/{rel}","templated":true}]}}