{"id":9677,"date":"2026-04-08T11:53:13","date_gmt":"2026-04-08T11:53:13","guid":{"rendered":"https:\/\/sauh.ee\/?post_type=product&#038;p=9677"},"modified":"2026-04-08T12:04:35","modified_gmt":"2026-04-08T12:04:35","slug":"220v-230v-12v-toiteadapter","status":"publish","type":"product","link":"https:\/\/sauh.ee\/ru\/product\/220v-230v-12v-toiteadapter\/","title":{"rendered":"\u0410\u0434\u0430\u043f\u0442\u0435\u0440 \u043f\u0438\u0442\u0430\u043d\u0438\u044f 220 \u0412\/230 \u0412 \u2192 12 \u0412"},"content":{"rendered":"<p data-start=\"0\" data-end=\"166\">\u0410\u0434\u0430\u043f\u0442\u0435\u0440 \u043f\u0438\u0442\u0430\u043d\u0438\u044f 220 \u0412\/230 \u0412 \u2192 12 \u0412 \u0434\u043b\u044f \u0434\u0438\u0437\u0435\u043b\u044c\u043d\u043e\u0433\u043e \u043e\u0431\u043e\u0433\u0440\u0435\u0432\u0430\u0442\u0435\u043b\u044f (5 \u043a\u0412\u0442 \/ 8 \u043a\u0412\u0442). \u041f\u043e\u0437\u0432\u043e\u043b\u044f\u0435\u0442 \u0438\u0441\u043f\u043e\u043b\u044c\u0437\u043e\u0432\u0430\u0442\u044c 12-\u0432\u043e\u043b\u044c\u0442\u043e\u0432\u044b\u0439 \u0434\u0438\u0437\u0435\u043b\u044c\u043d\u044b\u0439 \u043e\u0431\u043e\u0433\u0440\u0435\u0432\u0430\u0442\u0435\u043b\u044c \u043d\u0430\u043f\u0440\u044f\u043c\u0443\u044e \u043e\u0442 \u0434\u043e\u043c\u0430\u0448\u043d\u0435\u0439 \u044d\u043b\u0435\u043a\u0442\u0440\u043e\u0441\u0435\u0442\u0438, \u0447\u0442\u043e \u0434\u0435\u043b\u0430\u0435\u0442 \u0435\u0433\u043e \u043f\u043e\u0434\u0445\u043e\u0434\u044f\u0449\u0438\u043c \u0434\u043b\u044f \u0433\u0430\u0440\u0430\u0436\u0430, \u0430\u0432\u0442\u043e\u0444\u0443\u0440\u0433\u043e\u043d\u0430 \u0438\u043b\u0438 \u043f\u043e\u043c\u0435\u0449\u0435\u043d\u0438\u0439.<\/p>\n<div class=\"TyagGW_tableContainer\">\n<div class=\"group TyagGW_tableWrapper flex flex-col-reverse w-fit\" tabindex=\"-1\">\n<table>\n<thead>\n<tr>\n<th>\u0425\u0430\u0440\u0430\u043a\u0442\u0435\u0440\u0438\u0441\u0442\u0438\u043a\u0430<\/th>\n<th>\u0417\u043d\u0430\u0447\u0435\u043d\u0438\u0435<\/th>\n<\/tr>\n<\/thead>\n<tbody>\n<tr>\n<td>\u041d\u0430\u0437\u0432\u0430\u043d\u0438\u0435 \u0442\u043e\u0432\u0430\u0440\u0430<\/td>\n<td>\u0410\u0434\u0430\u043f\u0442\u0435\u0440 \u043f\u0438\u0442\u0430\u043d\u0438\u044f 220\/230 \u0412 \u2192 12 \u0412 \u0434\u043b\u044f \u0434\u0438\u0437\u0435\u043b\u044c\u043d\u043e\u0433\u043e \u043f\u043e\u0434\u043e\u0433\u0440\u0435\u0432\u0430\u0442\u0435\u043b\u044f<\/td>\n<\/tr>\n<tr>\n<td>\u0412\u0445\u043e\u0434\u043d\u043e\u0435 \u043d\u0430\u043f\u0440\u044f\u0436\u0435\u043d\u0438\u0435<\/td>\n<td>110\u2013245 \u0412 \u043f\u0435\u0440\u0435\u043c\u0435\u043d\u043d\u043e\u0433\u043e \u0442\u043e\u043a\u0430<\/td>\n<\/tr>\n<tr>\n<td>\u0412\u044b\u0445\u043e\u0434\u043d\u043e\u0435 \u043d\u0430\u043f\u0440\u044f\u0436\u0435\u043d\u0438\u0435<\/td>\n<td>11\u201313 \u0412 \u043f\u043e\u0441\u0442\u043e\u044f\u043d\u043d\u043e\u0433\u043e \u0442\u043e\u043a\u0430<\/td>\n<\/tr>\n<tr>\n<td>\u0412\u044b\u0445\u043e\u0434\u043d\u043e\u0439 \u0442\u043e\u043a<\/td>\n<td>16 A<\/td>\n<\/tr>\n<tr>\n<td>\u041c\u0430\u043a\u0441\u0438\u043c\u0430\u043b\u044c\u043d\u0430\u044f \u043c\u043e\u0449\u043d\u043e\u0441\u0442\u044c<\/td>\n<td>200 \u0412\u0442<\/td>\n<\/tr>\n<tr>\n<td>\u0421\u043e\u0432\u043c\u0435\u0441\u0442\u0438\u043c\u043e\u0441\u0442\u044c<\/td>\n<td>\u0414\u0438\u0437\u0435\u043b\u044c\u043d\u044b\u0435 \u043d\u0430\u0433\u0440\u0435\u0432\u0430\u0442\u0435\u043b\u0438 \u043c\u043e\u0449\u043d\u043e\u0441\u0442\u044c\u044e 5 \u043a\u0412\u0442 \u0438 8 \u043a\u0412\u0442 \u0438 \u0434\u0440\u0443\u0433\u043e\u0435 \u043f\u043e\u0434\u0445\u043e\u0434\u044f\u0449\u0435\u0435 \u0443\u0441\u0442\u0440\u043e\u0439\u0441\u0442\u0432\u0430<\/td>\n<\/tr>\n<\/tbody>\n<\/table>\n<\/div>\n<\/div>","protected":false},"excerpt":{"rendered":"<p>220V\/230V \u2192 12V toite adapter diiselsoojendile (5kW \/ 8kW). V\u00f5imaldab kasutada 12V diiselsoojendit otse kodusest vooluv\u00f5rgust, sobides garaa\u017ei, karavani v\u00f5i siseruumidesse. Omadus V\u00e4\u00e4rtus Toote nimetus 220\/230V \u2192 12V toiteadapter diiselsoojendile Sisendpinge 110\u2013245 V AC V\u00e4ljundpinge 11\u201313 V DC V\u00e4ljundvool 16 A Maksimaalne v\u00f5imsus 200 W \u00dchilduvus 5 kW ja 8 kW diiselsoojendid ja muud sobivad [&hellip;]<\/p>\n","protected":false},"featured_media":9683,"template":"","meta":[],"product_brand":[],"product_cat":[29,31],"product_tag":[],"class_list":{"0":"post-9677","1":"product","2":"type-product","3":"status-publish","4":"has-post-thumbnail","6":"product_cat-akud-ja-laadijad","7":"product_cat-varuosad","9":"first","10":"instock","11":"shipping-taxable","12":"purchasable","13":"product-type-simple"},"_links":{"self":[{"href":"https:\/\/sauh.ee\/ru\/wp-json\/wp\/v2\/product\/9677","targetHints":{"allow":["GET"]}}],"collection":[{"href":"https:\/\/sauh.ee\/ru\/wp-json\/wp\/v2\/product"}],"about":[{"href":"https:\/\/sauh.ee\/ru\/wp-json\/wp\/v2\/types\/product"}],"wp:featuredmedia":[{"embeddable":true,"href":"https:\/\/sauh.ee\/ru\/wp-json\/wp\/v2\/media\/9683"}],"wp:attachment":[{"href":"https:\/\/sauh.ee\/ru\/wp-json\/wp\/v2\/media?parent=9677"}],"wp:term":[{"taxonomy":"product_brand","embeddable":true,"href":"https:\/\/sauh.ee\/ru\/wp-json\/wp\/v2\/product_brand?post=9677"},{"taxonomy":"product_cat","embeddable":true,"href":"https:\/\/sauh.ee\/ru\/wp-json\/wp\/v2\/product_cat?post=9677"},{"taxonomy":"product_tag","embeddable":true,"href":"https:\/\/sauh.ee\/ru\/wp-json\/wp\/v2\/product_tag?post=9677"}],"curies":[{"name":"wp","href":"https:\/\/api.w.org\/{rel}","templated":true}]}}