{"id":9689,"date":"2026-04-08T13:35:34","date_gmt":"2026-04-08T13:35:34","guid":{"rendered":"https:\/\/sauh.ee\/?post_type=product&#038;p=9689"},"modified":"2026-04-08T13:45:06","modified_gmt":"2026-04-08T13:45:06","slug":"skoda-rapid-2012-2017-kojameeste-komplekt","status":"publish","type":"product","link":"https:\/\/sauh.ee\/ru\/product\/skoda-rapid-2012-2017-kojameeste-komplekt\/","title":{"rendered":"\u041a\u043e\u043c\u043f\u043b\u0435\u043a\u0442 \u0434\u0432\u043e\u0440\u043d\u0438\u043a\u043e\u0432 \u0434\u043b\u044f \u0160koda Rapid 2012\u20132017"},"content":{"rendered":"<p data-start=\"80\" data-end=\"149\">\u041a\u043e\u043c\u043f\u043b\u0435\u043a\u0442 \u0449\u0435\u0442\u043e\u043a \u0441\u0442\u0435\u043a\u043b\u043e\u043e\u0447\u0438\u0441\u0442\u0438\u0442\u0435\u043b\u0435\u0439 (2 \u0448\u0442. \u0441\u043f\u0435\u0440\u0435\u0434\u0438 + 1 \u0448\u0442. \u0441\u0437\u0430\u0434\u0438) \u0434\u043b\u044f \u0430\u0432\u0442\u043e\u043c\u043e\u0431\u0438\u043b\u044f \u0428\u043a\u043e\u0434\u0430 \u0420\u0430\u043f\u0438\u0434 2012\u20132017 \u0433\u043e\u0434\u043e\u0432 \u0432\u044b\u043f\u0443\u0441\u043a\u0430<\/p>\n<p data-start=\"305\" data-end=\"316\">\u0420\u0430\u0437\u043c\u0435\u0440\u044b:<\/p>\n<ul data-start=\"317\" data-end=\"403\">\n<li data-section-id=\"ekp6m9\" data-start=\"317\" data-end=\"345\">\u0414\u0432\u043e\u0440\u043d\u0438\u043a \u0441\u043e \u0441\u0442\u043e\u0440\u043e\u043d\u044b \u0432\u043e\u0434\u0438\u0442\u0435\u043b\u044f: 60 \u0441\u043c<\/li>\n<li data-section-id=\"x6h66l\" data-start=\"346\" data-end=\"376\">\u0414\u0432\u043e\u0440\u043d\u0438\u043a \u0441\u043e \u0441\u0442\u043e\u0440\u043e\u043d\u044b \u043f\u0430\u0441\u0441\u0430\u0436\u0438\u0440\u0430: 40 \u0441\u043c<\/li>\n<li data-section-id=\"1o02w5\" data-start=\"377\" data-end=\"403\">\u0417\u0430\u0434\u043d\u0438\u0439 \u0434\u0432\u043e\u0440\u043d\u0438\u043a: 30 \u0441\u043c<\/li>\n<\/ul>\n<p><img fetchpriority=\"high\" decoding=\"async\" class=\"size-full wp-image-9694 aligncenter\" src=\"https:\/\/sauh.ee\/wp-content\/uploads\/2026\/04\/sauh.ee-Skoda-Rapid-2012\u20132017-klaasipuhasti-kojamees_4.webp\" alt=\"\" width=\"800\" height=\"800\" srcset=\"https:\/\/sauh.ee\/wp-content\/uploads\/2026\/04\/sauh.ee-Skoda-Rapid-2012\u20132017-klaasipuhasti-kojamees_4.webp 800w, https:\/\/sauh.ee\/wp-content\/uploads\/2026\/04\/sauh.ee-Skoda-Rapid-2012\u20132017-klaasipuhasti-kojamees_4-300x300.webp 300w, https:\/\/sauh.ee\/wp-content\/uploads\/2026\/04\/sauh.ee-Skoda-Rapid-2012\u20132017-klaasipuhasti-kojamees_4-150x150.webp 150w, https:\/\/sauh.ee\/wp-content\/uploads\/2026\/04\/sauh.ee-Skoda-Rapid-2012\u20132017-klaasipuhasti-kojamees_4-768x768.webp 768w, https:\/\/sauh.ee\/wp-content\/uploads\/2026\/04\/sauh.ee-Skoda-Rapid-2012\u20132017-klaasipuhasti-kojamees_4-12x12.webp 12w, https:\/\/sauh.ee\/wp-content\/uploads\/2026\/04\/sauh.ee-Skoda-Rapid-2012\u20132017-klaasipuhasti-kojamees_4-324x324.webp 324w, https:\/\/sauh.ee\/wp-content\/uploads\/2026\/04\/sauh.ee-Skoda-Rapid-2012\u20132017-klaasipuhasti-kojamees_4-416x416.webp 416w, https:\/\/sauh.ee\/wp-content\/uploads\/2026\/04\/sauh.ee-Skoda-Rapid-2012\u20132017-klaasipuhasti-kojamees_4-100x100.webp 100w, https:\/\/sauh.ee\/wp-content\/uploads\/2026\/04\/sauh.ee-Skoda-Rapid-2012\u20132017-klaasipuhasti-kojamees_4-64x64.webp 64w\" sizes=\"(max-width: 800px) 100vw, 800px\" \/><\/p>","protected":false},"excerpt":{"rendered":"<p>Skoda Rapid 2012\u20132017 klaasipuhasti harjade (kojameeste) komplekt (ees 2tk + taga) M\u00f5\u00f5dud: Juhipoolne kojamees: 60 cm K\u00f5rvalistuja kojamees: 40 cm Tagumine kojamees: 30 cm<\/p>","protected":false},"featured_media":9693,"template":"","meta":[],"product_brand":[],"product_cat":[277],"product_tag":[],"class_list":{"0":"post-9689","1":"product","2":"type-product","3":"status-publish","4":"has-post-thumbnail","6":"product_cat-autosse","8":"first","9":"instock","10":"shipping-taxable","11":"purchasable","12":"product-type-simple"},"_links":{"self":[{"href":"https:\/\/sauh.ee\/ru\/wp-json\/wp\/v2\/product\/9689","targetHints":{"allow":["GET"]}}],"collection":[{"href":"https:\/\/sauh.ee\/ru\/wp-json\/wp\/v2\/product"}],"about":[{"href":"https:\/\/sauh.ee\/ru\/wp-json\/wp\/v2\/types\/product"}],"wp:featuredmedia":[{"embeddable":true,"href":"https:\/\/sauh.ee\/ru\/wp-json\/wp\/v2\/media\/9693"}],"wp:attachment":[{"href":"https:\/\/sauh.ee\/ru\/wp-json\/wp\/v2\/media?parent=9689"}],"wp:term":[{"taxonomy":"product_brand","embeddable":true,"href":"https:\/\/sauh.ee\/ru\/wp-json\/wp\/v2\/product_brand?post=9689"},{"taxonomy":"product_cat","embeddable":true,"href":"https:\/\/sauh.ee\/ru\/wp-json\/wp\/v2\/product_cat?post=9689"},{"taxonomy":"product_tag","embeddable":true,"href":"https:\/\/sauh.ee\/ru\/wp-json\/wp\/v2\/product_tag?post=9689"}],"curies":[{"name":"wp","href":"https:\/\/api.w.org\/{rel}","templated":true}]}}