{"id":9710,"date":"2026-04-14T11:06:51","date_gmt":"2026-04-14T11:06:51","guid":{"rendered":"https:\/\/sauh.ee\/?post_type=product&#038;p=9710"},"modified":"2026-04-14T11:58:16","modified_gmt":"2026-04-14T11:58:16","slug":"akukulvik","status":"publish","type":"product","link":"https:\/\/sauh.ee\/ru\/product\/akukulvik\/","title":{"rendered":"\u0410\u043a\u043a\u0443\u043c\u0443\u043b\u044f\u0442\u043e\u0440\u043d\u0430\u044f \u0441\u0435\u044f\u043b\u043a\u0430"},"content":{"rendered":"<p data-start=\"214\" data-end=\"406\">\u0410\u043a\u043a\u0443\u043c\u0443\u043b\u044f\u0442\u043e\u0440\u043d\u0430\u044f \u0441\u0435\u044f\u043b\u043a\u0430, \u043f\u043e\u0434\u0445\u043e\u0434\u044f\u0449\u0430\u044f \u0434\u043b\u044f \u0440\u0430\u0437\u0431\u0440\u0430\u0441\u044b\u0432\u0430\u043d\u0438\u044f \u0441\u0435\u043c\u044f\u043d \u0433\u0430\u0437\u043e\u043d\u0430, \u0443\u0434\u043e\u0431\u0440\u0435\u043d\u0438\u0439, \u043a\u043e\u0440\u043c\u043e\u0432 \u0434\u043b\u044f \u0436\u0438\u0432\u043e\u0442\u043d\u044b\u0445 \u0438 \u0433\u0440\u0430\u043d\u0443\u043b \u0434\u043b\u044f \u0431\u043e\u0440\u044c\u0431\u044b \u0441 \u0433\u043e\u043b\u043e\u043b\u0435\u0434\u043e\u043c.<\/p>\n<p><iframe title=\"sauh.ee aku K\u00fclvaja\" width=\"980\" height=\"551\" src=\"https:\/\/www.youtube.com\/embed\/a9tac2gWKB4?feature=oembed\" frameborder=\"0\" allow=\"accelerometer; autoplay; clipboard-write; encrypted-media; gyroscope; picture-in-picture; web-share\" referrerpolicy=\"strict-origin-when-cross-origin\" allowfullscreen><\/iframe><\/p>\n<p data-start=\"648\" data-end=\"856\" class=\"translation-block\">\u2705 \u0428\u0438\u0440\u043e\u043a\u0438\u0439 \u0440\u0430\u0437\u0431\u0440\u043e\u0441 \u0434\u043e 5 \u043c\u0435\u0442\u0440\u043e\u0432<br data-start=\"\u00ab679\u00bb\" data-end=\"\u00ab682\u00bb\">\u2705 \u0412\u043c\u0435\u0449\u0430\u0435\u0442 3,3 \u043b \u0441\u043e\u0434\u0435\u0440\u0436\u0438\u043c\u043e\u0433\u043e \u0437\u0430 \u0440\u0430\u0437<br data-start=\"\u00ab711\u00bb\" data-end=\"\u00ab714\u00bb\">\u2705 \u0420\u0435\u0433\u0443\u043b\u0438\u0440\u0443\u0435\u043c\u044b\u0439 \u0443\u0433\u043e\u043b \u0432\u044b\u0441\u0435\u0432\u0430<br data-start=\"\u201e738\u201c\" data-end=\"\u00ab741\u00bb\">\u2705 \u041f\u043e\u0434\u0445\u043e\u0434\u0438\u0442 \u0434\u043b\u044f \u0441\u0435\u043c\u044f\u043d, \u0443\u0434\u043e\u0431\u0440\u0435\u043d\u0438\u0439, \u043a\u043e\u0440\u043c\u043e\u0432 \u0438 \u0441\u043e\u043b\u0438<br data-start=\"\u00ab788\u00bb\" data-end=\"\u00ab791\u00bb\">\u2705 \u0411\u0435\u0441\u043f\u0440\u043e\u0432\u043e\u0434\u043d\u043e\u0439 \u0438 \u0443\u0434\u043e\u0431\u043d\u044b\u0439 \u0432 \u0438\u0441\u043f\u043e\u043b\u044c\u0437\u043e\u0432\u0430\u043d\u0438\u0438<br data-start=\"\u201e821\u201c\" data-end=\"\u00ab824\u00bb\">\u2705 \u0421\u0435\u044f\u043b\u043a\u0430 \u0441\u043e\u0432\u043c\u0435\u0441\u0442\u0438\u043c\u0430 \u0441 \u0430\u043a\u043a\u0443\u043c\u0443\u043b\u044f\u0442\u043e\u0440\u0430\u043c\u0438 \u041c\u0430\u043a\u0438\u0442\u0430 18 \u0412<\/p>\n<p data-start=\"648\" data-end=\"856\"><img fetchpriority=\"high\" decoding=\"async\" class=\"alignnone size-full wp-image-9713\" src=\"https:\/\/sauh.ee\/wp-content\/uploads\/2026\/04\/sauh.ee-aku-kulvaja-kulvik-akukulvaja_6.webp\" alt=\"\" width=\"1000\" height=\"1000\" srcset=\"https:\/\/sauh.ee\/wp-content\/uploads\/2026\/04\/sauh.ee-aku-kulvaja-kulvik-akukulvaja_6.webp 1000w, https:\/\/sauh.ee\/wp-content\/uploads\/2026\/04\/sauh.ee-aku-kulvaja-kulvik-akukulvaja_6-300x300.webp 300w, https:\/\/sauh.ee\/wp-content\/uploads\/2026\/04\/sauh.ee-aku-kulvaja-kulvik-akukulvaja_6-150x150.webp 150w, https:\/\/sauh.ee\/wp-content\/uploads\/2026\/04\/sauh.ee-aku-kulvaja-kulvik-akukulvaja_6-768x768.webp 768w, https:\/\/sauh.ee\/wp-content\/uploads\/2026\/04\/sauh.ee-aku-kulvaja-kulvik-akukulvaja_6-12x12.webp 12w, https:\/\/sauh.ee\/wp-content\/uploads\/2026\/04\/sauh.ee-aku-kulvaja-kulvik-akukulvaja_6-324x324.webp 324w, https:\/\/sauh.ee\/wp-content\/uploads\/2026\/04\/sauh.ee-aku-kulvaja-kulvik-akukulvaja_6-416x416.webp 416w, https:\/\/sauh.ee\/wp-content\/uploads\/2026\/04\/sauh.ee-aku-kulvaja-kulvik-akukulvaja_6-100x100.webp 100w, https:\/\/sauh.ee\/wp-content\/uploads\/2026\/04\/sauh.ee-aku-kulvaja-kulvik-akukulvaja_6-64x64.webp 64w\" sizes=\"(max-width: 1000px) 100vw, 1000px\" \/><\/p>\n<table>\n<thead>\n<tr>\n<th>\u0425\u0430\u0440\u0430\u043a\u0442\u0435\u0440\u0438\u0441\u0442\u0438\u043a\u0430<\/th>\n<th>\u0414\u0430\u043d\u043d\u044b\u0435<\/th>\n<\/tr>\n<\/thead>\n<tbody>\n<tr>\n<td>\u0412\u043c\u0435\u0441\u0442\u0438\u043c\u043e\u0441\u0442\u044c<\/td>\n<td>3,3 \u043b<\/td>\n<\/tr>\n<tr>\n<td>\u0423\u0440\u043e\u0432\u043d\u0438 \u043d\u0430\u043a\u043b\u043e\u043d\u0430<\/td>\n<td>8<\/td>\n<\/tr>\n<tr>\n<td>\u0421\u043a\u043e\u0440\u043e\u0441\u0442\u043d\u044b\u0435 \u0440\u0435\u0436\u0438\u043c\u044b<\/td>\n<td>6<\/td>\n<\/tr>\n<tr>\n<td>\u041e\u0431\u043e\u0440\u043e\u0442\u044b \u0434\u0432\u0438\u0433\u0430\u0442\u0435\u043b\u044f<\/td>\n<td>16 000 \u043e\u0431\/\u043c\u0438\u043d<\/td>\n<\/tr>\n<tr>\n<td>\u041c\u0430\u043a\u0441\u0438\u043c\u0430\u043b\u044c\u043d\u0430\u044f \u0448\u0438\u0440\u0438\u043d\u0430 \u0440\u0430\u0437\u0431\u0440\u0430\u0441\u044b\u0432\u0430\u043d\u0438\u044f<\/td>\n<td>\u0434\u043e 5 \u043c<\/td>\n<\/tr>\n<tr>\n<td>\u0420\u0435\u0433\u0443\u043b\u0438\u0440\u0443\u0435\u043c\u044b\u0439 \u0443\u0433\u043e\u043b \u043d\u0430\u043a\u043b\u043e\u043d\u0430<\/td>\n<td>\u0414\u0430<\/td>\n<\/tr>\n<tr>\n<td>\u0421\u043e\u0432\u043c\u0435\u0441\u0442\u0438\u043c\u043e\u0441\u0442\u044c \u0430\u043a\u043a\u0443\u043c\u0443\u043b\u044f\u0442\u043e\u0440\u0430<\/td>\n<td>18 \u0412 (\u0442\u0430\u043a\u0436\u0435 \u043f\u043e\u0434\u0445\u043e\u0434\u0438\u0442 \u0434\u043b\u044f \u0438\u0441\u043f\u043e\u043b\u044c\u0437\u043e\u0432\u0430\u043d\u0438\u044f \u0441 \u0430\u043a\u043a\u0443\u043c\u0443\u043b\u044f\u0442\u043e\u0440\u0430\u043c\u0438 \u041c\u0430\u043a\u0438\u0442\u0430 18 \u0412)<\/td>\n<\/tr>\n<tr>\n<td>\u041f\u043e\u043b\u0435 \u043f\u0440\u0438\u043c\u0435\u043d\u0435\u043d\u0438\u044f<\/td>\n<td>\u0441\u0435\u043c\u0435\u043d\u0430, \u0443\u0434\u043e\u0431\u0440\u0435\u043d\u0438\u044f, \u043a\u043e\u0440\u043c, \u0441\u043e\u043b\u044c<\/td>\n<\/tr>\n<tr>\n<td>\u041f\u043e\u0433\u0440\u0435\u0448\u043d\u043e\u0441\u0442\u044c \u0438\u0437\u043c\u0435\u0440\u0435\u043d\u0438\u044f<\/td>\n<td>\u00b11\u20133 \u0441\u043c<\/td>\n<\/tr>\n<\/tbody>\n<\/table>\n<p><img decoding=\"async\" class=\"alignnone size-full wp-image-9711\" src=\"https:\/\/sauh.ee\/wp-content\/uploads\/2026\/04\/sauh.ee-aku-kulvaja-kulvik-akukulvaja_4.webp\" alt=\"\" width=\"1000\" height=\"1000\" srcset=\"https:\/\/sauh.ee\/wp-content\/uploads\/2026\/04\/sauh.ee-aku-kulvaja-kulvik-akukulvaja_4.webp 1000w, https:\/\/sauh.ee\/wp-content\/uploads\/2026\/04\/sauh.ee-aku-kulvaja-kulvik-akukulvaja_4-300x300.webp 300w, https:\/\/sauh.ee\/wp-content\/uploads\/2026\/04\/sauh.ee-aku-kulvaja-kulvik-akukulvaja_4-150x150.webp 150w, https:\/\/sauh.ee\/wp-content\/uploads\/2026\/04\/sauh.ee-aku-kulvaja-kulvik-akukulvaja_4-768x768.webp 768w, https:\/\/sauh.ee\/wp-content\/uploads\/2026\/04\/sauh.ee-aku-kulvaja-kulvik-akukulvaja_4-12x12.webp 12w, https:\/\/sauh.ee\/wp-content\/uploads\/2026\/04\/sauh.ee-aku-kulvaja-kulvik-akukulvaja_4-324x324.webp 324w, https:\/\/sauh.ee\/wp-content\/uploads\/2026\/04\/sauh.ee-aku-kulvaja-kulvik-akukulvaja_4-416x416.webp 416w, https:\/\/sauh.ee\/wp-content\/uploads\/2026\/04\/sauh.ee-aku-kulvaja-kulvik-akukulvaja_4-100x100.webp 100w, https:\/\/sauh.ee\/wp-content\/uploads\/2026\/04\/sauh.ee-aku-kulvaja-kulvik-akukulvaja_4-64x64.webp 64w\" sizes=\"(max-width: 1000px) 100vw, 1000px\" \/><\/p>","protected":false},"excerpt":{"rendered":"<p>Akuga k\u00fclvaja ja sobib muruseemne, v\u00e4etise, loomas\u00f6\u00f6da ja libeduset\u00f5rje graanulite laotamiseks. \u2705 Lai laotus kuni 5 meetrit\u2705 Mahutab korraga 3.3L sisu\u2705 Reguleeritav k\u00fclvinurk\u2705 Sobib seemnele, v\u00e4etisele, s\u00f6\u00f6dale ja soolale\u2705 Juhtmevaba ja mugav kasutada\u2705 K\u00fclvik \u00fchildub Makita 18V akudega Omadus Andmed Mahutavus 3.3 L Laotusastmed 8 Kiirusastmed 6 Mootori p\u00f6\u00f6rded 16 000 rpm Maksimaalne laotuslaius kuni [&hellip;]<\/p>\n","protected":false},"featured_media":9717,"template":"","meta":[],"product_brand":[],"product_cat":[257,266,15],"product_tag":[],"class_list":{"0":"post-9710","1":"product","2":"type-product","3":"status-publish","4":"has-post-thumbnail","6":"product_cat-aia-tooriistad","7":"product_cat-aia-ja-grillitarvikud","8":"product_cat-analoog-tooted","10":"first","11":"onbackorder","12":"shipping-taxable","13":"purchasable","14":"product-type-variable"},"_links":{"self":[{"href":"https:\/\/sauh.ee\/ru\/wp-json\/wp\/v2\/product\/9710","targetHints":{"allow":["GET"]}}],"collection":[{"href":"https:\/\/sauh.ee\/ru\/wp-json\/wp\/v2\/product"}],"about":[{"href":"https:\/\/sauh.ee\/ru\/wp-json\/wp\/v2\/types\/product"}],"wp:featuredmedia":[{"embeddable":true,"href":"https:\/\/sauh.ee\/ru\/wp-json\/wp\/v2\/media\/9717"}],"wp:attachment":[{"href":"https:\/\/sauh.ee\/ru\/wp-json\/wp\/v2\/media?parent=9710"}],"wp:term":[{"taxonomy":"product_brand","embeddable":true,"href":"https:\/\/sauh.ee\/ru\/wp-json\/wp\/v2\/product_brand?post=9710"},{"taxonomy":"product_cat","embeddable":true,"href":"https:\/\/sauh.ee\/ru\/wp-json\/wp\/v2\/product_cat?post=9710"},{"taxonomy":"product_tag","embeddable":true,"href":"https:\/\/sauh.ee\/ru\/wp-json\/wp\/v2\/product_tag?post=9710"}],"curies":[{"name":"wp","href":"https:\/\/api.w.org\/{rel}","templated":true}]}}