{"id":9748,"date":"2026-04-16T12:38:53","date_gmt":"2026-04-16T12:38:53","guid":{"rendered":"https:\/\/sauh.ee\/?post_type=product&#038;p=9748"},"modified":"2026-04-16T13:27:49","modified_gmt":"2026-04-16T13:27:49","slug":"aku-kultivaator","status":"publish","type":"product","link":"https:\/\/sauh.ee\/ru\/product\/aku-kultivaator\/","title":{"rendered":"Aku Kultivaator"},"content":{"rendered":"<h4 style=\"text-align: center;\"><strong>Muuda peenrad ja aiamaa kobedaks kiiresti ja mugavalt!<\/strong><\/h4>\n<p>Aku toitel mullafrees ehk kultivaator. T\u00f6\u00f6tab 18V akudega (saab kasutada ka Makita 18V akudega).<\/p>\n<p><iframe title=\"Aku Kultivaator\" width=\"980\" height=\"551\" src=\"https:\/\/www.youtube.com\/embed\/ozBNeE2CSGQ?feature=oembed\" frameborder=\"0\" allow=\"accelerometer; autoplay; clipboard-write; encrypted-media; gyroscope; picture-in-picture; web-share\" referrerpolicy=\"strict-origin-when-cross-origin\" allowfullscreen><\/iframe><\/p>\n<p data-start=\"385\" data-end=\"405\">Sobib suurep\u00e4raselt:<\/p>\n<ul data-start=\"406\" data-end=\"531\">\n<li data-section-id=\"vfz7nv\" data-start=\"406\" data-end=\"430\">peenarde kobestamiseks<\/li>\n<li data-section-id=\"1lsxqdw\" data-start=\"431\" data-end=\"450\">aiamaa harimiseks<\/li>\n<li data-section-id=\"e6vbml\" data-start=\"451\" data-end=\"474\">umbrohu eemaldamiseks<\/li>\n<li data-section-id=\"14ygo7m\" data-start=\"475\" data-end=\"506\">vana k\u00f5va pinnase l\u00f5hkumiseks<\/li>\n<li data-section-id=\"1f8zty4\" data-start=\"507\" data-end=\"531\">mulla \u00fcmberp\u00f6\u00f6ramiseks<\/li>\n<\/ul>\n<p><img fetchpriority=\"high\" decoding=\"async\" class=\"alignnone size-full wp-image-9764\" src=\"https:\/\/sauh.ee\/wp-content\/uploads\/2026\/04\/sauh.ee-mullafrees-kultivaator-akuga.webp\" alt=\"\" width=\"1000\" height=\"1000\" srcset=\"https:\/\/sauh.ee\/wp-content\/uploads\/2026\/04\/sauh.ee-mullafrees-kultivaator-akuga.webp 1000w, https:\/\/sauh.ee\/wp-content\/uploads\/2026\/04\/sauh.ee-mullafrees-kultivaator-akuga-300x300.webp 300w, https:\/\/sauh.ee\/wp-content\/uploads\/2026\/04\/sauh.ee-mullafrees-kultivaator-akuga-150x150.webp 150w, https:\/\/sauh.ee\/wp-content\/uploads\/2026\/04\/sauh.ee-mullafrees-kultivaator-akuga-768x768.webp 768w, https:\/\/sauh.ee\/wp-content\/uploads\/2026\/04\/sauh.ee-mullafrees-kultivaator-akuga-12x12.webp 12w, https:\/\/sauh.ee\/wp-content\/uploads\/2026\/04\/sauh.ee-mullafrees-kultivaator-akuga-324x324.webp 324w, https:\/\/sauh.ee\/wp-content\/uploads\/2026\/04\/sauh.ee-mullafrees-kultivaator-akuga-416x416.webp 416w, https:\/\/sauh.ee\/wp-content\/uploads\/2026\/04\/sauh.ee-mullafrees-kultivaator-akuga-100x100.webp 100w, https:\/\/sauh.ee\/wp-content\/uploads\/2026\/04\/sauh.ee-mullafrees-kultivaator-akuga-64x64.webp 64w\" sizes=\"(max-width: 1000px) 100vw, 1000px\" \/><\/p>\n<h4>\u0425\u0430\u0440\u0430\u043a\u0442\u0435\u0440\u0438\u0441\u0442\u0438\u043a\u0438:<\/h4>\n<p data-start=\"145\" data-end=\"312\">\ud83d\udfe2 Kokkupandav vars mugavaks hoiustamiseks<br data-start=\"191\" data-end=\"194\" \/>\ud83d\udfe2 Kummist libisemiskindel k\u00e4epide<br data-start=\"232\" data-end=\"235\" \/>\ud83d\udfe2 Digitaalne ekraan<br data-start=\"259\" data-end=\"262\" \/>\ud83d\udfe2 Turval\u00fcliti juhusliku k\u00e4ivituse v\u00e4ltimiseks<\/p>\n<table>\n<thead>\n<tr>\n<th>\u041f\u043e\u043a\u0430\u0437\u0430\u0442\u0435\u043b\u044c<\/th>\n<th>\u0414\u0430\u043d\u043d\u044b\u0435<\/th>\n<\/tr>\n<\/thead>\n<tbody>\n<tr>\n<td>\u041c\u043e\u0449\u043d\u043e\u0441\u0442\u044c<\/td>\n<td>2000W<\/td>\n<\/tr>\n<tr>\n<td>\u041c\u043e\u0442\u043e\u0440<\/td>\n<td>\u0411\u0435\u0441\u0449\u0451\u0442\u043e\u0447\u043d\u044b\u0439<\/td>\n<\/tr>\n<tr>\n<td>\u0421\u043a\u043e\u0440\u043e\u0441\u0442\u044c \u0432\u0440\u0430\u0449\u0435\u043d\u0438\u044f<\/td>\n<td>900 p\/min<\/td>\n<\/tr>\n<tr>\n<td>T\u00f6\u00f6laius<\/td>\n<td>22 \u0441\u043c<\/td>\n<\/tr>\n<tr>\n<td>\u0413\u043b\u0443\u0431\u0438\u043d\u0430 \u043e\u0431\u043d\u0430\u0440\u0443\u0436\u0435\u043d\u0438\u044f<\/td>\n<td>17 cm<\/td>\n<\/tr>\n<tr>\n<td>\u041f\u0438\u0442\u0430\u043d\u0438\u0435<\/td>\n<td>\u0410\u043a\u043a\u0443\u043c\u0443\u043b\u044f\u0442\u043e\u0440<\/td>\n<\/tr>\n<\/tbody>\n<\/table>\n<p><img decoding=\"async\" class=\"alignnone size-full wp-image-9762\" src=\"https:\/\/sauh.ee\/wp-content\/uploads\/2026\/04\/sauh.ee-mullafrees-kultivaator-2.webp\" alt=\"\" width=\"960\" height=\"960\" srcset=\"https:\/\/sauh.ee\/wp-content\/uploads\/2026\/04\/sauh.ee-mullafrees-kultivaator-2.webp 960w, https:\/\/sauh.ee\/wp-content\/uploads\/2026\/04\/sauh.ee-mullafrees-kultivaator-2-300x300.webp 300w, https:\/\/sauh.ee\/wp-content\/uploads\/2026\/04\/sauh.ee-mullafrees-kultivaator-2-150x150.webp 150w, https:\/\/sauh.ee\/wp-content\/uploads\/2026\/04\/sauh.ee-mullafrees-kultivaator-2-768x768.webp 768w, https:\/\/sauh.ee\/wp-content\/uploads\/2026\/04\/sauh.ee-mullafrees-kultivaator-2-12x12.webp 12w, https:\/\/sauh.ee\/wp-content\/uploads\/2026\/04\/sauh.ee-mullafrees-kultivaator-2-324x324.webp 324w, https:\/\/sauh.ee\/wp-content\/uploads\/2026\/04\/sauh.ee-mullafrees-kultivaator-2-416x416.webp 416w, https:\/\/sauh.ee\/wp-content\/uploads\/2026\/04\/sauh.ee-mullafrees-kultivaator-2-100x100.webp 100w, https:\/\/sauh.ee\/wp-content\/uploads\/2026\/04\/sauh.ee-mullafrees-kultivaator-2-64x64.webp 64w\" sizes=\"(max-width: 960px) 100vw, 960px\" \/><\/p>\n<p>&nbsp;<\/p>","protected":false},"excerpt":{"rendered":"<p>Muuda peenrad ja aiamaa kobedaks kiiresti ja mugavalt! Aku toitel mullafrees ehk kultivaator. T\u00f6\u00f6tab 18V akudega (saab kasutada ka Makita 18V akudega). Sobib suurep\u00e4raselt: peenarde kobestamiseks aiamaa harimiseks umbrohu eemaldamiseks vana k\u00f5va pinnase l\u00f5hkumiseks mulla \u00fcmberp\u00f6\u00f6ramiseks Omadused: \ud83d\udfe2 Kokkupandav vars mugavaks hoiustamiseks\ud83d\udfe2 Kummist libisemiskindel k\u00e4epide\ud83d\udfe2 Digitaalne ekraan\ud83d\udfe2 Turval\u00fcliti juhusliku k\u00e4ivituse v\u00e4ltimiseks N\u00e4itaja Andmed V\u00f5imsus 2000W [&hellip;]<\/p>\n","protected":false},"featured_media":9760,"template":"","meta":[],"product_brand":[],"product_cat":[257,15],"product_tag":[],"class_list":{"0":"post-9748","1":"product","2":"type-product","3":"status-publish","4":"has-post-thumbnail","6":"product_cat-aia-tooriistad","7":"product_cat-analoog-tooted","9":"first","10":"onbackorder","11":"sale","12":"shipping-taxable","13":"purchasable","14":"product-type-variable"},"_links":{"self":[{"href":"https:\/\/sauh.ee\/ru\/wp-json\/wp\/v2\/product\/9748","targetHints":{"allow":["GET"]}}],"collection":[{"href":"https:\/\/sauh.ee\/ru\/wp-json\/wp\/v2\/product"}],"about":[{"href":"https:\/\/sauh.ee\/ru\/wp-json\/wp\/v2\/types\/product"}],"wp:featuredmedia":[{"embeddable":true,"href":"https:\/\/sauh.ee\/ru\/wp-json\/wp\/v2\/media\/9760"}],"wp:attachment":[{"href":"https:\/\/sauh.ee\/ru\/wp-json\/wp\/v2\/media?parent=9748"}],"wp:term":[{"taxonomy":"product_brand","embeddable":true,"href":"https:\/\/sauh.ee\/ru\/wp-json\/wp\/v2\/product_brand?post=9748"},{"taxonomy":"product_cat","embeddable":true,"href":"https:\/\/sauh.ee\/ru\/wp-json\/wp\/v2\/product_cat?post=9748"},{"taxonomy":"product_tag","embeddable":true,"href":"https:\/\/sauh.ee\/ru\/wp-json\/wp\/v2\/product_tag?post=9748"}],"curies":[{"name":"wp","href":"https:\/\/api.w.org\/{rel}","templated":true}]}}