{"id":9782,"date":"2026-04-18T11:19:59","date_gmt":"2026-04-18T11:19:59","guid":{"rendered":"https:\/\/sauh.ee\/?post_type=product&#038;p=9782"},"modified":"2026-04-18T12:30:12","modified_gmt":"2026-04-18T12:30:12","slug":"aku-veepump","status":"publish","type":"product","link":"https:\/\/sauh.ee\/ru\/product\/aku-veepump\/","title":{"rendered":"\u0410\u043a\u043a\u0443\u043c\u0443\u043b\u044f\u0442\u043e\u0440\u043d\u044b\u0439 \u0432\u043e\u0434\u044f\u043d\u043e\u0439 \u043d\u0430\u0441\u043e\u0441"},"content":{"rendered":"<p>\u0410\u043a\u043a\u0443\u043c\u0443\u043b\u044f\u0442\u043e\u0440\u043d\u044b\u0439 \u0432\u043e\u0434\u044f\u043d\u043e\u0439 \u043d\u0430\u0441\u043e\u0441, \u0440\u0430\u0431\u043e\u0442\u0430\u044e\u0449\u0438\u0439 \u043e\u0442 \u0430\u043a\u043a\u0443\u043c\u0443\u043b\u044f\u0442\u043e\u0440\u043e\u0432 18 \u0412 (\u0442\u0430\u043a\u0436\u0435 \u0441\u043e\u0432\u043c\u0435\u0441\u0442\u0438\u043c \u0441 \u0430\u043a\u043a\u0443\u043c\u0443\u043b\u044f\u0442\u043e\u0440\u0430\u043c\u0438 \u041c\u0430\u043a\u0438\u0442\u0430 18 \u0412)<\/p>\n<p><iframe title=\"Aku Veepump - sauh.ee\" width=\"980\" height=\"551\" src=\"https:\/\/www.youtube.com\/embed\/FrOZuklTXDY?feature=oembed\" frameborder=\"0\" allow=\"accelerometer; autoplay; clipboard-write; encrypted-media; gyroscope; picture-in-picture; web-share\" referrerpolicy=\"strict-origin-when-cross-origin\" allowfullscreen><\/iframe><\/p>\n<table>\n<thead>\n<tr>\n<th>\u041f\u0430\u0440\u0430\u043c\u0435\u0442\u0440<\/th>\n<th>\u0417\u043d\u0430\u0447\u0435\u043d\u0438\u0435<\/th>\n<\/tr>\n<\/thead>\n<tbody>\n<tr>\n<td>\u041c\u043e\u0449\u043d\u043e\u0441\u0442\u044c<\/td>\n<td>3000 \u0412\u0442<\/td>\n<\/tr>\n<tr>\n<td>\u041d\u0430\u043f\u0440\u044f\u0436\u0435\u043d\u0438\u0435<\/td>\n<td>18 \u0412 (\u0442\u0430\u043a\u0436\u0435 \u0440\u0430\u0431\u043e\u0442\u0430\u0435\u0442 \u0441 \u0430\u043a\u043a\u0443\u043c\u0443\u043b\u044f\u0442\u043e\u0440\u0430\u043c\u0438 Makita \u0441\u0435\u0440\u0438\u0438 18 \u0412 \u0411)<\/td>\n<\/tr>\n<tr>\n<td>\u0421\u0438\u043b\u0430 \u043f\u043e\u0442\u043e\u043a\u0430<\/td>\n<td>80\u2013150 \u043b\/\u043c\u0438\u043d<\/td>\n<\/tr>\n<tr>\n<td>\u0421\u043a\u043e\u0440\u043e\u0441\u0442\u044c<\/td>\n<td>16 000 \u043e\u0431\/\u043c\u0438\u043d<\/td>\n<\/tr>\n<tr>\n<td>\u0421\u043a\u043e\u0440\u043e\u0441\u0442\u0438<\/td>\n<td>3<\/td>\n<\/tr>\n<tr>\n<td>\u041c\u043e\u0442\u043e\u0440<\/td>\n<td>\u0411\u0435\u0441\u0449\u0435\u0442\u043e\u0447\u043d\u044b\u0439<\/td>\n<\/tr>\n<tr>\n<td>\u041c\u0430\u0442\u0435\u0440\u0438\u0430\u043b \u0442\u0440\u0443\u0431\u044b<\/td>\n<td>\u0410\u043b\u044e\u043c\u0438\u043d\u0438\u0435\u0432\u044b\u0439 \u0441\u043f\u043b\u0430\u0432<\/td>\n<\/tr>\n<tr>\n<td>\u0421\u043e\u0435\u0434\u0438\u043d\u0435\u043d\u0438\u0435<\/td>\n<td>25 \u043c\u043c<\/td>\n<\/tr>\n<\/tbody>\n<\/table>\n<p><img fetchpriority=\"high\" decoding=\"async\" class=\"alignnone size-full wp-image-9792\" src=\"https:\/\/sauh.ee\/wp-content\/uploads\/2026\/04\/sauh.ee-veepump-akuga_2.webp\" alt=\"\" width=\"1000\" height=\"1000\" srcset=\"https:\/\/sauh.ee\/wp-content\/uploads\/2026\/04\/sauh.ee-veepump-akuga_2.webp 1000w, https:\/\/sauh.ee\/wp-content\/uploads\/2026\/04\/sauh.ee-veepump-akuga_2-300x300.webp 300w, https:\/\/sauh.ee\/wp-content\/uploads\/2026\/04\/sauh.ee-veepump-akuga_2-150x150.webp 150w, https:\/\/sauh.ee\/wp-content\/uploads\/2026\/04\/sauh.ee-veepump-akuga_2-768x768.webp 768w, https:\/\/sauh.ee\/wp-content\/uploads\/2026\/04\/sauh.ee-veepump-akuga_2-12x12.webp 12w, https:\/\/sauh.ee\/wp-content\/uploads\/2026\/04\/sauh.ee-veepump-akuga_2-324x324.webp 324w, https:\/\/sauh.ee\/wp-content\/uploads\/2026\/04\/sauh.ee-veepump-akuga_2-416x416.webp 416w, https:\/\/sauh.ee\/wp-content\/uploads\/2026\/04\/sauh.ee-veepump-akuga_2-100x100.webp 100w, https:\/\/sauh.ee\/wp-content\/uploads\/2026\/04\/sauh.ee-veepump-akuga_2-64x64.webp 64w\" sizes=\"(max-width: 1000px) 100vw, 1000px\" \/><\/p>\n<p><img decoding=\"async\" class=\"alignnone size-full wp-image-9786\" src=\"https:\/\/sauh.ee\/wp-content\/uploads\/2026\/04\/sauh.ee-veepump-akuga_3.webp\" alt=\"\" width=\"1512\" height=\"1512\" srcset=\"https:\/\/sauh.ee\/wp-content\/uploads\/2026\/04\/sauh.ee-veepump-akuga_3.webp 1512w, https:\/\/sauh.ee\/wp-content\/uploads\/2026\/04\/sauh.ee-veepump-akuga_3-300x300.webp 300w, https:\/\/sauh.ee\/wp-content\/uploads\/2026\/04\/sauh.ee-veepump-akuga_3-1024x1024.webp 1024w, https:\/\/sauh.ee\/wp-content\/uploads\/2026\/04\/sauh.ee-veepump-akuga_3-150x150.webp 150w, https:\/\/sauh.ee\/wp-content\/uploads\/2026\/04\/sauh.ee-veepump-akuga_3-768x768.webp 768w, https:\/\/sauh.ee\/wp-content\/uploads\/2026\/04\/sauh.ee-veepump-akuga_3-12x12.webp 12w, https:\/\/sauh.ee\/wp-content\/uploads\/2026\/04\/sauh.ee-veepump-akuga_3-324x324.webp 324w, https:\/\/sauh.ee\/wp-content\/uploads\/2026\/04\/sauh.ee-veepump-akuga_3-416x416.webp 416w, https:\/\/sauh.ee\/wp-content\/uploads\/2026\/04\/sauh.ee-veepump-akuga_3-100x100.webp 100w, https:\/\/sauh.ee\/wp-content\/uploads\/2026\/04\/sauh.ee-veepump-akuga_3-64x64.webp 64w\" sizes=\"(max-width: 1512px) 100vw, 1512px\" \/><\/p>","protected":false},"excerpt":{"rendered":"<p>Akuveepump mis t\u00f6\u00f6tab 18V akudega (T\u00f6\u00f6tab samuti Makita 18V akudega) Parameeter V\u00e4\u00e4rtus V\u00f5imsus 3000 W Pinge 18 V (T\u00f6\u00f6tab samuti Makita 18V B seeria akudega) Vooluhulk 80\u2013150 L\/min Kiirus 16 000 rpm Kiirused 3 Mootor Harjadeta Toru materjal Alumiiniumsulam \u00dchendus 25 mm<\/p>","protected":false},"featured_media":9793,"template":"","meta":[],"product_brand":[],"product_cat":[257,262,260,274,15],"product_tag":[],"class_list":{"0":"post-9782","1":"product","2":"type-product","3":"status-publish","4":"has-post-thumbnail","6":"product_cat-aia-tooriistad","7":"product_cat-muud-tooriistad","8":"product_cat-puhurid-ja-imurid","9":"product_cat-sanitaartehnika","10":"product_cat-analoog-tooted","12":"first","13":"onbackorder","14":"shipping-taxable","15":"purchasable","16":"product-type-variable"},"_links":{"self":[{"href":"https:\/\/sauh.ee\/ru\/wp-json\/wp\/v2\/product\/9782","targetHints":{"allow":["GET"]}}],"collection":[{"href":"https:\/\/sauh.ee\/ru\/wp-json\/wp\/v2\/product"}],"about":[{"href":"https:\/\/sauh.ee\/ru\/wp-json\/wp\/v2\/types\/product"}],"wp:featuredmedia":[{"embeddable":true,"href":"https:\/\/sauh.ee\/ru\/wp-json\/wp\/v2\/media\/9793"}],"wp:attachment":[{"href":"https:\/\/sauh.ee\/ru\/wp-json\/wp\/v2\/media?parent=9782"}],"wp:term":[{"taxonomy":"product_brand","embeddable":true,"href":"https:\/\/sauh.ee\/ru\/wp-json\/wp\/v2\/product_brand?post=9782"},{"taxonomy":"product_cat","embeddable":true,"href":"https:\/\/sauh.ee\/ru\/wp-json\/wp\/v2\/product_cat?post=9782"},{"taxonomy":"product_tag","embeddable":true,"href":"https:\/\/sauh.ee\/ru\/wp-json\/wp\/v2\/product_tag?post=9782"}],"curies":[{"name":"wp","href":"https:\/\/api.w.org\/{rel}","templated":true}]}}