{"id":979,"date":"2023-03-01T14:29:24","date_gmt":"2023-03-01T14:29:24","guid":{"rendered":"https:\/\/sauh.ee\/?post_type=product&#038;p=979"},"modified":"2026-02-25T10:48:06","modified_gmt":"2026-02-25T10:48:06","slug":"aku-komplekt-analoog-tooriistadele-2ah","status":"publish","type":"product","link":"https:\/\/sauh.ee\/ru\/product\/aku-komplekt-analoog-tooriistadele-2ah\/","title":{"rendered":"\u041a\u043e\u043c\u043f\u043b\u0435\u043a\u0442 \u0430\u043a\u043a\u0443\u043c\u0443\u043b\u044f\u0442\u043e\u0440\u043e\u0432 \u0434\u043b\u044f \u0430\u043d\u0430\u043b\u043e\u0433\u043e\u0432\u044b\u0445 \u0438\u043d\u0441\u0442\u0440\u0443\u043c\u0435\u043d\u0442\u043e\u0432 2ah"},"content":{"rendered":"<p>\u041a\u043e\u043c\u043f\u043b\u0435\u043a\u0442 \u0430\u043d\u0430\u043b\u043e\u0433\u043e\u0432\u044b\u0445 \u0430\u043a\u043a\u0443\u043c\u0443\u043b\u044f\u0442\u043e\u0440\u043e\u0432 2ah. <strong>\u0410\u043a\u043a\u0443\u043c\u0443\u043b\u044f\u0442\u043e\u0440\u044b \u043f\u043e\u0434\u0445\u043e\u0434\u044f\u0442 \u0422\u041e\u041b\u042c\u041a\u041e \u0434\u043b\u044f <a href=\"https:\/\/sauh.ee\/ru\/product-category\/analoog-tooted\/\">\u0430\u043d\u0430\u043b\u043e\u0433\u043e\u0432\u044b\u0445 18\u0412 \u0438\u043d\u0441\u0442\u0440\u0443\u043c\u0435\u043d\u0442\u043e\u0432.<\/a><\/strong><\/p>\n<p>\u0410\u043a\u043a\u0443\u043c\u0443\u043b\u044f\u0442\u043e\u0440\u044b \u043c\u043e\u0436\u043d\u043e \u0437\u0430\u0440\u044f\u0436\u0430\u0442\u044c \u0442\u043e\u043b\u044c\u043a\u043e \u0441 \u043f\u043e\u043c\u043e\u0449\u044c\u044e \u0437\u0430\u0440\u044f\u0434\u043d\u043e\u0433\u043e \u0443\u0441\u0442\u0440\u043e\u0439\u0441\u0442\u0432\u0430, \u0432\u0445\u043e\u0434\u044f\u0449\u0435\u0433\u043e \u0432 \u043a\u043e\u043c\u043f\u043b\u0435\u043a\u0442. \u041f\u043e\u0434\u0445\u043e\u0434\u0438\u0442 \u0434\u043b\u044f \u0438\u0441\u043f\u043e\u043b\u044c\u0437\u043e\u0432\u0430\u043d\u0438\u044f \u0434\u043e\u043c\u0430 \u0438\u043b\u0438 \u0432 \u0441\u0430\u0434\u0443.<\/p>\n<p>\u0412 \u043a\u043e\u043c\u043f\u043b\u0435\u043a\u0442 \u0432\u0445\u043e\u0434\u044f\u0442 2 \u0430\u043a\u043a\u0443\u043c\u0443\u043b\u044f\u0442\u043e\u0440\u0430 \u0438 \u0437\u0430\u0440\u044f\u0434\u043d\u043e\u0435 \u0443\u0441\u0442\u0440\u043e\u0439\u0441\u0442\u0432\u043e. \u0414\u0440\u0443\u0433\u0438\u0435 \u0430\u043a\u0441\u0435\u0441\u0441\u0443\u0430\u0440\u044b \u0432 \u043a\u043e\u043c\u043f\u043b\u0435\u043a\u0442 \u043d\u0435 \u0432\u0445\u043e\u0434\u044f\u0442!<\/p>\n<p>&nbsp;<\/p>\n<p>&nbsp;<\/p>","protected":false},"excerpt":{"rendered":"<p>Analoog aku 2ah komplekt. Akud sobivad AINULT 18V analoog t\u00f6\u00f6riistadele. Akusid saab laadida vaid komplektis oleva laadijaga. Sobib kasutuseks kodus v\u00f5i aia tingimustes. Komplekti kuulub 2 akut ja laadija. Muud tarvikud komplekti ei kuulu! &nbsp; &nbsp;<\/p>","protected":false},"featured_media":7747,"template":"","meta":[],"product_brand":[],"product_cat":[257,46],"product_tag":[],"class_list":{"0":"post-979","1":"product","2":"type-product","3":"status-publish","4":"has-post-thumbnail","6":"product_cat-aia-tooriistad","7":"product_cat-akud","9":"first","10":"instock","11":"shipping-taxable","12":"purchasable","13":"product-type-simple"},"_links":{"self":[{"href":"https:\/\/sauh.ee\/ru\/wp-json\/wp\/v2\/product\/979","targetHints":{"allow":["GET"]}}],"collection":[{"href":"https:\/\/sauh.ee\/ru\/wp-json\/wp\/v2\/product"}],"about":[{"href":"https:\/\/sauh.ee\/ru\/wp-json\/wp\/v2\/types\/product"}],"wp:featuredmedia":[{"embeddable":true,"href":"https:\/\/sauh.ee\/ru\/wp-json\/wp\/v2\/media\/7747"}],"wp:attachment":[{"href":"https:\/\/sauh.ee\/ru\/wp-json\/wp\/v2\/media?parent=979"}],"wp:term":[{"taxonomy":"product_brand","embeddable":true,"href":"https:\/\/sauh.ee\/ru\/wp-json\/wp\/v2\/product_brand?post=979"},{"taxonomy":"product_cat","embeddable":true,"href":"https:\/\/sauh.ee\/ru\/wp-json\/wp\/v2\/product_cat?post=979"},{"taxonomy":"product_tag","embeddable":true,"href":"https:\/\/sauh.ee\/ru\/wp-json\/wp\/v2\/product_tag?post=979"}],"curies":[{"name":"wp","href":"https:\/\/api.w.org\/{rel}","templated":true}]}}