{"id":987,"date":"2023-03-01T14:55:56","date_gmt":"2023-03-01T14:55:56","guid":{"rendered":"https:\/\/sauh.ee\/?post_type=product&#038;p=987"},"modified":"2026-04-19T04:52:36","modified_gmt":"2026-04-19T04:52:36","slug":"makita-analoog-aku-9ah","status":"publish","type":"product","link":"https:\/\/sauh.ee\/ru\/product\/makita-analoog-aku-9ah\/","title":{"rendered":"\u0410\u043d\u0430\u043b\u043e\u0433\u043e\u0432\u044b\u0439 \u0430\u043a\u043a\u0443\u043c\u0443\u043b\u044f\u0442\u043e\u0440 \u041c\u0430\u043a\u0438\u0442\u044b 9\u0410\u0447"},"content":{"rendered":"<p>\u0410\u043d\u0430\u043b\u043e\u0433\u043e\u0432\u044b\u0439 \u0430\u043a\u043a\u0443\u043c\u0443\u043b\u044f\u0442\u043e\u0440 \u041c\u0430\u043a\u0438\u0442\u0430 9\u0410\u0447. \u0410\u043a\u043a\u0443\u043c\u0443\u043b\u044f\u0442\u043e\u0440\u044b \u043f\u043e\u0434\u0445\u043e\u0434\u044f\u0442 \u0434\u043b\u044f \u0438\u043d\u0441\u0442\u0440\u0443\u043c\u0435\u043d\u0442\u043e\u0432 Makita 18 \u0412, \u0430 \u0442\u0430\u043a\u0436\u0435 <a href=\"https:\/\/sauh.ee\/ru\/product-category\/makita-analoog\/\">\u0434\u043b\u044f \u0430\u043d\u0430\u043b\u043e\u0433\u043e\u0432\u044b\u0445 \u0438\u043d\u0441\u0442\u0440\u0443\u043c\u0435\u043d\u0442\u043e\u0432 \u041c\u0430\u043a\u0438\u0442\u0430 18\u0412.<\/a><\/p>\n<p>\u041d\u0430 \u0430\u043a\u043a\u0443\u043c\u0443\u043b\u044f\u0442\u043e\u0440\u0435 \u0438\u043d\u0434\u0438\u043a\u0430\u0442\u043e\u0440, \u043f\u043e\u043a\u0430\u0437\u044b\u0432\u0430\u044e\u0449\u0438\u0439 \u0443\u0440\u043e\u0432\u0435\u043d\u044c \u0437\u0430\u0440\u044f\u0434\u0430. \u041f\u043e\u0434\u0445\u043e\u0434\u044f\u0442 \u0434\u043b\u044f \u0438\u0441\u043f\u043e\u043b\u044c\u0437\u043e\u0432\u0430\u043d\u0438\u044f \u0441 \u0431\u043e\u043b\u044c\u0448\u0438\u043c\u0438 \u0438\u043d\u0441\u0442\u0440\u0443\u043c\u0435\u043d\u0442\u0430\u043c\u0438.<\/p>\n<p>\u0414\u0440\u0443\u0433\u0438\u0435 \u0430\u043a\u0441\u0435\u0441\u0441\u0443\u0430\u0440\u044b \u0432 \u043a\u043e\u043c\u043f\u043b\u0435\u043a\u0442 \u043d\u0435 \u0432\u0445\u043e\u0434\u044f\u0442!<\/p>\n<ul>\n<li><strong>\u0422\u0438\u043f \u0430\u043a\u043a\u0443\u043c\u0443\u043b\u044f\u0442\u043e\u0440\u0430:<\/strong>\u00a0\u041b\u0438\u0442\u0438\u0439-\u0438\u043e\u043d\u043d\u044b\u0439<\/li>\n<li><strong>\u041d\u043e\u043c\u0438\u043d\u0430\u043b\u044c\u043d\u043e\u0435 \u043d\u0430\u043f\u0440\u044f\u0436\u0435\u043d\u0438\u0435:<\/strong>\u00a018\u0412<\/li>\n<\/ul>\n<p>\u0414\u0440\u0443\u0433\u0438\u0435 \u0430\u043a\u0441\u0435\u0441\u0441\u0443\u0430\u0440\u044b \u0432 \u043a\u043e\u043c\u043f\u043b\u0435\u043a\u0442 \u043d\u0435 \u0432\u0445\u043e\u0434\u044f\u0442!<\/p>\n<p><strong>\u041a\u043e\u0434\u044b \u0441\u043c\u0435\u043d\u043d\u044b\u0445 \u0430\u043a\u043a\u0443\u043c\u0443\u043b\u044f\u0442\u043e\u0440\u043e\u0432:<\/strong>\u00a0194204-5, 194205-3, 194309-1, 194230-4, BL1815, BL1830, BL1840, BL1850, BL1860, LXT400<\/p>\n<p><strong>\u041f\u043e\u0434\u0445\u043e\u0434\u044f\u0449\u0438\u0435 \u043c\u043e\u0434\u0435\u043b\u0438 \u0438\u043d\u0441\u0442\u0440\u0443\u043c\u0435\u043d\u0442\u043e\u0432:<\/strong><br \/>\nBDF453SHE, BDF454Z, BHP452, BML184, BML185, BST221Z, BTDW251Z,<br \/>\nML185, TD140D, TW251D, BCS550Z, BDA350, BDA350Z, BDF451, BDF451Z,<br \/>\nBFR550L, BFR550Z, BFR750, BFR750L, BFR750Z, BFS450RFE, BFS450Z,<br \/>\nBGA452, BGA452Z, BHP451SFE, BHP451Z, BHP453, BHP453SHE, BHP454,<br \/>\nBHP454Z, BHR202RFE, BHR202Z, BHR240, BHR240Z, BHR241, BHR241Z<\/p>\n<p>&nbsp;<\/p>\n<p>&nbsp;<\/p>","protected":false},"excerpt":{"rendered":"<p>Makita analoog aku 9ah. Akud sobivad Makita 18V t\u00f6\u00f6riistadele, kui ka Makita 18V analoog t\u00f6\u00f6riistadele Akudel on peal indikaator, mis n\u00e4itab aku laetavust. Sobib kasutamiseks suurematel t\u00f6\u00f6riistadel. Muud tarvikud komplekti ei kuulu! Aku t\u00fc\u00fcp:\u00a0Li-ion Nominaalpinge:\u00a018V Muud tarvikud komplekti ei kuulu! Asendatavad akukoodid:\u00a0194204-5, 194205-3, 194309-1, 194230-4, BL1815, BL1830, BL1840, BL1850, BL1860, LXT400 Sobivad t\u00f6\u00f6riistamudelid: BDF453SHE, BDF454Z, [&hellip;]<\/p>\n","protected":false},"featured_media":7740,"template":"","meta":[],"product_brand":[],"product_cat":[46],"product_tag":[281],"class_list":{"0":"post-987","1":"product","2":"type-product","3":"status-publish","4":"has-post-thumbnail","6":"product_cat-akud","7":"product_tag-talv","9":"first","10":"instock","11":"shipping-taxable","12":"purchasable","13":"product-type-simple"},"_links":{"self":[{"href":"https:\/\/sauh.ee\/ru\/wp-json\/wp\/v2\/product\/987","targetHints":{"allow":["GET"]}}],"collection":[{"href":"https:\/\/sauh.ee\/ru\/wp-json\/wp\/v2\/product"}],"about":[{"href":"https:\/\/sauh.ee\/ru\/wp-json\/wp\/v2\/types\/product"}],"wp:featuredmedia":[{"embeddable":true,"href":"https:\/\/sauh.ee\/ru\/wp-json\/wp\/v2\/media\/7740"}],"wp:attachment":[{"href":"https:\/\/sauh.ee\/ru\/wp-json\/wp\/v2\/media?parent=987"}],"wp:term":[{"taxonomy":"product_brand","embeddable":true,"href":"https:\/\/sauh.ee\/ru\/wp-json\/wp\/v2\/product_brand?post=987"},{"taxonomy":"product_cat","embeddable":true,"href":"https:\/\/sauh.ee\/ru\/wp-json\/wp\/v2\/product_cat?post=987"},{"taxonomy":"product_tag","embeddable":true,"href":"https:\/\/sauh.ee\/ru\/wp-json\/wp\/v2\/product_tag?post=987"}],"curies":[{"name":"wp","href":"https:\/\/api.w.org\/{rel}","templated":true}]}}